{"id":9970,"date":"2023-10-19T20:14:37","date_gmt":"2023-10-19T18:14:37","guid":{"rendered":"https:\/\/omakujustus.ee\/product\/cropped-crew-fleece-naiste-luhike-dressipluus\/"},"modified":"2025-08-07T19:51:30","modified_gmt":"2025-08-07T17:51:30","slug":"cropped-crew-fleece-naiste-luhike-dressipluus","status":"publish","type":"product","link":"https:\/\/omakujustus.ee\/et\/product\/cropped-crew-fleece-naiste-luhike-dressipluus\/","title":{"rendered":"Cropped Crew Fleece naiste l\u00fchike dressipluus"},"content":{"rendered":"<p>Pikkade k\u00e4iste ja moodsa l\u00fchikese l\u00f5ikega naiste dressipluusil mis sobib nii igap\u00e4evases riietusena kui ka trenni tehes. Pusa on valmistatud kvaliteetsest Airlume puuvilla ja pol\u00fcestri segust, tagades m\u00f5nusa pehmuse.<br \/>\nPusa sees on pehme fliis, efekti lisamiseks on alumine \u00e4\u00e4r. l\u00f5igatud.<\/p>\n<p>Materjal: 52% Airlume puuvill , 48% pol\u00fcester<br \/>\nMaterjali paksus: 220 g\/m\u00b2<\/p>\n<p>Loose fit<\/p>\n","protected":false},"excerpt":{"rendered":"<p>Pikkade k\u00e4iste ja moodsa l\u00fchikese l\u00f5ikega naiste dressipluus.<\/p>\n","protected":false},"featured_media":7932,"template":"","meta":{"_acf_changed":false,"om_disable_all_campaigns":false,"_monsterinsights_skip_tracking":false,"_monsterinsights_sitenote_active":false,"_monsterinsights_sitenote_note":"","_monsterinsights_sitenote_category":0,"site-sidebar-layout":"default","site-content-layout":"default","ast-site-content-layout":"","site-content-style":"default","site-sidebar-style":"default","ast-global-header-display":"","ast-banner-title-visibility":"","ast-main-header-display":"","ast-hfb-above-header-display":"","ast-hfb-below-header-display":"","ast-hfb-mobile-header-display":"","site-post-title":"","ast-breadcrumbs-content":"","ast-featured-img":"","footer-sml-layout":"","theme-transparent-header-meta":"default","adv-header-id-meta":"","stick-header-meta":"","header-above-stick-meta":"","header-main-stick-meta":"","header-below-stick-meta":"","astra-migrate-meta-layouts":"default","ast-page-background-enabled":"default","ast-page-background-meta":{"desktop":{"background-color":"","background-image":"","background-repeat":"repeat","background-position":"center center","background-size":"auto","background-attachment":"scroll","background-type":"","background-media":"","overlay-type":"","overlay-color":"","overlay-opacity":"","overlay-gradient":""},"tablet":{"background-color":"","background-image":"","background-repeat":"repeat","background-position":"center center","background-size":"auto","background-attachment":"scroll","background-type":"","background-media":"","overlay-type":"","overlay-color":"","overlay-opacity":"","overlay-gradient":""},"mobile":{"background-color":"","background-image":"","background-repeat":"repeat","background-position":"center center","background-size":"auto","background-attachment":"scroll","background-type":"","background-media":"","overlay-type":"","overlay-color":"","overlay-opacity":"","overlay-gradient":""}},"ast-content-background-meta":{"desktop":{"background-color":"var(--ast-global-color-5)","background-image":"","background-repeat":"repeat","background-position":"center center","background-size":"auto","background-attachment":"scroll","background-type":"","background-media":"","overlay-type":"","overlay-color":"","overlay-opacity":"","overlay-gradient":""},"tablet":{"background-color":"var(--ast-global-color-5)","background-image":"","background-repeat":"repeat","background-position":"center center","background-size":"auto","background-attachment":"scroll","background-type":"","background-media":"","overlay-type":"","overlay-color":"","overlay-opacity":"","overlay-gradient":""},"mobile":{"background-color":"var(--ast-global-color-5)","background-image":"","background-repeat":"repeat","background-position":"center center","background-size":"auto","background-attachment":"scroll","background-type":"","background-media":"","overlay-type":"","overlay-color":"","overlay-opacity":"","overlay-gradient":""}}},"product_brand":[],"product_cat":[36,804],"product_tag":[],"class_list":{"0":"post-9970","1":"product","2":"type-product","3":"status-publish","4":"has-post-thumbnail","6":"product_cat-disainita-tooted","7":"product_cat-pusad-dressipluusid","8":"pa_kaised-pikad-kaised","9":"pa_materjal-kombineeritud-kangas","10":"pa_materjali-paksus-200-249-g-m","11":"pa_pikkus-cropped","12":"pa_sugu-naiste","13":"pa_suurus-l","14":"pa_suurus-m","15":"pa_suurus-s","16":"pa_suurus-xl","17":"pa_tegumood-loose-fit","18":"pa_toote-tuup-pusa-dressipluus","19":"pa_varv-black","20":"pa_varv-brick","21":"pa_varv-deep-heather","22":"pa_varv-dusty-blue","23":"pa_varv-mauve","24":"pa_varv-navy","25":"desktop-align-left","26":"tablet-align-left","27":"mobile-align-left","29":"first","30":"instock","31":"taxable","32":"shipping-taxable","33":"purchasable","34":"product-type-variable","35":"has-default-attributes","36":"wvs-archive-product-wrapper"},"acf":[],"aioseo_notices":[],"_links":{"self":[{"href":"https:\/\/omakujustus.ee\/et\/wp-json\/wp\/v2\/product\/9970","targetHints":{"allow":["GET"]}}],"collection":[{"href":"https:\/\/omakujustus.ee\/et\/wp-json\/wp\/v2\/product"}],"about":[{"href":"https:\/\/omakujustus.ee\/et\/wp-json\/wp\/v2\/types\/product"}],"wp:featuredmedia":[{"embeddable":true,"href":"https:\/\/omakujustus.ee\/et\/wp-json\/wp\/v2\/media\/7932"}],"wp:attachment":[{"href":"https:\/\/omakujustus.ee\/et\/wp-json\/wp\/v2\/media?parent=9970"}],"wp:term":[{"taxonomy":"product_brand","embeddable":true,"href":"https:\/\/omakujustus.ee\/et\/wp-json\/wp\/v2\/product_brand?post=9970"},{"taxonomy":"product_cat","embeddable":true,"href":"https:\/\/omakujustus.ee\/et\/wp-json\/wp\/v2\/product_cat?post=9970"},{"taxonomy":"product_tag","embeddable":true,"href":"https:\/\/omakujustus.ee\/et\/wp-json\/wp\/v2\/product_tag?post=9970"}],"curies":[{"name":"wp","href":"https:\/\/api.w.org\/{rel}","templated":true}]}}