{"id":9728,"date":"2023-10-19T20:09:47","date_gmt":"2023-10-19T18:09:47","guid":{"rendered":"https:\/\/omakujustus.ee\/product\/3-4-sleeve-baseball-t-shirt-3-4-kaistega-pesapalli-t-sark\/"},"modified":"2025-08-18T18:01:03","modified_gmt":"2025-08-18T16:01:03","slug":"3-4-sleeve-baseball-t-shirt-3-4-kaistega-pesapalli-t-sark","status":"publish","type":"product","link":"https:\/\/omakujustus.ee\/et\/product\/3-4-sleeve-baseball-t-shirt-3-4-kaistega-pesapalli-t-sark\/","title":{"rendered":"3\/4 Sleeve Baseball T-Shirt, 3\/4 k\u00e4istega pesapalli t-s\u00e4rk"},"content":{"rendered":"<p>Klassikaline \u00be k\u00e4istega pesapallis\u00e4rk.<br \/>\nT\u00e4nu Airlume puuvillast materjalile on see t-s\u00e4rk m\u00f5nusalt pehme ja mugav.<\/p>\n<p>Materjal: 52% Airlume puuvill, 48% pol\u00fcester;<br \/>\nHeather v\u00e4rvid: 90% Airlume puuvill, 10% pol\u00fcester;<br \/>\nMaterjali paksus: 122 g\/m\u00b2<\/p>\n<p>Retail fit<\/p>\n","protected":false},"excerpt":{"rendered":"<p>Klassikaline \u00be k\u00e4istega pesapallis\u00e4rk.<\/p>\n","protected":false},"featured_media":7164,"template":"","meta":{"_acf_changed":false,"om_disable_all_campaigns":false,"_monsterinsights_skip_tracking":false,"_monsterinsights_sitenote_active":false,"_monsterinsights_sitenote_note":"","_monsterinsights_sitenote_category":0,"site-sidebar-layout":"default","site-content-layout":"default","ast-site-content-layout":"","site-content-style":"default","site-sidebar-style":"default","ast-global-header-display":"","ast-banner-title-visibility":"","ast-main-header-display":"","ast-hfb-above-header-display":"","ast-hfb-below-header-display":"","ast-hfb-mobile-header-display":"","site-post-title":"","ast-breadcrumbs-content":"","ast-featured-img":"","footer-sml-layout":"","theme-transparent-header-meta":"default","adv-header-id-meta":"","stick-header-meta":"","header-above-stick-meta":"","header-main-stick-meta":"","header-below-stick-meta":"","astra-migrate-meta-layouts":"default","ast-page-background-enabled":"default","ast-page-background-meta":{"desktop":{"background-color":"","background-image":"","background-repeat":"repeat","background-position":"center center","background-size":"auto","background-attachment":"scroll","background-type":"","background-media":"","overlay-type":"","overlay-color":"","overlay-opacity":"","overlay-gradient":""},"tablet":{"background-color":"","background-image":"","background-repeat":"repeat","background-position":"center center","background-size":"auto","background-attachment":"scroll","background-type":"","background-media":"","overlay-type":"","overlay-color":"","overlay-opacity":"","overlay-gradient":""},"mobile":{"background-color":"","background-image":"","background-repeat":"repeat","background-position":"center center","background-size":"auto","background-attachment":"scroll","background-type":"","background-media":"","overlay-type":"","overlay-color":"","overlay-opacity":"","overlay-gradient":""}},"ast-content-background-meta":{"desktop":{"background-color":"var(--ast-global-color-5)","background-image":"","background-repeat":"repeat","background-position":"center center","background-size":"auto","background-attachment":"scroll","background-type":"","background-media":"","overlay-type":"","overlay-color":"","overlay-opacity":"","overlay-gradient":""},"tablet":{"background-color":"var(--ast-global-color-5)","background-image":"","background-repeat":"repeat","background-position":"center center","background-size":"auto","background-attachment":"scroll","background-type":"","background-media":"","overlay-type":"","overlay-color":"","overlay-opacity":"","overlay-gradient":""},"mobile":{"background-color":"var(--ast-global-color-5)","background-image":"","background-repeat":"repeat","background-position":"center center","background-size":"auto","background-attachment":"scroll","background-type":"","background-media":"","overlay-type":"","overlay-color":"","overlay-opacity":"","overlay-gradient":""}}},"product_brand":[],"product_cat":[36,803],"product_tag":[],"class_list":{"0":"post-9728","1":"product","2":"type-product","3":"status-publish","4":"has-post-thumbnail","6":"product_cat-disainita-tooted","7":"product_cat-t-sargid","8":"pa_kaelus-umar-kaelus","9":"pa_kaised-3-4-kaised","10":"pa_materjal-kombineeritud-kangas","11":"pa_materjali-paksus-139-g-m","12":"pa_sugu-meeste","13":"pa_sugu-naiste","14":"pa_sugu-unisex","15":"pa_suurus-2xl","16":"pa_suurus-l","17":"pa_suurus-m","18":"pa_suurus-s","19":"pa_suurus-xl","20":"pa_suurus-xs","21":"pa_tegumood-retail-fit","22":"pa_toote-tuup-t-sark","23":"pa_varv-black-deep-heather","24":"pa_varv-black-white","25":"pa_varv-white-asphalt","26":"pa_varv-white-black","27":"pa_varv-white-deep-heather","28":"pa_varv-white-denim","29":"pa_varv-white-kelly-green","30":"pa_varv-white-maroon","31":"pa_varv-white-navy","32":"pa_varv-white-red","33":"pa_varv-white-true-royal","34":"desktop-align-left","35":"tablet-align-left","36":"mobile-align-left","38":"first","39":"instock","40":"taxable","41":"shipping-taxable","42":"purchasable","43":"product-type-variable","44":"has-default-attributes","45":"wvs-archive-product-wrapper"},"acf":[],"aioseo_notices":[],"_links":{"self":[{"href":"https:\/\/omakujustus.ee\/et\/wp-json\/wp\/v2\/product\/9728","targetHints":{"allow":["GET"]}}],"collection":[{"href":"https:\/\/omakujustus.ee\/et\/wp-json\/wp\/v2\/product"}],"about":[{"href":"https:\/\/omakujustus.ee\/et\/wp-json\/wp\/v2\/types\/product"}],"wp:featuredmedia":[{"embeddable":true,"href":"https:\/\/omakujustus.ee\/et\/wp-json\/wp\/v2\/media\/7164"}],"wp:attachment":[{"href":"https:\/\/omakujustus.ee\/et\/wp-json\/wp\/v2\/media?parent=9728"}],"wp:term":[{"taxonomy":"product_brand","embeddable":true,"href":"https:\/\/omakujustus.ee\/et\/wp-json\/wp\/v2\/product_brand?post=9728"},{"taxonomy":"product_cat","embeddable":true,"href":"https:\/\/omakujustus.ee\/et\/wp-json\/wp\/v2\/product_cat?post=9728"},{"taxonomy":"product_tag","embeddable":true,"href":"https:\/\/omakujustus.ee\/et\/wp-json\/wp\/v2\/product_tag?post=9728"}],"curies":[{"name":"wp","href":"https:\/\/api.w.org\/{rel}","templated":true}]}}