{"id":9195,"date":"2023-10-19T20:07:58","date_gmt":"2023-10-19T18:07:58","guid":{"rendered":"https:\/\/omakujustus.ee\/product\/unisex-jersey-short-sleeve-tee-luhikeste-kaistega-t-sark\/"},"modified":"2025-08-20T14:11:26","modified_gmt":"2025-08-20T12:11:26","slug":"unisex-jersey-short-sleeve-tee-luhikeste-kaistega-t-sark","status":"publish","type":"product","link":"https:\/\/omakujustus.ee\/et\/product\/unisex-jersey-short-sleeve-tee-luhikeste-kaistega-t-sark\/","title":{"rendered":"Unisex Jersey Short Sleeve Tee l\u00fchikeste k\u00e4istega t-s\u00e4rk"},"content":{"rendered":"<p>\u00dcks populaarseimaid, Unisex Jersey l\u00fchikeste varrukatega t-s\u00e4rk on valmistatud uskumatult pehmest, patenteeritud Airlume puuvillast. Igap\u00e4evase mugavuse tagamiseks on l\u00fchikeste k\u00e4istega t-s\u00e4rk Unisex Jersey sileda pinnaga ja m\u00f5jub naha vastas eriti pehmelt.<\/p>\n<p>Materjal: 100% Airlume puuvill;<br \/>\nAthletic Heather: 99% Airlume puuvill, 1% pol\u00fcester;<br \/>\nMaterjali paksus: 142 g\/m\u00b2<\/p>\n<p>Classic fit<br \/>\nTegemist on tavap\u00e4rasest veidi pikema l\u00f5ikega.<\/p>\n<p><a href=\"https:\/\/omakujustus.ee\/et\/product\/disaini-ise-unisex-jersey-short-sleeve-tee-luhikeste-kaistega-t-sark\/\" target=\"_blank\" rel=\"noopener\">Toodet on v\u00f5imalik ise disainida siin.\u00a0<\/a><\/p>\n<p><img loading=\"lazy\" decoding=\"async\" class=\"alignnone wp-image-15174\" src=\"https:\/\/omakujustus.ee\/wp-content\/uploads\/2024\/01\/size-moodud-300x114.jpg\" alt=\"\" width=\"400\" height=\"152\" srcset=\"https:\/\/omakujustus.ee\/wp-content\/uploads\/2024\/01\/size-moodud-300x114.jpg 300w, https:\/\/omakujustus.ee\/wp-content\/uploads\/2024\/01\/size-moodud-800x305.jpg 800w, https:\/\/omakujustus.ee\/wp-content\/uploads\/2024\/01\/size-moodud-64x24.jpg 64w, https:\/\/omakujustus.ee\/wp-content\/uploads\/2024\/01\/size-moodud-1024x391.jpg 1024w, https:\/\/omakujustus.ee\/wp-content\/uploads\/2024\/01\/size-moodud-768x293.jpg 768w, https:\/\/omakujustus.ee\/wp-content\/uploads\/2024\/01\/size-moodud-1536x586.jpg 1536w, https:\/\/omakujustus.ee\/wp-content\/uploads\/2024\/01\/size-moodud-18x7.jpg 18w, https:\/\/omakujustus.ee\/wp-content\/uploads\/2024\/01\/size-moodud.jpg 2000w\" sizes=\"auto, (max-width: 400px) 100vw, 400px\" \/><\/p>\n<table>\n<tbody>\n<tr>\n<td><b>Suurus<\/b><\/td>\n<td><b>XS<\/b><\/td>\n<td><b>S<\/b><\/td>\n<td><b>M<\/b><\/td>\n<td><b>L<\/b><\/td>\n<td><b>XL<\/b><\/td>\n<td><b>2XL<\/b><\/td>\n<td><b>3XL<\/b><\/td>\n<\/tr>\n<tr>\n<td><b>A \u00bd rind<\/b><\/td>\n<td><b>41.9<\/b><\/td>\n<td><b>45.7<\/b><\/td>\n<td><b>50.8<\/b><\/td>\n<td><b>55.9<\/b><\/td>\n<td><b>61<\/b><\/td>\n<td><b>66<\/b><\/td>\n<td><b>71.1<\/b><\/td>\n<\/tr>\n<tr>\n<td><b>B pikkus<\/b><\/td>\n<td><b>68.6<\/b><\/td>\n<td><b>71.1<\/b><\/td>\n<td><b>73.7<\/b><\/td>\n<td><b>76.2<\/b><\/td>\n<td><b>78.7<\/b><\/td>\n<td><b>81.3<\/b><\/td>\n<td><b>83.8<\/b><\/td>\n<\/tr>\n<\/tbody>\n<\/table>\n","protected":false},"excerpt":{"rendered":"<p>Klassikalise tegumoega unisex l\u00fchikeste k\u00e4istega t-s\u00e4rk.<\/p>\n","protected":false},"featured_media":6813,"template":"","meta":{"_acf_changed":false,"om_disable_all_campaigns":false,"_monsterinsights_skip_tracking":false,"_monsterinsights_sitenote_active":false,"_monsterinsights_sitenote_note":"","_monsterinsights_sitenote_category":0,"site-sidebar-layout":"default","site-content-layout":"default","ast-site-content-layout":"","site-content-style":"default","site-sidebar-style":"default","ast-global-header-display":"","ast-banner-title-visibility":"","ast-main-header-display":"","ast-hfb-above-header-display":"","ast-hfb-below-header-display":"","ast-hfb-mobile-header-display":"","site-post-title":"","ast-breadcrumbs-content":"","ast-featured-img":"","footer-sml-layout":"","theme-transparent-header-meta":"default","adv-header-id-meta":"","stick-header-meta":"","header-above-stick-meta":"","header-main-stick-meta":"","header-below-stick-meta":"","astra-migrate-meta-layouts":"default","ast-page-background-enabled":"default","ast-page-background-meta":{"desktop":{"background-color":"","background-image":"","background-repeat":"repeat","background-position":"center center","background-size":"auto","background-attachment":"scroll","background-type":"","background-media":"","overlay-type":"","overlay-color":"","overlay-opacity":"","overlay-gradient":""},"tablet":{"background-color":"","background-image":"","background-repeat":"repeat","background-position":"center center","background-size":"auto","background-attachment":"scroll","background-type":"","background-media":"","overlay-type":"","overlay-color":"","overlay-opacity":"","overlay-gradient":""},"mobile":{"background-color":"","background-image":"","background-repeat":"repeat","background-position":"center center","background-size":"auto","background-attachment":"scroll","background-type":"","background-media":"","overlay-type":"","overlay-color":"","overlay-opacity":"","overlay-gradient":""}},"ast-content-background-meta":{"desktop":{"background-color":"var(--ast-global-color-5)","background-image":"","background-repeat":"repeat","background-position":"center center","background-size":"auto","background-attachment":"scroll","background-type":"","background-media":"","overlay-type":"","overlay-color":"","overlay-opacity":"","overlay-gradient":""},"tablet":{"background-color":"var(--ast-global-color-5)","background-image":"","background-repeat":"repeat","background-position":"center center","background-size":"auto","background-attachment":"scroll","background-type":"","background-media":"","overlay-type":"","overlay-color":"","overlay-opacity":"","overlay-gradient":""},"mobile":{"background-color":"var(--ast-global-color-5)","background-image":"","background-repeat":"repeat","background-position":"center center","background-size":"auto","background-attachment":"scroll","background-type":"","background-media":"","overlay-type":"","overlay-color":"","overlay-opacity":"","overlay-gradient":""}}},"product_brand":[],"product_cat":[36,803],"product_tag":[],"class_list":{"0":"post-9195","1":"product","2":"type-product","3":"status-publish","4":"has-post-thumbnail","6":"product_cat-disainita-tooted","7":"product_cat-t-sargid","8":"pa_kaelus-umar-kaelus","9":"pa_kaised-luhikesed-kaised","10":"pa_materjal-puuvill","11":"pa_pikkus-pikem-loige","12":"pa_sugu-meeste","13":"pa_sugu-naiste","14":"pa_sugu-unisex","15":"pa_suurus-2xl","16":"pa_suurus-3xl","17":"pa_suurus-4xl","18":"pa_suurus-l","19":"pa_suurus-m","20":"pa_suurus-s","21":"pa_suurus-xl","22":"pa_suurus-xs","23":"pa_tegumood-classic-fit","24":"pa_toote-tuup-t-sark","25":"pa_varv-aqua","26":"pa_varv-army","27":"pa_varv-ash","28":"pa_varv-asphalt","29":"pa_varv-atlantic","30":"pa_varv-autumn","31":"pa_varv-berry","32":"pa_varv-black","33":"pa_varv-brown","34":"pa_varv-citron","35":"pa_varv-coral","36":"pa_varv-dark-grey","37":"pa_varv-deep-teal","38":"pa_varv-forest","39":"pa_varv-gold","40":"pa_varv-kelly-green","41":"pa_varv-lavender-blue","42":"pa_varv-lavender-dust","43":"pa_varv-maroon","44":"pa_varv-mauve","45":"pa_varv-military-green","46":"pa_varv-mustard","47":"pa_varv-natural","48":"pa_varv-navy","49":"pa_varv-olive","50":"pa_varv-orange","51":"pa_varv-pink","52":"pa_varv-poppy","53":"pa_varv-red","54":"pa_varv-royal-purple","55":"pa_varv-sage","56":"pa_varv-sand-dune","57":"pa_varv-silver","58":"pa_varv-soft-cream","59":"pa_varv-soft-pink","60":"pa_varv-spring-green","61":"pa_varv-steel-blue","62":"pa_varv-storm","63":"pa_varv-strobe","64":"pa_varv-sunset","65":"pa_varv-synthetic-green","66":"pa_varv-teal","67":"pa_varv-team-purple","68":"pa_varv-terracotta","69":"pa_varv-true-royal","70":"pa_varv-vintage-black","71":"pa_varv-white","72":"pa_varv-yellow","73":"desktop-align-left","74":"tablet-align-left","75":"mobile-align-left","77":"first","78":"instock","79":"taxable","80":"shipping-taxable","81":"purchasable","82":"product-type-variable","83":"has-default-attributes","84":"wvs-archive-product-wrapper"},"acf":[],"aioseo_notices":[],"_links":{"self":[{"href":"https:\/\/omakujustus.ee\/et\/wp-json\/wp\/v2\/product\/9195","targetHints":{"allow":["GET"]}}],"collection":[{"href":"https:\/\/omakujustus.ee\/et\/wp-json\/wp\/v2\/product"}],"about":[{"href":"https:\/\/omakujustus.ee\/et\/wp-json\/wp\/v2\/types\/product"}],"wp:featuredmedia":[{"embeddable":true,"href":"https:\/\/omakujustus.ee\/et\/wp-json\/wp\/v2\/media\/6813"}],"wp:attachment":[{"href":"https:\/\/omakujustus.ee\/et\/wp-json\/wp\/v2\/media?parent=9195"}],"wp:term":[{"taxonomy":"product_brand","embeddable":true,"href":"https:\/\/omakujustus.ee\/et\/wp-json\/wp\/v2\/product_brand?post=9195"},{"taxonomy":"product_cat","embeddable":true,"href":"https:\/\/omakujustus.ee\/et\/wp-json\/wp\/v2\/product_cat?post=9195"},{"taxonomy":"product_tag","embeddable":true,"href":"https:\/\/omakujustus.ee\/et\/wp-json\/wp\/v2\/product_tag?post=9195"}],"curies":[{"name":"wp","href":"https:\/\/api.w.org\/{rel}","templated":true}]}}