{"id":593,"date":"2021-05-03T09:01:27","date_gmt":"2021-05-03T07:01:27","guid":{"rendered":"https:\/\/omakujustus.ee\/?post_type=product&#038;p=593"},"modified":"2025-07-09T20:14:00","modified_gmt":"2025-07-09T18:14:00","slug":"naiste-t-sark-millenium-5-varvi","status":"publish","type":"product","link":"https:\/\/omakujustus.ee\/et\/product\/naiste-t-sark-millenium-5-varvi\/","title":{"rendered":"Naiste T-s\u00e4rk Millenium"},"content":{"rendered":"<p>Kehasse l\u00f5ikega naiste t-s\u00e4rk. T-s\u00e4rk on \u00fcmara kaelusega ja tegumoe poolest kehasse l\u00f5ikega. Kvaliteetne puuvill ja elastaan tagavad pehmuse ja eriti hea venivuse, t\u00e4nu millele saad end alati mugavalt tunda.<br \/>\nKaeluse osa on tugevdatud topeltkangaga.<\/p>\n<p><strong>Materjal<\/strong>: 95% puuvill \/ 5% elastaan<br \/>\n<strong>Materjali paksus<\/strong>: 190 gr\/m2<\/p>\n<p><img loading=\"lazy\" decoding=\"async\" class=\"alignnone wp-image-15174\" src=\"https:\/\/omakujustus.ee\/wp-content\/uploads\/2024\/01\/size-moodud-300x114.jpg\" alt=\"\" width=\"421\" height=\"160\" srcset=\"https:\/\/omakujustus.ee\/wp-content\/uploads\/2024\/01\/size-moodud-300x114.jpg 300w, https:\/\/omakujustus.ee\/wp-content\/uploads\/2024\/01\/size-moodud-800x305.jpg 800w, https:\/\/omakujustus.ee\/wp-content\/uploads\/2024\/01\/size-moodud-64x24.jpg 64w, https:\/\/omakujustus.ee\/wp-content\/uploads\/2024\/01\/size-moodud-1024x391.jpg 1024w, https:\/\/omakujustus.ee\/wp-content\/uploads\/2024\/01\/size-moodud-768x293.jpg 768w, https:\/\/omakujustus.ee\/wp-content\/uploads\/2024\/01\/size-moodud-1536x586.jpg 1536w, https:\/\/omakujustus.ee\/wp-content\/uploads\/2024\/01\/size-moodud-18x7.jpg 18w, https:\/\/omakujustus.ee\/wp-content\/uploads\/2024\/01\/size-moodud.jpg 2000w\" sizes=\"auto, (max-width: 421px) 100vw, 421px\" \/><\/p>\n<table>\n<tbody>\n<tr>\n<td><b>Suurus<\/b><\/td>\n<td>\n<p style=\"text-align: center;\"><b>S<\/b><\/p>\n<\/td>\n<td style=\"text-align: center;\"><b>M<\/b><\/td>\n<td style=\"text-align: center;\"><b>L<\/b><\/td>\n<td style=\"text-align: center;\"><b>XL<\/b><\/td>\n<td>\n<p style=\"text-align: center;\"><b>2XL<\/b><\/p>\n<\/td>\n<\/tr>\n<tr>\n<td><b>A rind<\/b><\/td>\n<td>\n<p style=\"text-align: center;\"><b>40<\/b><\/p>\n<\/td>\n<td style=\"text-align: center;\"><b>43<\/b><\/td>\n<td style=\"text-align: center;\"><b>46<\/b><\/td>\n<td style=\"text-align: center;\"><b>49<\/b><\/td>\n<td>\n<p style=\"text-align: center;\"><b>52<\/b><\/p>\n<\/td>\n<\/tr>\n<tr>\n<td><b>B pikkus<\/b><\/td>\n<td>\n<p style=\"text-align: center;\"><b>64<\/b><\/p>\n<\/td>\n<td style=\"text-align: center;\"><b>66<\/b><\/td>\n<td style=\"text-align: center;\"><b>68<\/b><\/td>\n<td style=\"text-align: center;\"><b>70<\/b><\/td>\n<td>\n<p style=\"text-align: center;\"><b>72<\/b><\/p>\n<\/td>\n<\/tr>\n<\/tbody>\n<\/table>\n<p>&nbsp;<\/p>\n<div class=\"wrapper-taille margin-bottom15\">\n<p>Fitted<\/p>\n<\/div>\n","protected":false},"excerpt":{"rendered":"<p>\u00dcmara kaelusega T-s\u00e4rk<\/p>\n","protected":false},"featured_media":625,"template":"","meta":{"_acf_changed":false,"om_disable_all_campaigns":false,"_monsterinsights_skip_tracking":false,"_monsterinsights_sitenote_active":false,"_monsterinsights_sitenote_note":"","_monsterinsights_sitenote_category":0,"site-sidebar-layout":"default","site-content-layout":"default","ast-site-content-layout":"","site-content-style":"default","site-sidebar-style":"default","ast-global-header-display":"","ast-banner-title-visibility":"","ast-main-header-display":"","ast-hfb-above-header-display":"","ast-hfb-below-header-display":"","ast-hfb-mobile-header-display":"","site-post-title":"","ast-breadcrumbs-content":"","ast-featured-img":"","footer-sml-layout":"","theme-transparent-header-meta":"default","adv-header-id-meta":"","stick-header-meta":"","header-above-stick-meta":"","header-main-stick-meta":"","header-below-stick-meta":"","astra-migrate-meta-layouts":"default","ast-page-background-enabled":"default","ast-page-background-meta":{"desktop":{"background-color":"","background-image":"","background-repeat":"repeat","background-position":"center center","background-size":"auto","background-attachment":"scroll","background-type":"","background-media":"","overlay-type":"","overlay-color":"","overlay-opacity":"","overlay-gradient":""},"tablet":{"background-color":"","background-image":"","background-repeat":"repeat","background-position":"center center","background-size":"auto","background-attachment":"scroll","background-type":"","background-media":"","overlay-type":"","overlay-color":"","overlay-opacity":"","overlay-gradient":""},"mobile":{"background-color":"","background-image":"","background-repeat":"repeat","background-position":"center center","background-size":"auto","background-attachment":"scroll","background-type":"","background-media":"","overlay-type":"","overlay-color":"","overlay-opacity":"","overlay-gradient":""}},"ast-content-background-meta":{"desktop":{"background-color":"var(--ast-global-color-5)","background-image":"","background-repeat":"repeat","background-position":"center center","background-size":"auto","background-attachment":"scroll","background-type":"","background-media":"","overlay-type":"","overlay-color":"","overlay-opacity":"","overlay-gradient":""},"tablet":{"background-color":"var(--ast-global-color-5)","background-image":"","background-repeat":"repeat","background-position":"center center","background-size":"auto","background-attachment":"scroll","background-type":"","background-media":"","overlay-type":"","overlay-color":"","overlay-opacity":"","overlay-gradient":""},"mobile":{"background-color":"var(--ast-global-color-5)","background-image":"","background-repeat":"repeat","background-position":"center center","background-size":"auto","background-attachment":"scroll","background-type":"","background-media":"","overlay-type":"","overlay-color":"","overlay-opacity":"","overlay-gradient":""}}},"product_brand":[],"product_cat":[36,803],"product_tag":[],"class_list":{"0":"post-593","1":"product","2":"type-product","3":"status-publish","4":"has-post-thumbnail","6":"product_cat-disainita-tooted","7":"product_cat-t-sargid","8":"pa_suurus-2xl","9":"pa_suurus-l","10":"pa_suurus-m","11":"pa_suurus-s","12":"pa_suurus-xl","13":"pa_varv-black","14":"pa_varv-french-navy","15":"pa_varv-white","16":"desktop-align-left","17":"tablet-align-left","18":"mobile-align-left","20":"first","21":"instock","22":"taxable","23":"shipping-taxable","24":"purchasable","25":"product-type-variable","26":"has-default-attributes","27":"wvs-archive-product-wrapper"},"acf":[],"aioseo_notices":[],"_links":{"self":[{"href":"https:\/\/omakujustus.ee\/et\/wp-json\/wp\/v2\/product\/593","targetHints":{"allow":["GET"]}}],"collection":[{"href":"https:\/\/omakujustus.ee\/et\/wp-json\/wp\/v2\/product"}],"about":[{"href":"https:\/\/omakujustus.ee\/et\/wp-json\/wp\/v2\/types\/product"}],"wp:featuredmedia":[{"embeddable":true,"href":"https:\/\/omakujustus.ee\/et\/wp-json\/wp\/v2\/media\/625"}],"wp:attachment":[{"href":"https:\/\/omakujustus.ee\/et\/wp-json\/wp\/v2\/media?parent=593"}],"wp:term":[{"taxonomy":"product_brand","embeddable":true,"href":"https:\/\/omakujustus.ee\/et\/wp-json\/wp\/v2\/product_brand?post=593"},{"taxonomy":"product_cat","embeddable":true,"href":"https:\/\/omakujustus.ee\/et\/wp-json\/wp\/v2\/product_cat?post=593"},{"taxonomy":"product_tag","embeddable":true,"href":"https:\/\/omakujustus.ee\/et\/wp-json\/wp\/v2\/product_tag?post=593"}],"curies":[{"name":"wp","href":"https:\/\/api.w.org\/{rel}","templated":true}]}}