{"id":5361,"date":"2023-06-18T16:12:19","date_gmt":"2023-06-18T14:12:19","guid":{"rendered":"https:\/\/omakujustus.ee\/?post_type=product&#038;p=5361"},"modified":"2025-07-09T20:13:59","modified_gmt":"2025-07-09T18:13:59","slug":"seemisnaha-imitatsiooniga-sirge-nokaga-nokamuts-snapback","status":"publish","type":"product","link":"https:\/\/omakujustus.ee\/et\/product\/seemisnaha-imitatsiooniga-sirge-nokaga-nokamuts-snapback\/","title":{"rendered":"YP Classics\u00ae Seemisnaha imitatsiooniga nokam\u00fcts Suede Leather Snapback reguleeritav"},"content":{"rendered":"<p>YP Classics\u00ae Suede Leather Snapback on seemisnaha imitatsiooniga sirge nokaga nokam\u00fcts mis <span style=\"font-size: 16px;\">on valmistatud esmaklassilisest kunstnahast.<\/span><\/p>\n<p>Midagi muud kui tavaline \u2013 selle elegantse m\u00fctsi seemisnahast v\u00e4limus r\u00e4\u00e4gib enda eest. See elegantne v\u00e4limusega nokam\u00fcts on ideaalne t\u00e4navastiilis m\u00fcts, mis sobib igaks s\u00fcndmuseks.<\/p>\n<p>Nokam\u00fctsi eesmised osa on tugevdatud, tagaosas reguleerimisosa.<\/p>\n<p>Sees puuvillased \u00f5mmeldud tugevdused.<\/p>\n<p><strong>Materjal<\/strong>: 100% pol\u00fcester<\/p>\n","protected":false},"excerpt":{"rendered":"<p>YP Classics\u00ae Seemisnaha imitatsiooniga nokam\u00fcts mis on tagant reguleeritav<\/p>\n","protected":false},"featured_media":26069,"template":"","meta":{"_acf_changed":false,"om_disable_all_campaigns":false,"_monsterinsights_skip_tracking":false,"_monsterinsights_sitenote_active":false,"_monsterinsights_sitenote_note":"","_monsterinsights_sitenote_category":0,"site-sidebar-layout":"default","site-content-layout":"default","ast-site-content-layout":"","site-content-style":"default","site-sidebar-style":"default","ast-global-header-display":"","ast-banner-title-visibility":"","ast-main-header-display":"","ast-hfb-above-header-display":"","ast-hfb-below-header-display":"","ast-hfb-mobile-header-display":"","site-post-title":"","ast-breadcrumbs-content":"","ast-featured-img":"","footer-sml-layout":"","theme-transparent-header-meta":"default","adv-header-id-meta":"","stick-header-meta":"","header-above-stick-meta":"","header-main-stick-meta":"","header-below-stick-meta":"","astra-migrate-meta-layouts":"default","ast-page-background-enabled":"default","ast-page-background-meta":{"desktop":{"background-color":"","background-image":"","background-repeat":"repeat","background-position":"center center","background-size":"auto","background-attachment":"scroll","background-type":"","background-media":"","overlay-type":"","overlay-color":"","overlay-opacity":"","overlay-gradient":""},"tablet":{"background-color":"","background-image":"","background-repeat":"repeat","background-position":"center center","background-size":"auto","background-attachment":"scroll","background-type":"","background-media":"","overlay-type":"","overlay-color":"","overlay-opacity":"","overlay-gradient":""},"mobile":{"background-color":"","background-image":"","background-repeat":"repeat","background-position":"center center","background-size":"auto","background-attachment":"scroll","background-type":"","background-media":"","overlay-type":"","overlay-color":"","overlay-opacity":"","overlay-gradient":""}},"ast-content-background-meta":{"desktop":{"background-color":"var(--ast-global-color-5)","background-image":"","background-repeat":"repeat","background-position":"center center","background-size":"auto","background-attachment":"scroll","background-type":"","background-media":"","overlay-type":"","overlay-color":"","overlay-opacity":"","overlay-gradient":""},"tablet":{"background-color":"var(--ast-global-color-5)","background-image":"","background-repeat":"repeat","background-position":"center center","background-size":"auto","background-attachment":"scroll","background-type":"","background-media":"","overlay-type":"","overlay-color":"","overlay-opacity":"","overlay-gradient":""},"mobile":{"background-color":"var(--ast-global-color-5)","background-image":"","background-repeat":"repeat","background-position":"center center","background-size":"auto","background-attachment":"scroll","background-type":"","background-media":"","overlay-type":"","overlay-color":"","overlay-opacity":"","overlay-gradient":""}}},"product_brand":[],"product_cat":[36,646],"product_tag":[],"class_list":{"0":"post-5361","1":"product","2":"type-product","3":"status-publish","4":"has-post-thumbnail","6":"product_cat-disainita-tooted","7":"product_cat-mutsid-kindad","8":"pa_suurus-one-size","9":"pa_varv-black","10":"pa_varv-khaki","11":"desktop-align-left","12":"tablet-align-left","13":"mobile-align-left","15":"first","16":"instock","17":"taxable","18":"shipping-taxable","19":"purchasable","20":"product-type-variable","21":"has-default-attributes","22":"wvs-archive-product-wrapper"},"acf":[],"aioseo_notices":[],"_links":{"self":[{"href":"https:\/\/omakujustus.ee\/et\/wp-json\/wp\/v2\/product\/5361","targetHints":{"allow":["GET"]}}],"collection":[{"href":"https:\/\/omakujustus.ee\/et\/wp-json\/wp\/v2\/product"}],"about":[{"href":"https:\/\/omakujustus.ee\/et\/wp-json\/wp\/v2\/types\/product"}],"wp:featuredmedia":[{"embeddable":true,"href":"https:\/\/omakujustus.ee\/et\/wp-json\/wp\/v2\/media\/26069"}],"wp:attachment":[{"href":"https:\/\/omakujustus.ee\/et\/wp-json\/wp\/v2\/media?parent=5361"}],"wp:term":[{"taxonomy":"product_brand","embeddable":true,"href":"https:\/\/omakujustus.ee\/et\/wp-json\/wp\/v2\/product_brand?post=5361"},{"taxonomy":"product_cat","embeddable":true,"href":"https:\/\/omakujustus.ee\/et\/wp-json\/wp\/v2\/product_cat?post=5361"},{"taxonomy":"product_tag","embeddable":true,"href":"https:\/\/omakujustus.ee\/et\/wp-json\/wp\/v2\/product_tag?post=5361"}],"curies":[{"name":"wp","href":"https:\/\/api.w.org\/{rel}","templated":true}]}}