{"id":5050,"date":"2023-04-19T12:20:18","date_gmt":"2023-04-19T10:20:18","guid":{"rendered":"https:\/\/omakujustus.ee\/?post_type=product&#038;p=5050"},"modified":"2025-07-09T20:28:26","modified_gmt":"2025-07-09T18:28:26","slug":"mama-tekstiga-tikitud-kapuutsiga-pusa-emale","status":"publish","type":"product","link":"https:\/\/omakujustus.ee\/et\/product\/mama-tekstiga-tikitud-kapuutsiga-pusa-emale\/","title":{"rendered":"MAMA tekstiga tikitud kapuutsiga pusa emale"},"content":{"rendered":"<p>Moodsa kergelt oversized tegumoega, seest pehme fliisi ja kapuutsiga pusa.<\/p>\n<p>Materjal: 80% puuvill, 20% pol\u00fcester (teksasinine: 60% puuvill, 40% pol\u00fcester ; helehall: 70% puuvill, 30% pol\u00fcester)<br \/>\nMaterjali paksus: 280 g\/m\u00b2<\/p>\n<ul>\n<li>Sees pehme fliis<\/li>\n<li>Topeltkangaga \u00f5mmeldud kapuuts samas v\u00e4rvis paeltega<\/li>\n<li>Ees \u201ck\u00e4nguru\u201dtasku<\/li>\n<li>Laiad k\u00e4ise ja alumise \u00e4\u00e4re soonikud<\/li>\n<li>K\u00fclje\u00f5mblused<\/li>\n<li>Kergelt <em>oversized<\/em><\/li>\n<\/ul>\n","protected":false},"excerpt":{"rendered":"<p>MAMA tekstiga tikitud kapuutsiga pusa vingele emale.<\/p>\n<p>Ilma kapuutsita pusa leiad<a href=\"https:\/\/omakujustus.ee\/product\/mama-tekstiga-tikitud-pusa-emale\/\" target=\"_blank\" rel=\"noopener\"> siit.\u00a0<\/a><\/p>\n","protected":false},"featured_media":5057,"template":"","meta":{"_acf_changed":false,"om_disable_all_campaigns":false,"_monsterinsights_skip_tracking":false,"_monsterinsights_sitenote_active":false,"_monsterinsights_sitenote_note":"","_monsterinsights_sitenote_category":0,"site-sidebar-layout":"default","site-content-layout":"default","ast-site-content-layout":"","site-content-style":"default","site-sidebar-style":"default","ast-global-header-display":"","ast-banner-title-visibility":"","ast-main-header-display":"","ast-hfb-above-header-display":"","ast-hfb-below-header-display":"","ast-hfb-mobile-header-display":"","site-post-title":"","ast-breadcrumbs-content":"","ast-featured-img":"","footer-sml-layout":"","theme-transparent-header-meta":"default","adv-header-id-meta":"","stick-header-meta":"","header-above-stick-meta":"","header-main-stick-meta":"","header-below-stick-meta":"","astra-migrate-meta-layouts":"default","ast-page-background-enabled":"default","ast-page-background-meta":{"desktop":{"background-color":"","background-image":"","background-repeat":"repeat","background-position":"center center","background-size":"auto","background-attachment":"scroll","background-type":"","background-media":"","overlay-type":"","overlay-color":"","overlay-opacity":"","overlay-gradient":""},"tablet":{"background-color":"","background-image":"","background-repeat":"repeat","background-position":"center center","background-size":"auto","background-attachment":"scroll","background-type":"","background-media":"","overlay-type":"","overlay-color":"","overlay-opacity":"","overlay-gradient":""},"mobile":{"background-color":"","background-image":"","background-repeat":"repeat","background-position":"center center","background-size":"auto","background-attachment":"scroll","background-type":"","background-media":"","overlay-type":"","overlay-color":"","overlay-opacity":"","overlay-gradient":""}},"ast-content-background-meta":{"desktop":{"background-color":"var(--ast-global-color-5)","background-image":"","background-repeat":"repeat","background-position":"center center","background-size":"auto","background-attachment":"scroll","background-type":"","background-media":"","overlay-type":"","overlay-color":"","overlay-opacity":"","overlay-gradient":""},"tablet":{"background-color":"var(--ast-global-color-5)","background-image":"","background-repeat":"repeat","background-position":"center center","background-size":"auto","background-attachment":"scroll","background-type":"","background-media":"","overlay-type":"","overlay-color":"","overlay-opacity":"","overlay-gradient":""},"mobile":{"background-color":"var(--ast-global-color-5)","background-image":"","background-repeat":"repeat","background-position":"center center","background-size":"auto","background-attachment":"scroll","background-type":"","background-media":"","overlay-type":"","overlay-color":"","overlay-opacity":"","overlay-gradient":""}}},"product_brand":[],"product_cat":[43,30,946],"product_tag":[],"class_list":{"0":"post-5050","1":"product","2":"type-product","3":"status-publish","4":"has-post-thumbnail","6":"product_cat-disainiga-tooted","7":"product_cat-naistele","8":"product_cat-tahtpaevad","9":"desktop-align-left","10":"tablet-align-left","11":"mobile-align-left","13":"first","14":"instock","15":"taxable","16":"shipping-taxable","17":"purchasable","18":"product-type-simple"},"acf":[],"aioseo_notices":[],"_links":{"self":[{"href":"https:\/\/omakujustus.ee\/et\/wp-json\/wp\/v2\/product\/5050","targetHints":{"allow":["GET"]}}],"collection":[{"href":"https:\/\/omakujustus.ee\/et\/wp-json\/wp\/v2\/product"}],"about":[{"href":"https:\/\/omakujustus.ee\/et\/wp-json\/wp\/v2\/types\/product"}],"wp:featuredmedia":[{"embeddable":true,"href":"https:\/\/omakujustus.ee\/et\/wp-json\/wp\/v2\/media\/5057"}],"wp:attachment":[{"href":"https:\/\/omakujustus.ee\/et\/wp-json\/wp\/v2\/media?parent=5050"}],"wp:term":[{"taxonomy":"product_brand","embeddable":true,"href":"https:\/\/omakujustus.ee\/et\/wp-json\/wp\/v2\/product_brand?post=5050"},{"taxonomy":"product_cat","embeddable":true,"href":"https:\/\/omakujustus.ee\/et\/wp-json\/wp\/v2\/product_cat?post=5050"},{"taxonomy":"product_tag","embeddable":true,"href":"https:\/\/omakujustus.ee\/et\/wp-json\/wp\/v2\/product_tag?post=5050"}],"curies":[{"name":"wp","href":"https:\/\/api.w.org\/{rel}","templated":true}]}}