{"id":42699,"date":"2026-05-15T19:45:06","date_gmt":"2026-05-15T16:45:06","guid":{"rendered":"https:\/\/omakujustus.ee\/?post_type=product&#038;p=42699"},"modified":"2026-05-15T19:56:28","modified_gmt":"2026-05-15T16:56:28","slug":"kiirtoo-disaini-ise-laiema-loikega-naiste-t-sark-sorona-loose-fit-tee","status":"publish","type":"product","link":"https:\/\/omakujustus.ee\/et\/product\/kiirtoo-disaini-ise-laiema-loikega-naiste-t-sark-sorona-loose-fit-tee\/","title":{"rendered":"KIIRT\u00d6\u00d6 DISAINI ISE Laiema l\u00f5ikega naiste t-s\u00e4rk Sorona\u00ae Loose Fit Tee"},"content":{"rendered":"<p>KIIRT\u00d6\u00d6 DISAINI ISE t-s\u00e4rk Laiema l\u00f5ikega <span style=\"font-size: 16px; font-style: normal; font-weight: 400;\">naiste <strong>t-s\u00e4rk<\/strong><\/span><strong><span style=\"font-size: 16px; font-style: normal;\">\u00a0<\/span><\/strong><span style=\"font-size: 16px;\"><strong>Sorona\u00ae Loose Fit Tee &#8211; stiilne mugavus<\/strong> ja j\u00e4tkusuutlik innovatsioon.<\/span><\/p>\n<p>See T-s\u00e4rk \u00fchendab endas vaba stiili ja keskkonnas\u00f5braliku uuenduse. <strong>Valmistatud innovaatilisest Sorona\u00ae kiust<\/strong>, mis on peamiselt taimset p\u00e4ritolu ja tuntud oma kerguse ning pehmuse poolest, andes kangale samaaegselt <strong>parema elastsuse ja vastupidavuse<\/strong>.<br \/>\nMaterjal tagab maksimaalse mugavuse ja liikumisvabaduse.<\/p>\n<p>Lisaks on <strong>Sorona\u00ae kangas hingav ja kiiresti kuivav<\/strong>, juhtides niiskust kehast eemale ning pakkudes mugavust nii soojadel p\u00e4evadel kui aktiivsel liikumisel. Sorona\u00ae materjal on ka <strong data-start=\"2504\" data-end=\"2527\">lihtsasti hooldatav<\/strong>, s\u00e4ilitades oma v\u00e4limuse, tekstuuri\u00a0ja v\u00e4rvi ka peale korduvaid pesusid.<\/p>\n<p><strong>\u00a0Sorona\u00ae Loose Fit Tee on ideaalne kombinatsioon funktsionaalsusest, stiilist ja j\u00e4tkusuutlikkusest.<\/strong><\/p>\n<p><strong>Materjal<\/strong>: 70% puuvill, 30% pol\u00fcester (Sorona\u00ae tehnoloogiaga)<br \/>\n<strong>Materjali paksus<\/strong>: 210g\/m\u00b2<\/p>\n<p><em>Loose fit, l\u00fchem mudel<\/em><\/p>\n<p><img loading=\"lazy\" decoding=\"async\" class=\"alignnone wp-image-15174\" src=\"https:\/\/omakujustus.ee\/wp-content\/uploads\/2024\/01\/size-moodud-300x114.jpg\" alt=\"\" width=\"416\" height=\"158\" srcset=\"https:\/\/omakujustus.ee\/wp-content\/uploads\/2024\/01\/size-moodud-300x114.jpg 300w, https:\/\/omakujustus.ee\/wp-content\/uploads\/2024\/01\/size-moodud-800x305.jpg 800w, https:\/\/omakujustus.ee\/wp-content\/uploads\/2024\/01\/size-moodud-64x24.jpg 64w, https:\/\/omakujustus.ee\/wp-content\/uploads\/2024\/01\/size-moodud-1024x391.jpg 1024w, https:\/\/omakujustus.ee\/wp-content\/uploads\/2024\/01\/size-moodud-768x293.jpg 768w, https:\/\/omakujustus.ee\/wp-content\/uploads\/2024\/01\/size-moodud-1536x586.jpg 1536w, https:\/\/omakujustus.ee\/wp-content\/uploads\/2024\/01\/size-moodud-18x7.jpg 18w, https:\/\/omakujustus.ee\/wp-content\/uploads\/2024\/01\/size-moodud.jpg 2000w\" sizes=\"auto, (max-width: 416px) 100vw, 416px\" \/><\/p>\n<table>\n<tbody>\n<tr>\n<td><b>Suurus<\/b><\/td>\n<td><b>XS<\/b><\/td>\n<td><b>S<\/b><\/td>\n<td><b>M<\/b><\/td>\n<td><b>L<\/b><\/td>\n<td><b>XL<\/b><\/td>\n<td><b>2XL<\/b><\/td>\n<td><b>3XL<\/b><\/td>\n<td><b>4XL<\/b><\/td>\n<td><b>5XL<\/b><\/td>\n<td><b>Tol. +\/-<\/b><\/td>\n<\/tr>\n<tr>\n<td><b>A\u00a0 \u00bd rind<\/b><\/td>\n<td><span style=\"font-weight: 400;\">46,5<\/span><\/td>\n<td><span style=\"font-weight: 400;\">49<\/span><\/td>\n<td><span style=\"font-weight: 400;\">51,5<\/span><\/td>\n<td><span style=\"font-weight: 400;\">54<\/span><\/td>\n<td><span style=\"font-weight: 400;\">56,5<\/span><\/td>\n<td><span style=\"font-weight: 400;\">60,5<\/span><\/td>\n<td><span style=\"font-weight: 400;\">64,5<\/span><\/td>\n<td><span style=\"font-weight: 400;\">68,5<\/span><\/td>\n<td><span style=\"font-weight: 400;\">72,5<\/span><\/td>\n<td><span style=\"font-weight: 400;\">1,5<\/span><\/td>\n<\/tr>\n<tr>\n<td><b>B pikkus<\/b><\/td>\n<td><span style=\"font-weight: 400;\">53<\/span><\/td>\n<td><span style=\"font-weight: 400;\">55<\/span><\/td>\n<td><span style=\"font-weight: 400;\">57<\/span><\/td>\n<td><span style=\"font-weight: 400;\">59<\/span><\/td>\n<td><span style=\"font-weight: 400;\">61<\/span><\/td>\n<td><span style=\"font-weight: 400;\">63<\/span><\/td>\n<td><span style=\"font-weight: 400;\">65<\/span><\/td>\n<td><span style=\"font-weight: 400;\">66<\/span><\/td>\n<td><span style=\"font-weight: 400;\">68<\/span><\/td>\n<td><span style=\"font-weight: 400;\">1,5<\/span><\/td>\n<\/tr>\n<tr>\n<td><b>K\u00e4ise pikkus (\u00f5mblusest)<\/b><\/td>\n<td><span style=\"font-weight: 400;\">14<\/span><\/td>\n<td><span style=\"font-weight: 400;\">14,5<\/span><\/td>\n<td><span style=\"font-weight: 400;\">15<\/span><\/td>\n<td><span style=\"font-weight: 400;\">15,5<\/span><\/td>\n<td><span style=\"font-weight: 400;\">16<\/span><\/td>\n<td><span style=\"font-weight: 400;\">16,5<\/span><\/td>\n<td><span style=\"font-weight: 400;\">17<\/span><\/td>\n<td><span style=\"font-weight: 400;\">17,5<\/span><\/td>\n<td><span style=\"font-weight: 400;\">18<\/span><\/td>\n<td><span style=\"font-weight: 400;\">1,5<\/span><\/td>\n<\/tr>\n<\/tbody>\n<\/table>\n<section class=\"elementor-section elementor-top-section elementor-element elementor-element-047c982 elementor-section-boxed elementor-section-height-default elementor-section-height-default\" data-id=\"047c982\" data-element_type=\"section\">\n<div class=\"elementor-container elementor-column-gap-default\">\n<div class=\"elementor-column elementor-col-50 elementor-top-column elementor-element elementor-element-93dd388\" data-id=\"93dd388\" data-element_type=\"column\">\n<div class=\"elementor-widget-wrap elementor-element-populated\">\n<div class=\"elementor-element elementor-element-9056761 elementor-widget elementor-widget-woocommerce-product-data-tabs\" data-id=\"9056761\" data-element_type=\"widget\" data-widget_type=\"woocommerce-product-data-tabs.default\">\n<div class=\"elementor-widget-container\">\n<div class=\"woocommerce-tabs wc-tabs-wrapper\">\n<div id=\"tab-description\" class=\"woocommerce-Tabs-panel woocommerce-Tabs-panel--description panel entry-content wc-tab\" role=\"tabpanel\" aria-labelledby=\"tab-title-description\">\n<p><em>*Tellija vastutab enda lisatud pildi\/disaini autori\u00f5iguste olemasolu eest.<\/em><\/p>\n<\/div>\n<\/div>\n<\/div>\n<\/div>\n<\/div>\n<\/div>\n<\/div>\n<\/section>\n","protected":false},"excerpt":{"rendered":"<p>Disaini ise laiema l\u00f5ikega naiste t-s\u00e4rk Sorona\u00ae Loose Fit Tee &#8211; stiilne mugavus ja j\u00e4tkusuutlik innovatsioon.<\/p>\n<p><span style=\"color: #e60000;\"><strong>KIIRT\u00d6\u00d6 disaini ise t-s\u00e4rk mis valmib 1-2 t\u00f6\u00f6p\u00e4evaga!<\/strong><\/span><\/p>\n<p>Tr\u00fcki hind \u00fchel poolel 12\u20ac<\/p>\n<ol>\n<li>vali suurus ja v\u00e4rv<\/li>\n<li>vajuta \u201cDISAINI ISE\u201d nuppu<\/li>\n<li>lisa tekst ja\/v\u00f5i pilt<\/li>\n<li>telli\u00a0<img decoding=\"async\" class=\"emoji lazyloaded\" role=\"img\" draggable=\"false\" src=\"https:\/\/s.w.org\/images\/core\/emoji\/15.0.3\/svg\/1f642.svg\" alt=\"\ud83d\ude42\" data-src=\"https:\/\/s.w.org\/images\/core\/emoji\/15.0.3\/svg\/1f642.svg\" \/><\/li>\n<\/ol>\n","protected":false},"featured_media":35422,"template":"","meta":{"_acf_changed":false,"om_disable_all_campaigns":false,"_monsterinsights_skip_tracking":false,"_monsterinsights_sitenote_active":false,"_monsterinsights_sitenote_note":"","_monsterinsights_sitenote_category":0,"site-sidebar-layout":"default","site-content-layout":"","ast-site-content-layout":"default","site-content-style":"default","site-sidebar-style":"default","ast-global-header-display":"","ast-banner-title-visibility":"","ast-main-header-display":"","ast-hfb-above-header-display":"","ast-hfb-below-header-display":"","ast-hfb-mobile-header-display":"","site-post-title":"","ast-breadcrumbs-content":"","ast-featured-img":"","footer-sml-layout":"","theme-transparent-header-meta":"default","adv-header-id-meta":"","stick-header-meta":"","header-above-stick-meta":"","header-main-stick-meta":"","header-below-stick-meta":"","astra-migrate-meta-layouts":"set","ast-page-background-enabled":"default","ast-page-background-meta":{"desktop":{"background-color":"","background-image":"","background-repeat":"repeat","background-position":"center center","background-size":"auto","background-attachment":"scroll","background-type":"","background-media":"","overlay-type":"","overlay-color":"","overlay-opacity":"","overlay-gradient":""},"tablet":{"background-color":"","background-image":"","background-repeat":"repeat","background-position":"center center","background-size":"auto","background-attachment":"scroll","background-type":"","background-media":"","overlay-type":"","overlay-color":"","overlay-opacity":"","overlay-gradient":""},"mobile":{"background-color":"","background-image":"","background-repeat":"repeat","background-position":"center center","background-size":"auto","background-attachment":"scroll","background-type":"","background-media":"","overlay-type":"","overlay-color":"","overlay-opacity":"","overlay-gradient":""}},"ast-content-background-meta":{"desktop":{"background-color":"var(--ast-global-color-5)","background-image":"","background-repeat":"repeat","background-position":"center center","background-size":"auto","background-attachment":"scroll","background-type":"","background-media":"","overlay-type":"","overlay-color":"","overlay-opacity":"","overlay-gradient":""},"tablet":{"background-color":"var(--ast-global-color-5)","background-image":"","background-repeat":"repeat","background-position":"center center","background-size":"auto","background-attachment":"scroll","background-type":"","background-media":"","overlay-type":"","overlay-color":"","overlay-opacity":"","overlay-gradient":""},"mobile":{"background-color":"var(--ast-global-color-5)","background-image":"","background-repeat":"repeat","background-position":"center center","background-size":"auto","background-attachment":"scroll","background-type":"","background-media":"","overlay-type":"","overlay-color":"","overlay-opacity":"","overlay-gradient":""}}},"product_brand":[],"product_cat":[713,1038],"product_tag":[],"class_list":{"0":"post-42699","1":"product","2":"type-product","3":"status-publish","4":"has-post-thumbnail","6":"product_cat-disaini-ise","7":"product_cat-disaini-ise-t-sargid","8":"pa_kaelus-umar-kaelus","9":"pa_kaised-luhikesed-kaised","10":"pa_materjal-kombineeritud-kangas","11":"pa_materjali-paksus-200-249-g-m","12":"pa_sugu-naiste","13":"pa_suurus-3xl","14":"pa_suurus-l","15":"pa_suurus-m","16":"pa_suurus-s","17":"pa_suurus-xl","18":"pa_suurus-xs","19":"pa_suurus-xxl","20":"pa_tegumood-loose-fit","21":"pa_toote-tuup-t-sark","22":"pa_varv-white","23":"desktop-align-left","24":"tablet-align-left","25":"mobile-align-left","27":"first","28":"instock","29":"taxable","30":"shipping-taxable","31":"purchasable","32":"product-type-variable","33":"has-default-attributes","34":"wvs-archive-product-wrapper"},"acf":[],"aioseo_notices":[],"_links":{"self":[{"href":"https:\/\/omakujustus.ee\/et\/wp-json\/wp\/v2\/product\/42699","targetHints":{"allow":["GET"]}}],"collection":[{"href":"https:\/\/omakujustus.ee\/et\/wp-json\/wp\/v2\/product"}],"about":[{"href":"https:\/\/omakujustus.ee\/et\/wp-json\/wp\/v2\/types\/product"}],"wp:featuredmedia":[{"embeddable":true,"href":"https:\/\/omakujustus.ee\/et\/wp-json\/wp\/v2\/media\/35422"}],"wp:attachment":[{"href":"https:\/\/omakujustus.ee\/et\/wp-json\/wp\/v2\/media?parent=42699"}],"wp:term":[{"taxonomy":"product_brand","embeddable":true,"href":"https:\/\/omakujustus.ee\/et\/wp-json\/wp\/v2\/product_brand?post=42699"},{"taxonomy":"product_cat","embeddable":true,"href":"https:\/\/omakujustus.ee\/et\/wp-json\/wp\/v2\/product_cat?post=42699"},{"taxonomy":"product_tag","embeddable":true,"href":"https:\/\/omakujustus.ee\/et\/wp-json\/wp\/v2\/product_tag?post=42699"}],"curies":[{"name":"wp","href":"https:\/\/api.w.org\/{rel}","templated":true}]}}