{"id":42681,"date":"2026-05-15T18:32:06","date_gmt":"2026-05-15T15:32:06","guid":{"rendered":"https:\/\/omakujustus.ee\/?post_type=product&#038;p=42681"},"modified":"2026-05-15T19:26:56","modified_gmt":"2026-05-15T16:26:56","slug":"kiirtoo-disaini-ise-laiema-loikega-t-sark-sorona-loose-fit-tee","status":"publish","type":"product","link":"https:\/\/omakujustus.ee\/et\/product\/kiirtoo-disaini-ise-laiema-loikega-t-sark-sorona-loose-fit-tee\/","title":{"rendered":"KIIRT\u00d6\u00d6 DISAINI ISE Laiema l\u00f5ikega t-s\u00e4rk Sorona\u00ae Loose Fit Tee"},"content":{"rendered":"<p>KIIRT\u00d6\u00d6 DISAINI ISE t-s\u00e4rk Laiema l\u00f5ikega <strong>t-s\u00e4rk Sorona\u00ae Loose Fit Tee \u2013 stiilne mugavus <\/strong>ja j\u00e4tkusuutlik innovatsioon.\u00a0Laiem l\u00f5ige maksimaalse\u00a0 mugavuse jaoks.<\/p>\n<p>See T-s\u00e4rk \u00fchendab endas vaba stiili ja keskkonnas\u00f5braliku uuenduse.\u00a0<strong>Valmistatud innovaatilisest Sorona\u00ae kiust<\/strong>, mis on peamiselt taimset p\u00e4ritolu ja tuntud oma kerguse ning pehmuse poolest, andes kangale samaaegselt\u00a0<strong>parema elastsuse ja vastupidavuse<\/strong>.<br \/>\nMaterjal tagab maksimaalse mugavuse ja liikumisvabaduse.<\/p>\n<p>Lisaks on\u00a0<strong>Sorona\u00ae kangas hingav ja kiiresti kuivav<\/strong>, juhtides niiskust kehast eemale ning pakkudes mugavust nii soojadel p\u00e4evadel kui aktiivsel liikumisel. Sorona\u00ae materjal on ka\u00a0<strong data-start=\"2504\" data-end=\"2527\">lihtsasti hooldatav<\/strong>, s\u00e4ilitades oma v\u00e4limuse, tekstuuri\u00a0ja v\u00e4rvi ka peale korduvaid pesusid.<\/p>\n<p><strong>\u00a0Sorona\u00ae Loose Fit Tee on ideaalne kombinatsioon funktsionaalsusest, stiilist ja j\u00e4tkusuutlikkusest.<\/strong><\/p>\n<p><strong>Materjal<\/strong>: 70% puuvill, 30% pol\u00fcester (Sorona\u00ae tehnoloogiaga)<br \/>\n<strong>Materjali paksus<\/strong>: 210g\/m\u00b2<\/p>\n<p><em>Loose fit<\/em><\/p>\n<p><img loading=\"lazy\" decoding=\"async\" class=\"alignnone wp-image-15174\" src=\"https:\/\/omakujustus.ee\/wp-content\/uploads\/2024\/01\/size-moodud-300x114.jpg\" sizes=\"auto, (max-width: 418px) 100vw, 418px\" srcset=\"https:\/\/omakujustus.ee\/wp-content\/uploads\/2024\/01\/size-moodud-300x114.jpg 300w, https:\/\/omakujustus.ee\/wp-content\/uploads\/2024\/01\/size-moodud-800x305.jpg 800w, https:\/\/omakujustus.ee\/wp-content\/uploads\/2024\/01\/size-moodud-64x24.jpg 64w, https:\/\/omakujustus.ee\/wp-content\/uploads\/2024\/01\/size-moodud-1024x391.jpg 1024w, https:\/\/omakujustus.ee\/wp-content\/uploads\/2024\/01\/size-moodud-768x293.jpg 768w, https:\/\/omakujustus.ee\/wp-content\/uploads\/2024\/01\/size-moodud-1536x586.jpg 1536w, https:\/\/omakujustus.ee\/wp-content\/uploads\/2024\/01\/size-moodud-18x7.jpg 18w, https:\/\/omakujustus.ee\/wp-content\/uploads\/2024\/01\/size-moodud.jpg 2000w\" alt=\"\" width=\"418\" height=\"159\" \/><\/p>\n<table>\n<tbody>\n<tr>\n<td><b>Suurus<\/b><\/td>\n<td><b>S<\/b><\/td>\n<td><b>M<\/b><\/td>\n<td><b>L<\/b><\/td>\n<td><b>XL<\/b><\/td>\n<td><b>2XL<\/b><\/td>\n<td><b>3XL<\/b><\/td>\n<td><b>4XL<\/b><\/td>\n<td><b>5XL<\/b><\/td>\n<td><b>Tol. +\/-<\/b><\/td>\n<\/tr>\n<tr>\n<td><b>A\u00a0 \u00bd rind<\/b><\/td>\n<td><span style=\"font-weight: 400;\">53<\/span><\/td>\n<td><span style=\"font-weight: 400;\">56<\/span><\/td>\n<td><span style=\"font-weight: 400;\">59<\/span><\/td>\n<td><span style=\"font-weight: 400;\">62<\/span><\/td>\n<td><span style=\"font-weight: 400;\">65<\/span><\/td>\n<td><span style=\"font-weight: 400;\">69,5<\/span><\/td>\n<td><span style=\"font-weight: 400;\">74<\/span><\/td>\n<td><span style=\"font-weight: 400;\">78<\/span><\/td>\n<td><span style=\"font-weight: 400;\">1,5<\/span><\/td>\n<\/tr>\n<tr>\n<td><b>B pikkus<\/b><\/td>\n<td><span style=\"font-weight: 400;\">70<\/span><\/td>\n<td><span style=\"font-weight: 400;\">72<\/span><\/td>\n<td><span style=\"font-weight: 400;\">74<\/span><\/td>\n<td><span style=\"font-weight: 400;\">76<\/span><\/td>\n<td><span style=\"font-weight: 400;\">78<\/span><\/td>\n<td><span style=\"font-weight: 400;\">79<\/span><\/td>\n<td><span style=\"font-weight: 400;\">80<\/span><\/td>\n<td><span style=\"font-weight: 400;\">81<\/span><\/td>\n<td><span style=\"font-weight: 400;\">1,5<\/span><\/td>\n<\/tr>\n<tr>\n<td><b>K\u00e4ise pikkus (\u00f5mblusest)<\/b><\/td>\n<td><span style=\"font-weight: 400;\">25,5<\/span><\/td>\n<td><span style=\"font-weight: 400;\">26<\/span><\/td>\n<td><span style=\"font-weight: 400;\">27<\/span><\/td>\n<td><span style=\"font-weight: 400;\">28<\/span><\/td>\n<td><span style=\"font-weight: 400;\">29<\/span><\/td>\n<td><span style=\"font-weight: 400;\">29,5<\/span><\/td>\n<td><span style=\"font-weight: 400;\">30<\/span><\/td>\n<td><span style=\"font-weight: 400;\">30,5<\/span><\/td>\n<td><span style=\"font-weight: 400;\">1,5<\/span><\/td>\n<\/tr>\n<\/tbody>\n<\/table>\n<p><em style=\"font-size: 16px;\">*Tellija vastutab enda lisatud pildi\/disaini autori\u00f5iguste olemasolu eest.<\/em><\/p>\n","protected":false},"excerpt":{"rendered":"<p>DISAINI ISE Laiema l\u00f5ikega\u00a0t-s\u00e4rk\u00a0Sorona\u00ae Loose Fit Tee \u2013 stiilne mugavus ja j\u00e4tkusuutlik innovatsioon. Laiem l\u00f5ige maksimaalse\u00a0 mugavuse jaoks.<\/p>\n<p><span style=\"color: #e60000;\"><strong>KIIRT\u00d6\u00d6: disaini ise t-s\u00e4rk mis valmib 1-2 t\u00f6\u00f6p\u00e4evaga!<br \/>\n<\/strong><\/span><\/p>\n<p>Tr\u00fcki hind \u00fchel poolel 12\u20ac<\/p>\n<ol>\n<li>vali suurus ja v\u00e4rv<\/li>\n<li>vajuta \u201cDISAINI ISE\u201d nuppu<\/li>\n<li>lisa tekst ja\/v\u00f5i pilt<\/li>\n<li>telli\u00a0<img decoding=\"async\" class=\"emoji lazyloaded\" role=\"img\" draggable=\"false\" src=\"https:\/\/s.w.org\/images\/core\/emoji\/15.0.3\/svg\/1f642.svg\" alt=\"\ud83d\ude42\" data-src=\"https:\/\/s.w.org\/images\/core\/emoji\/15.0.3\/svg\/1f642.svg\" \/><\/li>\n<\/ol>\n","protected":false},"featured_media":42144,"template":"","meta":{"_acf_changed":false,"om_disable_all_campaigns":false,"_monsterinsights_skip_tracking":false,"_monsterinsights_sitenote_active":false,"_monsterinsights_sitenote_note":"","_monsterinsights_sitenote_category":0,"site-sidebar-layout":"default","site-content-layout":"","ast-site-content-layout":"default","site-content-style":"default","site-sidebar-style":"default","ast-global-header-display":"","ast-banner-title-visibility":"","ast-main-header-display":"","ast-hfb-above-header-display":"","ast-hfb-below-header-display":"","ast-hfb-mobile-header-display":"","site-post-title":"","ast-breadcrumbs-content":"","ast-featured-img":"","footer-sml-layout":"","theme-transparent-header-meta":"default","adv-header-id-meta":"","stick-header-meta":"","header-above-stick-meta":"","header-main-stick-meta":"","header-below-stick-meta":"","astra-migrate-meta-layouts":"set","ast-page-background-enabled":"default","ast-page-background-meta":{"desktop":{"background-color":"","background-image":"","background-repeat":"repeat","background-position":"center center","background-size":"auto","background-attachment":"scroll","background-type":"","background-media":"","overlay-type":"","overlay-color":"","overlay-opacity":"","overlay-gradient":""},"tablet":{"background-color":"","background-image":"","background-repeat":"repeat","background-position":"center center","background-size":"auto","background-attachment":"scroll","background-type":"","background-media":"","overlay-type":"","overlay-color":"","overlay-opacity":"","overlay-gradient":""},"mobile":{"background-color":"","background-image":"","background-repeat":"repeat","background-position":"center center","background-size":"auto","background-attachment":"scroll","background-type":"","background-media":"","overlay-type":"","overlay-color":"","overlay-opacity":"","overlay-gradient":""}},"ast-content-background-meta":{"desktop":{"background-color":"var(--ast-global-color-5)","background-image":"","background-repeat":"repeat","background-position":"center center","background-size":"auto","background-attachment":"scroll","background-type":"","background-media":"","overlay-type":"","overlay-color":"","overlay-opacity":"","overlay-gradient":""},"tablet":{"background-color":"var(--ast-global-color-5)","background-image":"","background-repeat":"repeat","background-position":"center center","background-size":"auto","background-attachment":"scroll","background-type":"","background-media":"","overlay-type":"","overlay-color":"","overlay-opacity":"","overlay-gradient":""},"mobile":{"background-color":"var(--ast-global-color-5)","background-image":"","background-repeat":"repeat","background-position":"center center","background-size":"auto","background-attachment":"scroll","background-type":"","background-media":"","overlay-type":"","overlay-color":"","overlay-opacity":"","overlay-gradient":""}}},"product_brand":[],"product_cat":[713,1038],"product_tag":[],"class_list":{"0":"post-42681","1":"product","2":"type-product","3":"status-publish","4":"has-post-thumbnail","6":"product_cat-disaini-ise","7":"product_cat-disaini-ise-t-sargid","8":"pa_kaelus-umar-kaelus","9":"pa_kaised-luhikesed-kaised","10":"pa_materjal-kombineeritud","11":"pa_materjali-paksus-200-249-g-m","12":"pa_sugu-meeste","13":"pa_sugu-unisex","14":"pa_suurus-3xl","15":"pa_suurus-l","16":"pa_suurus-m","17":"pa_suurus-s","18":"pa_suurus-xl","19":"pa_suurus-xxl","20":"pa_tegumood-loose-fit","21":"pa_toote-tuup-t-sark","22":"pa_varv-white","23":"desktop-align-left","24":"tablet-align-left","25":"mobile-align-left","27":"first","28":"instock","29":"taxable","30":"shipping-taxable","31":"purchasable","32":"product-type-variable","33":"has-default-attributes","34":"wvs-archive-product-wrapper"},"acf":[],"aioseo_notices":[],"_links":{"self":[{"href":"https:\/\/omakujustus.ee\/et\/wp-json\/wp\/v2\/product\/42681","targetHints":{"allow":["GET"]}}],"collection":[{"href":"https:\/\/omakujustus.ee\/et\/wp-json\/wp\/v2\/product"}],"about":[{"href":"https:\/\/omakujustus.ee\/et\/wp-json\/wp\/v2\/types\/product"}],"wp:featuredmedia":[{"embeddable":true,"href":"https:\/\/omakujustus.ee\/et\/wp-json\/wp\/v2\/media\/42144"}],"wp:attachment":[{"href":"https:\/\/omakujustus.ee\/et\/wp-json\/wp\/v2\/media?parent=42681"}],"wp:term":[{"taxonomy":"product_brand","embeddable":true,"href":"https:\/\/omakujustus.ee\/et\/wp-json\/wp\/v2\/product_brand?post=42681"},{"taxonomy":"product_cat","embeddable":true,"href":"https:\/\/omakujustus.ee\/et\/wp-json\/wp\/v2\/product_cat?post=42681"},{"taxonomy":"product_tag","embeddable":true,"href":"https:\/\/omakujustus.ee\/et\/wp-json\/wp\/v2\/product_tag?post=42681"}],"curies":[{"name":"wp","href":"https:\/\/api.w.org\/{rel}","templated":true}]}}