{"id":41681,"date":"2026-02-09T22:03:10","date_gmt":"2026-02-09T20:03:10","guid":{"rendered":"https:\/\/omakujustus.ee\/?post_type=product&#038;p=41681"},"modified":"2026-04-25T04:00:13","modified_gmt":"2026-04-25T01:00:13","slug":"disaini-ise-oversized-t-sark-kulutatud-valimusega-acid-washed-heavy-oversize-tee","status":"publish","type":"product","link":"https:\/\/omakujustus.ee\/et\/product\/disaini-ise-oversized-t-sark-kulutatud-valimusega-acid-washed-heavy-oversize-tee\/","title":{"rendered":"DISAINI ISE oversized t-s\u00e4rk  kulutatud v\u00e4limusega Acid Washed Heavy Oversize Tee"},"content":{"rendered":"<p><strong>Disaini ise<\/strong> oversized t-s\u00e4rk just selliselt, nagu seda soovid. Disaini ise programmis <strong>saad lisada tekste, pilte, joonistada ja laadida \u00fcles valmis logo v\u00f5i kujundus<\/strong>. Meie pildipank on pidevas t\u00e4iendamises.<br \/>\nKui soovid kujundust k\u00e4istele v\u00f5i alale, mida programmis ei v\u00f5imaldata, kirjuta meile oma soovist t\u00e4psemalt info@omakujustus.ee.<\/p>\n<p>Moodsa kulutatud v\u00e4limusega oversized t-s\u00e4rk Acid Washed Heavy Oversize Tee on kindla peale minek.<br \/>\nT-s\u00e4rgi materjal on keskmisest paksem, kuid \u00e4\u00e4rmiselt pehme ja m\u00f5nusalt sile ning meeldivalt veniv.<\/p>\n<p><strong>Materjal<\/strong>: 100% puuvill<br \/>\n<strong>Materjali paksus<\/strong>: 240 g\/m\u00b2<\/p>\n<p><img loading=\"lazy\" decoding=\"async\" class=\"alignnone wp-image-15174\" src=\"https:\/\/omakujustus.ee\/wp-content\/uploads\/2024\/01\/size-moodud-300x114.jpg\" alt=\"\" width=\"421\" height=\"160\" srcset=\"https:\/\/omakujustus.ee\/wp-content\/uploads\/2024\/01\/size-moodud-300x114.jpg 300w, https:\/\/omakujustus.ee\/wp-content\/uploads\/2024\/01\/size-moodud-800x305.jpg 800w, https:\/\/omakujustus.ee\/wp-content\/uploads\/2024\/01\/size-moodud-64x24.jpg 64w, https:\/\/omakujustus.ee\/wp-content\/uploads\/2024\/01\/size-moodud-1024x391.jpg 1024w, https:\/\/omakujustus.ee\/wp-content\/uploads\/2024\/01\/size-moodud-768x293.jpg 768w, https:\/\/omakujustus.ee\/wp-content\/uploads\/2024\/01\/size-moodud-1536x586.jpg 1536w, https:\/\/omakujustus.ee\/wp-content\/uploads\/2024\/01\/size-moodud-18x7.jpg 18w, https:\/\/omakujustus.ee\/wp-content\/uploads\/2024\/01\/size-moodud.jpg 2000w\" sizes=\"auto, (max-width: 421px) 100vw, 421px\" \/><\/p>\n<table>\n<tbody>\n<tr>\n<td><b>Suurus<\/b><\/td>\n<td><b>S<\/b><\/td>\n<td><b>M<\/b><\/td>\n<td><b>L<\/b><\/td>\n<td><b>XL<\/b><\/td>\n<td><b>2XL<\/b><\/td>\n<td><b>3XL<\/b><\/td>\n<td><b>4XL<\/b><\/td>\n<td><b>5XL<\/b><\/td>\n<\/tr>\n<tr>\n<td><b>A\u00a0 \u00bd rind<\/b><\/td>\n<td><span style=\"font-weight: 400;\">57<\/span><\/td>\n<td><span style=\"font-weight: 400;\">60<\/span><\/td>\n<td><span style=\"font-weight: 400;\">63<\/span><\/td>\n<td><span style=\"font-weight: 400;\">66<\/span><\/td>\n<td><span style=\"font-weight: 400;\">69<\/span><\/td>\n<td><span style=\"font-weight: 400;\">73,5<\/span><\/td>\n<td><span style=\"font-weight: 400;\">78<\/span><\/td>\n<td><span style=\"font-weight: 400;\">82,5<\/span><\/td>\n<\/tr>\n<tr>\n<td><b>B pikkus<\/b><\/td>\n<td><span style=\"font-weight: 400;\">76<\/span><\/td>\n<td><span style=\"font-weight: 400;\">78<\/span><\/td>\n<td><span style=\"font-weight: 400;\">80<\/span><\/td>\n<td><span style=\"font-weight: 400;\">82<\/span><\/td>\n<td><span style=\"font-weight: 400;\">84<\/span><\/td>\n<td><span style=\"font-weight: 400;\">85<\/span><\/td>\n<td><span style=\"font-weight: 400;\">86<\/span><\/td>\n<td><span style=\"font-weight: 400;\">87<\/span><\/td>\n<\/tr>\n<tr>\n<td><b>\u00bd alumine \u00e4\u00e4re laius<\/b><\/td>\n<td><span style=\"font-weight: 400;\">55<\/span><\/td>\n<td><span style=\"font-weight: 400;\">58<\/span><\/td>\n<td><span style=\"font-weight: 400;\">61<\/span><\/td>\n<td><span style=\"font-weight: 400;\">64<\/span><\/td>\n<td><span style=\"font-weight: 400;\">67<\/span><\/td>\n<td><span style=\"font-weight: 400;\">71,5<\/span><\/td>\n<td><span style=\"font-weight: 400;\">76<\/span><\/td>\n<td><span style=\"font-weight: 400;\">80,5<\/span><\/td>\n<\/tr>\n<\/tbody>\n<\/table>\n<p><em>Oversized fit<\/em><\/p>\n","protected":false},"excerpt":{"rendered":"<p>DISAINI ISE oversized t-s\u00e4rk mis on <span style=\"font-size: 16px; font-style: normal; font-weight: 400;\">oversized ja<\/span><span style=\"font-size: 16px; font-style: normal; font-weight: 400;\">\u00a0<\/span><span style=\"font-size: 16px;\">moodsa kulutatud v\u00e4limusega Acid Washed Heavy Oversize Tee.<\/span><\/p>\n<p>Tr\u00fcki hind \u00fchel poolel 12\u20ac<\/p>\n<ol>\n<li>vali suurus ja v\u00e4rv<\/li>\n<li>vajuta \u201cDISAINI ISE\u201d nuppu<\/li>\n<li>lisa tekst ja\/v\u00f5i pilt<\/li>\n<li>telli\u00a0<img decoding=\"async\" class=\"emoji\" role=\"img\" draggable=\"false\" src=\"https:\/\/s.w.org\/images\/core\/emoji\/15.0.3\/svg\/1f642.svg\" alt=\"\ud83d\ude42\" \/><\/li>\n<\/ol>\n","protected":false},"featured_media":27289,"template":"","meta":{"_acf_changed":false,"om_disable_all_campaigns":false,"_monsterinsights_skip_tracking":false,"_monsterinsights_sitenote_active":false,"_monsterinsights_sitenote_note":"","_monsterinsights_sitenote_category":0,"site-sidebar-layout":"default","site-content-layout":"default","ast-site-content-layout":"default","site-content-style":"default","site-sidebar-style":"default","ast-global-header-display":"","ast-banner-title-visibility":"","ast-main-header-display":"","ast-hfb-above-header-display":"","ast-hfb-below-header-display":"","ast-hfb-mobile-header-display":"","site-post-title":"","ast-breadcrumbs-content":"","ast-featured-img":"","footer-sml-layout":"","theme-transparent-header-meta":"default","adv-header-id-meta":"","stick-header-meta":"","header-above-stick-meta":"","header-main-stick-meta":"","header-below-stick-meta":"","astra-migrate-meta-layouts":"set","ast-page-background-enabled":"default","ast-page-background-meta":{"desktop":{"background-color":"","background-image":"","background-repeat":"repeat","background-position":"center center","background-size":"auto","background-attachment":"scroll","background-type":"","background-media":"","overlay-type":"","overlay-color":"","overlay-opacity":"","overlay-gradient":""},"tablet":{"background-color":"","background-image":"","background-repeat":"repeat","background-position":"center center","background-size":"auto","background-attachment":"scroll","background-type":"","background-media":"","overlay-type":"","overlay-color":"","overlay-opacity":"","overlay-gradient":""},"mobile":{"background-color":"","background-image":"","background-repeat":"repeat","background-position":"center center","background-size":"auto","background-attachment":"scroll","background-type":"","background-media":"","overlay-type":"","overlay-color":"","overlay-opacity":"","overlay-gradient":""}},"ast-content-background-meta":{"desktop":{"background-color":"var(--ast-global-color-5)","background-image":"","background-repeat":"repeat","background-position":"center center","background-size":"auto","background-attachment":"scroll","background-type":"","background-media":"","overlay-type":"","overlay-color":"","overlay-opacity":"","overlay-gradient":""},"tablet":{"background-color":"var(--ast-global-color-5)","background-image":"","background-repeat":"repeat","background-position":"center center","background-size":"auto","background-attachment":"scroll","background-type":"","background-media":"","overlay-type":"","overlay-color":"","overlay-opacity":"","overlay-gradient":""},"mobile":{"background-color":"var(--ast-global-color-5)","background-image":"","background-repeat":"repeat","background-position":"center center","background-size":"auto","background-attachment":"scroll","background-type":"","background-media":"","overlay-type":"","overlay-color":"","overlay-opacity":"","overlay-gradient":""}}},"product_brand":[],"product_cat":[713,1038],"product_tag":[],"class_list":{"0":"post-41681","1":"product","2":"type-product","3":"status-publish","4":"has-post-thumbnail","6":"product_cat-disaini-ise","7":"product_cat-disaini-ise-t-sargid","8":"pa_kaelus-umar-kaelus","9":"pa_kaised-luhikesed-kaised","10":"pa_materjal-puuvill","11":"pa_materjali-paksus-200-249-g-m","12":"pa_pikkus-pikem-loige","13":"pa_sugu-meeste","14":"pa_sugu-unisex","15":"pa_suurus-3xl","16":"pa_suurus-4xl","17":"pa_suurus-5xl","18":"pa_suurus-l","19":"pa_suurus-m","20":"pa_suurus-s","21":"pa_suurus-xl","22":"pa_suurus-xs","23":"pa_suurus-xxl","24":"pa_tegumood-oversized","25":"pa_toote-tuup-t-sark","26":"pa_varv-asphalt","27":"pa_varv-black","28":"pa_varv-darkkhaki","29":"pa_varv-softlilac","30":"pa_varv-unionbeige","31":"pa_varv-vintageblue","32":"desktop-align-left","33":"tablet-align-left","34":"mobile-align-left","36":"first","37":"instock","38":"taxable","39":"shipping-taxable","40":"purchasable","41":"product-type-variable","42":"has-default-attributes","43":"wvs-archive-product-wrapper"},"acf":[],"aioseo_notices":[],"_links":{"self":[{"href":"https:\/\/omakujustus.ee\/et\/wp-json\/wp\/v2\/product\/41681","targetHints":{"allow":["GET"]}}],"collection":[{"href":"https:\/\/omakujustus.ee\/et\/wp-json\/wp\/v2\/product"}],"about":[{"href":"https:\/\/omakujustus.ee\/et\/wp-json\/wp\/v2\/types\/product"}],"wp:featuredmedia":[{"embeddable":true,"href":"https:\/\/omakujustus.ee\/et\/wp-json\/wp\/v2\/media\/27289"}],"wp:attachment":[{"href":"https:\/\/omakujustus.ee\/et\/wp-json\/wp\/v2\/media?parent=41681"}],"wp:term":[{"taxonomy":"product_brand","embeddable":true,"href":"https:\/\/omakujustus.ee\/et\/wp-json\/wp\/v2\/product_brand?post=41681"},{"taxonomy":"product_cat","embeddable":true,"href":"https:\/\/omakujustus.ee\/et\/wp-json\/wp\/v2\/product_cat?post=41681"},{"taxonomy":"product_tag","embeddable":true,"href":"https:\/\/omakujustus.ee\/et\/wp-json\/wp\/v2\/product_tag?post=41681"}],"curies":[{"name":"wp","href":"https:\/\/api.w.org\/{rel}","templated":true}]}}