{"id":41461,"date":"2026-02-02T15:17:02","date_gmt":"2026-02-02T13:17:02","guid":{"rendered":"https:\/\/omakujustus.ee\/?post_type=product&#038;p=41461"},"modified":"2026-05-15T04:03:13","modified_gmt":"2026-05-15T01:03:13","slug":"disaini-ise-laste-kapuutsiga-pusa-basic-kids-hoody","status":"publish","type":"product","link":"https:\/\/omakujustus.ee\/et\/product\/disaini-ise-laste-kapuutsiga-pusa-basic-kids-hoody\/","title":{"rendered":"DISAINI ISE Laste kapuutsiga pusa Basic Kids Hoody"},"content":{"rendered":"<p>Dsisaini ise laste kapuutsiga pusa Basic Kids Hoody, mille materjal on sileda pinnaga ja seest m\u00f5nusalt sooja fliisiga. Kapuuts on tugevdatud topeltkanga ning kahe \u00f5mblusega. K\u00e4ised ja dressipluusi alumine osa on \u00e4\u00e4ristatud laia soonikuga. Kaeluse sisemine osa on viimistletud topelt kangaga, et \u00f5mblused v\u00e4lja ei paistaks.<\/p>\n<p><strong>Materjal<\/strong>: 65% puuvill, 35% pol\u00fcester<br \/>\n<strong>Materjali paksus<\/strong>: 300 g\/m\u00b2<\/p>\n<p><em>Regular fit<\/em><\/p>\n<table>\n<tbody>\n<tr>\n<td><b>Suurus<\/b><\/td>\n<td><b>110\/116\u00a0<\/b><\/td>\n<td><b>122\/128<\/b><\/td>\n<td><b>134\/140<\/b><\/td>\n<td><b>146\/152\u00a0<\/b><\/td>\n<td><b>158\/164<\/b><\/td>\n<\/tr>\n<tr>\n<td><b>A\u00a0 \u00bd rind<\/b><\/td>\n<td><span style=\"font-weight: 400;\">36<\/span><\/td>\n<td><span style=\"font-weight: 400;\">39<\/span><\/td>\n<td><span style=\"font-weight: 400;\">42<\/span><\/td>\n<td><span style=\"font-weight: 400;\">45<\/span><\/td>\n<td><span style=\"font-weight: 400;\">48<\/span><\/td>\n<\/tr>\n<tr>\n<td><b>B pikkus<\/b><\/td>\n<td><span style=\"font-weight: 400;\">48<\/span><\/td>\n<td><span style=\"font-weight: 400;\">52<\/span><\/td>\n<td><span style=\"font-weight: 400;\">56<\/span><\/td>\n<td><span style=\"font-weight: 400;\">61<\/span><\/td>\n<td><span style=\"font-weight: 400;\">66<\/span><\/td>\n<\/tr>\n<tr>\n<td><b>K\u00e4ise pikkus \u00f5last (\u00f5mblusest)<\/b><\/td>\n<td><span style=\"font-weight: 400;\">42<\/span><\/td>\n<td><span style=\"font-weight: 400;\">47.5<\/span><\/td>\n<td><span style=\"font-weight: 400;\">53<\/span><\/td>\n<td><span style=\"font-weight: 400;\">58<\/span><\/td>\n<td><span style=\"font-weight: 400;\">64<\/span><\/td>\n<\/tr>\n<\/tbody>\n<\/table>\n","protected":false},"excerpt":{"rendered":"<p>Disaini ise laste kapuutsiga pusa Basic Kids Hoody<\/p>\n<p>Tr\u00fcki hind \u00fchel poolel 12\u20ac<\/p>\n<ol>\n<li>vali suurus ja v\u00e4rv<\/li>\n<li>vajuta \u201cDISAINI ISE\u201d nuppu<\/li>\n<li>lisa tekst ja\/v\u00f5i pilt<\/li>\n<li>telli\u00a0<img decoding=\"async\" class=\"emoji\" role=\"img\" draggable=\"false\" src=\"https:\/\/s.w.org\/images\/core\/emoji\/15.0.3\/svg\/1f642.svg\" alt=\"\ud83d\ude42\" \/><\/li>\n<\/ol>\n","protected":false},"featured_media":33535,"template":"","meta":{"_acf_changed":false,"om_disable_all_campaigns":false,"_monsterinsights_skip_tracking":false,"_monsterinsights_sitenote_active":false,"_monsterinsights_sitenote_note":"","_monsterinsights_sitenote_category":0,"site-sidebar-layout":"default","site-content-layout":"default","ast-site-content-layout":"default","site-content-style":"default","site-sidebar-style":"default","ast-global-header-display":"","ast-banner-title-visibility":"","ast-main-header-display":"","ast-hfb-above-header-display":"","ast-hfb-below-header-display":"","ast-hfb-mobile-header-display":"","site-post-title":"","ast-breadcrumbs-content":"","ast-featured-img":"","footer-sml-layout":"","theme-transparent-header-meta":"default","adv-header-id-meta":"","stick-header-meta":"","header-above-stick-meta":"","header-main-stick-meta":"","header-below-stick-meta":"","astra-migrate-meta-layouts":"set","ast-page-background-enabled":"default","ast-page-background-meta":{"desktop":{"background-color":"","background-image":"","background-repeat":"repeat","background-position":"center center","background-size":"auto","background-attachment":"scroll","background-type":"","background-media":"","overlay-type":"","overlay-color":"","overlay-opacity":"","overlay-gradient":""},"tablet":{"background-color":"","background-image":"","background-repeat":"repeat","background-position":"center center","background-size":"auto","background-attachment":"scroll","background-type":"","background-media":"","overlay-type":"","overlay-color":"","overlay-opacity":"","overlay-gradient":""},"mobile":{"background-color":"","background-image":"","background-repeat":"repeat","background-position":"center center","background-size":"auto","background-attachment":"scroll","background-type":"","background-media":"","overlay-type":"","overlay-color":"","overlay-opacity":"","overlay-gradient":""}},"ast-content-background-meta":{"desktop":{"background-color":"var(--ast-global-color-5)","background-image":"","background-repeat":"repeat","background-position":"center center","background-size":"auto","background-attachment":"scroll","background-type":"","background-media":"","overlay-type":"","overlay-color":"","overlay-opacity":"","overlay-gradient":""},"tablet":{"background-color":"var(--ast-global-color-5)","background-image":"","background-repeat":"repeat","background-position":"center center","background-size":"auto","background-attachment":"scroll","background-type":"","background-media":"","overlay-type":"","overlay-color":"","overlay-opacity":"","overlay-gradient":""},"mobile":{"background-color":"var(--ast-global-color-5)","background-image":"","background-repeat":"repeat","background-position":"center center","background-size":"auto","background-attachment":"scroll","background-type":"","background-media":"","overlay-type":"","overlay-color":"","overlay-opacity":"","overlay-gradient":""}}},"product_brand":[],"product_cat":[713,1039,1036],"product_tag":[],"class_list":{"0":"post-41461","1":"product","2":"type-product","3":"status-publish","4":"has-post-thumbnail","6":"product_cat-disaini-ise","7":"product_cat-disaini-ise-lastele","8":"product_cat-disaini-ise-pusad","9":"pa_kaelus-umar-kaelus","10":"pa_kaised-pikad-kaised","11":"pa_kapuuts-kapuutsiga","12":"pa_materjal-kombineeritud-kangas","13":"pa_materjali-paksus-300-399-g-m","14":"pa_sugu-laste","15":"pa_suurus-110-116","16":"pa_suurus-122-128","17":"pa_suurus-134-140","18":"pa_suurus-146-152","19":"pa_suurus-158-164","20":"pa_tegumood-regular-fit","21":"pa_toote-tuup-pusa","22":"pa_varv-black","23":"pa_varv-duskrose","24":"pa_varv-heather-grey","25":"pa_varv-navy","26":"pa_varv-softsalvia","27":"pa_varv-softyellow","28":"pa_varv-white","29":"desktop-align-left","30":"tablet-align-left","31":"mobile-align-left","33":"first","34":"instock","35":"taxable","36":"shipping-taxable","37":"purchasable","38":"product-type-variable","39":"has-default-attributes","40":"wvs-archive-product-wrapper"},"acf":[],"aioseo_notices":[],"_links":{"self":[{"href":"https:\/\/omakujustus.ee\/et\/wp-json\/wp\/v2\/product\/41461","targetHints":{"allow":["GET"]}}],"collection":[{"href":"https:\/\/omakujustus.ee\/et\/wp-json\/wp\/v2\/product"}],"about":[{"href":"https:\/\/omakujustus.ee\/et\/wp-json\/wp\/v2\/types\/product"}],"wp:featuredmedia":[{"embeddable":true,"href":"https:\/\/omakujustus.ee\/et\/wp-json\/wp\/v2\/media\/33535"}],"wp:attachment":[{"href":"https:\/\/omakujustus.ee\/et\/wp-json\/wp\/v2\/media?parent=41461"}],"wp:term":[{"taxonomy":"product_brand","embeddable":true,"href":"https:\/\/omakujustus.ee\/et\/wp-json\/wp\/v2\/product_brand?post=41461"},{"taxonomy":"product_cat","embeddable":true,"href":"https:\/\/omakujustus.ee\/et\/wp-json\/wp\/v2\/product_cat?post=41461"},{"taxonomy":"product_tag","embeddable":true,"href":"https:\/\/omakujustus.ee\/et\/wp-json\/wp\/v2\/product_tag?post=41461"}],"curies":[{"name":"wp","href":"https:\/\/api.w.org\/{rel}","templated":true}]}}