{"id":41232,"date":"2025-11-04T14:00:15","date_gmt":"2025-11-04T12:00:15","guid":{"rendered":"https:\/\/omakujustus.ee\/?post_type=product&#038;p=41232"},"modified":"2025-11-04T14:34:18","modified_gmt":"2025-11-04T12:34:18","slug":"vaike-isa-tikand-rinnal","status":"publish","type":"product","link":"https:\/\/omakujustus.ee\/et\/product\/vaike-isa-tikand-rinnal\/","title":{"rendered":"V\u00e4ike ISA tikand rinnal"},"content":{"rendered":"<p>ISA tikandiga pusa on suurep\u00e4rane v\u00f5imalus \u00fcllatada lapse isa t\u00e4htsal p\u00e4eval, olgu selleks isadep\u00e4ev v\u00f5i lapse s\u00fcnd!<\/p>\n<p><strong>Tikandi v\u00e4rv<\/strong> on automaatvalikuna <strong>sarnases toonis pusaga<\/strong>. Kui soovid muud v\u00e4rvi tikandit, kirjuta see t\u00e4psustus &#8220;Lisainfo&#8221; lahtrisse.<\/p>\n<p><span class=\"relative -mx-px my-[-0.2rem] rounded px-px py-[0.2rem] transition-colors duration-100 ease-in-out\"><strong>Iga pusa on v\u00f5imalik teha ainulaadseks, lisades nimi\/v\u00e4ike s\u00f5num ka k\u00e4isele. <\/strong>Laste nimed eralda koma v\u00f5i semikooloniga, nimed tikitakse \u00fcksteise alla.\u00a0<\/span><\/p>\n<p><em>*Rohkem infot ja suuruste tabeli toodete kohta leiad vajutades toote lingile.<\/em><\/p>\n","protected":false},"excerpt":{"rendered":"<p>ISA tikandiga pusa koos aastaarvuga.<br \/>\nTikandi v\u00e4rv on sarnases toonis pusaga. Kui soovid niidi v\u00e4rvi ise valida, t\u00e4psusta see &#8220;Lisainfo lahtrisse&#8221;<\/p>\n<ol>\n<li>Vali sobiv pusa<\/li>\n<li>Lisa soovi korral nimed k\u00e4isele (eralda komaga, tikitakse \u00fcksteise alla)<\/li>\n<li>T\u00e4psusta lisainfos, mis v\u00e4rvi tikandit soovid<\/li>\n<\/ol>\n<p><span style=\"font-size: 16px;\">Ja \u00fclej\u00e4\u00e4nud saad juba meie hoolde j\u00e4tta! <span class=\"x1xsqp64 xiy17q3 x1o6pynw x19co3pv xdj266r xcwd3tp xat24cr x39eecv x2b8uid\" data-testid=\"emoji\"><span class=\"xexx8yu xn5pp95 x18d9i69 x2fxd7x x3jgonx x1bhl96m\">\ud83d\ude4c<\/span><\/span><\/span><\/p>\n","protected":false},"featured_media":41233,"template":"","meta":{"_acf_changed":false,"om_disable_all_campaigns":false,"_monsterinsights_skip_tracking":false,"_monsterinsights_sitenote_active":false,"_monsterinsights_sitenote_note":"","_monsterinsights_sitenote_category":0,"site-sidebar-layout":"default","site-content-layout":"default","ast-site-content-layout":"default","site-content-style":"default","site-sidebar-style":"default","ast-global-header-display":"","ast-banner-title-visibility":"","ast-main-header-display":"","ast-hfb-above-header-display":"","ast-hfb-below-header-display":"","ast-hfb-mobile-header-display":"","site-post-title":"","ast-breadcrumbs-content":"","ast-featured-img":"","footer-sml-layout":"","theme-transparent-header-meta":"default","adv-header-id-meta":"","stick-header-meta":"","header-above-stick-meta":"","header-main-stick-meta":"","header-below-stick-meta":"","astra-migrate-meta-layouts":"set","ast-page-background-enabled":"default","ast-page-background-meta":{"desktop":{"background-color":"","background-image":"","background-repeat":"repeat","background-position":"center center","background-size":"auto","background-attachment":"scroll","background-type":"","background-media":"","overlay-type":"","overlay-color":"","overlay-opacity":"","overlay-gradient":""},"tablet":{"background-color":"","background-image":"","background-repeat":"repeat","background-position":"center center","background-size":"auto","background-attachment":"scroll","background-type":"","background-media":"","overlay-type":"","overlay-color":"","overlay-opacity":"","overlay-gradient":""},"mobile":{"background-color":"","background-image":"","background-repeat":"repeat","background-position":"center center","background-size":"auto","background-attachment":"scroll","background-type":"","background-media":"","overlay-type":"","overlay-color":"","overlay-opacity":"","overlay-gradient":""}},"ast-content-background-meta":{"desktop":{"background-color":"var(--ast-global-color-5)","background-image":"","background-repeat":"repeat","background-position":"center center","background-size":"auto","background-attachment":"scroll","background-type":"","background-media":"","overlay-type":"","overlay-color":"","overlay-opacity":"","overlay-gradient":""},"tablet":{"background-color":"var(--ast-global-color-5)","background-image":"","background-repeat":"repeat","background-position":"center center","background-size":"auto","background-attachment":"scroll","background-type":"","background-media":"","overlay-type":"","overlay-color":"","overlay-opacity":"","overlay-gradient":""},"mobile":{"background-color":"var(--ast-global-color-5)","background-image":"","background-repeat":"repeat","background-position":"center center","background-size":"auto","background-attachment":"scroll","background-type":"","background-media":"","overlay-type":"","overlay-color":"","overlay-opacity":"","overlay-gradient":""}}},"product_brand":[],"product_cat":[714,31,946,1040],"product_tag":[],"class_list":{"0":"post-41232","1":"product","2":"type-product","3":"status-publish","4":"has-post-thumbnail","6":"product_cat-isikuparasta-kujundus","7":"product_cat-meestele","8":"product_cat-tahtpaevad","9":"product_cat-tikitud-disain-m-pusal","10":"pa_tehnoloogia-tikand","11":"desktop-align-left","12":"tablet-align-left","13":"mobile-align-left","15":"first","16":"instock","17":"featured","18":"virtual","19":"taxable","20":"purchasable","21":"product-type-simple"},"acf":[],"aioseo_notices":[],"_links":{"self":[{"href":"https:\/\/omakujustus.ee\/et\/wp-json\/wp\/v2\/product\/41232","targetHints":{"allow":["GET"]}}],"collection":[{"href":"https:\/\/omakujustus.ee\/et\/wp-json\/wp\/v2\/product"}],"about":[{"href":"https:\/\/omakujustus.ee\/et\/wp-json\/wp\/v2\/types\/product"}],"wp:featuredmedia":[{"embeddable":true,"href":"https:\/\/omakujustus.ee\/et\/wp-json\/wp\/v2\/media\/41233"}],"wp:attachment":[{"href":"https:\/\/omakujustus.ee\/et\/wp-json\/wp\/v2\/media?parent=41232"}],"wp:term":[{"taxonomy":"product_brand","embeddable":true,"href":"https:\/\/omakujustus.ee\/et\/wp-json\/wp\/v2\/product_brand?post=41232"},{"taxonomy":"product_cat","embeddable":true,"href":"https:\/\/omakujustus.ee\/et\/wp-json\/wp\/v2\/product_cat?post=41232"},{"taxonomy":"product_tag","embeddable":true,"href":"https:\/\/omakujustus.ee\/et\/wp-json\/wp\/v2\/product_tag?post=41232"}],"curies":[{"name":"wp","href":"https:\/\/api.w.org\/{rel}","templated":true}]}}