{"id":41067,"date":"2025-10-21T08:41:20","date_gmt":"2025-10-21T06:41:20","guid":{"rendered":"https:\/\/omakujustus.ee\/?post_type=product&#038;p=41067"},"modified":"2025-11-02T13:47:55","modified_gmt":"2025-11-02T11:47:55","slug":"oma-pildist-dad-tikand","status":"publish","type":"product","link":"https:\/\/omakujustus.ee\/et\/product\/oma-pildist-dad-tikand\/","title":{"rendered":"Oma pildist DAD tikand"},"content":{"rendered":"<p>Oma pildist DAD tikandiga pusa on suurep\u00e4rane v\u00f5imalus \u00fcllatada lapse isa t\u00e4htsal p\u00e4eval, olgu selleks isadep\u00e4ev v\u00f5i lapse s\u00fcnd!<\/p>\n<p><span class=\"relative -mx-px my-[-0.2rem] rounded px-px py-[0.2rem] transition-colors duration-100 ease-in-out\"><strong>Iga pusa on t\u00f5eliselt ainulaadne<\/strong> \u2013 sinu \u00fcles laetud pildi p\u00f5hjal luuakse detailne tikand, millega kaunistatud pusa r\u00f5\u00f5mustab teid veel pikalt.<\/span><\/p>\n<p>Soovi korral<strong> saad lisada ka k\u00e4isele nime<\/strong> v\u00f5i v\u00e4ikese teksti.<\/p>\n<p><em>*Rohkem infot ja suuruste tabeli toodete kohta leiad vajutades toote lingile.<\/em><\/p>\n","protected":false},"excerpt":{"rendered":"<p>Oma pildist DAD tikandiga pusa sinu pildist.<\/p>\n<ol>\n<li>Vali sobiv pusa<\/li>\n<li>Lae \u00fcles pilt millest tikandit soovid<\/li>\n<li>Lisa soovi korral tekst k\u00e4isele<\/li>\n<\/ol>\n<p><span style=\"font-size: 16px;\">Ja \u00fclej\u00e4\u00e4nud saad juba meie hoolde j\u00e4tta! <span class=\"x1xsqp64 xiy17q3 x1o6pynw x19co3pv xdj266r xcwd3tp xat24cr x39eecv x2b8uid\" data-testid=\"emoji\"><span class=\"xexx8yu xn5pp95 x18d9i69 x2fxd7x x3jgonx x1bhl96m\">\ud83d\ude4c<\/span><\/span><br \/>\n<\/span>Lisatud pilt\/foto v\u00f5ib olla koos taustaga, selle eemaldame ise.<\/p>\n<p>Tikand on \u00fcldjuhul ~9-12cm k\u00f5rge\/lai, olenevalt konkreetsest pildist (suurema pildi soovi korral v\u00f5ta meiega \u00fchendust).<\/p>\n","protected":false},"featured_media":41070,"template":"","meta":{"_acf_changed":false,"om_disable_all_campaigns":false,"_monsterinsights_skip_tracking":false,"_monsterinsights_sitenote_active":false,"_monsterinsights_sitenote_note":"","_monsterinsights_sitenote_category":0,"site-sidebar-layout":"default","site-content-layout":"default","ast-site-content-layout":"default","site-content-style":"default","site-sidebar-style":"default","ast-global-header-display":"","ast-banner-title-visibility":"","ast-main-header-display":"","ast-hfb-above-header-display":"","ast-hfb-below-header-display":"","ast-hfb-mobile-header-display":"","site-post-title":"","ast-breadcrumbs-content":"","ast-featured-img":"","footer-sml-layout":"","theme-transparent-header-meta":"default","adv-header-id-meta":"","stick-header-meta":"","header-above-stick-meta":"","header-main-stick-meta":"","header-below-stick-meta":"","astra-migrate-meta-layouts":"set","ast-page-background-enabled":"default","ast-page-background-meta":{"desktop":{"background-color":"","background-image":"","background-repeat":"repeat","background-position":"center center","background-size":"auto","background-attachment":"scroll","background-type":"","background-media":"","overlay-type":"","overlay-color":"","overlay-opacity":"","overlay-gradient":""},"tablet":{"background-color":"","background-image":"","background-repeat":"repeat","background-position":"center center","background-size":"auto","background-attachment":"scroll","background-type":"","background-media":"","overlay-type":"","overlay-color":"","overlay-opacity":"","overlay-gradient":""},"mobile":{"background-color":"","background-image":"","background-repeat":"repeat","background-position":"center center","background-size":"auto","background-attachment":"scroll","background-type":"","background-media":"","overlay-type":"","overlay-color":"","overlay-opacity":"","overlay-gradient":""}},"ast-content-background-meta":{"desktop":{"background-color":"var(--ast-global-color-5)","background-image":"","background-repeat":"repeat","background-position":"center center","background-size":"auto","background-attachment":"scroll","background-type":"","background-media":"","overlay-type":"","overlay-color":"","overlay-opacity":"","overlay-gradient":""},"tablet":{"background-color":"var(--ast-global-color-5)","background-image":"","background-repeat":"repeat","background-position":"center center","background-size":"auto","background-attachment":"scroll","background-type":"","background-media":"","overlay-type":"","overlay-color":"","overlay-opacity":"","overlay-gradient":""},"mobile":{"background-color":"var(--ast-global-color-5)","background-image":"","background-repeat":"repeat","background-position":"center center","background-size":"auto","background-attachment":"scroll","background-type":"","background-media":"","overlay-type":"","overlay-color":"","overlay-opacity":"","overlay-gradient":""}}},"product_brand":[],"product_cat":[714,31,946,1040],"product_tag":[],"class_list":{"0":"post-41067","1":"product","2":"type-product","3":"status-publish","4":"has-post-thumbnail","6":"product_cat-isikuparasta-kujundus","7":"product_cat-meestele","8":"product_cat-tahtpaevad","9":"product_cat-tikitud-disain-m-pusal","10":"pa_tehnoloogia-tikand","11":"desktop-align-left","12":"tablet-align-left","13":"mobile-align-left","15":"first","16":"instock","17":"featured","18":"virtual","19":"taxable","20":"purchasable","21":"product-type-simple"},"acf":[],"aioseo_notices":[],"_links":{"self":[{"href":"https:\/\/omakujustus.ee\/et\/wp-json\/wp\/v2\/product\/41067","targetHints":{"allow":["GET"]}}],"collection":[{"href":"https:\/\/omakujustus.ee\/et\/wp-json\/wp\/v2\/product"}],"about":[{"href":"https:\/\/omakujustus.ee\/et\/wp-json\/wp\/v2\/types\/product"}],"wp:featuredmedia":[{"embeddable":true,"href":"https:\/\/omakujustus.ee\/et\/wp-json\/wp\/v2\/media\/41070"}],"wp:attachment":[{"href":"https:\/\/omakujustus.ee\/et\/wp-json\/wp\/v2\/media?parent=41067"}],"wp:term":[{"taxonomy":"product_brand","embeddable":true,"href":"https:\/\/omakujustus.ee\/et\/wp-json\/wp\/v2\/product_brand?post=41067"},{"taxonomy":"product_cat","embeddable":true,"href":"https:\/\/omakujustus.ee\/et\/wp-json\/wp\/v2\/product_cat?post=41067"},{"taxonomy":"product_tag","embeddable":true,"href":"https:\/\/omakujustus.ee\/et\/wp-json\/wp\/v2\/product_tag?post=41067"}],"curies":[{"name":"wp","href":"https:\/\/api.w.org\/{rel}","templated":true}]}}