{"id":40696,"date":"2025-06-30T11:03:12","date_gmt":"2025-06-30T09:03:12","guid":{"rendered":"https:\/\/omakujustus.ee\/?post_type=product&#038;p=40696"},"modified":"2025-08-01T12:58:31","modified_gmt":"2025-08-01T10:58:31","slug":"disaini-ise-nokamuts-eemaldatava-embleemiga-removable-patch-5-panel-snapback-trucker","status":"publish","type":"product","link":"https:\/\/omakujustus.ee\/et\/product\/disaini-ise-nokamuts-eemaldatava-embleemiga-removable-patch-5-panel-snapback-trucker\/","title":{"rendered":"Disaini ise nokam\u00fcts eemaldatava embleemiga Removable Patch 5 Panel Snapback Trucker"},"content":{"rendered":"<p>Disaini ise nokam\u00fcts eemaldatava embleemiga Removable Patch 5 Panel Snapback Trucker, kusjuures embleeme on v\u00f5imalik ka eraldi juurde soetada. Nokk on viimistletud 6-realise \u00f5mblusega.<\/p>\n<ul>\n<li>5 paneeliga disain<\/li>\n<li>Eelnevalt k\u00f5verdatud nokk<\/li>\n<li>Vahetatavad Rip-Strip embleemid<\/li>\n<li>Snapbacki suuruse reguleerija<\/li>\n<li>V\u00f5rgust k\u00fcljed ja tagumine osa<\/li>\n<\/ul>\n<p><strong>Materjal<\/strong>: esipaneel 100% puuvill, k\u00fcljed ja tagumine osa 100% pol\u00fcester v\u00f5rk<\/p>\n","protected":false},"excerpt":{"rendered":"<p>Disaini ise nokam\u00fcts eemaldatava embleemiga Removable Patch 5 Panel Snapback Trucker.<\/p>\n<p>Tr\u00fcki hind embleemil 7\u20ac<\/p>\n<ol>\n<li>vali m\u00fctsi v\u00e4rv<\/li>\n<li>vajuta \u201cDISAINI ISE\u201d nuppu<\/li>\n<li>lisa tekst ja\/v\u00f5i pilt<\/li>\n<li>telli\u00a0<img decoding=\"async\" class=\"emoji\" role=\"img\" draggable=\"false\" src=\"https:\/\/s.w.org\/images\/core\/emoji\/15.0.3\/svg\/1f642.svg\" alt=\"\ud83d\ude42\" \/><\/li>\n<\/ol>\n","protected":false},"featured_media":40648,"template":"","meta":{"_acf_changed":false,"om_disable_all_campaigns":false,"_monsterinsights_skip_tracking":false,"_monsterinsights_sitenote_active":false,"_monsterinsights_sitenote_note":"","_monsterinsights_sitenote_category":0,"site-sidebar-layout":"default","site-content-layout":"","ast-site-content-layout":"default","site-content-style":"default","site-sidebar-style":"default","ast-global-header-display":"","ast-banner-title-visibility":"","ast-main-header-display":"","ast-hfb-above-header-display":"","ast-hfb-below-header-display":"","ast-hfb-mobile-header-display":"","site-post-title":"","ast-breadcrumbs-content":"","ast-featured-img":"","footer-sml-layout":"","theme-transparent-header-meta":"default","adv-header-id-meta":"","stick-header-meta":"","header-above-stick-meta":"","header-main-stick-meta":"","header-below-stick-meta":"","astra-migrate-meta-layouts":"set","ast-page-background-enabled":"default","ast-page-background-meta":{"desktop":{"background-color":"","background-image":"","background-repeat":"repeat","background-position":"center center","background-size":"auto","background-attachment":"scroll","background-type":"","background-media":"","overlay-type":"","overlay-color":"","overlay-opacity":"","overlay-gradient":""},"tablet":{"background-color":"","background-image":"","background-repeat":"repeat","background-position":"center center","background-size":"auto","background-attachment":"scroll","background-type":"","background-media":"","overlay-type":"","overlay-color":"","overlay-opacity":"","overlay-gradient":""},"mobile":{"background-color":"","background-image":"","background-repeat":"repeat","background-position":"center center","background-size":"auto","background-attachment":"scroll","background-type":"","background-media":"","overlay-type":"","overlay-color":"","overlay-opacity":"","overlay-gradient":""}},"ast-content-background-meta":{"desktop":{"background-color":"var(--ast-global-color-5)","background-image":"","background-repeat":"repeat","background-position":"center center","background-size":"auto","background-attachment":"scroll","background-type":"","background-media":"","overlay-type":"","overlay-color":"","overlay-opacity":"","overlay-gradient":""},"tablet":{"background-color":"var(--ast-global-color-5)","background-image":"","background-repeat":"repeat","background-position":"center center","background-size":"auto","background-attachment":"scroll","background-type":"","background-media":"","overlay-type":"","overlay-color":"","overlay-opacity":"","overlay-gradient":""},"mobile":{"background-color":"var(--ast-global-color-5)","background-image":"","background-repeat":"repeat","background-position":"center center","background-size":"auto","background-attachment":"scroll","background-type":"","background-media":"","overlay-type":"","overlay-color":"","overlay-opacity":"","overlay-gradient":""}}},"product_brand":[],"product_cat":[713],"product_tag":[],"class_list":{"0":"post-40696","1":"product","2":"type-product","3":"status-publish","4":"has-post-thumbnail","6":"product_cat-disaini-ise","7":"pa_materjal-puuvill","8":"pa_noka-tuup-kumer-nokk","9":"pa_paneelide-arv-5-paneeliga","10":"pa_profiili-korgus-korge","11":"pa_profiili-tugevus-tugevdatud","12":"pa_sugu-unisex","13":"pa_suurus-one-size","14":"pa_toote-tuup-nokamuts","15":"pa_varv-black","16":"pa_varv-desert-sand","17":"pa_varv-french-navy","18":"pa_varv-graphite-grey","19":"pa_varv-jungle-camo","20":"pa_varv-military-green","21":"desktop-align-left","22":"tablet-align-left","23":"mobile-align-left","25":"first","26":"instock","27":"taxable","28":"shipping-taxable","29":"purchasable","30":"product-type-variable","31":"has-default-attributes","32":"wvs-archive-product-wrapper"},"acf":[],"aioseo_notices":[],"_links":{"self":[{"href":"https:\/\/omakujustus.ee\/et\/wp-json\/wp\/v2\/product\/40696","targetHints":{"allow":["GET"]}}],"collection":[{"href":"https:\/\/omakujustus.ee\/et\/wp-json\/wp\/v2\/product"}],"about":[{"href":"https:\/\/omakujustus.ee\/et\/wp-json\/wp\/v2\/types\/product"}],"wp:featuredmedia":[{"embeddable":true,"href":"https:\/\/omakujustus.ee\/et\/wp-json\/wp\/v2\/media\/40648"}],"wp:attachment":[{"href":"https:\/\/omakujustus.ee\/et\/wp-json\/wp\/v2\/media?parent=40696"}],"wp:term":[{"taxonomy":"product_brand","embeddable":true,"href":"https:\/\/omakujustus.ee\/et\/wp-json\/wp\/v2\/product_brand?post=40696"},{"taxonomy":"product_cat","embeddable":true,"href":"https:\/\/omakujustus.ee\/et\/wp-json\/wp\/v2\/product_cat?post=40696"},{"taxonomy":"product_tag","embeddable":true,"href":"https:\/\/omakujustus.ee\/et\/wp-json\/wp\/v2\/product_tag?post=40696"}],"curies":[{"name":"wp","href":"https:\/\/api.w.org\/{rel}","templated":true}]}}