{"id":40607,"date":"2025-06-25T18:51:50","date_gmt":"2025-06-25T16:51:50","guid":{"rendered":"https:\/\/omakujustus.ee\/?post_type=product&#038;p=40607"},"modified":"2026-04-24T03:02:19","modified_gmt":"2026-04-24T00:02:19","slug":"teksti-tikandiga-nokamuts-kulutatud-valimusega-nokamuts-low-profile-vintage-cap-reguleeritav","status":"publish","type":"product","link":"https:\/\/omakujustus.ee\/et\/product\/teksti-tikandiga-nokamuts-kulutatud-valimusega-nokamuts-low-profile-vintage-cap-reguleeritav\/","title":{"rendered":"Teksti tikandiga nokam\u00fcts Kulutatud v\u00e4limusega nokam\u00fcts Low Profile Vintage Cap"},"content":{"rendered":"<p>Teksti tikandiga nokam\u00fcts, vali endale sobiv font ja lisa soovitud tekst.<\/p>\n<p>Populaarne kulutatud v\u00e4limusega nokam\u00fcts Low Profile Vintage Cap on madala profiiliga, tugevdamata eesmise osaga nokam\u00fcts. Nokam\u00fcts on stiilse <em>vintage<\/em> kulutatud v\u00e4limusega. Tagaosas on metallist pandlaga reguleerimise aas.<\/p>\n<ul>\n<li>Moodne vintage v\u00e4limus<\/li>\n<li>Madala profiiliga struktueerimata nokam\u00fcts<\/li>\n<li>Reguleeritav kvaliteetse metallpandlaga<\/li>\n<\/ul>\n<p><strong>Materjal<\/strong>: 100% puuvill<\/p>\n","protected":false},"excerpt":{"rendered":"<p>Stiilne kulutatud v\u00e4limusega nokam\u00fcts Low Profile Vintage Cap<\/p>\n<p>Teksti tikand ees 12\u20ac<\/p>\n<ol>\n<li>vali sobiv v\u00e4rv<\/li>\n<li>vajuta \u201cDISAINI ISE\u201d nuppu<\/li>\n<li>lisa sobiva fondiga tekst<\/li>\n<li>telli\u00a0<img decoding=\"async\" class=\"emoji\" role=\"img\" draggable=\"false\" src=\"https:\/\/s.w.org\/images\/core\/emoji\/15.0.3\/svg\/1f642.svg\" alt=\"\ud83d\ude42\" \/><\/li>\n<\/ol>\n","protected":false},"featured_media":40726,"template":"","meta":{"_acf_changed":false,"om_disable_all_campaigns":false,"_monsterinsights_skip_tracking":false,"_monsterinsights_sitenote_active":false,"_monsterinsights_sitenote_note":"","_monsterinsights_sitenote_category":0,"site-sidebar-layout":"default","site-content-layout":"","ast-site-content-layout":"default","site-content-style":"default","site-sidebar-style":"default","ast-global-header-display":"","ast-banner-title-visibility":"","ast-main-header-display":"","ast-hfb-above-header-display":"","ast-hfb-below-header-display":"","ast-hfb-mobile-header-display":"","site-post-title":"","ast-breadcrumbs-content":"","ast-featured-img":"","footer-sml-layout":"","theme-transparent-header-meta":"default","adv-header-id-meta":"","stick-header-meta":"","header-above-stick-meta":"","header-main-stick-meta":"","header-below-stick-meta":"","astra-migrate-meta-layouts":"set","ast-page-background-enabled":"default","ast-page-background-meta":{"desktop":{"background-color":"","background-image":"","background-repeat":"repeat","background-position":"center center","background-size":"auto","background-attachment":"scroll","background-type":"","background-media":"","overlay-type":"","overlay-color":"","overlay-opacity":"","overlay-gradient":""},"tablet":{"background-color":"","background-image":"","background-repeat":"repeat","background-position":"center center","background-size":"auto","background-attachment":"scroll","background-type":"","background-media":"","overlay-type":"","overlay-color":"","overlay-opacity":"","overlay-gradient":""},"mobile":{"background-color":"","background-image":"","background-repeat":"repeat","background-position":"center center","background-size":"auto","background-attachment":"scroll","background-type":"","background-media":"","overlay-type":"","overlay-color":"","overlay-opacity":"","overlay-gradient":""}},"ast-content-background-meta":{"desktop":{"background-color":"var(--ast-global-color-5)","background-image":"","background-repeat":"repeat","background-position":"center center","background-size":"auto","background-attachment":"scroll","background-type":"","background-media":"","overlay-type":"","overlay-color":"","overlay-opacity":"","overlay-gradient":""},"tablet":{"background-color":"var(--ast-global-color-5)","background-image":"","background-repeat":"repeat","background-position":"center center","background-size":"auto","background-attachment":"scroll","background-type":"","background-media":"","overlay-type":"","overlay-color":"","overlay-opacity":"","overlay-gradient":""},"mobile":{"background-color":"var(--ast-global-color-5)","background-image":"","background-repeat":"repeat","background-position":"center center","background-size":"auto","background-attachment":"scroll","background-type":"","background-media":"","overlay-type":"","overlay-color":"","overlay-opacity":"","overlay-gradient":""}}},"product_brand":[],"product_cat":[713,714,30,946,17],"product_tag":[],"class_list":{"0":"post-40607","1":"product","2":"type-product","3":"status-publish","4":"has-post-thumbnail","6":"product_cat-disaini-ise","7":"product_cat-isikuparasta-kujundus","8":"product_cat-naistele","9":"product_cat-tahtpaevad","10":"product_cat-unisex-disain","11":"pa_noka-tuup-kumer-nokk","12":"pa_paneelide-arv-6-paneeliga","13":"pa_profiili-korgus-madal","14":"pa_profiili-tugevus-tugevdamata","15":"pa_sugu-nokamuts","16":"pa_suurus-one-size","17":"pa_toote-tuup-unisex","18":"pa_varv-vintage-black","19":"pa_varv-vintage-bottle-green","20":"pa_varv-vintage-brown","21":"pa_varv-vintage-cornflower","22":"pa_varv-vintage-denim","23":"pa_varv-vintage-dusky-pink","24":"pa_varv-vintage-grey","25":"pa_varv-vintage-jungle-camo","26":"pa_varv-vintage-light-blue","27":"pa_varv-vintage-light-denim","28":"pa_varv-vintage-mustard","29":"pa_varv-vintage-olive","30":"pa_varv-vintage-orange","31":"pa_varv-vintage-red","32":"pa_varv-vintage-sage-green","33":"pa_varv-vintage-sand","34":"pa_varv-vintage-stone","35":"desktop-align-left","36":"tablet-align-left","37":"mobile-align-left","39":"first","40":"instock","41":"taxable","42":"shipping-taxable","43":"purchasable","44":"product-type-variable","45":"has-default-attributes","46":"wvs-archive-product-wrapper"},"acf":[],"aioseo_notices":[],"_links":{"self":[{"href":"https:\/\/omakujustus.ee\/et\/wp-json\/wp\/v2\/product\/40607","targetHints":{"allow":["GET"]}}],"collection":[{"href":"https:\/\/omakujustus.ee\/et\/wp-json\/wp\/v2\/product"}],"about":[{"href":"https:\/\/omakujustus.ee\/et\/wp-json\/wp\/v2\/types\/product"}],"wp:featuredmedia":[{"embeddable":true,"href":"https:\/\/omakujustus.ee\/et\/wp-json\/wp\/v2\/media\/40726"}],"wp:attachment":[{"href":"https:\/\/omakujustus.ee\/et\/wp-json\/wp\/v2\/media?parent=40607"}],"wp:term":[{"taxonomy":"product_brand","embeddable":true,"href":"https:\/\/omakujustus.ee\/et\/wp-json\/wp\/v2\/product_brand?post=40607"},{"taxonomy":"product_cat","embeddable":true,"href":"https:\/\/omakujustus.ee\/et\/wp-json\/wp\/v2\/product_cat?post=40607"},{"taxonomy":"product_tag","embeddable":true,"href":"https:\/\/omakujustus.ee\/et\/wp-json\/wp\/v2\/product_tag?post=40607"}],"curies":[{"name":"wp","href":"https:\/\/api.w.org\/{rel}","templated":true}]}}