{"id":40532,"date":"2025-05-25T18:27:55","date_gmt":"2025-05-25T16:27:55","guid":{"rendered":"https:\/\/omakujustus.ee\/?post_type=product&#038;p=40532"},"modified":"2026-04-29T21:38:12","modified_gmt":"2026-04-29T18:38:12","slug":"3d-tikandiga-tekst","status":"publish","type":"product","link":"https:\/\/omakujustus.ee\/et\/product\/3d-tikandiga-tekst\/","title":{"rendered":"3D tikandiga tekst"},"content":{"rendered":"<p>3D tikandiga tekstiga pusa, mille tekst on eriti silmapaistva efektiga. Lisa endale sobiv s\u00f5num ja disaini kingitus endale v\u00f5i kallile inimesele.<\/p>\n<p><strong>NB!<\/strong>\u00a0Tikkimisel on kasutatud pusaga toon toonis niiti, kui sul on niidi osas erisoov, lisa\u00a0<a href=\"https:\/\/omakujustus.ee\/wp-content\/uploads\/2023\/11\/gunold-sulky-color-sheet-1-scaled.jpg\" target=\"_blank\" rel=\"noopener\">niidi kood<\/a>\u00a0v\u00f5i soovitud v\u00e4rv s\u00f5nadena \u00fclal toodud lahtrisse.<br \/>\nV\u00e4iksem lisatekst\u00a0<em>(valikuline)<\/em>\u00a0on klassikalise madala tikandiga.<\/p>\n<p>Soovi korral<strong> saad lisada ka k\u00e4isele nime<\/strong> v\u00f5i v\u00e4ikese teksti.<\/p>\n<p><em>*Rohkem infot ja suuruste tabeli toodete kohta leiad vajutades toote lingile.<\/em><\/p>\n","protected":false},"excerpt":{"rendered":"<p>3D tikandiga pusa sinu personaalse s\u00f5numiga. Eriti \u00e4ge kingitus, kui soovid kedagi \u00fcllatada.<\/p>\n<ol>\n<li>Vali sobiv pusa<\/li>\n<li>sisesta allolevasse lahtrisse soovitud 3D efektiga tekst, <strong>10 t\u00e4hem\u00e4rki<br \/>\n<\/strong>* lisa soovi korral v\u00e4ike tekst ja asukoht (kas 3D teksti kohal v\u00f5i all)<\/li>\n<li>sisesta fondi valik<\/li>\n<li>ja soovi korral niidi v\u00e4rv (tavalise valikuna kasutame sarnases toonis niiti)<\/li>\n<li>Lisa soovi korral tekst k\u00e4isele<\/li>\n<\/ol>\n<p><span style=\"font-size: 16px;\">Ja \u00fclej\u00e4\u00e4nud saad juba meie hoolde j\u00e4tta! <span class=\"x1xsqp64 xiy17q3 x1o6pynw x19co3pv xdj266r xcwd3tp xat24cr x39eecv x2b8uid\" data-testid=\"emoji\"><span class=\"xexx8yu xn5pp95 x18d9i69 x2fxd7x x3jgonx x1bhl96m\">\ud83d\ude4c<\/span><\/span><br \/>\n<\/span><\/p>\n","protected":false},"featured_media":16923,"template":"","meta":{"_acf_changed":false,"om_disable_all_campaigns":false,"_monsterinsights_skip_tracking":false,"_monsterinsights_sitenote_active":false,"_monsterinsights_sitenote_note":"","_monsterinsights_sitenote_category":0,"site-sidebar-layout":"default","site-content-layout":"default","ast-site-content-layout":"default","site-content-style":"default","site-sidebar-style":"default","ast-global-header-display":"","ast-banner-title-visibility":"","ast-main-header-display":"","ast-hfb-above-header-display":"","ast-hfb-below-header-display":"","ast-hfb-mobile-header-display":"","site-post-title":"","ast-breadcrumbs-content":"","ast-featured-img":"","footer-sml-layout":"","theme-transparent-header-meta":"default","adv-header-id-meta":"","stick-header-meta":"","header-above-stick-meta":"","header-main-stick-meta":"","header-below-stick-meta":"","astra-migrate-meta-layouts":"set","ast-page-background-enabled":"default","ast-page-background-meta":{"desktop":{"background-color":"","background-image":"","background-repeat":"repeat","background-position":"center center","background-size":"auto","background-attachment":"scroll","background-type":"","background-media":"","overlay-type":"","overlay-color":"","overlay-opacity":"","overlay-gradient":""},"tablet":{"background-color":"","background-image":"","background-repeat":"repeat","background-position":"center center","background-size":"auto","background-attachment":"scroll","background-type":"","background-media":"","overlay-type":"","overlay-color":"","overlay-opacity":"","overlay-gradient":""},"mobile":{"background-color":"","background-image":"","background-repeat":"repeat","background-position":"center center","background-size":"auto","background-attachment":"scroll","background-type":"","background-media":"","overlay-type":"","overlay-color":"","overlay-opacity":"","overlay-gradient":""}},"ast-content-background-meta":{"desktop":{"background-color":"var(--ast-global-color-5)","background-image":"","background-repeat":"repeat","background-position":"center center","background-size":"auto","background-attachment":"scroll","background-type":"","background-media":"","overlay-type":"","overlay-color":"","overlay-opacity":"","overlay-gradient":""},"tablet":{"background-color":"var(--ast-global-color-5)","background-image":"","background-repeat":"repeat","background-position":"center center","background-size":"auto","background-attachment":"scroll","background-type":"","background-media":"","overlay-type":"","overlay-color":"","overlay-opacity":"","overlay-gradient":""},"mobile":{"background-color":"var(--ast-global-color-5)","background-image":"","background-repeat":"repeat","background-position":"center center","background-size":"auto","background-attachment":"scroll","background-type":"","background-media":"","overlay-type":"","overlay-color":"","overlay-opacity":"","overlay-gradient":""}}},"product_brand":[],"product_cat":[714,31,30,946,983,17],"product_tag":[],"class_list":{"0":"post-40532","1":"product","2":"type-product","3":"status-publish","4":"has-post-thumbnail","6":"product_cat-isikuparasta-kujundus","7":"product_cat-meestele","8":"product_cat-naistele","9":"product_cat-tahtpaevad","10":"product_cat-tikitud-disain","11":"product_cat-unisex-disain","12":"pa_tehnoloogia-tikand","13":"desktop-align-left","14":"tablet-align-left","15":"mobile-align-left","17":"first","18":"instock","19":"virtual","20":"taxable","21":"purchasable","22":"product-type-simple"},"acf":[],"aioseo_notices":[],"_links":{"self":[{"href":"https:\/\/omakujustus.ee\/et\/wp-json\/wp\/v2\/product\/40532","targetHints":{"allow":["GET"]}}],"collection":[{"href":"https:\/\/omakujustus.ee\/et\/wp-json\/wp\/v2\/product"}],"about":[{"href":"https:\/\/omakujustus.ee\/et\/wp-json\/wp\/v2\/types\/product"}],"wp:featuredmedia":[{"embeddable":true,"href":"https:\/\/omakujustus.ee\/et\/wp-json\/wp\/v2\/media\/16923"}],"wp:attachment":[{"href":"https:\/\/omakujustus.ee\/et\/wp-json\/wp\/v2\/media?parent=40532"}],"wp:term":[{"taxonomy":"product_brand","embeddable":true,"href":"https:\/\/omakujustus.ee\/et\/wp-json\/wp\/v2\/product_brand?post=40532"},{"taxonomy":"product_cat","embeddable":true,"href":"https:\/\/omakujustus.ee\/et\/wp-json\/wp\/v2\/product_cat?post=40532"},{"taxonomy":"product_tag","embeddable":true,"href":"https:\/\/omakujustus.ee\/et\/wp-json\/wp\/v2\/product_tag?post=40532"}],"curies":[{"name":"wp","href":"https:\/\/api.w.org\/{rel}","templated":true}]}}