{"id":40512,"date":"2025-05-23T13:56:52","date_gmt":"2025-05-23T11:56:52","guid":{"rendered":"https:\/\/omakujustus.ee\/?post_type=product&#038;p=40512"},"modified":"2026-04-21T18:13:16","modified_gmt":"2026-04-21T15:13:16","slug":"emme-tikand-lapse-riietest-aplikatsiooniga","status":"publish","type":"product","link":"https:\/\/omakujustus.ee\/et\/product\/emme-tikand-lapse-riietest-aplikatsiooniga\/","title":{"rendered":"EMME tikand lapse riietest aplikatsiooniga"},"content":{"rendered":"<p>EMME pusa tikitud lapse riietest aplikatsioonina \u2013 mis saaks olla veel imelisem kink emadep\u00e4evaks.<\/p>\n<p>J\u00e4\u00e4dvustage enda jaoks erilised hetked t\u00e4iesti uut moodi! <strong style=\"font-size: 16px;\">Kuidas toimida:<\/strong><\/p>\n<ol>\n<li>vali sobiv\u00a0<strong>pusa<\/strong><\/li>\n<li style=\"font-size: 16px;\"><strong style=\"font-size: 16px;\">vali v\u00e4lja enda lapse riided<\/strong>, mis pusale tikkida (n<em style=\"font-size: 16px;\">ummerda need 1-4, vastavalt sellele mis j\u00e4rjekorras neid pusal soovid)<\/em><\/li>\n<li>vali sobiv\u00a0<strong>niidi v\u00e4rv<\/strong> (sisesta niidi kood v\u00f5i kirjutada s\u00f5nadega, nt: roosa, sinine vm)<\/li>\n<li><strong>esita tellimus<\/strong><\/li>\n<li><strong>saada lapse riided<\/strong>\u00a0Tallinna Mustika keskuse pakiautomaati, kontaktnumber: 56289037<\/li>\n<\/ol>\n<p><strong>NB! Riideid meile saates lisa pakki\u00a0 tellimuse number!\u00a0<\/strong><\/p>\n<p>Soovi korral<strong> saad lisada ka k\u00e4isele nime<\/strong> v\u00f5i v\u00e4ikese teksti.<\/p>\n<p><em>*Rohkem infot ja suuruste tabeli toodete kohta leiad vajutades toote lingile.<\/em><\/p>\n","protected":false},"excerpt":{"rendered":"<p>Imearmas EMME pusa tikitud lapse riietest aplikatsioonina\u00a0\u2013 imeline kink emadep\u00e4evaks.<\/p>\n<ol>\n<li>Vali sobiv pusa<\/li>\n<li>Lisa soovi korral tekst k\u00e4isele<\/li>\n<li>Saada meile v\u00e4lja valitud riideesemed<\/li>\n<\/ol>\n<p><span style=\"font-size: 16px;\">Ja \u00fclej\u00e4\u00e4nud saad juba meie hoolde j\u00e4tta! <span class=\"x1xsqp64 xiy17q3 x1o6pynw x19co3pv xdj266r xcwd3tp xat24cr x39eecv x2b8uid\" data-testid=\"emoji\"><span class=\"xexx8yu xn5pp95 x18d9i69 x2fxd7x x3jgonx x1bhl96m\">\ud83d\ude4c<\/span><\/span><br \/>\n<\/span><\/p>\n","protected":false},"featured_media":39682,"template":"","meta":{"_acf_changed":false,"om_disable_all_campaigns":false,"_monsterinsights_skip_tracking":false,"_monsterinsights_sitenote_active":false,"_monsterinsights_sitenote_note":"","_monsterinsights_sitenote_category":0,"site-sidebar-layout":"default","site-content-layout":"default","ast-site-content-layout":"default","site-content-style":"default","site-sidebar-style":"default","ast-global-header-display":"","ast-banner-title-visibility":"","ast-main-header-display":"","ast-hfb-above-header-display":"","ast-hfb-below-header-display":"","ast-hfb-mobile-header-display":"","site-post-title":"","ast-breadcrumbs-content":"","ast-featured-img":"","footer-sml-layout":"","theme-transparent-header-meta":"default","adv-header-id-meta":"","stick-header-meta":"","header-above-stick-meta":"","header-main-stick-meta":"","header-below-stick-meta":"","astra-migrate-meta-layouts":"set","ast-page-background-enabled":"default","ast-page-background-meta":{"desktop":{"background-color":"","background-image":"","background-repeat":"repeat","background-position":"center center","background-size":"auto","background-attachment":"scroll","background-type":"","background-media":"","overlay-type":"","overlay-color":"","overlay-opacity":"","overlay-gradient":""},"tablet":{"background-color":"","background-image":"","background-repeat":"repeat","background-position":"center center","background-size":"auto","background-attachment":"scroll","background-type":"","background-media":"","overlay-type":"","overlay-color":"","overlay-opacity":"","overlay-gradient":""},"mobile":{"background-color":"","background-image":"","background-repeat":"repeat","background-position":"center center","background-size":"auto","background-attachment":"scroll","background-type":"","background-media":"","overlay-type":"","overlay-color":"","overlay-opacity":"","overlay-gradient":""}},"ast-content-background-meta":{"desktop":{"background-color":"var(--ast-global-color-5)","background-image":"","background-repeat":"repeat","background-position":"center center","background-size":"auto","background-attachment":"scroll","background-type":"","background-media":"","overlay-type":"","overlay-color":"","overlay-opacity":"","overlay-gradient":""},"tablet":{"background-color":"var(--ast-global-color-5)","background-image":"","background-repeat":"repeat","background-position":"center center","background-size":"auto","background-attachment":"scroll","background-type":"","background-media":"","overlay-type":"","overlay-color":"","overlay-opacity":"","overlay-gradient":""},"mobile":{"background-color":"var(--ast-global-color-5)","background-image":"","background-repeat":"repeat","background-position":"center center","background-size":"auto","background-attachment":"scroll","background-type":"","background-media":"","overlay-type":"","overlay-color":"","overlay-opacity":"","overlay-gradient":""}}},"product_brand":[],"product_cat":[714,30,946,983],"product_tag":[],"class_list":{"0":"post-40512","1":"product","2":"type-product","3":"status-publish","4":"has-post-thumbnail","6":"product_cat-isikuparasta-kujundus","7":"product_cat-naistele","8":"product_cat-tahtpaevad","9":"product_cat-tikitud-disain","10":"pa_tehnoloogia-tikand","11":"desktop-align-left","12":"tablet-align-left","13":"mobile-align-left","15":"first","16":"instock","17":"virtual","18":"taxable","19":"purchasable","20":"product-type-simple"},"acf":[],"aioseo_notices":[],"_links":{"self":[{"href":"https:\/\/omakujustus.ee\/et\/wp-json\/wp\/v2\/product\/40512","targetHints":{"allow":["GET"]}}],"collection":[{"href":"https:\/\/omakujustus.ee\/et\/wp-json\/wp\/v2\/product"}],"about":[{"href":"https:\/\/omakujustus.ee\/et\/wp-json\/wp\/v2\/types\/product"}],"wp:featuredmedia":[{"embeddable":true,"href":"https:\/\/omakujustus.ee\/et\/wp-json\/wp\/v2\/media\/39682"}],"wp:attachment":[{"href":"https:\/\/omakujustus.ee\/et\/wp-json\/wp\/v2\/media?parent=40512"}],"wp:term":[{"taxonomy":"product_brand","embeddable":true,"href":"https:\/\/omakujustus.ee\/et\/wp-json\/wp\/v2\/product_brand?post=40512"},{"taxonomy":"product_cat","embeddable":true,"href":"https:\/\/omakujustus.ee\/et\/wp-json\/wp\/v2\/product_cat?post=40512"},{"taxonomy":"product_tag","embeddable":true,"href":"https:\/\/omakujustus.ee\/et\/wp-json\/wp\/v2\/product_tag?post=40512"}],"curies":[{"name":"wp","href":"https:\/\/api.w.org\/{rel}","templated":true}]}}