{"id":40510,"date":"2025-05-23T13:46:20","date_gmt":"2025-05-23T11:46:20","guid":{"rendered":"https:\/\/omakujustus.ee\/?post_type=product&#038;p=40510"},"modified":"2026-04-29T21:38:52","modified_gmt":"2026-04-29T18:38:52","slug":"tikitud-glitter-tekst","status":"publish","type":"product","link":"https:\/\/omakujustus.ee\/et\/product\/tikitud-glitter-tekst\/","title":{"rendered":"Tikitud glitter tekst"},"content":{"rendered":"<p>Eriti s\u00e4rav tikitud s\u00f5numiga pusa kus t\u00e4hed on seest glitter materjaliga. <img decoding=\"async\" class=\"x1rg5ohu xlup9mm xdj266r x1mpyi22 xat24cr xm2jcoa x47corl xxymvpz x1kky2od img\" src=\"https:\/\/static.xx.fbcdn.net\/images\/emoji.php\/v9\/tf4\/1\/16\/2728.png\" alt=\"\u2728\" \/> <span style=\"font-size: 16px; font-style: normal; font-weight: 400;\">Glitter materjali s\u00e4ra peab v\u00e4ga h\u00e4sti vastu ka masinpesule ning ei tuhmu.<\/span><\/p>\n<p><span style=\"font-size: 16px;\">Automaatvalikuna on glitter ja niit pusaga sarnases toonis. Kui sarnane toon puudub, siis kinnitame meili teel v\u00e4rvide sobivuse \u00fcle.<br \/>\n<\/span>Kui soovid ise v\u00e4rvi vahetada selliselt, et tekst oleks pusa toonist erinev, siis lisa see t\u00e4psustus koos soovitud tekstiga vastavasse lahtrisse.<\/p>\n<p>Soovi korral<strong> saad lisada ka k\u00e4isele nime<\/strong> v\u00f5i v\u00e4ikese teksti.<\/p>\n<p><em>*Rohkem infot ja suuruste tabeli toodete kohta leiad vajutades toote lingile.<\/em><\/p>\n","protected":false},"excerpt":{"rendered":"<p>Eriti s\u00e4rav tikitud s\u00f5numiga pusa kus t\u00e4hed on seest glitter materjaliga.<\/p>\n<ol>\n<li>Vali sobiv pusa<\/li>\n<li>Lisa soovitud <strong>glitter tekst, kuni 5 t\u00e4hte<\/strong><em> (pikem s\u00f5na = v\u00e4iksem tekst)<\/em><strong><br \/>\n*<\/strong>lisa soovi korral v\u00e4ike tekst<\/li>\n<li>Lisa soovi korral tekst k\u00e4isele<\/li>\n<\/ol>\n<p><span style=\"font-size: 16px;\">Ja \u00fclej\u00e4\u00e4nud saad juba meie hoolde j\u00e4tta! <span class=\"x1xsqp64 xiy17q3 x1o6pynw x19co3pv xdj266r xcwd3tp xat24cr x39eecv x2b8uid\" data-testid=\"emoji\"><span class=\"xexx8yu xn5pp95 x18d9i69 x2fxd7x x3jgonx x1bhl96m\">\ud83d\ude4c<\/span><\/span><br \/>\n<\/span><\/p>\n","protected":false},"featured_media":21364,"template":"","meta":{"_acf_changed":false,"om_disable_all_campaigns":false,"_monsterinsights_skip_tracking":false,"_monsterinsights_sitenote_active":false,"_monsterinsights_sitenote_note":"","_monsterinsights_sitenote_category":0,"site-sidebar-layout":"default","site-content-layout":"default","ast-site-content-layout":"default","site-content-style":"default","site-sidebar-style":"default","ast-global-header-display":"","ast-banner-title-visibility":"","ast-main-header-display":"","ast-hfb-above-header-display":"","ast-hfb-below-header-display":"","ast-hfb-mobile-header-display":"","site-post-title":"","ast-breadcrumbs-content":"","ast-featured-img":"","footer-sml-layout":"","theme-transparent-header-meta":"default","adv-header-id-meta":"","stick-header-meta":"","header-above-stick-meta":"","header-main-stick-meta":"","header-below-stick-meta":"","astra-migrate-meta-layouts":"set","ast-page-background-enabled":"default","ast-page-background-meta":{"desktop":{"background-color":"","background-image":"","background-repeat":"repeat","background-position":"center center","background-size":"auto","background-attachment":"scroll","background-type":"","background-media":"","overlay-type":"","overlay-color":"","overlay-opacity":"","overlay-gradient":""},"tablet":{"background-color":"","background-image":"","background-repeat":"repeat","background-position":"center center","background-size":"auto","background-attachment":"scroll","background-type":"","background-media":"","overlay-type":"","overlay-color":"","overlay-opacity":"","overlay-gradient":""},"mobile":{"background-color":"","background-image":"","background-repeat":"repeat","background-position":"center center","background-size":"auto","background-attachment":"scroll","background-type":"","background-media":"","overlay-type":"","overlay-color":"","overlay-opacity":"","overlay-gradient":""}},"ast-content-background-meta":{"desktop":{"background-color":"var(--ast-global-color-5)","background-image":"","background-repeat":"repeat","background-position":"center center","background-size":"auto","background-attachment":"scroll","background-type":"","background-media":"","overlay-type":"","overlay-color":"","overlay-opacity":"","overlay-gradient":""},"tablet":{"background-color":"var(--ast-global-color-5)","background-image":"","background-repeat":"repeat","background-position":"center center","background-size":"auto","background-attachment":"scroll","background-type":"","background-media":"","overlay-type":"","overlay-color":"","overlay-opacity":"","overlay-gradient":""},"mobile":{"background-color":"var(--ast-global-color-5)","background-image":"","background-repeat":"repeat","background-position":"center center","background-size":"auto","background-attachment":"scroll","background-type":"","background-media":"","overlay-type":"","overlay-color":"","overlay-opacity":"","overlay-gradient":""}}},"product_brand":[],"product_cat":[714,33,30,946,983,17],"product_tag":[],"class_list":{"0":"post-40510","1":"product","2":"type-product","3":"status-publish","4":"has-post-thumbnail","6":"product_cat-isikuparasta-kujundus","7":"product_cat-lastele","8":"product_cat-naistele","9":"product_cat-tahtpaevad","10":"product_cat-tikitud-disain","11":"product_cat-unisex-disain","12":"pa_tehnoloogia-tikand","13":"desktop-align-left","14":"tablet-align-left","15":"mobile-align-left","17":"first","18":"instock","19":"virtual","20":"taxable","21":"purchasable","22":"product-type-simple"},"acf":[],"aioseo_notices":[],"_links":{"self":[{"href":"https:\/\/omakujustus.ee\/et\/wp-json\/wp\/v2\/product\/40510","targetHints":{"allow":["GET"]}}],"collection":[{"href":"https:\/\/omakujustus.ee\/et\/wp-json\/wp\/v2\/product"}],"about":[{"href":"https:\/\/omakujustus.ee\/et\/wp-json\/wp\/v2\/types\/product"}],"wp:featuredmedia":[{"embeddable":true,"href":"https:\/\/omakujustus.ee\/et\/wp-json\/wp\/v2\/media\/21364"}],"wp:attachment":[{"href":"https:\/\/omakujustus.ee\/et\/wp-json\/wp\/v2\/media?parent=40510"}],"wp:term":[{"taxonomy":"product_brand","embeddable":true,"href":"https:\/\/omakujustus.ee\/et\/wp-json\/wp\/v2\/product_brand?post=40510"},{"taxonomy":"product_cat","embeddable":true,"href":"https:\/\/omakujustus.ee\/et\/wp-json\/wp\/v2\/product_cat?post=40510"},{"taxonomy":"product_tag","embeddable":true,"href":"https:\/\/omakujustus.ee\/et\/wp-json\/wp\/v2\/product_tag?post=40510"}],"curies":[{"name":"wp","href":"https:\/\/api.w.org\/{rel}","templated":true}]}}