{"id":40509,"date":"2025-05-23T13:40:26","date_gmt":"2025-05-23T11:40:26","guid":{"rendered":"https:\/\/omakujustus.ee\/?post_type=product&#038;p=40509"},"modified":"2026-04-29T21:38:12","modified_gmt":"2026-04-29T18:38:12","slug":"rooma-numbritega-kuupaeva-tikand","status":"publish","type":"product","link":"https:\/\/omakujustus.ee\/et\/product\/rooma-numbritega-kuupaeva-tikand\/","title":{"rendered":"Rooma numbritega kuup\u00e4eva tikand"},"content":{"rendered":"<p>Rooma numbritega tikitud kuup\u00e4evaga pusa on ideaalne kingitus kallimale ja endale erilise s\u00fcndmuse meenutamiseks. Olgu selleks suhte algus, kihlumine, abiellumine v\u00f5i lapse s\u00fcnd.<\/p>\n<p><strong>Tikand on pusaga sarnases toonis<\/strong>, kui soovid m\u00f5nda muud v\u00e4rvi niiti, siis lisa soov koos kuup\u00e4evaga samasse lahtrisse.<\/p>\n<p><strong>NB!<\/strong> Kui tellid 2 erinevas toonis pusa ja soovid tikandeid teise pusa toonis, kirjuta koos kuup\u00e4evaga lahtrisse <strong>&#8220;vastasv\u00e4rvid&#8221;<\/strong>.<\/p>\n<p>Soovi korral<strong> saad lisada ka k\u00e4isele nime, <\/strong>initsiaali\u00a0v\u00f5i v\u00e4ikese teksti.<\/p>\n<p><em>*Rohkem infot ja suuruste tabeli toodete kohta leiad vajutades toote lingile.<\/em><\/p>\n","protected":false},"excerpt":{"rendered":"<p>Rooma numbritega kuup\u00e4evaga pusa on personaalne \u00fcllatus kallimale, t\u00e4histamaks teile olulisi hetki.<\/p>\n<ol>\n<li>Vali sobiv pusa<\/li>\n<li>Lisa soovitud kuup\u00e4ev, teisendame selle ise rooma numbriteks<br \/>\n+ soovi korral niidi v\u00e4rv (automaatvalik on toon-toonis niit)<\/li>\n<li>Lisa soovi korral tekst k\u00e4isele<\/li>\n<\/ol>\n<p><span style=\"font-size: 16px;\">Ja \u00fclej\u00e4\u00e4nud saad juba meie hoolde j\u00e4tta! <span class=\"x1xsqp64 xiy17q3 x1o6pynw x19co3pv xdj266r xcwd3tp xat24cr x39eecv x2b8uid\" data-testid=\"emoji\"><span class=\"xexx8yu xn5pp95 x18d9i69 x2fxd7x x3jgonx x1bhl96m\">\ud83d\ude4c<\/span><\/span><br \/>\n<\/span><\/p>\n","protected":false},"featured_media":28480,"template":"","meta":{"_acf_changed":false,"om_disable_all_campaigns":false,"_monsterinsights_skip_tracking":false,"_monsterinsights_sitenote_active":false,"_monsterinsights_sitenote_note":"","_monsterinsights_sitenote_category":0,"site-sidebar-layout":"default","site-content-layout":"default","ast-site-content-layout":"default","site-content-style":"default","site-sidebar-style":"default","ast-global-header-display":"","ast-banner-title-visibility":"","ast-main-header-display":"","ast-hfb-above-header-display":"","ast-hfb-below-header-display":"","ast-hfb-mobile-header-display":"","site-post-title":"","ast-breadcrumbs-content":"","ast-featured-img":"","footer-sml-layout":"","theme-transparent-header-meta":"default","adv-header-id-meta":"","stick-header-meta":"","header-above-stick-meta":"","header-main-stick-meta":"","header-below-stick-meta":"","astra-migrate-meta-layouts":"set","ast-page-background-enabled":"default","ast-page-background-meta":{"desktop":{"background-color":"","background-image":"","background-repeat":"repeat","background-position":"center center","background-size":"auto","background-attachment":"scroll","background-type":"","background-media":"","overlay-type":"","overlay-color":"","overlay-opacity":"","overlay-gradient":""},"tablet":{"background-color":"","background-image":"","background-repeat":"repeat","background-position":"center center","background-size":"auto","background-attachment":"scroll","background-type":"","background-media":"","overlay-type":"","overlay-color":"","overlay-opacity":"","overlay-gradient":""},"mobile":{"background-color":"","background-image":"","background-repeat":"repeat","background-position":"center center","background-size":"auto","background-attachment":"scroll","background-type":"","background-media":"","overlay-type":"","overlay-color":"","overlay-opacity":"","overlay-gradient":""}},"ast-content-background-meta":{"desktop":{"background-color":"var(--ast-global-color-5)","background-image":"","background-repeat":"repeat","background-position":"center center","background-size":"auto","background-attachment":"scroll","background-type":"","background-media":"","overlay-type":"","overlay-color":"","overlay-opacity":"","overlay-gradient":""},"tablet":{"background-color":"var(--ast-global-color-5)","background-image":"","background-repeat":"repeat","background-position":"center center","background-size":"auto","background-attachment":"scroll","background-type":"","background-media":"","overlay-type":"","overlay-color":"","overlay-opacity":"","overlay-gradient":""},"mobile":{"background-color":"var(--ast-global-color-5)","background-image":"","background-repeat":"repeat","background-position":"center center","background-size":"auto","background-attachment":"scroll","background-type":"","background-media":"","overlay-type":"","overlay-color":"","overlay-opacity":"","overlay-gradient":""}}},"product_brand":[],"product_cat":[714,31,30,946,1032,17],"product_tag":[],"class_list":{"0":"post-40509","1":"product","2":"type-product","3":"status-publish","4":"has-post-thumbnail","6":"product_cat-isikuparasta-kujundus","7":"product_cat-meestele","8":"product_cat-naistele","9":"product_cat-tahtpaevad","10":"product_cat-tikand-disain-pusal-voi-sargil","11":"product_cat-unisex-disain","12":"pa_tehnoloogia-tikand","13":"desktop-align-left","14":"tablet-align-left","15":"mobile-align-left","17":"first","18":"instock","19":"virtual","20":"taxable","21":"purchasable","22":"product-type-simple"},"acf":[],"aioseo_notices":[],"_links":{"self":[{"href":"https:\/\/omakujustus.ee\/et\/wp-json\/wp\/v2\/product\/40509","targetHints":{"allow":["GET"]}}],"collection":[{"href":"https:\/\/omakujustus.ee\/et\/wp-json\/wp\/v2\/product"}],"about":[{"href":"https:\/\/omakujustus.ee\/et\/wp-json\/wp\/v2\/types\/product"}],"wp:featuredmedia":[{"embeddable":true,"href":"https:\/\/omakujustus.ee\/et\/wp-json\/wp\/v2\/media\/28480"}],"wp:attachment":[{"href":"https:\/\/omakujustus.ee\/et\/wp-json\/wp\/v2\/media?parent=40509"}],"wp:term":[{"taxonomy":"product_brand","embeddable":true,"href":"https:\/\/omakujustus.ee\/et\/wp-json\/wp\/v2\/product_brand?post=40509"},{"taxonomy":"product_cat","embeddable":true,"href":"https:\/\/omakujustus.ee\/et\/wp-json\/wp\/v2\/product_cat?post=40509"},{"taxonomy":"product_tag","embeddable":true,"href":"https:\/\/omakujustus.ee\/et\/wp-json\/wp\/v2\/product_tag?post=40509"}],"curies":[{"name":"wp","href":"https:\/\/api.w.org\/{rel}","templated":true}]}}