{"id":38917,"date":"2025-03-04T19:50:51","date_gmt":"2025-03-04T17:50:51","guid":{"rendered":"https:\/\/omakujustus.ee\/?post_type=product&#038;p=38917"},"modified":"2026-05-14T04:13:25","modified_gmt":"2026-05-14T01:13:25","slug":"unisex-kapuutsiga-pusa-heavy-hoody","status":"publish","type":"product","link":"https:\/\/omakujustus.ee\/et\/product\/unisex-kapuutsiga-pusa-heavy-hoody\/","title":{"rendered":"Unisex kapuutsiga pusa Heavy Hoody"},"content":{"rendered":"<p>Klassikalise l\u00f5ikega unisex kapuutsiga pusa, materjal on sileda pinnaga, mis ei kogu ebemeid ja sees on m\u00f5nusalt soojendav fliis.<\/p>\n<p>Kapuuts on tugevdatud topeltkanga ning kahe \u00f5mblusega. K\u00e4ised ja dressipluusi alumine osa on \u00e4\u00e4ristatud laia soonikuga. Kaeluse sisemine osa on viimistletud topelt kangaga, et \u00f5mblused v\u00e4lja ei paistaks.<\/p>\n<p><strong>Materjal<\/strong>: 65% puuvill, 35% pol\u00fcester<br \/>\n<strong>Materjali paksus<\/strong>: 300 g\/m\u00b2<\/p>\n<p>&nbsp;<\/p>\n<p><img loading=\"lazy\" decoding=\"async\" class=\"alignnone wp-image-15174\" src=\"https:\/\/omakujustus.ee\/wp-content\/uploads\/2024\/01\/size-moodud-300x114.jpg\" alt=\"\" width=\"411\" height=\"156\" srcset=\"https:\/\/omakujustus.ee\/wp-content\/uploads\/2024\/01\/size-moodud-300x114.jpg 300w, https:\/\/omakujustus.ee\/wp-content\/uploads\/2024\/01\/size-moodud-800x305.jpg 800w, https:\/\/omakujustus.ee\/wp-content\/uploads\/2024\/01\/size-moodud-64x24.jpg 64w, https:\/\/omakujustus.ee\/wp-content\/uploads\/2024\/01\/size-moodud-1024x391.jpg 1024w, https:\/\/omakujustus.ee\/wp-content\/uploads\/2024\/01\/size-moodud-768x293.jpg 768w, https:\/\/omakujustus.ee\/wp-content\/uploads\/2024\/01\/size-moodud-1536x586.jpg 1536w, https:\/\/omakujustus.ee\/wp-content\/uploads\/2024\/01\/size-moodud-18x7.jpg 18w, https:\/\/omakujustus.ee\/wp-content\/uploads\/2024\/01\/size-moodud.jpg 2000w\" sizes=\"auto, (max-width: 411px) 100vw, 411px\" \/><\/p>\n<table>\n<tbody>\n<tr>\n<td><strong>Suurus<\/strong><\/td>\n<td><strong>XS<\/strong><\/td>\n<td><strong>S<\/strong><\/td>\n<td><strong>M<\/strong><\/td>\n<td><strong>L<\/strong><\/td>\n<td><strong>XL<\/strong><\/td>\n<td><strong>2XL<\/strong><\/td>\n<td><strong>3XL<\/strong><\/td>\n<td><strong>4XL<\/strong><\/td>\n<\/tr>\n<tr>\n<td><strong>A\u00a0 \u00bd rind<\/strong><\/td>\n<td><span style=\"font-weight: 400;\">50<\/span><\/td>\n<td><span style=\"font-weight: 400;\">53<\/span><\/td>\n<td><span style=\"font-weight: 400;\">56<\/span><\/td>\n<td><span style=\"font-weight: 400;\">59<\/span><\/td>\n<td><span style=\"font-weight: 400;\">62<\/span><\/td>\n<td><span style=\"font-weight: 400;\">65<\/span><\/td>\n<td><span style=\"font-weight: 400;\">69.5<\/span><\/td>\n<td><span style=\"font-weight: 400;\">74<\/span><\/td>\n<\/tr>\n<tr>\n<td><strong>B Pikkus<\/strong><\/td>\n<td><span style=\"font-weight: 400;\">69<\/span><\/td>\n<td><span style=\"font-weight: 400;\">71<\/span><\/td>\n<td><span style=\"font-weight: 400;\">73<\/span><\/td>\n<td><span style=\"font-weight: 400;\">75<\/span><\/td>\n<td><span style=\"font-weight: 400;\">77<\/span><\/td>\n<td><span style=\"font-weight: 400;\">79<\/span><\/td>\n<td><span style=\"font-weight: 400;\">80<\/span><\/td>\n<td><span style=\"font-weight: 400;\">81<\/span><\/td>\n<\/tr>\n<\/tbody>\n<\/table>\n<p><em style=\"font-size: 16px;\">Regular fit<\/em><\/p>\n","protected":false},"excerpt":{"rendered":"<p>Klassikalise l\u00f5ikega unisex kapuutsiga pusa<\/p>\n","protected":false},"featured_media":38235,"template":"","meta":{"_acf_changed":false,"om_disable_all_campaigns":false,"_monsterinsights_skip_tracking":false,"_monsterinsights_sitenote_active":false,"_monsterinsights_sitenote_note":"","_monsterinsights_sitenote_category":0,"site-sidebar-layout":"default","site-content-layout":"default","ast-site-content-layout":"default","site-content-style":"default","site-sidebar-style":"default","ast-global-header-display":"","ast-banner-title-visibility":"","ast-main-header-display":"","ast-hfb-above-header-display":"","ast-hfb-below-header-display":"","ast-hfb-mobile-header-display":"","site-post-title":"","ast-breadcrumbs-content":"","ast-featured-img":"","footer-sml-layout":"","theme-transparent-header-meta":"default","adv-header-id-meta":"","stick-header-meta":"","header-above-stick-meta":"","header-main-stick-meta":"","header-below-stick-meta":"","astra-migrate-meta-layouts":"set","ast-page-background-enabled":"default","ast-page-background-meta":{"desktop":{"background-color":"","background-image":"","background-repeat":"repeat","background-position":"center center","background-size":"auto","background-attachment":"scroll","background-type":"","background-media":"","overlay-type":"","overlay-color":"","overlay-opacity":"","overlay-gradient":""},"tablet":{"background-color":"","background-image":"","background-repeat":"repeat","background-position":"center center","background-size":"auto","background-attachment":"scroll","background-type":"","background-media":"","overlay-type":"","overlay-color":"","overlay-opacity":"","overlay-gradient":""},"mobile":{"background-color":"","background-image":"","background-repeat":"repeat","background-position":"center center","background-size":"auto","background-attachment":"scroll","background-type":"","background-media":"","overlay-type":"","overlay-color":"","overlay-opacity":"","overlay-gradient":""}},"ast-content-background-meta":{"desktop":{"background-color":"var(--ast-global-color-5)","background-image":"","background-repeat":"repeat","background-position":"center center","background-size":"auto","background-attachment":"scroll","background-type":"","background-media":"","overlay-type":"","overlay-color":"","overlay-opacity":"","overlay-gradient":""},"tablet":{"background-color":"var(--ast-global-color-5)","background-image":"","background-repeat":"repeat","background-position":"center center","background-size":"auto","background-attachment":"scroll","background-type":"","background-media":"","overlay-type":"","overlay-color":"","overlay-opacity":"","overlay-gradient":""},"mobile":{"background-color":"var(--ast-global-color-5)","background-image":"","background-repeat":"repeat","background-position":"center center","background-size":"auto","background-attachment":"scroll","background-type":"","background-media":"","overlay-type":"","overlay-color":"","overlay-opacity":"","overlay-gradient":""}}},"product_brand":[],"product_cat":[36,804],"product_tag":[],"class_list":{"0":"post-38917","1":"product","2":"type-product","3":"status-publish","4":"has-post-thumbnail","6":"product_cat-disainita-tooted","7":"product_cat-pusad-dressipluusid","8":"pa_kaelus-umar-kaelus","9":"pa_kaised-pikad-kaised","10":"pa_kapuuts-kapuutsiga","11":"pa_materjal-kombineeritud-kangas","12":"pa_materjali-paksus-300-399-g-m","13":"pa_sugu-meeste","14":"pa_sugu-unisex","15":"pa_suurus-3xl","16":"pa_suurus-4xl","17":"pa_suurus-5xl","18":"pa_suurus-l","19":"pa_suurus-m","20":"pa_suurus-s","21":"pa_suurus-xl","22":"pa_suurus-xs","23":"pa_suurus-xxl","24":"pa_tegumood-regular-fit","25":"pa_toote-tuup-pusa","26":"pa_varv-bark","27":"pa_varv-black","28":"pa_varv-bottlegreen","29":"pa_varv-burgundy","30":"pa_varv-charcoal","31":"pa_varv-chocolatebrown","32":"pa_varv-city-red","33":"pa_varv-cobalt-blue","34":"pa_varv-darkgreen","35":"pa_varv-forest-green","36":"pa_varv-heather-grey","37":"pa_varv-hibiskus-pink","38":"pa_varv-light-navy","39":"pa_varv-lilac","40":"pa_varv-navy","41":"pa_varv-neo-mint","42":"pa_varv-ocean-blue","43":"pa_varv-olive","44":"pa_varv-paleleaf","45":"pa_varv-paradise-orange","46":"pa_varv-plumpurple","47":"pa_varv-purplenight","48":"pa_varv-ruby","49":"pa_varv-sand","50":"pa_varv-softyellow","51":"pa_varv-taxi-yellow","52":"pa_varv-ultraviolet","53":"pa_varv-white","54":"pa_varv-whitesand","55":"desktop-align-left","56":"tablet-align-left","57":"mobile-align-left","59":"first","60":"instock","61":"taxable","62":"shipping-taxable","63":"purchasable","64":"product-type-variable","65":"has-default-attributes","66":"wvs-archive-product-wrapper"},"acf":[],"aioseo_notices":[],"_links":{"self":[{"href":"https:\/\/omakujustus.ee\/et\/wp-json\/wp\/v2\/product\/38917","targetHints":{"allow":["GET"]}}],"collection":[{"href":"https:\/\/omakujustus.ee\/et\/wp-json\/wp\/v2\/product"}],"about":[{"href":"https:\/\/omakujustus.ee\/et\/wp-json\/wp\/v2\/types\/product"}],"wp:featuredmedia":[{"embeddable":true,"href":"https:\/\/omakujustus.ee\/et\/wp-json\/wp\/v2\/media\/38235"}],"wp:attachment":[{"href":"https:\/\/omakujustus.ee\/et\/wp-json\/wp\/v2\/media?parent=38917"}],"wp:term":[{"taxonomy":"product_brand","embeddable":true,"href":"https:\/\/omakujustus.ee\/et\/wp-json\/wp\/v2\/product_brand?post=38917"},{"taxonomy":"product_cat","embeddable":true,"href":"https:\/\/omakujustus.ee\/et\/wp-json\/wp\/v2\/product_cat?post=38917"},{"taxonomy":"product_tag","embeddable":true,"href":"https:\/\/omakujustus.ee\/et\/wp-json\/wp\/v2\/product_tag?post=38917"}],"curies":[{"name":"wp","href":"https:\/\/api.w.org\/{rel}","templated":true}]}}