{"id":38098,"date":"2025-03-03T17:40:24","date_gmt":"2025-03-03T15:40:24","guid":{"rendered":"https:\/\/omakujustus.ee\/?post_type=product&#038;p=38098"},"modified":"2026-05-14T03:04:36","modified_gmt":"2026-05-14T00:04:36","slug":"beebi-body-pikkade-kaistega-orgaanilisest-puuvillast-organic-cotton-baby-bodysuit","status":"publish","type":"product","link":"https:\/\/omakujustus.ee\/et\/product\/beebi-body-pikkade-kaistega-orgaanilisest-puuvillast-organic-cotton-baby-bodysuit\/","title":{"rendered":"Beebi body pikkade k\u00e4istega orgaanilisest puuvillast Organic Cotton Baby Bodysuit"},"content":{"rendered":"<p data-start=\"18\" data-end=\"259\">Beebi body pikkade k\u00e4istega mis \u00fchendab endas praktilisuse ja pehmuse, pakkudes sinu pisikesele \u00f5rna ja mugavat kandmiskogemust.<\/p>\n<p data-start=\"18\" data-end=\"259\">Valmistatud 100% orgaanilisest puuvillast, see hingav ja veniv materjal sobib ideaalselt beebi tundlikule nahale.<\/p>\n<p data-start=\"261\" data-end=\"276\"><strong data-start=\"261\" data-end=\"274\">Omadused:<\/strong><\/p>\n<ul data-start=\"278\" data-end=\"552\">\n<li data-start=\"278\" data-end=\"331\">Pehme ja veniv kangas, mis tagab liikumisvabaduse<\/li>\n<li data-start=\"332\" data-end=\"375\">\u00dcmbrik-kaelus lihtsaks selga panemiseks<\/li>\n<li data-start=\"376\" data-end=\"448\">Kolm toon-toonis trukki jalgevahel kiireks ja lihtsaks kinnitamiseks<\/li>\n<li data-start=\"449\" data-end=\"510\">Varrukaotsad viimistletud, et tagada parem vormi s\u00e4ilivus<\/li>\n<li data-start=\"511\" data-end=\"552\">Rebitav silt, et v\u00e4ltida naha\u00e4rritust<\/li>\n<\/ul>\n<p><strong>Materjal<\/strong>: 100% orgaaniline puuvill<br \/>\n<em>Heather Grey Melange: 85% puuvill, 15% viskoos<\/em><br \/>\n<strong>Materjali paksus<\/strong>: 200g\/m\u00b2<\/p>\n<table style=\"font-size: 16px; font-style: normal;\">\n<tbody>\n<tr>\n<td><b>Suurus<\/b><\/td>\n<td><b>0-3M<\/b><\/td>\n<td><b>3-6M\u00a0<\/b><\/td>\n<td><b>6-12M\u00a0<\/b><\/td>\n<td><b>12-18M<\/b><\/td>\n<\/tr>\n<tr>\n<td><b>A\u00a0 \u00bd rind<\/b><\/td>\n<td><span style=\"font-weight: 400;\">20<\/span><\/td>\n<td><span style=\"font-weight: 400;\">22<\/span><\/td>\n<td><span style=\"font-weight: 400;\">24<\/span><\/td>\n<td><span style=\"font-weight: 400;\">25,5<\/span><\/td>\n<\/tr>\n<tr>\n<td><b>B pikkus<\/b><\/td>\n<td><span style=\"font-weight: 400;\">20<\/span><\/td>\n<td><span style=\"font-weight: 400;\">21,5<\/span><\/td>\n<td><span style=\"font-weight: 400;\">23,5<\/span><\/td>\n<td><span style=\"font-weight: 400;\">25,5<\/span><\/td>\n<\/tr>\n<\/tbody>\n<\/table>\n","protected":false},"excerpt":{"rendered":"<p>Beebi body pikkade k\u00e4istega, valmistatud orgaanilisest puuvillast.<\/p>\n","protected":false},"featured_media":37788,"template":"","meta":{"_acf_changed":false,"om_disable_all_campaigns":false,"_monsterinsights_skip_tracking":false,"_monsterinsights_sitenote_active":false,"_monsterinsights_sitenote_note":"","_monsterinsights_sitenote_category":0,"site-sidebar-layout":"default","site-content-layout":"default","ast-site-content-layout":"default","site-content-style":"default","site-sidebar-style":"default","ast-global-header-display":"","ast-banner-title-visibility":"","ast-main-header-display":"","ast-hfb-above-header-display":"","ast-hfb-below-header-display":"","ast-hfb-mobile-header-display":"","site-post-title":"","ast-breadcrumbs-content":"","ast-featured-img":"","footer-sml-layout":"","theme-transparent-header-meta":"default","adv-header-id-meta":"","stick-header-meta":"","header-above-stick-meta":"","header-main-stick-meta":"","header-below-stick-meta":"","astra-migrate-meta-layouts":"set","ast-page-background-enabled":"default","ast-page-background-meta":{"desktop":{"background-color":"","background-image":"","background-repeat":"repeat","background-position":"center center","background-size":"auto","background-attachment":"scroll","background-type":"","background-media":"","overlay-type":"","overlay-color":"","overlay-opacity":"","overlay-gradient":""},"tablet":{"background-color":"","background-image":"","background-repeat":"repeat","background-position":"center center","background-size":"auto","background-attachment":"scroll","background-type":"","background-media":"","overlay-type":"","overlay-color":"","overlay-opacity":"","overlay-gradient":""},"mobile":{"background-color":"","background-image":"","background-repeat":"repeat","background-position":"center center","background-size":"auto","background-attachment":"scroll","background-type":"","background-media":"","overlay-type":"","overlay-color":"","overlay-opacity":"","overlay-gradient":""}},"ast-content-background-meta":{"desktop":{"background-color":"var(--ast-global-color-5)","background-image":"","background-repeat":"repeat","background-position":"center center","background-size":"auto","background-attachment":"scroll","background-type":"","background-media":"","overlay-type":"","overlay-color":"","overlay-opacity":"","overlay-gradient":""},"tablet":{"background-color":"var(--ast-global-color-5)","background-image":"","background-repeat":"repeat","background-position":"center center","background-size":"auto","background-attachment":"scroll","background-type":"","background-media":"","overlay-type":"","overlay-color":"","overlay-opacity":"","overlay-gradient":""},"mobile":{"background-color":"var(--ast-global-color-5)","background-image":"","background-repeat":"repeat","background-position":"center center","background-size":"auto","background-attachment":"scroll","background-type":"","background-media":"","overlay-type":"","overlay-color":"","overlay-opacity":"","overlay-gradient":""}}},"product_brand":[],"product_cat":[36,37],"product_tag":[],"class_list":{"0":"post-38098","1":"product","2":"type-product","3":"status-publish","4":"has-post-thumbnail","6":"product_cat-disainita-tooted","7":"product_cat-lapsed-toorikud","8":"pa_kaelus-umar-kaelus","9":"pa_kaised-pikad-kaised","10":"pa_materjal-puuvill","11":"pa_materjali-paksus-200-249-g-m","12":"pa_sugu-laste","13":"pa_suurus-0-3","14":"pa_suurus-12-18","15":"pa_suurus-3-6","16":"pa_suurus-6-12","17":"pa_toote-tuup-body","18":"pa_varv-black","19":"pa_varv-dusty-blue","20":"pa_varv-fuchsia","21":"pa_varv-heather-grey-melange","22":"pa_varv-nautical-navy","23":"pa_varv-organic-natural","24":"pa_varv-powder-pink","25":"pa_varv-white","26":"desktop-align-left","27":"tablet-align-left","28":"mobile-align-left","30":"first","31":"instock","32":"taxable","33":"shipping-taxable","34":"purchasable","35":"product-type-variable","36":"has-default-attributes","37":"wvs-archive-product-wrapper"},"acf":[],"aioseo_notices":[],"_links":{"self":[{"href":"https:\/\/omakujustus.ee\/et\/wp-json\/wp\/v2\/product\/38098","targetHints":{"allow":["GET"]}}],"collection":[{"href":"https:\/\/omakujustus.ee\/et\/wp-json\/wp\/v2\/product"}],"about":[{"href":"https:\/\/omakujustus.ee\/et\/wp-json\/wp\/v2\/types\/product"}],"wp:featuredmedia":[{"embeddable":true,"href":"https:\/\/omakujustus.ee\/et\/wp-json\/wp\/v2\/media\/37788"}],"wp:attachment":[{"href":"https:\/\/omakujustus.ee\/et\/wp-json\/wp\/v2\/media?parent=38098"}],"wp:term":[{"taxonomy":"product_brand","embeddable":true,"href":"https:\/\/omakujustus.ee\/et\/wp-json\/wp\/v2\/product_brand?post=38098"},{"taxonomy":"product_cat","embeddable":true,"href":"https:\/\/omakujustus.ee\/et\/wp-json\/wp\/v2\/product_cat?post=38098"},{"taxonomy":"product_tag","embeddable":true,"href":"https:\/\/omakujustus.ee\/et\/wp-json\/wp\/v2\/product_tag?post=38098"}],"curies":[{"name":"wp","href":"https:\/\/api.w.org\/{rel}","templated":true}]}}