{"id":37936,"date":"2025-02-27T20:39:12","date_gmt":"2025-02-27T18:39:12","guid":{"rendered":"https:\/\/omakujustus.ee\/?post_type=product&#038;p=37936"},"modified":"2026-01-04T15:51:43","modified_gmt":"2026-01-04T13:51:43","slug":"beebi-body-orgaanilisest-puuvillast-organic-cotton-baby-bodysuit","status":"publish","type":"product","link":"https:\/\/omakujustus.ee\/et\/product\/beebi-body-orgaanilisest-puuvillast-organic-cotton-baby-bodysuit\/","title":{"rendered":"Beebi body orgaanilisest puuvillast Organic Cotton Baby Bodysuit"},"content":{"rendered":"<p data-start=\"74\" data-end=\"321\">lassikaline beebibody, mis on valmistatud pehmest ja venivast orgaanilisest puuvillast, pakkudes beebi \u00f5rnale nahale maksimaalset mugavust. Hingav ja nahas\u00f5bralik materjal teeb sellest igap\u00e4evaseks kandmiseks ideaalse valiku.<\/p>\n<p data-start=\"74\" data-end=\"321\">Body on valmistatud 100% orgaanilisest v\u00f5i \u00fcleminekuperioodis orgaanilisest puuvillast, mis on nahas\u00f5bralik ja hingav.<\/p>\n<p data-start=\"323\" data-end=\"338\"><strong data-start=\"323\" data-end=\"336\">Omadused:<\/strong><\/p>\n<ul data-start=\"339\" data-end=\"591\">\n<li data-start=\"339\" data-end=\"398\">Mugav ja veniv kangas, mis tagab beebi liikumisvabaduse<\/li>\n<li data-start=\"399\" data-end=\"442\">\u00dcmbrik-kaelus h\u00f5lpsaks selga panemiseks<\/li>\n<li data-start=\"443\" data-end=\"515\">Kolm toon-toonis trukki jalgevahel kiireks ja lihtsaks kinnitamiseks<\/li>\n<li data-start=\"516\" data-end=\"591\">Kaela-, k\u00e4e- ja jalaservad viimistletud, et tagada parem vormi s\u00e4ilivus<\/li>\n<\/ul>\n<p><strong>Materjal<\/strong>: 100% orgaaniline puuvill<br \/>\n<em>Heather Grey Melange: 85% puuvill, 15% viskoos<\/em><br \/>\n<strong>Materjali paksus<\/strong>: 200g\/m\u00b2<\/p>\n<table style=\"font-size: 16px; font-style: normal;\">\n<tbody>\n<tr>\n<td><b>Suurus<\/b><\/td>\n<td><b>0-3M<\/b><\/td>\n<td><b>3-6M\u00a0<\/b><\/td>\n<td><b>6-12M\u00a0<\/b><\/td>\n<td><b>12-18M<\/b><\/td>\n<td><b>18-24M<\/b><\/td>\n<\/tr>\n<tr>\n<td><b>A\u00a0 \u00bd rind<\/b><\/td>\n<td><span style=\"font-weight: 400;\">21<\/span><\/td>\n<td><span style=\"font-weight: 400;\">22<\/span><\/td>\n<td><span style=\"font-weight: 400;\">24<\/span><\/td>\n<td><span style=\"font-weight: 400;\">25,5<\/span><\/td>\n<td><span style=\"font-weight: 400;\">27<\/span><\/td>\n<\/tr>\n<tr>\n<td><b>B pikkus<\/b><\/td>\n<td><span style=\"font-weight: 400;\">39<\/span><\/td>\n<td><span style=\"font-weight: 400;\">41<\/span><\/td>\n<td><span style=\"font-weight: 400;\">45<\/span><\/td>\n<td><span style=\"font-weight: 400;\">47<\/span><\/td>\n<td><span style=\"font-weight: 400;\">49<\/span><\/td>\n<\/tr>\n<\/tbody>\n<\/table>\n","protected":false},"excerpt":{"rendered":"<p>Beebi body orgaanilisest puuvillast.<\/p>\n","protected":false},"featured_media":37748,"template":"","meta":{"_acf_changed":false,"om_disable_all_campaigns":false,"_monsterinsights_skip_tracking":false,"_monsterinsights_sitenote_active":false,"_monsterinsights_sitenote_note":"","_monsterinsights_sitenote_category":0,"site-sidebar-layout":"default","site-content-layout":"default","ast-site-content-layout":"default","site-content-style":"default","site-sidebar-style":"default","ast-global-header-display":"","ast-banner-title-visibility":"","ast-main-header-display":"","ast-hfb-above-header-display":"","ast-hfb-below-header-display":"","ast-hfb-mobile-header-display":"","site-post-title":"","ast-breadcrumbs-content":"","ast-featured-img":"","footer-sml-layout":"","theme-transparent-header-meta":"default","adv-header-id-meta":"","stick-header-meta":"","header-above-stick-meta":"","header-main-stick-meta":"","header-below-stick-meta":"","astra-migrate-meta-layouts":"set","ast-page-background-enabled":"default","ast-page-background-meta":{"desktop":{"background-color":"","background-image":"","background-repeat":"repeat","background-position":"center center","background-size":"auto","background-attachment":"scroll","background-type":"","background-media":"","overlay-type":"","overlay-color":"","overlay-opacity":"","overlay-gradient":""},"tablet":{"background-color":"","background-image":"","background-repeat":"repeat","background-position":"center center","background-size":"auto","background-attachment":"scroll","background-type":"","background-media":"","overlay-type":"","overlay-color":"","overlay-opacity":"","overlay-gradient":""},"mobile":{"background-color":"","background-image":"","background-repeat":"repeat","background-position":"center center","background-size":"auto","background-attachment":"scroll","background-type":"","background-media":"","overlay-type":"","overlay-color":"","overlay-opacity":"","overlay-gradient":""}},"ast-content-background-meta":{"desktop":{"background-color":"var(--ast-global-color-5)","background-image":"","background-repeat":"repeat","background-position":"center center","background-size":"auto","background-attachment":"scroll","background-type":"","background-media":"","overlay-type":"","overlay-color":"","overlay-opacity":"","overlay-gradient":""},"tablet":{"background-color":"var(--ast-global-color-5)","background-image":"","background-repeat":"repeat","background-position":"center center","background-size":"auto","background-attachment":"scroll","background-type":"","background-media":"","overlay-type":"","overlay-color":"","overlay-opacity":"","overlay-gradient":""},"mobile":{"background-color":"var(--ast-global-color-5)","background-image":"","background-repeat":"repeat","background-position":"center center","background-size":"auto","background-attachment":"scroll","background-type":"","background-media":"","overlay-type":"","overlay-color":"","overlay-opacity":"","overlay-gradient":""}}},"product_brand":[],"product_cat":[36,37],"product_tag":[],"class_list":{"0":"post-37936","1":"product","2":"type-product","3":"status-publish","4":"has-post-thumbnail","6":"product_cat-disainita-tooted","7":"product_cat-lapsed-toorikud","8":"pa_kaelus-umar-kaelus","9":"pa_kaised-luhikesed-kaised","10":"pa_materjal-puuvill","11":"pa_materjali-paksus-200-249-g-m","12":"pa_sugu-laste","13":"pa_suurus-0-3","14":"pa_suurus-12-18","15":"pa_suurus-18-24","16":"pa_suurus-3-6","17":"pa_suurus-6-12","18":"pa_toote-tuup-body","19":"pa_varv-black","20":"pa_varv-bubble-gum-pink","21":"pa_varv-burgundy","22":"pa_varv-camouflage-green","23":"pa_varv-cobalt-blue","24":"pa_varv-dusty-blue","25":"pa_varv-dusty-rose","26":"pa_varv-fuchsia","27":"pa_varv-heather-grey-melange","28":"pa_varv-kelly-green","29":"pa_varv-mint","30":"pa_varv-natural","31":"pa_varv-nautical-navy","32":"pa_varv-orange","33":"pa_varv-powder-pink","34":"pa_varv-red","35":"pa_varv-sage-green","36":"pa_varv-soft-yellow","37":"pa_varv-surf-blue","38":"pa_varv-toffee","39":"pa_varv-white","40":"desktop-align-left","41":"tablet-align-left","42":"mobile-align-left","44":"first","45":"instock","46":"taxable","47":"shipping-taxable","48":"purchasable","49":"product-type-variable","50":"has-default-attributes","51":"wvs-archive-product-wrapper"},"acf":[],"aioseo_notices":[],"_links":{"self":[{"href":"https:\/\/omakujustus.ee\/et\/wp-json\/wp\/v2\/product\/37936","targetHints":{"allow":["GET"]}}],"collection":[{"href":"https:\/\/omakujustus.ee\/et\/wp-json\/wp\/v2\/product"}],"about":[{"href":"https:\/\/omakujustus.ee\/et\/wp-json\/wp\/v2\/types\/product"}],"wp:featuredmedia":[{"embeddable":true,"href":"https:\/\/omakujustus.ee\/et\/wp-json\/wp\/v2\/media\/37748"}],"wp:attachment":[{"href":"https:\/\/omakujustus.ee\/et\/wp-json\/wp\/v2\/media?parent=37936"}],"wp:term":[{"taxonomy":"product_brand","embeddable":true,"href":"https:\/\/omakujustus.ee\/et\/wp-json\/wp\/v2\/product_brand?post=37936"},{"taxonomy":"product_cat","embeddable":true,"href":"https:\/\/omakujustus.ee\/et\/wp-json\/wp\/v2\/product_cat?post=37936"},{"taxonomy":"product_tag","embeddable":true,"href":"https:\/\/omakujustus.ee\/et\/wp-json\/wp\/v2\/product_tag?post=37936"}],"curies":[{"name":"wp","href":"https:\/\/api.w.org\/{rel}","templated":true}]}}