{"id":37915,"date":"2025-02-27T20:15:51","date_gmt":"2025-02-27T18:15:51","guid":{"rendered":"https:\/\/omakujustus.ee\/?post_type=product&#038;p=37915"},"modified":"2026-05-14T03:04:36","modified_gmt":"2026-05-14T00:04:36","slug":"laste-rompasuit-orgaanilisest-puuvillast-organic-cotton-baby-rompasuit","status":"publish","type":"product","link":"https:\/\/omakujustus.ee\/et\/product\/laste-rompasuit-orgaanilisest-puuvillast-organic-cotton-baby-rompasuit\/","title":{"rendered":"Laste Rompasuit orgaanilisest puuvillast Organic Cotton Baby Rompasuit"},"content":{"rendered":"<p data-start=\"18\" data-end=\"299\">Mugav ja pehme pikkade k\u00e4istega beebikombinesoon, mis on ideaalne igap\u00e4evaseks kandmiseks ja magamiseks.<\/p>\n<p data-start=\"18\" data-end=\"299\">Valmistatud 100% orgaanilisest puuvillast, pakkudes beebi tundlikule nahale \u00f5rna ja hingavat materjali. Praktiline disain muudab selga panemise ja m\u00e4hkmevahetuse lihtsaks.<\/p>\n<p data-start=\"301\" data-end=\"316\"><strong data-start=\"301\" data-end=\"314\">Omadused:<\/strong><\/p>\n<ul data-start=\"318\" data-end=\"731\">\n<li data-start=\"318\" data-end=\"383\">Pehme ja veniv kangas, mis tagab beebile maksimaalse mugavuse<\/li>\n<li data-start=\"384\" data-end=\"427\">\u00dcmbrik-kaelus h\u00f5lpsaks selga panemiseks<\/li>\n<li data-start=\"428\" data-end=\"506\">Nikkelivabad toon-toonis trukid jalaosas kiireks ja lihtsaks kinnitamiseks<\/li>\n<li data-start=\"507\" data-end=\"584\">Viimistletud varrukaotsad, s\u00e4\u00e4reavad ja kaelus parema vormi s\u00e4ilitamiseks<\/li>\n<li data-start=\"585\" data-end=\"654\">Kitsas \u00f5mblusviimistlus k\u00e4e- ja jalgeavas mugavuse suurendamiseks<\/li>\n<li data-start=\"655\" data-end=\"731\">Neutraalne suurusesilt kaeluses, mis v\u00f5imaldab h\u00f5lpsat \u00fcmberm\u00e4rgistamist<\/li>\n<\/ul>\n<p><strong>Materjal<\/strong>: 100% orgaaniline puuvill<br \/>\n<em>Heather Grey Melange: 85% puuvill, 15% viskoos<\/em><br \/>\n<strong>Materjali paksus<\/strong>: 200g\/m\u00b2<\/p>\n<table>\n<tbody>\n<tr>\n<td><b>Suurus<\/b><\/td>\n<td><b>3-6M\u00a0<\/b><\/td>\n<td><b>6-12M\u00a0<\/b><\/td>\n<td><b>12-18M<\/b><\/td>\n<\/tr>\n<tr>\n<td><b>A\u00a0 \u00bd rind<\/b><\/td>\n<td><span style=\"font-weight: 400;\">26,5<\/span><\/td>\n<td><span style=\"font-weight: 400;\">28<\/span><\/td>\n<td><span style=\"font-weight: 400;\">30<\/span><\/td>\n<\/tr>\n<tr>\n<td><b>B pikkus<\/b><\/td>\n<td><span style=\"font-weight: 400;\">52<\/span><\/td>\n<td><span style=\"font-weight: 400;\">56<\/span><\/td>\n<td><span style=\"font-weight: 400;\">60<\/span><\/td>\n<\/tr>\n<\/tbody>\n<\/table>\n","protected":false},"excerpt":{"rendered":"<p>Pikkade k\u00e4istega laste rompasuit orgaanilisest puuvillast.<\/p>\n","protected":false},"featured_media":37775,"template":"","meta":{"_acf_changed":false,"om_disable_all_campaigns":false,"_monsterinsights_skip_tracking":false,"_monsterinsights_sitenote_active":false,"_monsterinsights_sitenote_note":"","_monsterinsights_sitenote_category":0,"site-sidebar-layout":"default","site-content-layout":"default","ast-site-content-layout":"default","site-content-style":"default","site-sidebar-style":"default","ast-global-header-display":"","ast-banner-title-visibility":"","ast-main-header-display":"","ast-hfb-above-header-display":"","ast-hfb-below-header-display":"","ast-hfb-mobile-header-display":"","site-post-title":"","ast-breadcrumbs-content":"","ast-featured-img":"","footer-sml-layout":"","theme-transparent-header-meta":"default","adv-header-id-meta":"","stick-header-meta":"","header-above-stick-meta":"","header-main-stick-meta":"","header-below-stick-meta":"","astra-migrate-meta-layouts":"set","ast-page-background-enabled":"default","ast-page-background-meta":{"desktop":{"background-color":"","background-image":"","background-repeat":"repeat","background-position":"center center","background-size":"auto","background-attachment":"scroll","background-type":"","background-media":"","overlay-type":"","overlay-color":"","overlay-opacity":"","overlay-gradient":""},"tablet":{"background-color":"","background-image":"","background-repeat":"repeat","background-position":"center center","background-size":"auto","background-attachment":"scroll","background-type":"","background-media":"","overlay-type":"","overlay-color":"","overlay-opacity":"","overlay-gradient":""},"mobile":{"background-color":"","background-image":"","background-repeat":"repeat","background-position":"center center","background-size":"auto","background-attachment":"scroll","background-type":"","background-media":"","overlay-type":"","overlay-color":"","overlay-opacity":"","overlay-gradient":""}},"ast-content-background-meta":{"desktop":{"background-color":"var(--ast-global-color-5)","background-image":"","background-repeat":"repeat","background-position":"center center","background-size":"auto","background-attachment":"scroll","background-type":"","background-media":"","overlay-type":"","overlay-color":"","overlay-opacity":"","overlay-gradient":""},"tablet":{"background-color":"var(--ast-global-color-5)","background-image":"","background-repeat":"repeat","background-position":"center center","background-size":"auto","background-attachment":"scroll","background-type":"","background-media":"","overlay-type":"","overlay-color":"","overlay-opacity":"","overlay-gradient":""},"mobile":{"background-color":"var(--ast-global-color-5)","background-image":"","background-repeat":"repeat","background-position":"center center","background-size":"auto","background-attachment":"scroll","background-type":"","background-media":"","overlay-type":"","overlay-color":"","overlay-opacity":"","overlay-gradient":""}}},"product_brand":[],"product_cat":[36,37],"product_tag":[],"class_list":{"0":"post-37915","1":"product","2":"type-product","3":"status-publish","4":"has-post-thumbnail","6":"product_cat-disainita-tooted","7":"product_cat-lapsed-toorikud","8":"pa_kaelus-umar-kaelus","9":"pa_kaised-pikad-kaised","10":"pa_materjal-puuvill","11":"pa_materjali-paksus-200-249-g-m","12":"pa_sugu-laste","13":"pa_suurus-12-18","14":"pa_suurus-3-6","15":"pa_suurus-6-12","16":"pa_toote-tuup-body","17":"pa_varv-black","18":"pa_varv-dusty-blue","19":"pa_varv-heather-grey-melange","20":"pa_varv-nautical-navy","21":"pa_varv-powder-pink","22":"pa_varv-white","23":"desktop-align-left","24":"tablet-align-left","25":"mobile-align-left","27":"first","28":"instock","29":"taxable","30":"shipping-taxable","31":"purchasable","32":"product-type-variable","33":"has-default-attributes","34":"wvs-archive-product-wrapper"},"acf":[],"aioseo_notices":[],"_links":{"self":[{"href":"https:\/\/omakujustus.ee\/et\/wp-json\/wp\/v2\/product\/37915","targetHints":{"allow":["GET"]}}],"collection":[{"href":"https:\/\/omakujustus.ee\/et\/wp-json\/wp\/v2\/product"}],"about":[{"href":"https:\/\/omakujustus.ee\/et\/wp-json\/wp\/v2\/types\/product"}],"wp:featuredmedia":[{"embeddable":true,"href":"https:\/\/omakujustus.ee\/et\/wp-json\/wp\/v2\/media\/37775"}],"wp:attachment":[{"href":"https:\/\/omakujustus.ee\/et\/wp-json\/wp\/v2\/media?parent=37915"}],"wp:term":[{"taxonomy":"product_brand","embeddable":true,"href":"https:\/\/omakujustus.ee\/et\/wp-json\/wp\/v2\/product_brand?post=37915"},{"taxonomy":"product_cat","embeddable":true,"href":"https:\/\/omakujustus.ee\/et\/wp-json\/wp\/v2\/product_cat?post=37915"},{"taxonomy":"product_tag","embeddable":true,"href":"https:\/\/omakujustus.ee\/et\/wp-json\/wp\/v2\/product_tag?post=37915"}],"curies":[{"name":"wp","href":"https:\/\/api.w.org\/{rel}","templated":true}]}}