{"id":37443,"date":"2025-02-26T18:32:04","date_gmt":"2025-02-26T16:32:04","guid":{"rendered":"https:\/\/omakujustus.ee\/?post_type=product&#038;p=37443"},"modified":"2026-03-05T12:29:41","modified_gmt":"2026-03-05T10:29:41","slug":"disaini-ise-kapuutsiga-oversized-pusa-ultra-heavy-cotton-box-hoody","status":"publish","type":"product","link":"https:\/\/omakujustus.ee\/et\/product\/disaini-ise-kapuutsiga-oversized-pusa-ultra-heavy-cotton-box-hoody\/","title":{"rendered":"DISAINI ISE pusa Kapuutsiga oversized pusa Ultra Heavy Cotton Box Hoody"},"content":{"rendered":"<p><strong>Disaini\u00a0 ise<\/strong> pusa just selliselt, nagu seda soovid. Disaini ise programmis <strong>saad lisada tekste, pilte, joonistada ja laadida \u00fcles valmis logo v\u00f5i kujundus<\/strong>. Meie pildipank on pidevas t\u00e4iendamises.<br \/>\nKui soovid kujundust k\u00e4istele v\u00f5i alale, mida programmis ei v\u00f5imaldata, kirjuta meile oma soovist t\u00e4psemalt info@omakujustus.ee.<\/p>\n<p>Kapuutsiga oversized pusa Ultra Heavy Cotton Box Hoody on laia tegumoe ja eriti paksu puuvillase kangaga, luues eriti kvaliteetse visuaali.<br \/>\nPusal on tavap\u00e4rasest suurem kapuuts ja moodsad, madaldatud \u00f5la\u00f5mblusega, eriti pikad k\u00e4ised. Ees on k\u00e4ngurutasku, k\u00e4iseid ja alumist \u00e4\u00e4rt viimistleb tugev soonik.<\/p>\n<p>Pusa on <em>french terry<\/em>, ehk ilma seesmise fliisita.<\/p>\n<p><strong>Materjal<\/strong>: 100% puuvill<br \/>\n<strong>Materjali paksus<\/strong>: 460g\/m\u00b2<br \/>\n<em>Oversized fit<\/em><\/p>\n<p><img loading=\"lazy\" decoding=\"async\" class=\"alignnone wp-image-15174\" src=\"https:\/\/omakujustus.ee\/wp-content\/uploads\/2024\/01\/size-moodud-300x114.jpg\" alt=\"\" width=\"416\" height=\"158\" srcset=\"https:\/\/omakujustus.ee\/wp-content\/uploads\/2024\/01\/size-moodud-300x114.jpg 300w, https:\/\/omakujustus.ee\/wp-content\/uploads\/2024\/01\/size-moodud-800x305.jpg 800w, https:\/\/omakujustus.ee\/wp-content\/uploads\/2024\/01\/size-moodud-64x24.jpg 64w, https:\/\/omakujustus.ee\/wp-content\/uploads\/2024\/01\/size-moodud-1024x391.jpg 1024w, https:\/\/omakujustus.ee\/wp-content\/uploads\/2024\/01\/size-moodud-768x293.jpg 768w, https:\/\/omakujustus.ee\/wp-content\/uploads\/2024\/01\/size-moodud-1536x586.jpg 1536w, https:\/\/omakujustus.ee\/wp-content\/uploads\/2024\/01\/size-moodud-18x7.jpg 18w, https:\/\/omakujustus.ee\/wp-content\/uploads\/2024\/01\/size-moodud.jpg 2000w\" sizes=\"auto, (max-width: 416px) 100vw, 416px\" \/><\/p>\n<table>\n<tbody>\n<tr>\n<td><b>Suurus<\/b><\/td>\n<td><b>XS<\/b><\/td>\n<td><b>S<\/b><\/td>\n<td><b>M<\/b><\/td>\n<td><b>L<\/b><\/td>\n<td><b>XL<\/b><\/td>\n<td><b>2XL<\/b><\/td>\n<td><b>3XL<\/b><\/td>\n<td><b>4XL<\/b><\/td>\n<td><b>5XL<\/b><\/td>\n<td><b>Tol. +\/-<\/b><\/td>\n<\/tr>\n<tr>\n<td><b>A\u00a0 \u00bd rind<\/b><\/td>\n<td><span style=\"font-weight: 400;\">62<\/span><\/td>\n<td><span style=\"font-weight: 400;\">65<\/span><\/td>\n<td><span style=\"font-weight: 400;\">68<\/span><\/td>\n<td><span style=\"font-weight: 400;\">71<\/span><\/td>\n<td><span style=\"font-weight: 400;\">73<\/span><\/td>\n<td><span style=\"font-weight: 400;\">76<\/span><\/td>\n<td><span style=\"font-weight: 400;\">81<\/span><\/td>\n<td><span style=\"font-weight: 400;\">86<\/span><\/td>\n<td><span style=\"font-weight: 400;\">90.5<\/span><\/td>\n<td><span style=\"font-weight: 400;\">2<\/span><\/td>\n<\/tr>\n<tr>\n<td><b>B pikkus<\/b><\/td>\n<td><span style=\"font-weight: 400;\">69<\/span><\/td>\n<td><span style=\"font-weight: 400;\">70<\/span><\/td>\n<td><span style=\"font-weight: 400;\">71<\/span><\/td>\n<td><span style=\"font-weight: 400;\">73<\/span><\/td>\n<td><span style=\"font-weight: 400;\">75<\/span><\/td>\n<td><span style=\"font-weight: 400;\">77<\/span><\/td>\n<td><span style=\"font-weight: 400;\">78<\/span><\/td>\n<td><span style=\"font-weight: 400;\">79<\/span><\/td>\n<td><span style=\"font-weight: 400;\">80<\/span><\/td>\n<td><span style=\"font-weight: 400;\">2<\/span><\/td>\n<\/tr>\n<tr>\n<td><b>Alumise \u00e4\u00e4re laius<\/b><\/td>\n<td><span style=\"font-weight: 400;\">41<\/span><\/td>\n<td><span style=\"font-weight: 400;\">44<\/span><\/td>\n<td><span style=\"font-weight: 400;\">47<\/span><\/td>\n<td><span style=\"font-weight: 400;\">50<\/span><\/td>\n<td><span style=\"font-weight: 400;\">53<\/span><\/td>\n<td><span style=\"font-weight: 400;\">56<\/span><\/td>\n<td><span style=\"font-weight: 400;\">60<\/span><\/td>\n<td><span style=\"font-weight: 400;\">65<\/span><\/td>\n<td><span style=\"font-weight: 400;\">69<\/span><\/td>\n<td><span style=\"font-weight: 400;\">2<\/span><\/td>\n<\/tr>\n<tr>\n<td><b>K\u00e4ise pikkus (\u00f5mblusest)<\/b><\/td>\n<td><span style=\"font-weight: 400;\">70<\/span><\/td>\n<td><span style=\"font-weight: 400;\">71<\/span><\/td>\n<td><span style=\"font-weight: 400;\">71<\/span><\/td>\n<td><span style=\"font-weight: 400;\">72<\/span><\/td>\n<td><span style=\"font-weight: 400;\">72<\/span><\/td>\n<td><span style=\"font-weight: 400;\">72<\/span><\/td>\n<td><span style=\"font-weight: 400;\">73<\/span><\/td>\n<td><span style=\"font-weight: 400;\">73<\/span><\/td>\n<td><span style=\"font-weight: 400;\">74<\/span><\/td>\n<td><span style=\"font-weight: 400;\">2<\/span><\/td>\n<\/tr>\n<\/tbody>\n<\/table>\n<p>&nbsp;<\/p>\n","protected":false},"excerpt":{"rendered":"<p>Disaini ise pusa mis on eriti m\u00f5nusalt oversized. Sama pusa ilma kapuutsitaversiooni leiad <a href=\"https:\/\/omakujustus.ee\/et\/product\/disaini-ise-ilma-kapuutsita-oversized-pusa-ultra-heavy-cotton-crewneck\/\" target=\"_blank\" rel=\"noopener\">siit<\/a>.<\/p>\n<p>Tr\u00fcki hind \u00fchel poolel 12\u20ac<\/p>\n<ol>\n<li>vali suurus ja v\u00e4rv<\/li>\n<li>vajuta \u201cDISAINI ISE\u201d nuppu<\/li>\n<li>lisa tekst ja\/v\u00f5i pilt<\/li>\n<li>telli\u00a0<img decoding=\"async\" class=\"emoji\" role=\"img\" draggable=\"false\" src=\"https:\/\/s.w.org\/images\/core\/emoji\/15.0.3\/svg\/1f642.svg\" alt=\"\ud83d\ude42\" \/><\/li>\n<\/ol>\n","protected":false},"featured_media":31769,"template":"","meta":{"_acf_changed":false,"om_disable_all_campaigns":false,"_monsterinsights_skip_tracking":false,"_monsterinsights_sitenote_active":false,"_monsterinsights_sitenote_note":"","_monsterinsights_sitenote_category":0,"site-sidebar-layout":"default","site-content-layout":"default","ast-site-content-layout":"default","site-content-style":"default","site-sidebar-style":"default","ast-global-header-display":"","ast-banner-title-visibility":"","ast-main-header-display":"","ast-hfb-above-header-display":"","ast-hfb-below-header-display":"","ast-hfb-mobile-header-display":"","site-post-title":"","ast-breadcrumbs-content":"","ast-featured-img":"","footer-sml-layout":"","theme-transparent-header-meta":"default","adv-header-id-meta":"","stick-header-meta":"","header-above-stick-meta":"","header-main-stick-meta":"","header-below-stick-meta":"","astra-migrate-meta-layouts":"set","ast-page-background-enabled":"default","ast-page-background-meta":{"desktop":{"background-color":"","background-image":"","background-repeat":"repeat","background-position":"center center","background-size":"auto","background-attachment":"scroll","background-type":"","background-media":"","overlay-type":"","overlay-color":"","overlay-opacity":"","overlay-gradient":""},"tablet":{"background-color":"","background-image":"","background-repeat":"repeat","background-position":"center center","background-size":"auto","background-attachment":"scroll","background-type":"","background-media":"","overlay-type":"","overlay-color":"","overlay-opacity":"","overlay-gradient":""},"mobile":{"background-color":"","background-image":"","background-repeat":"repeat","background-position":"center center","background-size":"auto","background-attachment":"scroll","background-type":"","background-media":"","overlay-type":"","overlay-color":"","overlay-opacity":"","overlay-gradient":""}},"ast-content-background-meta":{"desktop":{"background-color":"var(--ast-global-color-5)","background-image":"","background-repeat":"repeat","background-position":"center center","background-size":"auto","background-attachment":"scroll","background-type":"","background-media":"","overlay-type":"","overlay-color":"","overlay-opacity":"","overlay-gradient":""},"tablet":{"background-color":"var(--ast-global-color-5)","background-image":"","background-repeat":"repeat","background-position":"center center","background-size":"auto","background-attachment":"scroll","background-type":"","background-media":"","overlay-type":"","overlay-color":"","overlay-opacity":"","overlay-gradient":""},"mobile":{"background-color":"var(--ast-global-color-5)","background-image":"","background-repeat":"repeat","background-position":"center center","background-size":"auto","background-attachment":"scroll","background-type":"","background-media":"","overlay-type":"","overlay-color":"","overlay-opacity":"","overlay-gradient":""}}},"product_brand":[],"product_cat":[713,1036],"product_tag":[],"class_list":{"0":"post-37443","1":"product","2":"type-product","3":"status-publish","4":"has-post-thumbnail","6":"product_cat-disaini-ise","7":"product_cat-disaini-ise-pusad","8":"pa_kaised-pikad-kaised","9":"pa_kapuuts-kapuutsiga","10":"pa_materjal-puuvill","11":"pa_materjali-paksus-400-g-m","12":"pa_pikkus-pikem-loige","13":"pa_sugu-meeste","14":"pa_sugu-unisex","15":"pa_suurus-3xl","16":"pa_suurus-4xl","17":"pa_suurus-5xl","18":"pa_suurus-l","19":"pa_suurus-m","20":"pa_suurus-s","21":"pa_suurus-xl","22":"pa_suurus-xs","23":"pa_suurus-xxl","24":"pa_tegumood-oversized","25":"pa_toote-tuup-pusa","26":"pa_varv-bark","27":"pa_varv-berylblue","28":"pa_varv-black","29":"pa_varv-cityred","30":"pa_varv-cobalt-blue","31":"pa_varv-darkgrey","32":"pa_varv-forgottenorange","33":"pa_varv-grey","34":"pa_varv-lightmint","35":"pa_varv-lilac","36":"pa_varv-magnet","37":"pa_varv-oceanblue","38":"pa_varv-olive","39":"pa_varv-ready-for-dye","40":"pa_varv-retro-green","41":"pa_varv-sand","42":"pa_varv-unionbeige","43":"pa_varv-vintageblue","44":"pa_varv-white","45":"desktop-align-left","46":"tablet-align-left","47":"mobile-align-left","49":"first","50":"instock","51":"taxable","52":"shipping-taxable","53":"purchasable","54":"product-type-variable","55":"has-default-attributes","56":"wvs-archive-product-wrapper"},"acf":[],"aioseo_notices":[],"_links":{"self":[{"href":"https:\/\/omakujustus.ee\/et\/wp-json\/wp\/v2\/product\/37443","targetHints":{"allow":["GET"]}}],"collection":[{"href":"https:\/\/omakujustus.ee\/et\/wp-json\/wp\/v2\/product"}],"about":[{"href":"https:\/\/omakujustus.ee\/et\/wp-json\/wp\/v2\/types\/product"}],"wp:featuredmedia":[{"embeddable":true,"href":"https:\/\/omakujustus.ee\/et\/wp-json\/wp\/v2\/media\/31769"}],"wp:attachment":[{"href":"https:\/\/omakujustus.ee\/et\/wp-json\/wp\/v2\/media?parent=37443"}],"wp:term":[{"taxonomy":"product_brand","embeddable":true,"href":"https:\/\/omakujustus.ee\/et\/wp-json\/wp\/v2\/product_brand?post=37443"},{"taxonomy":"product_cat","embeddable":true,"href":"https:\/\/omakujustus.ee\/et\/wp-json\/wp\/v2\/product_cat?post=37443"},{"taxonomy":"product_tag","embeddable":true,"href":"https:\/\/omakujustus.ee\/et\/wp-json\/wp\/v2\/product_tag?post=37443"}],"curies":[{"name":"wp","href":"https:\/\/api.w.org\/{rel}","templated":true}]}}