{"id":36641,"date":"2025-02-20T17:53:29","date_gmt":"2025-02-20T15:53:29","guid":{"rendered":"https:\/\/omakujustus.ee\/?post_type=product&#038;p=36641"},"modified":"2025-07-09T20:28:11","modified_gmt":"2025-07-09T18:28:11","slug":"fuck-your-mood-follow-the-plan-naiste-oversized-t-sark-ladies-oversized-boyfriend-tee","status":"publish","type":"product","link":"https:\/\/omakujustus.ee\/et\/product\/fuck-your-mood-follow-the-plan-naiste-oversized-t-sark-ladies-oversized-boyfriend-tee\/","title":{"rendered":"&#8220;Fuck your mood, follow the plan&#8221; Naiste oversized t-s\u00e4rk Ladies Oversized Boyfriend Tee"},"content":{"rendered":"<p>Naiste oversized t-s\u00e4rk &#8220;Fuck your mood, follow the plan&#8221;, sest meil k\u00f5igil on hetki, kus tahaks teki \u00fcle pea t\u00f5mmata ja lihtsalt olla, kuid eesm\u00e4rgid ootavad p\u00fc\u00fcdmist, eks?<\/p>\n<p><span style=\"font-size: 16px; font-style: normal; font-weight: 400;\">Suurte t\u00e4htedega teksti osa on madala tr\u00fckiga, k<\/span>irjat\u00e4htedega teksti osa on paksemast, kummise tekstuuriga materjalist, luues kergelt ruumilise efekti.<\/p>\n<p>M\u00f5nusalt laia l\u00f5ikega oversized Ladies Boyfriend Tee on ideaalne t-s\u00e4rk kui soovid ennast mugavalt tunda.<\/p>\n<p>T-s\u00e4rgil on \u00fcmar kaelus ja valmistatud 100% puuvillast, tavap\u00e4rasest veidi paksem, kuid v\u00e4ga pehme ning m\u00f5nusa venivusega kangas muudavad selle \u00fcli mugavaks. T\u00e4nu oma tavap\u00e4rasest laiematele k\u00e4istele on seda t-s\u00e4rki m\u00f5nus kanda ka kuumadel suvep\u00e4evadel.<br \/>\nSamuti sobib oversized t-s\u00e4rk h\u00e4sti kandmiseks teise kihina.<\/p>\n<p><strong>Materjal<\/strong>: 100% puuvill<br \/>\n<strong>Materjali paksus:<\/strong> 220 g\/m\u00b2<\/p>\n<p><em>Oversized fit<\/em><\/p>\n<p><img loading=\"lazy\" decoding=\"async\" class=\"alignnone wp-image-15174\" src=\"https:\/\/omakujustus.ee\/wp-content\/uploads\/2024\/01\/size-moodud-300x114.jpg\" alt=\"\" width=\"400\" height=\"152\" srcset=\"https:\/\/omakujustus.ee\/wp-content\/uploads\/2024\/01\/size-moodud-300x114.jpg 300w, https:\/\/omakujustus.ee\/wp-content\/uploads\/2024\/01\/size-moodud-800x305.jpg 800w, https:\/\/omakujustus.ee\/wp-content\/uploads\/2024\/01\/size-moodud-64x24.jpg 64w, https:\/\/omakujustus.ee\/wp-content\/uploads\/2024\/01\/size-moodud-1024x391.jpg 1024w, https:\/\/omakujustus.ee\/wp-content\/uploads\/2024\/01\/size-moodud-768x293.jpg 768w, https:\/\/omakujustus.ee\/wp-content\/uploads\/2024\/01\/size-moodud-1536x586.jpg 1536w, https:\/\/omakujustus.ee\/wp-content\/uploads\/2024\/01\/size-moodud-18x7.jpg 18w, https:\/\/omakujustus.ee\/wp-content\/uploads\/2024\/01\/size-moodud.jpg 2000w\" sizes=\"auto, (max-width: 400px) 100vw, 400px\" \/><\/p>\n<table>\n<tbody>\n<tr>\n<td><b>Suurus<\/b><\/td>\n<td><b>XS<\/b><\/td>\n<td><b>S<\/b><\/td>\n<td><b>M<\/b><\/td>\n<td><b>L<\/b><\/td>\n<td><b>XL<\/b><\/td>\n<td><b>2XL<\/b><\/td>\n<td><b>3XL<\/b><\/td>\n<td><b>4XL<\/b><\/td>\n<td><b>5XL<\/b><\/td>\n<\/tr>\n<tr>\n<td><b>A\u00a0 \u00bd rind<\/b><\/td>\n<td><span style=\"font-weight: 400;\">53,5<\/span><\/td>\n<td><span style=\"font-weight: 400;\">54,5<\/span><\/td>\n<td><span style=\"font-weight: 400;\">57<\/span><\/td>\n<td><span style=\"font-weight: 400;\">59,5<\/span><\/td>\n<td><span style=\"font-weight: 400;\">62<\/span><\/td>\n<td><span style=\"font-weight: 400;\">64,5<\/span><\/td>\n<td><span style=\"font-weight: 400;\">68,5<\/span><\/td>\n<td><span style=\"font-weight: 400;\">72,5<\/span><\/td>\n<td><span style=\"font-weight: 400;\">76,5<\/span><\/td>\n<\/tr>\n<tr>\n<td><b>B pikkus<\/b><\/td>\n<td><span style=\"font-weight: 400;\">73<\/span><\/td>\n<td><span style=\"font-weight: 400;\">74<\/span><\/td>\n<td><span style=\"font-weight: 400;\">76<\/span><\/td>\n<td><span style=\"font-weight: 400;\">78<\/span><\/td>\n<td><span style=\"font-weight: 400;\">80<\/span><\/td>\n<td><span style=\"font-weight: 400;\">82<\/span><\/td>\n<td><span style=\"font-weight: 400;\">83<\/span><\/td>\n<td><span style=\"font-weight: 400;\">85<\/span><\/td>\n<td><span style=\"font-weight: 400;\">86<\/span><\/td>\n<\/tr>\n<tr>\n<td><b>Alumise \u00e4\u00e4re laius<\/b><\/td>\n<td><span style=\"font-weight: 400;\">54,5<\/span><\/td>\n<td><span style=\"font-weight: 400;\">55,5<\/span><\/td>\n<td><span style=\"font-weight: 400;\">58<\/span><\/td>\n<td><span style=\"font-weight: 400;\">60,5<\/span><\/td>\n<td><span style=\"font-weight: 400;\">63<\/span><\/td>\n<td><span style=\"font-weight: 400;\">65,5<\/span><\/td>\n<td><span style=\"font-weight: 400;\">69,5<\/span><\/td>\n<td><span style=\"font-weight: 400;\">73,5<\/span><\/td>\n<td><span style=\"font-weight: 400;\">77,5<\/span><\/td>\n<\/tr>\n<\/tbody>\n<\/table>\n","protected":false},"excerpt":{"rendered":"<p>Naiste oversized t-s\u00e4rk &#8220;Fuck your mood, follow the plan&#8221;, sest meil k\u00f5igil on hetki, kus tahaks teki \u00fcle pea t\u00f5mmata ja lihtsalt olla, kuid eesm\u00e4rgid ootavad p\u00fc\u00fcdmist, eks?<\/p>\n","protected":false},"featured_media":36709,"template":"","meta":{"_acf_changed":false,"om_disable_all_campaigns":false,"_monsterinsights_skip_tracking":false,"_monsterinsights_sitenote_active":false,"_monsterinsights_sitenote_note":"","_monsterinsights_sitenote_category":0,"site-sidebar-layout":"default","site-content-layout":"default","ast-site-content-layout":"","site-content-style":"default","site-sidebar-style":"default","ast-global-header-display":"","ast-banner-title-visibility":"","ast-main-header-display":"","ast-hfb-above-header-display":"","ast-hfb-below-header-display":"","ast-hfb-mobile-header-display":"","site-post-title":"","ast-breadcrumbs-content":"","ast-featured-img":"","footer-sml-layout":"","theme-transparent-header-meta":"default","adv-header-id-meta":"","stick-header-meta":"","header-above-stick-meta":"","header-main-stick-meta":"","header-below-stick-meta":"","astra-migrate-meta-layouts":"default","ast-page-background-enabled":"default","ast-page-background-meta":{"desktop":{"background-color":"","background-image":"","background-repeat":"repeat","background-position":"center center","background-size":"auto","background-attachment":"scroll","background-type":"","background-media":"","overlay-type":"","overlay-color":"","overlay-opacity":"","overlay-gradient":""},"tablet":{"background-color":"","background-image":"","background-repeat":"repeat","background-position":"center center","background-size":"auto","background-attachment":"scroll","background-type":"","background-media":"","overlay-type":"","overlay-color":"","overlay-opacity":"","overlay-gradient":""},"mobile":{"background-color":"","background-image":"","background-repeat":"repeat","background-position":"center center","background-size":"auto","background-attachment":"scroll","background-type":"","background-media":"","overlay-type":"","overlay-color":"","overlay-opacity":"","overlay-gradient":""}},"ast-content-background-meta":{"desktop":{"background-color":"var(--ast-global-color-5)","background-image":"","background-repeat":"repeat","background-position":"center center","background-size":"auto","background-attachment":"scroll","background-type":"","background-media":"","overlay-type":"","overlay-color":"","overlay-opacity":"","overlay-gradient":""},"tablet":{"background-color":"var(--ast-global-color-5)","background-image":"","background-repeat":"repeat","background-position":"center center","background-size":"auto","background-attachment":"scroll","background-type":"","background-media":"","overlay-type":"","overlay-color":"","overlay-opacity":"","overlay-gradient":""},"mobile":{"background-color":"var(--ast-global-color-5)","background-image":"","background-repeat":"repeat","background-position":"center center","background-size":"auto","background-attachment":"scroll","background-type":"","background-media":"","overlay-type":"","overlay-color":"","overlay-opacity":"","overlay-gradient":""}}},"product_brand":[],"product_cat":[43,30],"product_tag":[],"class_list":{"0":"post-36641","1":"product","2":"type-product","3":"status-publish","4":"has-post-thumbnail","6":"product_cat-disainiga-tooted","7":"product_cat-naistele","8":"pa_kaelus-umar-kaelus","9":"pa_kaised-luhikesed-kaised","10":"pa_materjal-puuvill","11":"pa_materjali-paksus-200-249-g-m","12":"pa_pikkus-pikem-loige","13":"pa_sugu-naiste","14":"pa_suurus-2xl","15":"pa_suurus-3xl","16":"pa_suurus-4xl","17":"pa_suurus-5xl","18":"pa_suurus-l","19":"pa_suurus-m","20":"pa_suurus-s","21":"pa_suurus-xl","22":"pa_suurus-xs","23":"pa_tegumood-oversized","24":"pa_toote-tuup-t-sark","25":"pa_varv-black","26":"pa_varv-darkshadow","27":"pa_varv-white","28":"desktop-align-left","29":"tablet-align-left","30":"mobile-align-left","32":"first","33":"instock","34":"taxable","35":"shipping-taxable","36":"purchasable","37":"product-type-variable","38":"has-default-attributes","39":"wvs-archive-product-wrapper"},"acf":[],"aioseo_notices":[],"_links":{"self":[{"href":"https:\/\/omakujustus.ee\/et\/wp-json\/wp\/v2\/product\/36641","targetHints":{"allow":["GET"]}}],"collection":[{"href":"https:\/\/omakujustus.ee\/et\/wp-json\/wp\/v2\/product"}],"about":[{"href":"https:\/\/omakujustus.ee\/et\/wp-json\/wp\/v2\/types\/product"}],"wp:featuredmedia":[{"embeddable":true,"href":"https:\/\/omakujustus.ee\/et\/wp-json\/wp\/v2\/media\/36709"}],"wp:attachment":[{"href":"https:\/\/omakujustus.ee\/et\/wp-json\/wp\/v2\/media?parent=36641"}],"wp:term":[{"taxonomy":"product_brand","embeddable":true,"href":"https:\/\/omakujustus.ee\/et\/wp-json\/wp\/v2\/product_brand?post=36641"},{"taxonomy":"product_cat","embeddable":true,"href":"https:\/\/omakujustus.ee\/et\/wp-json\/wp\/v2\/product_cat?post=36641"},{"taxonomy":"product_tag","embeddable":true,"href":"https:\/\/omakujustus.ee\/et\/wp-json\/wp\/v2\/product_tag?post=36641"}],"curies":[{"name":"wp","href":"https:\/\/api.w.org\/{rel}","templated":true}]}}