{"id":36233,"date":"2025-02-18T18:07:09","date_gmt":"2025-02-18T16:07:09","guid":{"rendered":"https:\/\/omakujustus.ee\/?post_type=product&#038;p=36233"},"modified":"2025-07-09T20:13:22","modified_gmt":"2025-07-09T18:13:22","slug":"dressipuksid-heavy-sweatpants","status":"publish","type":"product","link":"https:\/\/omakujustus.ee\/et\/product\/dressipuksid-heavy-sweatpants\/","title":{"rendered":"Dressip\u00fcksid Heavy Sweatpants"},"content":{"rendered":"<p>Heavy Sweatpants dressip\u00fcksid on klassikalise l\u00f5ike ja sobivad mugavalt igap\u00e4evaseks kandmiseks.<br \/>\nValmistatud sisemiselt harjatud paksust puuvillasest kangast, seesmine fliis tagab pehmuse ja soojustunde. P\u00fckstel on lai elastne v\u00f6\u00f6koht \u00fcmarate paeltega ning elastsed soonikud s\u00e4\u00e4reotstes, mis tagavad kindla ja mugava istuvuse.<\/p>\n<p>Kaks k\u00fcljetaskut ja \u00fcks tagatasku pakuvad praktilist hoiuruumi. Sirge l\u00f5ige v\u00f5imaldab l\u00f5dvemat ja mugavamat kandmist.<br \/>\nSobivad suurep\u00e4raselt igap\u00e4evaseks kandmiseks v\u00f5i aktiivseks tegevuseks, pakkudes stiili ja funktsionaalsuse t\u00e4iuslikku tasakaalu.<\/p>\n<p><strong>Materjal<\/strong>: 65% puuvill, 35% pol\u00fcester<br \/>\n<strong>Materjali paksus<\/strong>: 300g\/m\u00b2<\/p>\n<p><em>Regular fit<\/em><\/p>\n<table>\n<tbody>\n<tr>\n<td><b>Suurus<\/b><\/td>\n<td><b>S<\/b><\/td>\n<td><b>M<\/b><\/td>\n<td><b>L<\/b><\/td>\n<td><b>XL<\/b><\/td>\n<td><b>2XL<\/b><\/td>\n<td><b>3XL<\/b><\/td>\n<td><b>4XL<\/b><\/td>\n<td><b>5XL<\/b><\/td>\n<td><b>Tol. +\/-<\/b><\/td>\n<\/tr>\n<tr>\n<td><b>A \u00bd v\u00f6\u00f6koha laius<\/b><\/td>\n<td><span style=\"font-weight: 400;\">33,5<\/span><\/td>\n<td><span style=\"font-weight: 400;\">36<\/span><\/td>\n<td><span style=\"font-weight: 400;\">38,5<\/span><\/td>\n<td><span style=\"font-weight: 400;\">41<\/span><\/td>\n<td><span style=\"font-weight: 400;\">44<\/span><\/td>\n<td><span style=\"font-weight: 400;\">47<\/span><\/td>\n<td><span style=\"font-weight: 400;\">50<\/span><\/td>\n<td><span style=\"font-weight: 400;\">53<\/span><\/td>\n<td><span style=\"font-weight: 400;\">1<\/span><\/td>\n<\/tr>\n<tr>\n<td><b>B \u00bd puus laius<\/b><\/td>\n<td><span style=\"font-weight: 400;\">51,5<\/span><\/td>\n<td><span style=\"font-weight: 400;\">54<\/span><\/td>\n<td><span style=\"font-weight: 400;\">56,5<\/span><\/td>\n<td><span style=\"font-weight: 400;\">59<\/span><\/td>\n<td><span style=\"font-weight: 400;\">62<\/span><\/td>\n<td><span style=\"font-weight: 400;\">65<\/span><\/td>\n<td><span style=\"font-weight: 400;\">68<\/span><\/td>\n<td><span style=\"font-weight: 400;\">71<\/span><\/td>\n<td><span style=\"font-weight: 400;\">1<\/span><\/td>\n<\/tr>\n<tr>\n<td><b>K\u00fclje pikkus<\/b><\/td>\n<td><span style=\"font-weight: 400;\">107<\/span><\/td>\n<td><span style=\"font-weight: 400;\">109<\/span><\/td>\n<td><span style=\"font-weight: 400;\">111<\/span><\/td>\n<td><span style=\"font-weight: 400;\">113<\/span><\/td>\n<td><span style=\"font-weight: 400;\">113,5<\/span><\/td>\n<td><span style=\"font-weight: 400;\">114<\/span><\/td>\n<td><span style=\"font-weight: 400;\">114,5<\/span><\/td>\n<td><span style=\"font-weight: 400;\">115<\/span><\/td>\n<td><span style=\"font-weight: 400;\">1<\/span><\/td>\n<\/tr>\n<\/tbody>\n<\/table>\n<p><em>See toode on valmistatud FAMA sertifikaadiga tehases. FAMA (Facility and Merchandise Authorization) on k\u00f5rgetasemeline tootmissertifikaat, mis on vajalik Disney sertifitseeritud toodete valmistamiseks.<\/em><\/p>\n","protected":false},"excerpt":{"rendered":"<p>Heavy Sweatpants dressip\u00fcksid on klassikalise l\u00f5ike ja sobivad mugavalt igap\u00e4evaseks kandmiseks.<\/p>\n","protected":false},"featured_media":36182,"template":"","meta":{"_acf_changed":false,"om_disable_all_campaigns":false,"_monsterinsights_skip_tracking":false,"_monsterinsights_sitenote_active":false,"_monsterinsights_sitenote_note":"","_monsterinsights_sitenote_category":0,"site-sidebar-layout":"default","site-content-layout":"default","ast-site-content-layout":"","site-content-style":"default","site-sidebar-style":"default","ast-global-header-display":"","ast-banner-title-visibility":"","ast-main-header-display":"","ast-hfb-above-header-display":"","ast-hfb-below-header-display":"","ast-hfb-mobile-header-display":"","site-post-title":"","ast-breadcrumbs-content":"","ast-featured-img":"","footer-sml-layout":"","theme-transparent-header-meta":"default","adv-header-id-meta":"","stick-header-meta":"","header-above-stick-meta":"","header-main-stick-meta":"","header-below-stick-meta":"","astra-migrate-meta-layouts":"default","ast-page-background-enabled":"default","ast-page-background-meta":{"desktop":{"background-color":"","background-image":"","background-repeat":"repeat","background-position":"center center","background-size":"auto","background-attachment":"scroll","background-type":"","background-media":"","overlay-type":"","overlay-color":"","overlay-opacity":"","overlay-gradient":""},"tablet":{"background-color":"","background-image":"","background-repeat":"repeat","background-position":"center center","background-size":"auto","background-attachment":"scroll","background-type":"","background-media":"","overlay-type":"","overlay-color":"","overlay-opacity":"","overlay-gradient":""},"mobile":{"background-color":"","background-image":"","background-repeat":"repeat","background-position":"center center","background-size":"auto","background-attachment":"scroll","background-type":"","background-media":"","overlay-type":"","overlay-color":"","overlay-opacity":"","overlay-gradient":""}},"ast-content-background-meta":{"desktop":{"background-color":"var(--ast-global-color-5)","background-image":"","background-repeat":"repeat","background-position":"center center","background-size":"auto","background-attachment":"scroll","background-type":"","background-media":"","overlay-type":"","overlay-color":"","overlay-opacity":"","overlay-gradient":""},"tablet":{"background-color":"var(--ast-global-color-5)","background-image":"","background-repeat":"repeat","background-position":"center center","background-size":"auto","background-attachment":"scroll","background-type":"","background-media":"","overlay-type":"","overlay-color":"","overlay-opacity":"","overlay-gradient":""},"mobile":{"background-color":"var(--ast-global-color-5)","background-image":"","background-repeat":"repeat","background-position":"center center","background-size":"auto","background-attachment":"scroll","background-type":"","background-media":"","overlay-type":"","overlay-color":"","overlay-opacity":"","overlay-gradient":""}}},"product_brand":[],"product_cat":[36,806],"product_tag":[],"class_list":{"0":"post-36233","1":"product","2":"type-product","3":"status-publish","4":"has-post-thumbnail","6":"product_cat-disainita-tooted","7":"product_cat-puksid","8":"pa_materjal-puuvill","9":"pa_materjali-paksus-900-399-g-m","10":"pa_sugu-meeste","11":"pa_sugu-unisex","12":"pa_suurus-3xl","13":"pa_suurus-4xl","14":"pa_suurus-5xl","15":"pa_suurus-l","16":"pa_suurus-m","17":"pa_suurus-s","18":"pa_suurus-xl","19":"pa_suurus-xs","20":"pa_suurus-xxl","21":"pa_tegumood-regular-fit","22":"pa_toote-tuup-dressipuksid","23":"pa_varv-bark","24":"pa_varv-black","25":"pa_varv-heather-grey","26":"desktop-align-left","27":"tablet-align-left","28":"mobile-align-left","30":"first","31":"instock","32":"taxable","33":"shipping-taxable","34":"purchasable","35":"product-type-variable","36":"has-default-attributes","37":"wvs-archive-product-wrapper"},"acf":[],"aioseo_notices":[],"_links":{"self":[{"href":"https:\/\/omakujustus.ee\/et\/wp-json\/wp\/v2\/product\/36233","targetHints":{"allow":["GET"]}}],"collection":[{"href":"https:\/\/omakujustus.ee\/et\/wp-json\/wp\/v2\/product"}],"about":[{"href":"https:\/\/omakujustus.ee\/et\/wp-json\/wp\/v2\/types\/product"}],"wp:featuredmedia":[{"embeddable":true,"href":"https:\/\/omakujustus.ee\/et\/wp-json\/wp\/v2\/media\/36182"}],"wp:attachment":[{"href":"https:\/\/omakujustus.ee\/et\/wp-json\/wp\/v2\/media?parent=36233"}],"wp:term":[{"taxonomy":"product_brand","embeddable":true,"href":"https:\/\/omakujustus.ee\/et\/wp-json\/wp\/v2\/product_brand?post=36233"},{"taxonomy":"product_cat","embeddable":true,"href":"https:\/\/omakujustus.ee\/et\/wp-json\/wp\/v2\/product_cat?post=36233"},{"taxonomy":"product_tag","embeddable":true,"href":"https:\/\/omakujustus.ee\/et\/wp-json\/wp\/v2\/product_tag?post=36233"}],"curies":[{"name":"wp","href":"https:\/\/api.w.org\/{rel}","templated":true}]}}