{"id":36214,"date":"2025-02-18T18:08:09","date_gmt":"2025-02-18T16:08:09","guid":{"rendered":"https:\/\/omakujustus.ee\/?post_type=product&#038;p=36214"},"modified":"2025-07-09T20:13:22","modified_gmt":"2025-07-09T18:13:22","slug":"dressipuksid-ultra-heavy-sweatpants","status":"publish","type":"product","link":"https:\/\/omakujustus.ee\/et\/product\/dressipuksid-ultra-heavy-sweatpants\/","title":{"rendered":"Dressip\u00fcksid Ultra Heavy Sweatpants"},"content":{"rendered":"<p>Dressip\u00fcksid Ultra Heavy Sweatpants on valmistatud paksust puuvillast, pakkudes stiilset ning moodsalt laiemat vabaaja ilmet.<br \/>\nLai elastne v\u00f6\u00f6koht ja soonikud s\u00e4\u00e4reotstes tagavad mugava ja kindla istuvuse.<\/p>\n<p>Kaks k\u00fcljetaskut ja lisatasku tagak\u00fcljel pakuvad hoiuruumi, muutes need p\u00fcksid praktiliseks valikuks igap\u00e4evaseks kandmiseks.<\/p>\n<p>Neil dressip\u00fckstel ei ole sees fliisi.<\/p>\n<p><strong>Materjal<\/strong>: 100% puuvill<br \/>\n<strong>Materjali paksus<\/strong>: 460g\/m\u00b2<\/p>\n<p><em>Loose fit<\/em><\/p>\n","protected":false},"excerpt":{"rendered":"<p>Dressip\u00fcksid Ultra Heavy Sweatpants on m\u00f5nusalt paksust materjalist ja ilma seesmise fliisita.<\/p>\n","protected":false},"featured_media":36175,"template":"","meta":{"_acf_changed":false,"om_disable_all_campaigns":false,"_monsterinsights_skip_tracking":false,"_monsterinsights_sitenote_active":false,"_monsterinsights_sitenote_note":"","_monsterinsights_sitenote_category":0,"site-sidebar-layout":"default","site-content-layout":"default","ast-site-content-layout":"","site-content-style":"default","site-sidebar-style":"default","ast-global-header-display":"","ast-banner-title-visibility":"","ast-main-header-display":"","ast-hfb-above-header-display":"","ast-hfb-below-header-display":"","ast-hfb-mobile-header-display":"","site-post-title":"","ast-breadcrumbs-content":"","ast-featured-img":"","footer-sml-layout":"","theme-transparent-header-meta":"default","adv-header-id-meta":"","stick-header-meta":"","header-above-stick-meta":"","header-main-stick-meta":"","header-below-stick-meta":"","astra-migrate-meta-layouts":"default","ast-page-background-enabled":"default","ast-page-background-meta":{"desktop":{"background-color":"","background-image":"","background-repeat":"repeat","background-position":"center center","background-size":"auto","background-attachment":"scroll","background-type":"","background-media":"","overlay-type":"","overlay-color":"","overlay-opacity":"","overlay-gradient":""},"tablet":{"background-color":"","background-image":"","background-repeat":"repeat","background-position":"center center","background-size":"auto","background-attachment":"scroll","background-type":"","background-media":"","overlay-type":"","overlay-color":"","overlay-opacity":"","overlay-gradient":""},"mobile":{"background-color":"","background-image":"","background-repeat":"repeat","background-position":"center center","background-size":"auto","background-attachment":"scroll","background-type":"","background-media":"","overlay-type":"","overlay-color":"","overlay-opacity":"","overlay-gradient":""}},"ast-content-background-meta":{"desktop":{"background-color":"var(--ast-global-color-5)","background-image":"","background-repeat":"repeat","background-position":"center center","background-size":"auto","background-attachment":"scroll","background-type":"","background-media":"","overlay-type":"","overlay-color":"","overlay-opacity":"","overlay-gradient":""},"tablet":{"background-color":"var(--ast-global-color-5)","background-image":"","background-repeat":"repeat","background-position":"center center","background-size":"auto","background-attachment":"scroll","background-type":"","background-media":"","overlay-type":"","overlay-color":"","overlay-opacity":"","overlay-gradient":""},"mobile":{"background-color":"var(--ast-global-color-5)","background-image":"","background-repeat":"repeat","background-position":"center center","background-size":"auto","background-attachment":"scroll","background-type":"","background-media":"","overlay-type":"","overlay-color":"","overlay-opacity":"","overlay-gradient":""}}},"product_brand":[],"product_cat":[36,806],"product_tag":[],"class_list":{"0":"post-36214","1":"product","2":"type-product","3":"status-publish","4":"has-post-thumbnail","6":"product_cat-disainita-tooted","7":"product_cat-puksid","8":"pa_materjal-puuvill","9":"pa_materjali-paksus-400-g-m","10":"pa_pikkus-pikem-loige","11":"pa_sugu-meeste","12":"pa_sugu-unisex","13":"pa_suurus-3xl","14":"pa_suurus-4xl","15":"pa_suurus-5xl","16":"pa_suurus-l","17":"pa_suurus-m","18":"pa_suurus-s","19":"pa_suurus-xl","20":"pa_suurus-xs","21":"pa_suurus-xxl","22":"pa_tegumood-loose-fit","23":"pa_toote-tuup-dressipuksid","24":"pa_varv-black","25":"pa_varv-cobalt-blue","26":"desktop-align-left","27":"tablet-align-left","28":"mobile-align-left","30":"first","31":"instock","32":"taxable","33":"shipping-taxable","34":"purchasable","35":"product-type-variable","36":"has-default-attributes","37":"wvs-archive-product-wrapper"},"acf":[],"aioseo_notices":[],"_links":{"self":[{"href":"https:\/\/omakujustus.ee\/et\/wp-json\/wp\/v2\/product\/36214","targetHints":{"allow":["GET"]}}],"collection":[{"href":"https:\/\/omakujustus.ee\/et\/wp-json\/wp\/v2\/product"}],"about":[{"href":"https:\/\/omakujustus.ee\/et\/wp-json\/wp\/v2\/types\/product"}],"wp:featuredmedia":[{"embeddable":true,"href":"https:\/\/omakujustus.ee\/et\/wp-json\/wp\/v2\/media\/36175"}],"wp:attachment":[{"href":"https:\/\/omakujustus.ee\/et\/wp-json\/wp\/v2\/media?parent=36214"}],"wp:term":[{"taxonomy":"product_brand","embeddable":true,"href":"https:\/\/omakujustus.ee\/et\/wp-json\/wp\/v2\/product_brand?post=36214"},{"taxonomy":"product_cat","embeddable":true,"href":"https:\/\/omakujustus.ee\/et\/wp-json\/wp\/v2\/product_cat?post=36214"},{"taxonomy":"product_tag","embeddable":true,"href":"https:\/\/omakujustus.ee\/et\/wp-json\/wp\/v2\/product_tag?post=36214"}],"curies":[{"name":"wp","href":"https:\/\/api.w.org\/{rel}","templated":true}]}}