{"id":35573,"date":"2025-02-18T15:30:36","date_gmt":"2025-02-18T13:30:36","guid":{"rendered":"https:\/\/omakujustus.ee\/?post_type=product&#038;p=35573"},"modified":"2026-04-21T04:04:22","modified_gmt":"2026-04-21T01:04:22","slug":"klassikalise-loikega-t-sark-t-shirt-round-neck","status":"publish","type":"product","link":"https:\/\/omakujustus.ee\/et\/product\/klassikalise-loikega-t-sark-t-shirt-round-neck\/","title":{"rendered":"Klassikalise l\u00f5ikega T-s\u00e4rk, T-Shirt Round Neck"},"content":{"rendered":"<p>Klassikalise l\u00f5ikega T-s\u00e4rk mille materjal on keskmise paksusega, meeldivalt pehme ja veniv.<\/p>\n<p><strong>Materjal<\/strong>: 100% puuvill<br \/>\n<strong>Materjali paksus<\/strong>: 180g\/m\u00b2<\/p>\n<p><em>Regular fit<\/em><\/p>\n<p><img loading=\"lazy\" decoding=\"async\" class=\"alignnone wp-image-15174\" src=\"https:\/\/omakujustus.ee\/wp-content\/uploads\/2024\/01\/size-moodud-300x114.jpg\" alt=\"\" width=\"413\" height=\"157\" srcset=\"https:\/\/omakujustus.ee\/wp-content\/uploads\/2024\/01\/size-moodud-300x114.jpg 300w, https:\/\/omakujustus.ee\/wp-content\/uploads\/2024\/01\/size-moodud-800x305.jpg 800w, https:\/\/omakujustus.ee\/wp-content\/uploads\/2024\/01\/size-moodud-64x24.jpg 64w, https:\/\/omakujustus.ee\/wp-content\/uploads\/2024\/01\/size-moodud-1024x391.jpg 1024w, https:\/\/omakujustus.ee\/wp-content\/uploads\/2024\/01\/size-moodud-768x293.jpg 768w, https:\/\/omakujustus.ee\/wp-content\/uploads\/2024\/01\/size-moodud-1536x586.jpg 1536w, https:\/\/omakujustus.ee\/wp-content\/uploads\/2024\/01\/size-moodud-18x7.jpg 18w, https:\/\/omakujustus.ee\/wp-content\/uploads\/2024\/01\/size-moodud.jpg 2000w\" sizes=\"auto, (max-width: 413px) 100vw, 413px\" \/><\/p>\n<table>\n<tbody>\n<tr>\n<td><b>Suurus<\/b><\/td>\n<td><b>XS<\/b><\/td>\n<td><b>S<\/b><\/td>\n<td><b>M<\/b><\/td>\n<td><b>L<\/b><\/td>\n<td><b>XL<\/b><\/td>\n<td><b>2XL<\/b><\/td>\n<td><b>3XL<\/b><\/td>\n<td><b>4XL<\/b><\/td>\n<td><b>5XL<\/b><\/td>\n<td><b>Tol. +\/-<\/b><\/td>\n<\/tr>\n<tr>\n<td><b>A\u00a0 \u00bd rind<\/b><\/td>\n<td><span style=\"font-weight: 400;\">45.5<\/span><\/td>\n<td><span style=\"font-weight: 400;\">48.5<\/span><\/td>\n<td><span style=\"font-weight: 400;\">51.5<\/span><\/td>\n<td><span style=\"font-weight: 400;\">54.5<\/span><\/td>\n<td><span style=\"font-weight: 400;\">57.5<\/span><\/td>\n<td><span style=\"font-weight: 400;\">60.5<\/span><\/td>\n<td><span style=\"font-weight: 400;\">65<\/span><\/td>\n<td><span style=\"font-weight: 400;\">69.5<\/span><\/td>\n<td><span style=\"font-weight: 400;\">74<\/span><\/td>\n<td><span style=\"font-weight: 400;\">1<\/span><\/td>\n<\/tr>\n<tr>\n<td><b>B pikkus<\/b><\/td>\n<td><span style=\"font-weight: 400;\">71.5<\/span><\/td>\n<td><span style=\"font-weight: 400;\">73.5<\/span><\/td>\n<td><span style=\"font-weight: 400;\">75.5<\/span><\/td>\n<td><span style=\"font-weight: 400;\">77.5<\/span><\/td>\n<td><span style=\"font-weight: 400;\">79.5<\/span><\/td>\n<td><span style=\"font-weight: 400;\">81.5<\/span><\/td>\n<td><span style=\"font-weight: 400;\">82.5<\/span><\/td>\n<td><span style=\"font-weight: 400;\">73.5<\/span><\/td>\n<td><span style=\"font-weight: 400;\">84.5<\/span><\/td>\n<td><span style=\"font-weight: 400;\">1<\/span><\/td>\n<\/tr>\n<\/tbody>\n<\/table>\n","protected":false},"excerpt":{"rendered":"<p>Klassikalise l\u00f5ikega T-s\u00e4rk mille materjal on keskmise paksusega, meeldivalt pehme ja veniv.<\/p>\n","protected":false},"featured_media":34640,"template":"","meta":{"_acf_changed":false,"om_disable_all_campaigns":false,"_monsterinsights_skip_tracking":false,"_monsterinsights_sitenote_active":false,"_monsterinsights_sitenote_note":"","_monsterinsights_sitenote_category":0,"site-sidebar-layout":"default","site-content-layout":"default","ast-site-content-layout":"default","site-content-style":"default","site-sidebar-style":"default","ast-global-header-display":"","ast-banner-title-visibility":"","ast-main-header-display":"","ast-hfb-above-header-display":"","ast-hfb-below-header-display":"","ast-hfb-mobile-header-display":"","site-post-title":"","ast-breadcrumbs-content":"","ast-featured-img":"","footer-sml-layout":"","theme-transparent-header-meta":"default","adv-header-id-meta":"","stick-header-meta":"","header-above-stick-meta":"","header-main-stick-meta":"","header-below-stick-meta":"","astra-migrate-meta-layouts":"set","ast-page-background-enabled":"default","ast-page-background-meta":{"desktop":{"background-color":"","background-image":"","background-repeat":"repeat","background-position":"center center","background-size":"auto","background-attachment":"scroll","background-type":"","background-media":"","overlay-type":"","overlay-color":"","overlay-opacity":"","overlay-gradient":""},"tablet":{"background-color":"","background-image":"","background-repeat":"repeat","background-position":"center center","background-size":"auto","background-attachment":"scroll","background-type":"","background-media":"","overlay-type":"","overlay-color":"","overlay-opacity":"","overlay-gradient":""},"mobile":{"background-color":"","background-image":"","background-repeat":"repeat","background-position":"center center","background-size":"auto","background-attachment":"scroll","background-type":"","background-media":"","overlay-type":"","overlay-color":"","overlay-opacity":"","overlay-gradient":""}},"ast-content-background-meta":{"desktop":{"background-color":"var(--ast-global-color-5)","background-image":"","background-repeat":"repeat","background-position":"center center","background-size":"auto","background-attachment":"scroll","background-type":"","background-media":"","overlay-type":"","overlay-color":"","overlay-opacity":"","overlay-gradient":""},"tablet":{"background-color":"var(--ast-global-color-5)","background-image":"","background-repeat":"repeat","background-position":"center center","background-size":"auto","background-attachment":"scroll","background-type":"","background-media":"","overlay-type":"","overlay-color":"","overlay-opacity":"","overlay-gradient":""},"mobile":{"background-color":"var(--ast-global-color-5)","background-image":"","background-repeat":"repeat","background-position":"center center","background-size":"auto","background-attachment":"scroll","background-type":"","background-media":"","overlay-type":"","overlay-color":"","overlay-opacity":"","overlay-gradient":""}}},"product_brand":[],"product_cat":[36,803],"product_tag":[],"class_list":{"0":"post-35573","1":"product","2":"type-product","3":"status-publish","4":"has-post-thumbnail","6":"product_cat-disainita-tooted","7":"product_cat-t-sargid","8":"pa_kaelus-umar-kaelus","9":"pa_kaised-luhikesed-kaised","10":"pa_materjal-puuvill","11":"pa_materjali-paksus-170-199-g-m","12":"pa_sugu-meeste","13":"pa_sugu-unisex","14":"pa_suurus-3xl","15":"pa_suurus-4xl","16":"pa_suurus-5xl","17":"pa_suurus-l","18":"pa_suurus-m","19":"pa_suurus-s","20":"pa_suurus-xl","21":"pa_suurus-xs","22":"pa_suurus-xxl","23":"pa_suurus-xxs","24":"pa_tegumood-regular-fit","25":"pa_toote-tuup-t-sark","26":"pa_varv-balticblue","27":"pa_varv-bark","28":"pa_varv-berylblue","29":"pa_varv-black","30":"pa_varv-bottlegreen","31":"pa_varv-burgundy","32":"pa_varv-charcoal","33":"pa_varv-cityred","34":"pa_varv-cobalt-blue","35":"pa_varv-darkshadow","36":"pa_varv-dustyblue","37":"pa_varv-forest-green","38":"pa_varv-frozen-yellow","39":"pa_varv-heather-grey","40":"pa_varv-heavenblue","41":"pa_varv-hibiskus-pink","42":"pa_varv-horizon-blue","43":"pa_varv-light-navy","44":"pa_varv-lightasphalt","45":"pa_varv-lilac","46":"pa_varv-magnet","47":"pa_varv-navy","48":"pa_varv-neo-mint","49":"pa_varv-ocean-blue","50":"pa_varv-olive","51":"pa_varv-paradise-orange","52":"pa_varv-pink-marshmallow","53":"pa_varv-retrogreen","54":"pa_varv-sand","55":"pa_varv-softsalvia","56":"pa_varv-taxi-yellow","57":"pa_varv-ultraviolet","58":"pa_varv-unionbeige","59":"pa_varv-vintageblue","60":"pa_varv-white","61":"desktop-align-left","62":"tablet-align-left","63":"mobile-align-left","65":"first","66":"instock","67":"taxable","68":"shipping-taxable","69":"purchasable","70":"product-type-variable","71":"has-default-attributes","72":"wvs-archive-product-wrapper"},"acf":[],"aioseo_notices":[],"_links":{"self":[{"href":"https:\/\/omakujustus.ee\/et\/wp-json\/wp\/v2\/product\/35573","targetHints":{"allow":["GET"]}}],"collection":[{"href":"https:\/\/omakujustus.ee\/et\/wp-json\/wp\/v2\/product"}],"about":[{"href":"https:\/\/omakujustus.ee\/et\/wp-json\/wp\/v2\/types\/product"}],"wp:featuredmedia":[{"embeddable":true,"href":"https:\/\/omakujustus.ee\/et\/wp-json\/wp\/v2\/media\/34640"}],"wp:attachment":[{"href":"https:\/\/omakujustus.ee\/et\/wp-json\/wp\/v2\/media?parent=35573"}],"wp:term":[{"taxonomy":"product_brand","embeddable":true,"href":"https:\/\/omakujustus.ee\/et\/wp-json\/wp\/v2\/product_brand?post=35573"},{"taxonomy":"product_cat","embeddable":true,"href":"https:\/\/omakujustus.ee\/et\/wp-json\/wp\/v2\/product_cat?post=35573"},{"taxonomy":"product_tag","embeddable":true,"href":"https:\/\/omakujustus.ee\/et\/wp-json\/wp\/v2\/product_tag?post=35573"}],"curies":[{"name":"wp","href":"https:\/\/api.w.org\/{rel}","templated":true}]}}