{"id":3463,"date":"2023-02-01T20:27:16","date_gmt":"2023-02-01T18:27:16","guid":{"rendered":"https:\/\/omakujustus.ee\/?post_type=product&#038;p=3463"},"modified":"2025-07-09T20:28:28","modified_gmt":"2025-07-09T18:28:28","slug":"laste-t-sark-bossid-kassid","status":"publish","type":"product","link":"https:\/\/omakujustus.ee\/et\/product\/laste-t-sark-bossid-kassid\/","title":{"rendered":"Laste t-s\u00e4rk BOSSID KASSID"},"content":{"rendered":"<p>\u00dcmara kaelusega, klassikalise l\u00f5ikega puuvillane T-s\u00e4rk.<br \/>\nKaelus on tugevdatud ning parema venivuse tagamiseks sisaldab elastaani.<\/p>\n<p>Materjal: 100% puuvill<br \/>\nMaterjali paksus: 190 gr\/m2<\/p>\n<div class=\"wrapper-taille margin-bottom15\">\n<p><img loading=\"lazy\" decoding=\"async\" class=\"alignleft\" src=\"https:\/\/s7g3.scene7.com\/is\/image\/soloinvest\/mob_picto_haut_corps?scl=1&amp;fmt=png-alpha\" width=\"87\" height=\"87\" \/><\/p>\n<div class=\"scrolling-table\">\n<div class=\"wrapper-taille margin-bottom15\">\n<div class=\"scrolling-table\"><\/div>\n<\/div>\n<table class=\"table-primary product-sizes-table\">\n<thead>\n<tr>\n<th>Lapse pikkus<\/th>\n<th>86\/94 cm<\/th>\n<th>96\/104 cm<\/th>\n<th>106\/116 cm<\/th>\n<th>118\/128 cm<\/th>\n<th>130\/140 cm<\/th>\n<th>142\/152 cm<\/th>\n<\/tr>\n<\/thead>\n<tbody>\n<tr>\n<td class=\"tabOptionSizeInfo\">A\/B<\/td>\n<td class=\"tabOptionSizeInfo\">41\/29<\/td>\n<td class=\"tabOptionSizeInfo\">44\/32<\/td>\n<td class=\"tabOptionSizeInfo\">47\/35<\/td>\n<td class=\"tabOptionSizeInfo\">50\/38<\/td>\n<td class=\"tabOptionSizeInfo\">54\/41<\/td>\n<td class=\"tabOptionSizeInfo\">58\/44<\/td>\n<\/tr>\n<\/tbody>\n<\/table>\n<\/div>\n<\/div>\n","protected":false},"excerpt":{"rendered":"<p>Vahvad laste t-s\u00e4rk tikitud bosside kassidega<\/p>\n","protected":false},"featured_media":3523,"template":"","meta":{"_acf_changed":false,"om_disable_all_campaigns":false,"_monsterinsights_skip_tracking":false,"_monsterinsights_sitenote_active":false,"_monsterinsights_sitenote_note":"","_monsterinsights_sitenote_category":0,"site-sidebar-layout":"default","site-content-layout":"default","ast-site-content-layout":"","site-content-style":"default","site-sidebar-style":"default","ast-global-header-display":"","ast-banner-title-visibility":"","ast-main-header-display":"","ast-hfb-above-header-display":"","ast-hfb-below-header-display":"","ast-hfb-mobile-header-display":"","site-post-title":"","ast-breadcrumbs-content":"","ast-featured-img":"","footer-sml-layout":"","theme-transparent-header-meta":"default","adv-header-id-meta":"","stick-header-meta":"","header-above-stick-meta":"","header-main-stick-meta":"","header-below-stick-meta":"","astra-migrate-meta-layouts":"default","ast-page-background-enabled":"default","ast-page-background-meta":{"desktop":{"background-color":"","background-image":"","background-repeat":"repeat","background-position":"center center","background-size":"auto","background-attachment":"scroll","background-type":"","background-media":"","overlay-type":"","overlay-color":"","overlay-opacity":"","overlay-gradient":""},"tablet":{"background-color":"","background-image":"","background-repeat":"repeat","background-position":"center center","background-size":"auto","background-attachment":"scroll","background-type":"","background-media":"","overlay-type":"","overlay-color":"","overlay-opacity":"","overlay-gradient":""},"mobile":{"background-color":"","background-image":"","background-repeat":"repeat","background-position":"center center","background-size":"auto","background-attachment":"scroll","background-type":"","background-media":"","overlay-type":"","overlay-color":"","overlay-opacity":"","overlay-gradient":""}},"ast-content-background-meta":{"desktop":{"background-color":"var(--ast-global-color-5)","background-image":"","background-repeat":"repeat","background-position":"center center","background-size":"auto","background-attachment":"scroll","background-type":"","background-media":"","overlay-type":"","overlay-color":"","overlay-opacity":"","overlay-gradient":""},"tablet":{"background-color":"var(--ast-global-color-5)","background-image":"","background-repeat":"repeat","background-position":"center center","background-size":"auto","background-attachment":"scroll","background-type":"","background-media":"","overlay-type":"","overlay-color":"","overlay-opacity":"","overlay-gradient":""},"mobile":{"background-color":"var(--ast-global-color-5)","background-image":"","background-repeat":"repeat","background-position":"center center","background-size":"auto","background-attachment":"scroll","background-type":"","background-media":"","overlay-type":"","overlay-color":"","overlay-opacity":"","overlay-gradient":""}}},"product_brand":[],"product_cat":[43,33,150],"product_tag":[],"class_list":{"0":"post-3463","1":"product","2":"type-product","3":"status-publish","4":"has-post-thumbnail","6":"product_cat-disainiga-tooted","7":"product_cat-lastele","8":"product_cat-laste-t-sargid-disainiga","9":"pa_suurus-86-94","10":"pa_suurus-96-104","11":"pa_suurus-106-116","12":"pa_suurus-118-128","13":"pa_suurus-130-140","14":"pa_suurus-142-152","15":"pa_tehnoloogia-tikand","16":"pa_varv-valge","17":"desktop-align-left","18":"tablet-align-left","19":"mobile-align-left","21":"first","22":"instock","23":"taxable","24":"shipping-taxable","25":"purchasable","26":"product-type-simple"},"acf":[],"aioseo_notices":[],"_links":{"self":[{"href":"https:\/\/omakujustus.ee\/et\/wp-json\/wp\/v2\/product\/3463","targetHints":{"allow":["GET"]}}],"collection":[{"href":"https:\/\/omakujustus.ee\/et\/wp-json\/wp\/v2\/product"}],"about":[{"href":"https:\/\/omakujustus.ee\/et\/wp-json\/wp\/v2\/types\/product"}],"wp:featuredmedia":[{"embeddable":true,"href":"https:\/\/omakujustus.ee\/et\/wp-json\/wp\/v2\/media\/3523"}],"wp:attachment":[{"href":"https:\/\/omakujustus.ee\/et\/wp-json\/wp\/v2\/media?parent=3463"}],"wp:term":[{"taxonomy":"product_brand","embeddable":true,"href":"https:\/\/omakujustus.ee\/et\/wp-json\/wp\/v2\/product_brand?post=3463"},{"taxonomy":"product_cat","embeddable":true,"href":"https:\/\/omakujustus.ee\/et\/wp-json\/wp\/v2\/product_cat?post=3463"},{"taxonomy":"product_tag","embeddable":true,"href":"https:\/\/omakujustus.ee\/et\/wp-json\/wp\/v2\/product_tag?post=3463"}],"curies":[{"name":"wp","href":"https:\/\/api.w.org\/{rel}","templated":true}]}}