{"id":31911,"date":"2025-01-22T18:55:44","date_gmt":"2025-01-22T16:55:44","guid":{"rendered":"https:\/\/omakujustus.ee\/?post_type=product&#038;p=31911"},"modified":"2025-08-20T10:36:26","modified_gmt":"2025-08-20T08:36:26","slug":"humoorikas-sobrapaeva-t-sark-valentine-14-unisex-oversize-tee","status":"publish","type":"product","link":"https:\/\/omakujustus.ee\/et\/product\/humoorikas-sobrapaeva-t-sark-valentine-14-unisex-oversize-tee\/","title":{"rendered":"Humoorikas s\u00f5brap\u00e4eva t-s\u00e4rk Valentine 14, Unisex Oversize Tee"},"content":{"rendered":"<p>Humoorikas s\u00f5brap\u00e4eva t-s\u00e4rk tekstiga &#8220;FEBRUARY 14 BUT THERE&#8217;S NO 1 4 ME&#8221;.<br \/>\nTekst on t-s\u00e4rgile tikitud ja soovi korral saad niidi v\u00e4rvi ise valida, sisestades niidi kood v\u00f5i v\u00e4rv s\u00f5nadega \u00fcleval olevasse kastikesse.<\/p>\n<p>Tavap\u00e4rasest paksema kanga ja pikema l\u00f5ikega oversized t-s\u00e4rk, millel on eriti lai v\u00e4rvivalik.<br \/>\nT-s\u00e4rgil on on peene soonikuga \u00fcmar kaelus, \u00fcle \u00f5lgade ulatuv \u00f5la\u00f5mblus ja trendikas avar l\u00f5ige &#8211; t\u00e4ielik ikoon t\u00e4navar\u00f5ivastuses.<br \/>\nKuigi materjal on 240 g\/m\u00b2 paksusega, on see oversized t-s\u00e4rk \u00e4\u00e4rmiselt mugav t\u00e4nu oma venivusele.<\/p>\n<p><strong>Materjal<\/strong>: 100% puuvill<br \/>\n<strong>Materjali paksus:<\/strong> 240 g\/m\u00b2<\/p>\n<p><em>Oversized fit<\/em><\/p>\n<p><img loading=\"lazy\" decoding=\"async\" class=\"alignnone wp-image-15174\" src=\"https:\/\/omakujustus.ee\/wp-content\/uploads\/2024\/01\/size-moodud-300x114.jpg\" alt=\"\" width=\"411\" height=\"156\" srcset=\"https:\/\/omakujustus.ee\/wp-content\/uploads\/2024\/01\/size-moodud-300x114.jpg 300w, https:\/\/omakujustus.ee\/wp-content\/uploads\/2024\/01\/size-moodud-800x305.jpg 800w, https:\/\/omakujustus.ee\/wp-content\/uploads\/2024\/01\/size-moodud-64x24.jpg 64w, https:\/\/omakujustus.ee\/wp-content\/uploads\/2024\/01\/size-moodud-1024x391.jpg 1024w, https:\/\/omakujustus.ee\/wp-content\/uploads\/2024\/01\/size-moodud-768x293.jpg 768w, https:\/\/omakujustus.ee\/wp-content\/uploads\/2024\/01\/size-moodud-1536x586.jpg 1536w, https:\/\/omakujustus.ee\/wp-content\/uploads\/2024\/01\/size-moodud-18x7.jpg 18w, https:\/\/omakujustus.ee\/wp-content\/uploads\/2024\/01\/size-moodud.jpg 2000w\" sizes=\"auto, (max-width: 411px) 100vw, 411px\" \/><\/p>\n<table>\n<tbody>\n<tr>\n<td><b>Suurus<\/b><\/td>\n<td><b>XS<\/b><\/td>\n<td><b>S<\/b><\/td>\n<td><b>M<\/b><\/td>\n<td><b>L<\/b><\/td>\n<td><b>XL<\/b><\/td>\n<td><b>2XL<\/b><\/td>\n<td><b>3XL<\/b><\/td>\n<td><b>4XL<\/b><\/td>\n<td><b>5XL<\/b><\/td>\n<td><b>+\/-<\/b><\/td>\n<\/tr>\n<tr>\n<td><b>A\u00a0 \u00bd rind<\/b><\/td>\n<td><span style=\"font-weight: 400;\">54<\/span><\/td>\n<td><span style=\"font-weight: 400;\">57<\/span><\/td>\n<td><span style=\"font-weight: 400;\">60<\/span><\/td>\n<td><span style=\"font-weight: 400;\">63<\/span><\/td>\n<td><span style=\"font-weight: 400;\">66<\/span><\/td>\n<td><span style=\"font-weight: 400;\">69<\/span><\/td>\n<td><span style=\"font-weight: 400;\">73,5<\/span><\/td>\n<td><span style=\"font-weight: 400;\">78<\/span><\/td>\n<td><span style=\"font-weight: 400;\">82,5<\/span><\/td>\n<td><span style=\"font-weight: 400;\">1<\/span><\/td>\n<\/tr>\n<tr>\n<td><b>B pikkus<\/b><\/td>\n<td><span style=\"font-weight: 400;\">74<\/span><\/td>\n<td><span style=\"font-weight: 400;\">76<\/span><\/td>\n<td><span style=\"font-weight: 400;\">78<\/span><\/td>\n<td><span style=\"font-weight: 400;\">80<\/span><\/td>\n<td><span style=\"font-weight: 400;\">82<\/span><\/td>\n<td><span style=\"font-weight: 400;\">84<\/span><\/td>\n<td><span style=\"font-weight: 400;\">85,5<\/span><\/td>\n<td><span style=\"font-weight: 400;\">86,5<\/span><\/td>\n<td><span style=\"font-weight: 400;\">87,5<\/span><\/td>\n<td><span style=\"font-weight: 400;\">1<\/span><\/td>\n<\/tr>\n<tr>\n<td><b>H \u00bd alumine \u00e4\u00e4r<\/b><\/td>\n<td><span style=\"font-weight: 400;\">52<\/span><\/td>\n<td><span style=\"font-weight: 400;\">55<\/span><\/td>\n<td><span style=\"font-weight: 400;\">58<\/span><\/td>\n<td><span style=\"font-weight: 400;\">61<\/span><\/td>\n<td><span style=\"font-weight: 400;\">64<\/span><\/td>\n<td><span style=\"font-weight: 400;\">67<\/span><\/td>\n<td><span style=\"font-weight: 400;\">71,5<\/span><\/td>\n<td><span style=\"font-weight: 400;\">76<\/span><\/td>\n<td><span style=\"font-weight: 400;\">80,5<\/span><\/td>\n<td><span style=\"font-weight: 400;\">1<\/span><\/td>\n<\/tr>\n<\/tbody>\n<\/table>\n<p>&nbsp;<\/p>\n","protected":false},"excerpt":{"rendered":"<p>Humoorikas s\u00f5brap\u00e4eva t-s\u00e4rk tekstiga &#8220;FEBRUARY 14 BUT THERE&#8217;S NO 1 4 ME&#8221;.<\/p>\n","protected":false},"featured_media":32323,"template":"","meta":{"_acf_changed":false,"om_disable_all_campaigns":false,"_monsterinsights_skip_tracking":false,"_monsterinsights_sitenote_active":false,"_monsterinsights_sitenote_note":"","_monsterinsights_sitenote_category":0,"site-sidebar-layout":"default","site-content-layout":"default","ast-site-content-layout":"","site-content-style":"default","site-sidebar-style":"default","ast-global-header-display":"","ast-banner-title-visibility":"","ast-main-header-display":"","ast-hfb-above-header-display":"","ast-hfb-below-header-display":"","ast-hfb-mobile-header-display":"","site-post-title":"","ast-breadcrumbs-content":"","ast-featured-img":"","footer-sml-layout":"","theme-transparent-header-meta":"default","adv-header-id-meta":"","stick-header-meta":"","header-above-stick-meta":"","header-main-stick-meta":"","header-below-stick-meta":"","astra-migrate-meta-layouts":"default","ast-page-background-enabled":"default","ast-page-background-meta":{"desktop":{"background-color":"","background-image":"","background-repeat":"repeat","background-position":"center center","background-size":"auto","background-attachment":"scroll","background-type":"","background-media":"","overlay-type":"","overlay-color":"","overlay-opacity":"","overlay-gradient":""},"tablet":{"background-color":"","background-image":"","background-repeat":"repeat","background-position":"center center","background-size":"auto","background-attachment":"scroll","background-type":"","background-media":"","overlay-type":"","overlay-color":"","overlay-opacity":"","overlay-gradient":""},"mobile":{"background-color":"","background-image":"","background-repeat":"repeat","background-position":"center center","background-size":"auto","background-attachment":"scroll","background-type":"","background-media":"","overlay-type":"","overlay-color":"","overlay-opacity":"","overlay-gradient":""}},"ast-content-background-meta":{"desktop":{"background-color":"var(--ast-global-color-5)","background-image":"","background-repeat":"repeat","background-position":"center center","background-size":"auto","background-attachment":"scroll","background-type":"","background-media":"","overlay-type":"","overlay-color":"","overlay-opacity":"","overlay-gradient":""},"tablet":{"background-color":"var(--ast-global-color-5)","background-image":"","background-repeat":"repeat","background-position":"center center","background-size":"auto","background-attachment":"scroll","background-type":"","background-media":"","overlay-type":"","overlay-color":"","overlay-opacity":"","overlay-gradient":""},"mobile":{"background-color":"var(--ast-global-color-5)","background-image":"","background-repeat":"repeat","background-position":"center center","background-size":"auto","background-attachment":"scroll","background-type":"","background-media":"","overlay-type":"","overlay-color":"","overlay-opacity":"","overlay-gradient":""}}},"product_brand":[],"product_cat":[43,31,30,946,17],"product_tag":[],"class_list":{"0":"post-31911","1":"product","2":"type-product","3":"status-publish","4":"has-post-thumbnail","6":"product_cat-disainiga-tooted","7":"product_cat-meestele","8":"product_cat-naistele","9":"product_cat-tahtpaevad","10":"product_cat-unisex-disain","11":"pa_kaelus-umar-kaelus","12":"pa_kaised-luhikesed-kaised","13":"pa_materjal-puuvill","14":"pa_materjali-paksus-200-249-g-m","15":"pa_pikkus-pikem-loige","16":"pa_sugu-meeste","17":"pa_sugu-unisex","18":"pa_suurus-2xl","19":"pa_suurus-3xl","20":"pa_suurus-4xl","21":"pa_suurus-5xl","22":"pa_suurus-l","23":"pa_suurus-m","24":"pa_suurus-s","25":"pa_suurus-xl","26":"pa_suurus-xs","27":"pa_tegumood-oversized","28":"pa_toote-tuup-t-sark","29":"pa_varv-black","30":"pa_varv-blancwhite","31":"pa_varv-bottlegreen","32":"pa_varv-charcoal","33":"pa_varv-cobalt-blue","34":"pa_varv-darkblue","35":"pa_varv-darkgrey","36":"pa_varv-forgottenorange","37":"pa_varv-grey","38":"pa_varv-hibiskuspink","39":"pa_varv-light-asphalt","40":"pa_varv-lightasphalt","41":"pa_varv-lightgrey","42":"pa_varv-lightnavy","43":"pa_varv-navy","44":"pa_varv-olive","45":"pa_varv-softsalvia","46":"pa_varv-unionbeige","47":"pa_varv-wet-sand","48":"pa_varv-white","49":"desktop-align-left","50":"tablet-align-left","51":"mobile-align-left","53":"first","54":"instock","55":"taxable","56":"shipping-taxable","57":"purchasable","58":"product-type-variable","59":"has-default-attributes","60":"wvs-archive-product-wrapper"},"acf":[],"aioseo_notices":[],"_links":{"self":[{"href":"https:\/\/omakujustus.ee\/et\/wp-json\/wp\/v2\/product\/31911","targetHints":{"allow":["GET"]}}],"collection":[{"href":"https:\/\/omakujustus.ee\/et\/wp-json\/wp\/v2\/product"}],"about":[{"href":"https:\/\/omakujustus.ee\/et\/wp-json\/wp\/v2\/types\/product"}],"wp:featuredmedia":[{"embeddable":true,"href":"https:\/\/omakujustus.ee\/et\/wp-json\/wp\/v2\/media\/32323"}],"wp:attachment":[{"href":"https:\/\/omakujustus.ee\/et\/wp-json\/wp\/v2\/media?parent=31911"}],"wp:term":[{"taxonomy":"product_brand","embeddable":true,"href":"https:\/\/omakujustus.ee\/et\/wp-json\/wp\/v2\/product_brand?post=31911"},{"taxonomy":"product_cat","embeddable":true,"href":"https:\/\/omakujustus.ee\/et\/wp-json\/wp\/v2\/product_cat?post=31911"},{"taxonomy":"product_tag","embeddable":true,"href":"https:\/\/omakujustus.ee\/et\/wp-json\/wp\/v2\/product_tag?post=31911"}],"curies":[{"name":"wp","href":"https:\/\/api.w.org\/{rel}","templated":true}]}}