{"id":30454,"date":"2024-10-22T13:11:41","date_gmt":"2024-10-22T11:11:41","guid":{"rendered":"https:\/\/omakujustus.ee\/?post_type=product&#038;p=30454"},"modified":"2025-07-09T20:28:15","modified_gmt":"2025-07-09T18:28:15","slug":"laste-t-sark-halloween-this-is-some-boo-sheet","status":"publish","type":"product","link":"https:\/\/omakujustus.ee\/et\/product\/laste-t-sark-halloween-this-is-some-boo-sheet\/","title":{"rendered":"Laste t-s\u00e4rk Halloween &#8220;this is some boo sheet&#8221;"},"content":{"rendered":"<p>Classic-T laste t-s\u00e4rk on valmistatud puuvillast ning on klassikalise l\u00f5ikega sobides nii poistele kui t\u00fcdrukutele.<br \/>\nT-s\u00e4rk on disainitud ilma k\u00fclje\u00f5mblusteta.<\/p>\n<p><strong>Materjal<\/strong>: 100% puuvill (Grey Heather: 85% puuvill, 15% viskoos) (r\u00f5ngaskedratud ja kammitud)<br \/>\n<strong>Materjali paksus<\/strong>: 155 g\/m\u00b2<\/p>\n<p><img loading=\"lazy\" decoding=\"async\" class=\"alignnone wp-image-15174\" src=\"https:\/\/omakujustus.ee\/wp-content\/uploads\/2024\/01\/size-moodud-300x114.jpg\" alt=\"\" width=\"421\" height=\"160\" srcset=\"https:\/\/omakujustus.ee\/wp-content\/uploads\/2024\/01\/size-moodud-300x114.jpg 300w, https:\/\/omakujustus.ee\/wp-content\/uploads\/2024\/01\/size-moodud-800x305.jpg 800w, https:\/\/omakujustus.ee\/wp-content\/uploads\/2024\/01\/size-moodud-64x24.jpg 64w, https:\/\/omakujustus.ee\/wp-content\/uploads\/2024\/01\/size-moodud-1024x391.jpg 1024w, https:\/\/omakujustus.ee\/wp-content\/uploads\/2024\/01\/size-moodud-768x293.jpg 768w, https:\/\/omakujustus.ee\/wp-content\/uploads\/2024\/01\/size-moodud-1536x586.jpg 1536w, https:\/\/omakujustus.ee\/wp-content\/uploads\/2024\/01\/size-moodud-18x7.jpg 18w, https:\/\/omakujustus.ee\/wp-content\/uploads\/2024\/01\/size-moodud.jpg 2000w\" sizes=\"auto, (max-width: 421px) 100vw, 421px\" \/><\/p>\n<table>\n<tbody>\n<tr>\n<td><b>Suurus<\/b><\/td>\n<td>\n<p style=\"text-align: center;\"><b>3XS<\/b><\/p>\n<\/td>\n<td style=\"text-align: center;\"><b>2XS<\/b><\/td>\n<td style=\"text-align: center;\"><b>XS<\/b><\/td>\n<td style=\"text-align: center;\"><b>S<\/b><\/td>\n<td style=\"text-align: center;\"><b>M<\/b><\/td>\n<td style=\"text-align: center;\"><b>L<\/b><\/td>\n<td>\n<p style=\"text-align: center;\"><b>XL<\/b><\/p>\n<\/td>\n<\/tr>\n<tr>\n<td><b>A\u00a0 \u00bd rind<\/b><\/td>\n<td>\n<p style=\"text-align: center;\"><span style=\"font-weight: 400;\">30<\/span><\/p>\n<\/td>\n<td style=\"text-align: center;\"><span style=\"font-weight: 400;\">33<\/span><\/td>\n<td style=\"text-align: center;\"><span style=\"font-weight: 400;\">36<\/span><\/td>\n<td style=\"text-align: center;\"><span style=\"font-weight: 400;\">39<\/span><\/td>\n<td style=\"text-align: center;\"><span style=\"font-weight: 400;\">42<\/span><\/td>\n<td style=\"text-align: center;\"><span style=\"font-weight: 400;\">45<\/span><\/td>\n<td>\n<p style=\"text-align: center;\"><span style=\"font-weight: 400;\">48<\/span><\/p>\n<\/td>\n<\/tr>\n<tr>\n<td><b>B pikkus<\/b><\/td>\n<td>\n<p style=\"text-align: center;\"><span style=\"font-weight: 400;\">38<\/span><\/p>\n<\/td>\n<td style=\"text-align: center;\"><span style=\"font-weight: 400;\">42<\/span><\/td>\n<td style=\"text-align: center;\"><span style=\"font-weight: 400;\">44<\/span><\/td>\n<td style=\"text-align: center;\"><span style=\"font-weight: 400;\">50<\/span><\/td>\n<td style=\"text-align: center;\"><span style=\"font-weight: 400;\">54<\/span><\/td>\n<td style=\"text-align: center;\"><span style=\"font-weight: 400;\">60<\/span><\/td>\n<td>\n<p style=\"text-align: center;\"><span style=\"font-weight: 400;\">64<\/span><\/p>\n<\/td>\n<\/tr>\n<\/tbody>\n<\/table>\n<p>Regular fit<\/p>\n","protected":false},"excerpt":{"rendered":"<p>Laste t-s\u00e4rk Halloween &#8220;this is some boo sheet&#8221;<\/p>\n","protected":false},"featured_media":30451,"template":"","meta":{"_acf_changed":false,"om_disable_all_campaigns":false,"_monsterinsights_skip_tracking":false,"_monsterinsights_sitenote_active":false,"_monsterinsights_sitenote_note":"","_monsterinsights_sitenote_category":0,"site-sidebar-layout":"default","site-content-layout":"default","ast-site-content-layout":"","site-content-style":"default","site-sidebar-style":"default","ast-global-header-display":"","ast-banner-title-visibility":"","ast-main-header-display":"","ast-hfb-above-header-display":"","ast-hfb-below-header-display":"","ast-hfb-mobile-header-display":"","site-post-title":"","ast-breadcrumbs-content":"","ast-featured-img":"","footer-sml-layout":"","theme-transparent-header-meta":"default","adv-header-id-meta":"","stick-header-meta":"","header-above-stick-meta":"","header-main-stick-meta":"","header-below-stick-meta":"","astra-migrate-meta-layouts":"default","ast-page-background-enabled":"default","ast-page-background-meta":{"desktop":{"background-color":"","background-image":"","background-repeat":"repeat","background-position":"center center","background-size":"auto","background-attachment":"scroll","background-type":"","background-media":"","overlay-type":"","overlay-color":"","overlay-opacity":"","overlay-gradient":""},"tablet":{"background-color":"","background-image":"","background-repeat":"repeat","background-position":"center center","background-size":"auto","background-attachment":"scroll","background-type":"","background-media":"","overlay-type":"","overlay-color":"","overlay-opacity":"","overlay-gradient":""},"mobile":{"background-color":"","background-image":"","background-repeat":"repeat","background-position":"center center","background-size":"auto","background-attachment":"scroll","background-type":"","background-media":"","overlay-type":"","overlay-color":"","overlay-opacity":"","overlay-gradient":""}},"ast-content-background-meta":{"desktop":{"background-color":"var(--ast-global-color-5)","background-image":"","background-repeat":"repeat","background-position":"center center","background-size":"auto","background-attachment":"scroll","background-type":"","background-media":"","overlay-type":"","overlay-color":"","overlay-opacity":"","overlay-gradient":""},"tablet":{"background-color":"var(--ast-global-color-5)","background-image":"","background-repeat":"repeat","background-position":"center center","background-size":"auto","background-attachment":"scroll","background-type":"","background-media":"","overlay-type":"","overlay-color":"","overlay-opacity":"","overlay-gradient":""},"mobile":{"background-color":"var(--ast-global-color-5)","background-image":"","background-repeat":"repeat","background-position":"center center","background-size":"auto","background-attachment":"scroll","background-type":"","background-media":"","overlay-type":"","overlay-color":"","overlay-opacity":"","overlay-gradient":""}}},"product_brand":[],"product_cat":[43,150,33,946],"product_tag":[],"class_list":{"0":"post-30454","1":"product","2":"type-product","3":"status-publish","4":"has-post-thumbnail","6":"product_cat-disainiga-tooted","7":"product_cat-laste-t-sargid-disainiga","8":"product_cat-lastele","9":"product_cat-tahtpaevad","10":"pa_kaelus-umar-kaelus","11":"pa_kaised-luhikesed-kaised","12":"pa_materjal-puuvill","13":"pa_materjali-paksus-140-169-g-m","14":"pa_sugu-laste","15":"pa_suurus-2xs-98-104","16":"pa_suurus-3xs-86-92","17":"pa_suurus-l-146-152","18":"pa_suurus-m-134-140","19":"pa_suurus-s-122-128","20":"pa_suurus-xl-158-164","21":"pa_suurus-xs-110-116","22":"pa_tegumood-regular-fit","23":"pa_toote-tuup-t-sark","24":"pa_varv-grey-heather","25":"pa_varv-sweet-pink","26":"pa_varv-white","27":"desktop-align-left","28":"tablet-align-left","29":"mobile-align-left","31":"first","32":"instock","33":"taxable","34":"shipping-taxable","35":"purchasable","36":"product-type-variable","37":"has-default-attributes","38":"wvs-archive-product-wrapper"},"acf":[],"aioseo_notices":[],"_links":{"self":[{"href":"https:\/\/omakujustus.ee\/et\/wp-json\/wp\/v2\/product\/30454","targetHints":{"allow":["GET"]}}],"collection":[{"href":"https:\/\/omakujustus.ee\/et\/wp-json\/wp\/v2\/product"}],"about":[{"href":"https:\/\/omakujustus.ee\/et\/wp-json\/wp\/v2\/types\/product"}],"wp:featuredmedia":[{"embeddable":true,"href":"https:\/\/omakujustus.ee\/et\/wp-json\/wp\/v2\/media\/30451"}],"wp:attachment":[{"href":"https:\/\/omakujustus.ee\/et\/wp-json\/wp\/v2\/media?parent=30454"}],"wp:term":[{"taxonomy":"product_brand","embeddable":true,"href":"https:\/\/omakujustus.ee\/et\/wp-json\/wp\/v2\/product_brand?post=30454"},{"taxonomy":"product_cat","embeddable":true,"href":"https:\/\/omakujustus.ee\/et\/wp-json\/wp\/v2\/product_cat?post=30454"},{"taxonomy":"product_tag","embeddable":true,"href":"https:\/\/omakujustus.ee\/et\/wp-json\/wp\/v2\/product_tag?post=30454"}],"curies":[{"name":"wp","href":"https:\/\/api.w.org\/{rel}","templated":true}]}}