{"id":3036,"date":"2022-03-06T12:06:14","date_gmt":"2022-03-06T10:06:14","guid":{"rendered":"https:\/\/omakujustus.ee\/?post_type=product&#038;p=3036"},"modified":"2025-07-09T20:28:28","modified_gmt":"2025-07-09T18:28:28","slug":"stoputin-t-sark-naistele","status":"publish","type":"product","link":"https:\/\/omakujustus.ee\/et\/product\/stoputin-t-sark-naistele\/","title":{"rendered":"STOPUTIN Ukraina t-s\u00e4rk naistele \ud83c\uddfa\ud83c\udde6"},"content":{"rendered":"<p>\u00dcmara kaelusega, klassikalise l\u00f5ikega puuvillane T-s\u00e4rk.<span style=\"font-size: 16px; font-style: normal; font-weight: 400;\">Kaelus on tugevdatud ning sisaldab elastaani.<\/span><br \/>\nNaiste mudel on kergelt taljes l\u00f5ikega, kui oled suuruste vahel, soovitame valida suurema suuruse.<\/p>\n<p>Materjal: 100% puuvill<br \/>\nMaterjali paksus: 150 gr\/m\u00b2<\/p>\n<p><img loading=\"lazy\" decoding=\"async\" class=\"alignnone wp-image-15174\" src=\"https:\/\/omakujustus.ee\/wp-content\/uploads\/2024\/01\/size-moodud-300x114.jpg\" alt=\"\" width=\"400\" height=\"152\" srcset=\"https:\/\/omakujustus.ee\/wp-content\/uploads\/2024\/01\/size-moodud-300x114.jpg 300w, https:\/\/omakujustus.ee\/wp-content\/uploads\/2024\/01\/size-moodud-800x305.jpg 800w, https:\/\/omakujustus.ee\/wp-content\/uploads\/2024\/01\/size-moodud-64x24.jpg 64w, https:\/\/omakujustus.ee\/wp-content\/uploads\/2024\/01\/size-moodud-1024x391.jpg 1024w, https:\/\/omakujustus.ee\/wp-content\/uploads\/2024\/01\/size-moodud-768x293.jpg 768w, https:\/\/omakujustus.ee\/wp-content\/uploads\/2024\/01\/size-moodud-1536x586.jpg 1536w, https:\/\/omakujustus.ee\/wp-content\/uploads\/2024\/01\/size-moodud-18x7.jpg 18w, https:\/\/omakujustus.ee\/wp-content\/uploads\/2024\/01\/size-moodud.jpg 2000w\" sizes=\"auto, (max-width: 400px) 100vw, 400px\" \/><\/p>\n<div class=\"wrapper-taille margin-bottom15\">\n<div class=\"scrolling-table\">\n<div class=\"wrapper-taille margin-bottom15\">\n<div>\n<table>\n<tbody>\n<tr>\n<td><b>Suurus<\/b><\/td>\n<td><b>S<\/b><\/td>\n<td><b>M<\/b><\/td>\n<td><b>L<\/b><\/td>\n<td><b>XL<\/b><\/td>\n<td><b>2XL<\/b><\/td>\n<\/tr>\n<tr>\n<td><b>A rind<\/b><\/td>\n<td><b>41<\/b><\/td>\n<td><b>44<\/b><\/td>\n<td><b>47<\/b><\/td>\n<td><b>50<\/b><\/td>\n<td><b>53<\/b><\/td>\n<\/tr>\n<tr>\n<td><b>B pikkus<\/b><\/td>\n<td><b>61<\/b><\/td>\n<td><b>63<\/b><\/td>\n<td><b>65<\/b><\/td>\n<td><b>67<\/b><\/td>\n<td><b>69<\/b><\/td>\n<\/tr>\n<\/tbody>\n<\/table>\n<\/div>\n<\/div>\n<\/div>\n<\/div>\n","protected":false},"excerpt":{"rendered":"<p><span style=\"font-size: 16px; font-style: normal; font-weight: 400;\">&#8220;STOPUTIN&#8221; <\/span><span style=\"font-size: 16px; font-style: normal; font-weight: 400;\">tekstiga <\/span><span style=\"font-size: 16px; font-style: normal; font-weight: 400;\">Ukraina<\/span><span style=\"font-size: 16px; font-style: normal; font-weight: 400;\">\u00a0<\/span><span style=\"font-size: 16px;\">t-s\u00e4rk naistele. <\/span><span style=\"font-size: 16px;\">Disain: Laius 21cm, k\u00f5rgus 4cm. Kiri on paksema brick materjaliga, mis j\u00e4\u00e4b s\u00e4rgil reljeefne.<\/span><\/p>\n<p>Meeste t-s\u00e4rki vaata<span style=\"color: #0000ff;\"><a style=\"color: #0000ff;\" href=\"https:\/\/omakujustus.ee\/product\/stoputin-t-sark-meestele\/\"> siit<\/a><\/span>.<\/p>\n<p><span style=\"color: #0000ff;\"><strong>IGALT OSTETUD S\u00c4RGILT edastame 5\u20ac Ukraina elanike toetuseks l\u00e4bi Eesti Punane Rist MT\u00dc, EE742200001180001436.<\/strong> \ud83d\udc99\ud83d\udc9b<\/span><\/p>\n","protected":false},"featured_media":3019,"template":"","meta":{"_acf_changed":false,"om_disable_all_campaigns":false,"_monsterinsights_skip_tracking":false,"_monsterinsights_sitenote_active":false,"_monsterinsights_sitenote_note":"","_monsterinsights_sitenote_category":0,"site-sidebar-layout":"default","site-content-layout":"default","ast-site-content-layout":"","site-content-style":"default","site-sidebar-style":"default","ast-global-header-display":"","ast-banner-title-visibility":"","ast-main-header-display":"","ast-hfb-above-header-display":"","ast-hfb-below-header-display":"","ast-hfb-mobile-header-display":"","site-post-title":"","ast-breadcrumbs-content":"","ast-featured-img":"","footer-sml-layout":"","theme-transparent-header-meta":"default","adv-header-id-meta":"","stick-header-meta":"","header-above-stick-meta":"","header-main-stick-meta":"","header-below-stick-meta":"","astra-migrate-meta-layouts":"default","ast-page-background-enabled":"default","ast-page-background-meta":{"desktop":{"background-color":"","background-image":"","background-repeat":"repeat","background-position":"center center","background-size":"auto","background-attachment":"scroll","background-type":"","background-media":"","overlay-type":"","overlay-color":"","overlay-opacity":"","overlay-gradient":""},"tablet":{"background-color":"","background-image":"","background-repeat":"repeat","background-position":"center center","background-size":"auto","background-attachment":"scroll","background-type":"","background-media":"","overlay-type":"","overlay-color":"","overlay-opacity":"","overlay-gradient":""},"mobile":{"background-color":"","background-image":"","background-repeat":"repeat","background-position":"center center","background-size":"auto","background-attachment":"scroll","background-type":"","background-media":"","overlay-type":"","overlay-color":"","overlay-opacity":"","overlay-gradient":""}},"ast-content-background-meta":{"desktop":{"background-color":"var(--ast-global-color-5)","background-image":"","background-repeat":"repeat","background-position":"center center","background-size":"auto","background-attachment":"scroll","background-type":"","background-media":"","overlay-type":"","overlay-color":"","overlay-opacity":"","overlay-gradient":""},"tablet":{"background-color":"var(--ast-global-color-5)","background-image":"","background-repeat":"repeat","background-position":"center center","background-size":"auto","background-attachment":"scroll","background-type":"","background-media":"","overlay-type":"","overlay-color":"","overlay-opacity":"","overlay-gradient":""},"mobile":{"background-color":"var(--ast-global-color-5)","background-image":"","background-repeat":"repeat","background-position":"center center","background-size":"auto","background-attachment":"scroll","background-type":"","background-media":"","overlay-type":"","overlay-color":"","overlay-opacity":"","overlay-gradient":""}}},"product_brand":[],"product_cat":[43,30],"product_tag":[],"class_list":{"0":"post-3036","1":"product","2":"type-product","3":"status-publish","4":"has-post-thumbnail","6":"product_cat-disainiga-tooted","7":"product_cat-naistele","8":"pa_sugu-naiste","9":"pa_suurus-l","10":"pa_suurus-m","11":"pa_suurus-s","12":"pa_suurus-xl","13":"pa_suurus-xxl","14":"pa_tehnoloogia-presstrukk","15":"pa_trukk-brick","16":"pa_varv-must","17":"pa_varv-valge","18":"desktop-align-left","19":"tablet-align-left","20":"mobile-align-left","22":"first","23":"instock","24":"taxable","25":"shipping-taxable","26":"purchasable","27":"product-type-simple"},"acf":[],"aioseo_notices":[],"_links":{"self":[{"href":"https:\/\/omakujustus.ee\/et\/wp-json\/wp\/v2\/product\/3036","targetHints":{"allow":["GET"]}}],"collection":[{"href":"https:\/\/omakujustus.ee\/et\/wp-json\/wp\/v2\/product"}],"about":[{"href":"https:\/\/omakujustus.ee\/et\/wp-json\/wp\/v2\/types\/product"}],"wp:featuredmedia":[{"embeddable":true,"href":"https:\/\/omakujustus.ee\/et\/wp-json\/wp\/v2\/media\/3019"}],"wp:attachment":[{"href":"https:\/\/omakujustus.ee\/et\/wp-json\/wp\/v2\/media?parent=3036"}],"wp:term":[{"taxonomy":"product_brand","embeddable":true,"href":"https:\/\/omakujustus.ee\/et\/wp-json\/wp\/v2\/product_brand?post=3036"},{"taxonomy":"product_cat","embeddable":true,"href":"https:\/\/omakujustus.ee\/et\/wp-json\/wp\/v2\/product_cat?post=3036"},{"taxonomy":"product_tag","embeddable":true,"href":"https:\/\/omakujustus.ee\/et\/wp-json\/wp\/v2\/product_tag?post=3036"}],"curies":[{"name":"wp","href":"https:\/\/api.w.org\/{rel}","templated":true}]}}