{"id":29996,"date":"2021-12-06T19:03:11","date_gmt":"2021-12-06T17:03:11","guid":{"rendered":"https:\/\/omakujustus.ee\/?post_type=product&#038;p=29996"},"modified":"2025-07-09T20:28:29","modified_gmt":"2025-07-09T18:28:29","slug":"tissid","status":"publish","type":"product","link":"https:\/\/omakujustus.ee\/et\/product\/tissid\/","title":{"rendered":"TISSID T-s\u00e4rk naistele"},"content":{"rendered":"<p>Neile, kes huumorist lugu peavad, oleme loonud TISSID tekstiga t-s\u00e4rgi, mis sobib ideaalselt komplektina <a href=\"https:\/\/omakujustus.ee\/product\/issi\/\"><span style=\"text-decoration: underline;\"><strong>issi s\u00e4rgiga<\/strong><\/span><\/a>.<\/p>\n<p>T-s\u00e4rk #E190 on valmistatud 100% puuvillast, naste mudel on tegumoelt kergelt taljes ja k\u00fclje\u00f5mblustega, unisex mudel on klassikalise l\u00f5ikega ning ilma k\u00fclje\u00f5mblusteta.<\/p>\n<p><strong>Materjal<\/strong>: 100% puuvill<br \/>\n<strong>Materjali paksus<\/strong>: 185 g\/m\u00b2<\/p>\n<p><img loading=\"lazy\" decoding=\"async\" class=\"alignnone wp-image-15174\" src=\"https:\/\/omakujustus.ee\/wp-content\/uploads\/2024\/01\/size-moodud-300x114.jpg\" alt=\"\" width=\"400\" height=\"152\" srcset=\"https:\/\/omakujustus.ee\/wp-content\/uploads\/2024\/01\/size-moodud-300x114.jpg 300w, https:\/\/omakujustus.ee\/wp-content\/uploads\/2024\/01\/size-moodud-800x305.jpg 800w, https:\/\/omakujustus.ee\/wp-content\/uploads\/2024\/01\/size-moodud-64x24.jpg 64w, https:\/\/omakujustus.ee\/wp-content\/uploads\/2024\/01\/size-moodud-1024x391.jpg 1024w, https:\/\/omakujustus.ee\/wp-content\/uploads\/2024\/01\/size-moodud-768x293.jpg 768w, https:\/\/omakujustus.ee\/wp-content\/uploads\/2024\/01\/size-moodud-1536x586.jpg 1536w, https:\/\/omakujustus.ee\/wp-content\/uploads\/2024\/01\/size-moodud-18x7.jpg 18w, https:\/\/omakujustus.ee\/wp-content\/uploads\/2024\/01\/size-moodud.jpg 2000w\" sizes=\"auto, (max-width: 400px) 100vw, 400px\" \/><\/p>\n<div class=\"wrapper-taille margin-bottom15\">\n<div class=\"scrolling-table\">\n<div class=\"wrapper-taille margin-bottom15\">\n<div class=\"scrolling-table\">Naiste mudeli <span style=\"font-size: 16px;\">m\u00f5\u00f5dud<\/span>:<\/div>\n<table>\n<tbody>\n<tr>\n<td><b>Suurus<\/b><\/td>\n<td><b>XS<\/b><\/td>\n<td><b>S<\/b><\/td>\n<td><b>M<\/b><\/td>\n<td><b>L<\/b><\/td>\n<td><b>XL<\/b><\/td>\n<td><b>2XL<\/b><\/td>\n<td><b>3XL<\/b><\/td>\n<\/tr>\n<tr>\n<td><b>A\u00a0 \u00bd rind<\/b><\/td>\n<td><span style=\"font-weight: 400;\">41<\/span><\/td>\n<td><span style=\"font-weight: 400;\">44<\/span><\/td>\n<td><span style=\"font-weight: 400;\">47<\/span><\/td>\n<td><span style=\"font-weight: 400;\">50<\/span><\/td>\n<td><span style=\"font-weight: 400;\">53<\/span><\/td>\n<td><span style=\"font-weight: 400;\">56<\/span><\/td>\n<td><span style=\"font-weight: 400;\">59<\/span><\/td>\n<\/tr>\n<tr>\n<td><b>B Pikkus<\/b><\/td>\n<td><span style=\"font-weight: 400;\">58<\/span><\/td>\n<td><span style=\"font-weight: 400;\">60<\/span><\/td>\n<td><span style=\"font-weight: 400;\">62<\/span><\/td>\n<td><span style=\"font-weight: 400;\">64<\/span><\/td>\n<td><span style=\"font-weight: 400;\">66<\/span><\/td>\n<td><span style=\"font-weight: 400;\">68<\/span><\/td>\n<td><span style=\"font-weight: 400;\">70<\/span><\/td>\n<\/tr>\n<\/tbody>\n<\/table>\n<div class=\"scrolling-table\"><span style=\"font-size: 16px;\">Unisex mudeli m\u00f5\u00f5dud:<\/span><\/div>\n<div>\n<table>\n<tbody>\n<tr>\n<td><b>Suurus<\/b><\/td>\n<td><b>S<\/b><\/td>\n<td><b>M<\/b><\/td>\n<td><b>L<\/b><\/td>\n<td><b>XL<\/b><\/td>\n<td><b>2XL<\/b><\/td>\n<\/tr>\n<tr>\n<td><b>A rind<\/b><\/td>\n<td><b>50<\/b><\/td>\n<td><b>53<\/b><\/td>\n<td><b>56<\/b><\/td>\n<td><b>59<\/b><\/td>\n<td><b>62<\/b><\/td>\n<\/tr>\n<tr>\n<td><b>B pikkus<\/b><\/td>\n<td><b>70<\/b><\/td>\n<td><b>72<\/b><\/td>\n<td><b>74<\/b><\/td>\n<td><b>76<\/b><\/td>\n<td><b>78<\/b><\/td>\n<\/tr>\n<\/tbody>\n<\/table>\n<\/div>\n<\/div>\n<\/div>\n<\/div>\n<div class=\"wrapper-taille margin-bottom15\"><\/div>\n","protected":false},"excerpt":{"rendered":"<p>Humoorikas TISSID tekstiga t-s\u00e4rk naistele, sobib komplektina <a href=\"https:\/\/omakujustus.ee\/product\/issi\/\"><span style=\"text-decoration: underline;\"><strong>issi pluusiga<\/strong><\/span><\/a>.<\/p>\n","protected":false},"featured_media":3717,"template":"","meta":{"_acf_changed":false,"om_disable_all_campaigns":false,"_monsterinsights_skip_tracking":false,"_monsterinsights_sitenote_active":false,"_monsterinsights_sitenote_note":"","_monsterinsights_sitenote_category":0,"site-sidebar-layout":"default","site-content-layout":"default","ast-site-content-layout":"","site-content-style":"default","site-sidebar-style":"default","ast-global-header-display":"","ast-banner-title-visibility":"","ast-main-header-display":"","ast-hfb-above-header-display":"","ast-hfb-below-header-display":"","ast-hfb-mobile-header-display":"","site-post-title":"","ast-breadcrumbs-content":"","ast-featured-img":"","footer-sml-layout":"","theme-transparent-header-meta":"default","adv-header-id-meta":"","stick-header-meta":"","header-above-stick-meta":"","header-main-stick-meta":"","header-below-stick-meta":"","astra-migrate-meta-layouts":"default","ast-page-background-enabled":"default","ast-page-background-meta":{"desktop":{"background-color":"","background-image":"","background-repeat":"repeat","background-position":"center center","background-size":"auto","background-attachment":"scroll","background-type":"","background-media":"","overlay-type":"","overlay-color":"","overlay-opacity":"","overlay-gradient":""},"tablet":{"background-color":"","background-image":"","background-repeat":"repeat","background-position":"center center","background-size":"auto","background-attachment":"scroll","background-type":"","background-media":"","overlay-type":"","overlay-color":"","overlay-opacity":"","overlay-gradient":""},"mobile":{"background-color":"","background-image":"","background-repeat":"repeat","background-position":"center center","background-size":"auto","background-attachment":"scroll","background-type":"","background-media":"","overlay-type":"","overlay-color":"","overlay-opacity":"","overlay-gradient":""}},"ast-content-background-meta":{"desktop":{"background-color":"var(--ast-global-color-5)","background-image":"","background-repeat":"repeat","background-position":"center center","background-size":"auto","background-attachment":"scroll","background-type":"","background-media":"","overlay-type":"","overlay-color":"","overlay-opacity":"","overlay-gradient":""},"tablet":{"background-color":"var(--ast-global-color-5)","background-image":"","background-repeat":"repeat","background-position":"center center","background-size":"auto","background-attachment":"scroll","background-type":"","background-media":"","overlay-type":"","overlay-color":"","overlay-opacity":"","overlay-gradient":""},"mobile":{"background-color":"var(--ast-global-color-5)","background-image":"","background-repeat":"repeat","background-position":"center center","background-size":"auto","background-attachment":"scroll","background-type":"","background-media":"","overlay-type":"","overlay-color":"","overlay-opacity":"","overlay-gradient":""}}},"product_brand":[],"product_cat":[30,946],"product_tag":[],"class_list":{"0":"post-29996","1":"product","2":"type-product","3":"status-publish","4":"has-post-thumbnail","6":"product_cat-naistele","7":"product_cat-tahtpaevad","8":"pa_kaelus-umar-kaelus","9":"pa_kaised-luhikesed-kaised","10":"pa_materjal-puuvill","11":"pa_materjali-paksus-170-199-g-m","12":"pa_sugu-naiste","13":"pa_sugu-unisex","14":"pa_suurus-2xl","15":"pa_suurus-3xl","16":"pa_suurus-l","17":"pa_suurus-m","18":"pa_suurus-s","19":"pa_suurus-xl","20":"pa_suurus-xs","21":"pa_tegumood-regular-fit","22":"pa_toote-tuup-t-sark","23":"pa_trukk-brick","24":"pa_trukk-klassikaline-matt","25":"pa_varv-black","26":"desktop-align-left","27":"tablet-align-left","28":"mobile-align-left","30":"first","31":"instock","32":"taxable","33":"shipping-taxable","34":"purchasable","35":"product-type-variable","36":"has-default-attributes","37":"wvs-archive-product-wrapper"},"acf":[],"aioseo_notices":[],"_links":{"self":[{"href":"https:\/\/omakujustus.ee\/et\/wp-json\/wp\/v2\/product\/29996","targetHints":{"allow":["GET"]}}],"collection":[{"href":"https:\/\/omakujustus.ee\/et\/wp-json\/wp\/v2\/product"}],"about":[{"href":"https:\/\/omakujustus.ee\/et\/wp-json\/wp\/v2\/types\/product"}],"wp:featuredmedia":[{"embeddable":true,"href":"https:\/\/omakujustus.ee\/et\/wp-json\/wp\/v2\/media\/3717"}],"wp:attachment":[{"href":"https:\/\/omakujustus.ee\/et\/wp-json\/wp\/v2\/media?parent=29996"}],"wp:term":[{"taxonomy":"product_brand","embeddable":true,"href":"https:\/\/omakujustus.ee\/et\/wp-json\/wp\/v2\/product_brand?post=29996"},{"taxonomy":"product_cat","embeddable":true,"href":"https:\/\/omakujustus.ee\/et\/wp-json\/wp\/v2\/product_cat?post=29996"},{"taxonomy":"product_tag","embeddable":true,"href":"https:\/\/omakujustus.ee\/et\/wp-json\/wp\/v2\/product_tag?post=29996"}],"curies":[{"name":"wp","href":"https:\/\/api.w.org\/{rel}","templated":true}]}}