{"id":29667,"date":"2021-12-06T18:49:44","date_gmt":"2021-12-06T16:49:44","guid":{"rendered":"https:\/\/omakujustus.ee\/?post_type=product&#038;p=29667"},"modified":"2025-11-17T15:28:57","modified_gmt":"2025-11-17T13:28:57","slug":"issi","status":"publish","type":"product","link":"https:\/\/omakujustus.ee\/et\/product\/issi\/","title":{"rendered":"ISSI t-s\u00e4rk isadep\u00e4evaks"},"content":{"rendered":"<p>Armas t-s\u00e4rk isadep\u00e4evaks v\u00f5i tore \u00fcllatus tulevasele isale. Sobib ideaalselt komplektina humoorika <span style=\"text-decoration: underline;\"><a href=\"https:\/\/omakujustus.ee\/et\/product\/tissid\/\"><strong>tissid s\u00e4rgiga<\/strong>.<\/a><\/span><\/p>\n<p>Disaini on v\u00f5imalik valida kahes variandis, klassikaline valge tr\u00fckk v\u00f5i stiilse 0.6mm paksuse brick materjaliga, mis annab kerge 3D efekti.<\/p>\n<p>Meeste t-s\u00e4rk #E190 on valmistatud 100% puuvillast ja tegumoelt klassikalise l\u00f5ikega.<br \/>\nT-s\u00e4rk on disainitud ilma k\u00fclje\u00f5mblusteta.<\/p>\n<p><strong>Materjal<\/strong>: 100% puuvill<br \/>\n<strong>Materjali paksus<\/strong>: 185 g\/m\u00b2<\/p>\n<p><img loading=\"lazy\" decoding=\"async\" class=\"alignnone wp-image-15174\" src=\"https:\/\/omakujustus.ee\/wp-content\/uploads\/2024\/01\/size-moodud-300x114.jpg\" alt=\"\" width=\"447\" height=\"170\" srcset=\"https:\/\/omakujustus.ee\/wp-content\/uploads\/2024\/01\/size-moodud-300x114.jpg 300w, https:\/\/omakujustus.ee\/wp-content\/uploads\/2024\/01\/size-moodud-800x305.jpg 800w, https:\/\/omakujustus.ee\/wp-content\/uploads\/2024\/01\/size-moodud-64x24.jpg 64w, https:\/\/omakujustus.ee\/wp-content\/uploads\/2024\/01\/size-moodud-1024x391.jpg 1024w, https:\/\/omakujustus.ee\/wp-content\/uploads\/2024\/01\/size-moodud-768x293.jpg 768w, https:\/\/omakujustus.ee\/wp-content\/uploads\/2024\/01\/size-moodud-1536x586.jpg 1536w, https:\/\/omakujustus.ee\/wp-content\/uploads\/2024\/01\/size-moodud-18x7.jpg 18w, https:\/\/omakujustus.ee\/wp-content\/uploads\/2024\/01\/size-moodud.jpg 2000w\" sizes=\"auto, (max-width: 447px) 100vw, 447px\" \/><\/p>\n<table>\n<tbody>\n<tr>\n<td><b>Suurus<\/b><\/td>\n<td><b>XS<\/b><\/td>\n<td><b>S<\/b><\/td>\n<td><b>M<\/b><\/td>\n<td><b>L<\/b><\/td>\n<td><b>XL<\/b><\/td>\n<td><b>2XL<\/b><\/td>\n<td><b>3XL<\/b><\/td>\n<td><b>4XL<\/b><\/td>\n<td><b>5XL<\/b><\/td>\n<\/tr>\n<tr>\n<td><b>A\u00a0 \u00bd rind<\/b><\/td>\n<td><span style=\"font-weight: 400;\">47<\/span><\/td>\n<td><span style=\"font-weight: 400;\">50<\/span><\/td>\n<td><span style=\"font-weight: 400;\">53<\/span><\/td>\n<td><span style=\"font-weight: 400;\">56<\/span><\/td>\n<td><span style=\"font-weight: 400;\">59<\/span><\/td>\n<td><span style=\"font-weight: 400;\">62<\/span><\/td>\n<td><span style=\"font-weight: 400;\">65<\/span><\/td>\n<td><span style=\"font-weight: 400;\">70<\/span><\/td>\n<td><span style=\"font-weight: 400;\">75<\/span><\/td>\n<\/tr>\n<tr>\n<td><b>B Pikkus<\/b><\/td>\n<td><span style=\"font-weight: 400;\">68<\/span><\/td>\n<td><span style=\"font-weight: 400;\">70<\/span><\/td>\n<td><span style=\"font-weight: 400;\">72<\/span><\/td>\n<td><span style=\"font-weight: 400;\">74<\/span><\/td>\n<td><span style=\"font-weight: 400;\">76<\/span><\/td>\n<td><span style=\"font-weight: 400;\">78<\/span><\/td>\n<td><span style=\"font-weight: 400;\">80<\/span><\/td>\n<td><span style=\"font-weight: 400;\">82<\/span><\/td>\n<td><span style=\"font-weight: 400;\">84<\/span><\/td>\n<\/tr>\n<\/tbody>\n<\/table>\n<p><em>Regular fit<\/em><\/p>\n","protected":false},"excerpt":{"rendered":"<p>Armas t-s\u00e4rk isadep\u00e4evaks v\u00f5i tore \u00fcllatus tulevasele isale. Sobib komplektina humoorika <span style=\"text-decoration: underline;\"><a href=\"https:\/\/omakujustus.ee\/et\/product\/tissid\/\"><strong>tissid pluusiga<\/strong>.<\/a><\/span><\/p>\n","protected":false},"featured_media":11982,"template":"","meta":{"_acf_changed":false,"om_disable_all_campaigns":false,"_monsterinsights_skip_tracking":false,"_monsterinsights_sitenote_active":false,"_monsterinsights_sitenote_note":"","_monsterinsights_sitenote_category":0,"site-sidebar-layout":"default","site-content-layout":"default","ast-site-content-layout":"default","site-content-style":"default","site-sidebar-style":"default","ast-global-header-display":"","ast-banner-title-visibility":"","ast-main-header-display":"","ast-hfb-above-header-display":"","ast-hfb-below-header-display":"","ast-hfb-mobile-header-display":"","site-post-title":"","ast-breadcrumbs-content":"","ast-featured-img":"","footer-sml-layout":"","theme-transparent-header-meta":"default","adv-header-id-meta":"","stick-header-meta":"","header-above-stick-meta":"","header-main-stick-meta":"","header-below-stick-meta":"","astra-migrate-meta-layouts":"set","ast-page-background-enabled":"default","ast-page-background-meta":{"desktop":{"background-color":"","background-image":"","background-repeat":"repeat","background-position":"center center","background-size":"auto","background-attachment":"scroll","background-type":"","background-media":"","overlay-type":"","overlay-color":"","overlay-opacity":"","overlay-gradient":""},"tablet":{"background-color":"","background-image":"","background-repeat":"repeat","background-position":"center center","background-size":"auto","background-attachment":"scroll","background-type":"","background-media":"","overlay-type":"","overlay-color":"","overlay-opacity":"","overlay-gradient":""},"mobile":{"background-color":"","background-image":"","background-repeat":"repeat","background-position":"center center","background-size":"auto","background-attachment":"scroll","background-type":"","background-media":"","overlay-type":"","overlay-color":"","overlay-opacity":"","overlay-gradient":""}},"ast-content-background-meta":{"desktop":{"background-color":"var(--ast-global-color-5)","background-image":"","background-repeat":"repeat","background-position":"center center","background-size":"auto","background-attachment":"scroll","background-type":"","background-media":"","overlay-type":"","overlay-color":"","overlay-opacity":"","overlay-gradient":""},"tablet":{"background-color":"var(--ast-global-color-5)","background-image":"","background-repeat":"repeat","background-position":"center center","background-size":"auto","background-attachment":"scroll","background-type":"","background-media":"","overlay-type":"","overlay-color":"","overlay-opacity":"","overlay-gradient":""},"mobile":{"background-color":"var(--ast-global-color-5)","background-image":"","background-repeat":"repeat","background-position":"center center","background-size":"auto","background-attachment":"scroll","background-type":"","background-media":"","overlay-type":"","overlay-color":"","overlay-opacity":"","overlay-gradient":""}}},"product_brand":[],"product_cat":[31,946],"product_tag":[],"class_list":{"0":"post-29667","1":"product","2":"type-product","3":"status-publish","4":"has-post-thumbnail","6":"product_cat-meestele","7":"product_cat-tahtpaevad","8":"pa_kaelus-umar-kaelus","9":"pa_kaised-luhikesed-kaised","10":"pa_materjal-puuvill","11":"pa_materjali-paksus-170-199-g-m","12":"pa_sugu-meeste","13":"pa_sugu-unisex","14":"pa_suurus-2xl","15":"pa_suurus-3xl","16":"pa_suurus-4xl","17":"pa_suurus-5xl","18":"pa_suurus-l","19":"pa_suurus-m","20":"pa_suurus-s","21":"pa_suurus-xl","22":"pa_suurus-xs","23":"pa_tegumood-regular-fit","24":"pa_toote-tuup-t-sark","25":"pa_trukk-brick","26":"pa_trukk-klassikaline-matt","27":"pa_varv-black","28":"pa_varv-white","29":"desktop-align-left","30":"tablet-align-left","31":"mobile-align-left","33":"first","34":"instock","35":"featured","36":"taxable","37":"shipping-taxable","38":"purchasable","39":"product-type-variable","40":"has-default-attributes","41":"wvs-archive-product-wrapper"},"acf":[],"aioseo_notices":[],"_links":{"self":[{"href":"https:\/\/omakujustus.ee\/et\/wp-json\/wp\/v2\/product\/29667","targetHints":{"allow":["GET"]}}],"collection":[{"href":"https:\/\/omakujustus.ee\/et\/wp-json\/wp\/v2\/product"}],"about":[{"href":"https:\/\/omakujustus.ee\/et\/wp-json\/wp\/v2\/types\/product"}],"wp:featuredmedia":[{"embeddable":true,"href":"https:\/\/omakujustus.ee\/et\/wp-json\/wp\/v2\/media\/11982"}],"wp:attachment":[{"href":"https:\/\/omakujustus.ee\/et\/wp-json\/wp\/v2\/media?parent=29667"}],"wp:term":[{"taxonomy":"product_brand","embeddable":true,"href":"https:\/\/omakujustus.ee\/et\/wp-json\/wp\/v2\/product_brand?post=29667"},{"taxonomy":"product_cat","embeddable":true,"href":"https:\/\/omakujustus.ee\/et\/wp-json\/wp\/v2\/product_cat?post=29667"},{"taxonomy":"product_tag","embeddable":true,"href":"https:\/\/omakujustus.ee\/et\/wp-json\/wp\/v2\/product_tag?post=29667"}],"curies":[{"name":"wp","href":"https:\/\/api.w.org\/{rel}","templated":true}]}}