{"id":29119,"date":"2024-10-04T18:51:05","date_gmt":"2024-10-04T16:51:05","guid":{"rendered":"https:\/\/omakujustus.ee\/product\/klassikalise-loikega-naiste-t-sark-e190\/"},"modified":"2025-10-15T15:16:44","modified_gmt":"2025-10-15T13:16:44","slug":"klassikalise-loikega-naiste-t-sark-e190","status":"publish","type":"product","link":"https:\/\/omakujustus.ee\/et\/product\/klassikalise-loikega-naiste-t-sark-e190\/","title":{"rendered":"Klassikalise l\u00f5ikega naiste t-s\u00e4rk #E190"},"content":{"rendered":"<p>Naiste t-s\u00e4rk #E190 on valmistatud puuvillast ning on klassikalise, kergelt taljes l\u00f5ikega.<br \/>\nT-s\u00e4rk on disainitud k\u00fclje\u00f5mblustega.<\/p>\n<p><strong>Materjal:<\/strong> 100% puuvill<br \/>\n(Ash: 99% puuvill, 1% viskoos), Sport Grey: 85% puuvill, 15% viskoos) (r\u00f5ngaskedratud ja kammitud)<br \/>\n<strong>Materjali paksus<\/strong>: 185 g\/m\u00b2<\/p>\n<p><img loading=\"lazy\" decoding=\"async\" class=\"alignnone wp-image-15174\" src=\"https:\/\/omakujustus.ee\/wp-content\/uploads\/2024\/01\/size-moodud-300x114.jpg\" alt=\"\" width=\"447\" height=\"170\" srcset=\"https:\/\/omakujustus.ee\/wp-content\/uploads\/2024\/01\/size-moodud-300x114.jpg 300w, https:\/\/omakujustus.ee\/wp-content\/uploads\/2024\/01\/size-moodud-800x305.jpg 800w, https:\/\/omakujustus.ee\/wp-content\/uploads\/2024\/01\/size-moodud-64x24.jpg 64w, https:\/\/omakujustus.ee\/wp-content\/uploads\/2024\/01\/size-moodud-1024x391.jpg 1024w, https:\/\/omakujustus.ee\/wp-content\/uploads\/2024\/01\/size-moodud-768x293.jpg 768w, https:\/\/omakujustus.ee\/wp-content\/uploads\/2024\/01\/size-moodud-1536x586.jpg 1536w, https:\/\/omakujustus.ee\/wp-content\/uploads\/2024\/01\/size-moodud-18x7.jpg 18w, https:\/\/omakujustus.ee\/wp-content\/uploads\/2024\/01\/size-moodud.jpg 2000w\" sizes=\"auto, (max-width: 447px) 100vw, 447px\" \/><\/p>\n<table>\n<tbody>\n<tr>\n<td><b>Suurus<\/b><\/td>\n<td><b>XS<\/b><\/td>\n<td><b>S<\/b><\/td>\n<td><b>M<\/b><\/td>\n<td><b>L<\/b><\/td>\n<td><b>XL<\/b><\/td>\n<td><b>2XL<\/b><\/td>\n<td><b>3XL<\/b><\/td>\n<\/tr>\n<tr>\n<td><b>A\u00a0 \u00bd rind<\/b><\/td>\n<td><span style=\"font-weight: 400;\">41<\/span><\/td>\n<td><span style=\"font-weight: 400;\">44<\/span><\/td>\n<td><span style=\"font-weight: 400;\">47<\/span><\/td>\n<td><span style=\"font-weight: 400;\">50<\/span><\/td>\n<td><span style=\"font-weight: 400;\">53<\/span><\/td>\n<td><span style=\"font-weight: 400;\">56<\/span><\/td>\n<td><span style=\"font-weight: 400;\">59<\/span><\/td>\n<\/tr>\n<tr>\n<td><b>B Pikkus<\/b><\/td>\n<td><span style=\"font-weight: 400;\">58<\/span><\/td>\n<td><span style=\"font-weight: 400;\">60<\/span><\/td>\n<td><span style=\"font-weight: 400;\">62<\/span><\/td>\n<td><span style=\"font-weight: 400;\">64<\/span><\/td>\n<td><span style=\"font-weight: 400;\">66<\/span><\/td>\n<td><span style=\"font-weight: 400;\">68<\/span><\/td>\n<td><span style=\"font-weight: 400;\">70<\/span><\/td>\n<\/tr>\n<\/tbody>\n<\/table>\n<p><em>Regular fit<\/em><\/p>\n","protected":false},"excerpt":{"rendered":"<p>Klassikalise l\u00f5ikega puuvillane naiste t-s\u00e4rk.<\/p>\n","protected":false},"featured_media":28526,"template":"","meta":{"_acf_changed":false,"om_disable_all_campaigns":false,"_monsterinsights_skip_tracking":false,"_monsterinsights_sitenote_active":false,"_monsterinsights_sitenote_note":"","_monsterinsights_sitenote_category":0,"site-sidebar-layout":"default","site-content-layout":"default","ast-site-content-layout":"","site-content-style":"default","site-sidebar-style":"default","ast-global-header-display":"","ast-banner-title-visibility":"","ast-main-header-display":"","ast-hfb-above-header-display":"","ast-hfb-below-header-display":"","ast-hfb-mobile-header-display":"","site-post-title":"","ast-breadcrumbs-content":"","ast-featured-img":"","footer-sml-layout":"","theme-transparent-header-meta":"default","adv-header-id-meta":"","stick-header-meta":"","header-above-stick-meta":"","header-main-stick-meta":"","header-below-stick-meta":"","astra-migrate-meta-layouts":"default","ast-page-background-enabled":"default","ast-page-background-meta":{"desktop":{"background-color":"","background-image":"","background-repeat":"repeat","background-position":"center center","background-size":"auto","background-attachment":"scroll","background-type":"","background-media":"","overlay-type":"","overlay-color":"","overlay-opacity":"","overlay-gradient":""},"tablet":{"background-color":"","background-image":"","background-repeat":"repeat","background-position":"center center","background-size":"auto","background-attachment":"scroll","background-type":"","background-media":"","overlay-type":"","overlay-color":"","overlay-opacity":"","overlay-gradient":""},"mobile":{"background-color":"","background-image":"","background-repeat":"repeat","background-position":"center center","background-size":"auto","background-attachment":"scroll","background-type":"","background-media":"","overlay-type":"","overlay-color":"","overlay-opacity":"","overlay-gradient":""}},"ast-content-background-meta":{"desktop":{"background-color":"var(--ast-global-color-5)","background-image":"","background-repeat":"repeat","background-position":"center center","background-size":"auto","background-attachment":"scroll","background-type":"","background-media":"","overlay-type":"","overlay-color":"","overlay-opacity":"","overlay-gradient":""},"tablet":{"background-color":"var(--ast-global-color-5)","background-image":"","background-repeat":"repeat","background-position":"center center","background-size":"auto","background-attachment":"scroll","background-type":"","background-media":"","overlay-type":"","overlay-color":"","overlay-opacity":"","overlay-gradient":""},"mobile":{"background-color":"var(--ast-global-color-5)","background-image":"","background-repeat":"repeat","background-position":"center center","background-size":"auto","background-attachment":"scroll","background-type":"","background-media":"","overlay-type":"","overlay-color":"","overlay-opacity":"","overlay-gradient":""}}},"product_brand":[],"product_cat":[36,803],"product_tag":[],"class_list":{"0":"post-29119","1":"product","2":"type-product","3":"status-publish","4":"has-post-thumbnail","6":"product_cat-disainita-tooted","7":"product_cat-t-sargid","8":"pa_kaelus-umar-kaelus","9":"pa_kaised-luhikesed-kaised","10":"pa_materjal-puuvill","11":"pa_materjali-paksus-170-199-g-m","12":"pa_sugu-naiste","13":"pa_suurus-xs","14":"pa_suurus-s","15":"pa_suurus-m","16":"pa_suurus-l","17":"pa_suurus-xl","18":"pa_suurus-2xl","19":"pa_suurus-3xl","20":"pa_tegumood-regular-fit","21":"pa_toote-tuup-t-sark","22":"pa_varv-apricot","23":"pa_varv-ash","24":"pa_varv-atoll","25":"pa_varv-black","26":"pa_varv-bottle-green","27":"pa_varv-brown","28":"pa_varv-burgundy","29":"pa_varv-chocolate","30":"pa_varv-cobalt-blue","31":"pa_varv-dark-grey","32":"pa_varv-diva-blue","33":"pa_varv-fire-red","34":"pa_varv-gold","35":"pa_varv-kelly-green","36":"pa_varv-millenial-lilac","37":"pa_varv-millenial-mint","38":"pa_varv-natural","39":"pa_varv-navy","40":"pa_varv-navy-blue","41":"pa_varv-orange","42":"pa_varv-orchid-green","43":"pa_varv-orchid-pink","44":"pa_varv-pacific-grey","45":"pa_varv-pixel-lime","46":"pa_varv-radiant-purple","47":"pa_varv-red","48":"pa_varv-royal-blue","49":"pa_varv-sand","50":"pa_varv-sky-blue","51":"pa_varv-solar-yellow","52":"pa_varv-sorbet","53":"pa_varv-sport-grey","54":"pa_varv-stone-blue","55":"pa_varv-sunset-orange","56":"pa_varv-swimming-pool","57":"pa_varv-urban-khaki","58":"pa_varv-urban-orange","59":"pa_varv-urban-purple","60":"pa_varv-used-black","61":"pa_varv-white","62":"desktop-align-left","63":"tablet-align-left","64":"mobile-align-left","66":"first","67":"instock","68":"taxable","69":"shipping-taxable","70":"purchasable","71":"product-type-variable","72":"has-default-attributes","73":"wvs-archive-product-wrapper"},"acf":[],"aioseo_notices":[],"_links":{"self":[{"href":"https:\/\/omakujustus.ee\/et\/wp-json\/wp\/v2\/product\/29119","targetHints":{"allow":["GET"]}}],"collection":[{"href":"https:\/\/omakujustus.ee\/et\/wp-json\/wp\/v2\/product"}],"about":[{"href":"https:\/\/omakujustus.ee\/et\/wp-json\/wp\/v2\/types\/product"}],"wp:featuredmedia":[{"embeddable":true,"href":"https:\/\/omakujustus.ee\/et\/wp-json\/wp\/v2\/media\/28526"}],"wp:attachment":[{"href":"https:\/\/omakujustus.ee\/et\/wp-json\/wp\/v2\/media?parent=29119"}],"wp:term":[{"taxonomy":"product_brand","embeddable":true,"href":"https:\/\/omakujustus.ee\/et\/wp-json\/wp\/v2\/product_brand?post=29119"},{"taxonomy":"product_cat","embeddable":true,"href":"https:\/\/omakujustus.ee\/et\/wp-json\/wp\/v2\/product_cat?post=29119"},{"taxonomy":"product_tag","embeddable":true,"href":"https:\/\/omakujustus.ee\/et\/wp-json\/wp\/v2\/product_tag?post=29119"}],"curies":[{"name":"wp","href":"https:\/\/api.w.org\/{rel}","templated":true}]}}