{"id":28374,"date":"2024-09-03T14:53:44","date_gmt":"2024-09-03T12:53:44","guid":{"rendered":"https:\/\/omakujustus.ee\/?post_type=product&#038;p=28374"},"modified":"2025-07-09T20:42:16","modified_gmt":"2025-07-09T18:42:16","slug":"oma-pildist-joontikandiga-pusa-ilma-kapuutsita-unisex-signature-crewneck-sweatshirt","status":"publish","type":"product","link":"https:\/\/omakujustus.ee\/et\/product\/oma-pildist-joontikandiga-pusa-ilma-kapuutsita-unisex-signature-crewneck-sweatshirt\/","title":{"rendered":"Oma pildist joontikandiga pusa, ilma kapuutsita Unisex Signature Crewneck Sweatshirt"},"content":{"rendered":"<p>Oma pildist tikandiga pusa. Vali v\u00e4lja oma pilt, lae see \u00fcles ja j\u00e4ta \u00fclej\u00e4\u00e4nud meie hoolde.<br \/>\nTikand on \u00fcldjuhul 11-12cm k\u00f5rge\/lai, olenevalt konkreetsest pildist.<\/p>\n<p>Ilma kapuutsita pusa Unisex Signature Crewneck Sweatshirt on kindla peale minek, kui soovid pusa mis mida soovid kanda kehasse v\u00f5i oversized esemena. Pusa materjal on k\u00e4ega katsudes m\u00f5nusalt pehme ning p\u00fcsib sellisena ka peale korduvat pesu. Seest pehme filiis, mis hoiab sind alati soojas.<br \/>\nKaeluse sisemine osa on viimistletud topelt kangaga, et \u00f5mblused v\u00e4lja ei paistaks.<\/p>\n<p><strong>Materjal<\/strong>: 80% puuvill, 20% pol\u00fcester (\u00fcmbert\u00f6\u00f6deldud)<br \/>\nLight Oxford: 73% puuvill, 20% pol\u00fcester (\u00fcmbert\u00f6\u00f6deldud), 7% viskoos<br \/>\n<strong>Materjali paksus<\/strong>: 300 g\/m\u00b2<\/p>\n<p><img loading=\"lazy\" decoding=\"async\" class=\"alignnone wp-image-15174\" src=\"https:\/\/omakujustus.ee\/wp-content\/uploads\/2024\/01\/size-moodud-300x114.jpg\" alt=\"\" width=\"421\" height=\"160\" srcset=\"https:\/\/omakujustus.ee\/wp-content\/uploads\/2024\/01\/size-moodud-300x114.jpg 300w, https:\/\/omakujustus.ee\/wp-content\/uploads\/2024\/01\/size-moodud-800x305.jpg 800w, https:\/\/omakujustus.ee\/wp-content\/uploads\/2024\/01\/size-moodud-64x24.jpg 64w, https:\/\/omakujustus.ee\/wp-content\/uploads\/2024\/01\/size-moodud-1024x391.jpg 1024w, https:\/\/omakujustus.ee\/wp-content\/uploads\/2024\/01\/size-moodud-768x293.jpg 768w, https:\/\/omakujustus.ee\/wp-content\/uploads\/2024\/01\/size-moodud-1536x586.jpg 1536w, https:\/\/omakujustus.ee\/wp-content\/uploads\/2024\/01\/size-moodud-18x7.jpg 18w, https:\/\/omakujustus.ee\/wp-content\/uploads\/2024\/01\/size-moodud.jpg 2000w\" sizes=\"auto, (max-width: 421px) 100vw, 421px\" \/><\/p>\n<table>\n<tbody>\n<tr>\n<td><b>Suurus<\/b><\/td>\n<td>\n<p style=\"text-align: center;\"><b>XXS<\/b><\/p>\n<\/td>\n<td style=\"text-align: center;\"><b>XS<\/b><\/td>\n<td style=\"text-align: center;\"><b>S<\/b><\/td>\n<td style=\"text-align: center;\"><b>M<\/b><\/td>\n<td style=\"text-align: center;\"><b>L<\/b><\/td>\n<td style=\"text-align: center;\"><b>XL<\/b><\/td>\n<td style=\"text-align: center;\"><b>2XL<\/b><\/td>\n<td style=\"text-align: center;\"><b>3XL<\/b><\/td>\n<td style=\"text-align: center;\"><b>4XL<\/b><\/td>\n<td>\n<p style=\"text-align: center;\"><b>5XL<\/b><\/p>\n<\/td>\n<\/tr>\n<tr>\n<td><b>A\u00a0 \u00bd rind<\/b><\/td>\n<td>\n<p style=\"text-align: center;\"><span style=\"font-weight: 400;\">46<\/span><\/p>\n<\/td>\n<td style=\"text-align: center;\"><span style=\"font-weight: 400;\">48,5<\/span><\/td>\n<td style=\"text-align: center;\"><span style=\"font-weight: 400;\">51,5<\/span><\/td>\n<td style=\"text-align: center;\"><span style=\"font-weight: 400;\">55<\/span><\/td>\n<td style=\"text-align: center;\"><span style=\"font-weight: 400;\">58,5<\/span><\/td>\n<td style=\"text-align: center;\"><span style=\"font-weight: 400;\">62<\/span><\/td>\n<td style=\"text-align: center;\"><span style=\"font-weight: 400;\">65,5<\/span><\/td>\n<td style=\"text-align: center;\"><span style=\"font-weight: 400;\">69<\/span><\/td>\n<td style=\"text-align: center;\"><span style=\"font-weight: 400;\">75<\/span><\/td>\n<td>\n<p style=\"text-align: center;\"><span style=\"font-weight: 400;\">80<\/span><\/p>\n<\/td>\n<\/tr>\n<tr>\n<td><b>B Pikkus<\/b><\/td>\n<td>\n<p style=\"text-align: center;\"><span style=\"font-weight: 400;\">64<\/span><\/p>\n<\/td>\n<td style=\"text-align: center;\"><span style=\"font-weight: 400;\">66<\/span><\/td>\n<td style=\"text-align: center;\"><span style=\"font-weight: 400;\">68,5<\/span><\/td>\n<td style=\"text-align: center;\"><span style=\"font-weight: 400;\">71<\/span><\/td>\n<td style=\"text-align: center;\"><span style=\"font-weight: 400;\">73,5<\/span><\/td>\n<td style=\"text-align: center;\"><span style=\"font-weight: 400;\">76<\/span><\/td>\n<td style=\"text-align: center;\"><span style=\"font-weight: 400;\">78,5<\/span><\/td>\n<td style=\"text-align: center;\"><span style=\"font-weight: 400;\">81<\/span><\/td>\n<td style=\"text-align: center;\"><span style=\"font-weight: 400;\">83,5<\/span><\/td>\n<td>\n<p style=\"text-align: center;\"><span style=\"font-weight: 400;\">86<\/span><\/p>\n<\/td>\n<\/tr>\n<tr>\n<td><b>K\u00e4ise pikkus \u00f5last<\/b><\/td>\n<td>\n<p style=\"text-align: center;\"><span style=\"font-weight: 400;\">56<\/span><\/p>\n<\/td>\n<td style=\"text-align: center;\"><span style=\"font-weight: 400;\">57<\/span><\/td>\n<td style=\"text-align: center;\"><span style=\"font-weight: 400;\">63,5<\/span><\/td>\n<td style=\"text-align: center;\"><span style=\"font-weight: 400;\">64<\/span><\/td>\n<td style=\"text-align: center;\"><span style=\"font-weight: 400;\">66,5<\/span><\/td>\n<td style=\"text-align: center;\"><span style=\"font-weight: 400;\">69<\/span><\/td>\n<td style=\"text-align: center;\"><span style=\"font-weight: 400;\">69<\/span><\/td>\n<td style=\"text-align: center;\"><span style=\"font-weight: 400;\">69,5<\/span><\/td>\n<td style=\"text-align: center;\"><span style=\"font-weight: 400;\">71,5<\/span><\/td>\n<td>\n<p style=\"text-align: center;\"><span style=\"font-weight: 400;\">73,5<\/span><\/p>\n<\/td>\n<\/tr>\n<\/tbody>\n<\/table>\n<p><em>Regular fit<\/em><\/p>\n","protected":false},"excerpt":{"rendered":"<p>Oma pildist tikandiga pusa. Vali v\u00e4lja oma pilt, lae see \u00fcles ja j\u00e4ta \u00fclej\u00e4\u00e4nud meie hoolde.<br \/>\nSama pusa kapuutsiga versiooni leiad <a href=\"https:\/\/omakujustus.ee\/et\/product\/oma-pildist-joontikandiga-pusa-kapuutsiga-unisex-signature-hooded-sweatshirt\/\" target=\"_blank\" rel=\"noopener\">siit<\/a>.<\/p>\n","protected":false},"featured_media":24986,"template":"","meta":{"_acf_changed":false,"om_disable_all_campaigns":false,"_monsterinsights_skip_tracking":false,"_monsterinsights_sitenote_active":false,"_monsterinsights_sitenote_note":"","_monsterinsights_sitenote_category":0,"site-sidebar-layout":"default","site-content-layout":"default","ast-site-content-layout":"","site-content-style":"default","site-sidebar-style":"default","ast-global-header-display":"","ast-banner-title-visibility":"","ast-main-header-display":"","ast-hfb-above-header-display":"","ast-hfb-below-header-display":"","ast-hfb-mobile-header-display":"","site-post-title":"","ast-breadcrumbs-content":"","ast-featured-img":"","footer-sml-layout":"","theme-transparent-header-meta":"default","adv-header-id-meta":"","stick-header-meta":"","header-above-stick-meta":"","header-main-stick-meta":"","header-below-stick-meta":"","astra-migrate-meta-layouts":"default","ast-page-background-enabled":"default","ast-page-background-meta":{"desktop":{"background-color":"","background-image":"","background-repeat":"repeat","background-position":"center center","background-size":"auto","background-attachment":"scroll","background-type":"","background-media":"","overlay-type":"","overlay-color":"","overlay-opacity":"","overlay-gradient":""},"tablet":{"background-color":"","background-image":"","background-repeat":"repeat","background-position":"center center","background-size":"auto","background-attachment":"scroll","background-type":"","background-media":"","overlay-type":"","overlay-color":"","overlay-opacity":"","overlay-gradient":""},"mobile":{"background-color":"","background-image":"","background-repeat":"repeat","background-position":"center center","background-size":"auto","background-attachment":"scroll","background-type":"","background-media":"","overlay-type":"","overlay-color":"","overlay-opacity":"","overlay-gradient":""}},"ast-content-background-meta":{"desktop":{"background-color":"var(--ast-global-color-5)","background-image":"","background-repeat":"repeat","background-position":"center center","background-size":"auto","background-attachment":"scroll","background-type":"","background-media":"","overlay-type":"","overlay-color":"","overlay-opacity":"","overlay-gradient":""},"tablet":{"background-color":"var(--ast-global-color-5)","background-image":"","background-repeat":"repeat","background-position":"center center","background-size":"auto","background-attachment":"scroll","background-type":"","background-media":"","overlay-type":"","overlay-color":"","overlay-opacity":"","overlay-gradient":""},"mobile":{"background-color":"var(--ast-global-color-5)","background-image":"","background-repeat":"repeat","background-position":"center center","background-size":"auto","background-attachment":"scroll","background-type":"","background-media":"","overlay-type":"","overlay-color":"","overlay-opacity":"","overlay-gradient":""}}},"product_brand":[],"product_cat":[714],"product_tag":[],"class_list":{"0":"post-28374","1":"product","2":"type-product","3":"status-publish","4":"has-post-thumbnail","6":"product_cat-isikuparasta-kujundus","7":"pa_kaelus-umar-kaelus","8":"pa_kaised-pikad-kaised","9":"pa_materjal-kombineeritud-kangas","10":"pa_materjali-paksus-250--g-m","11":"pa_sugu-unisex","12":"pa_suurus-2xl","13":"pa_suurus-2xs","14":"pa_suurus-3xl","15":"pa_suurus-4xl","16":"pa_suurus-5xl","17":"pa_suurus-l","18":"pa_suurus-m","19":"pa_suurus-s","20":"pa_suurus-xl","21":"pa_suurus-xs","22":"pa_tegumood-regular-fit","23":"pa_toote-tuup-pusa-dressipluus","24":"pa_varv-charcoal","25":"pa_varv-dark-black","26":"pa_varv-emerald-green","27":"pa_varv-light-oxford","28":"pa_varv-navy","29":"pa_varv-pastel-macchiato","30":"pa_varv-petrol","31":"pa_varv-rose-chalk","32":"pa_varv-snowwhite","33":"pa_varv-steel-blue","34":"desktop-align-left","35":"tablet-align-left","36":"mobile-align-left","38":"first","39":"instock","40":"taxable","41":"shipping-taxable","42":"purchasable","43":"product-type-variable","44":"has-default-attributes","45":"wvs-archive-product-wrapper"},"acf":[],"aioseo_notices":[],"_links":{"self":[{"href":"https:\/\/omakujustus.ee\/et\/wp-json\/wp\/v2\/product\/28374","targetHints":{"allow":["GET"]}}],"collection":[{"href":"https:\/\/omakujustus.ee\/et\/wp-json\/wp\/v2\/product"}],"about":[{"href":"https:\/\/omakujustus.ee\/et\/wp-json\/wp\/v2\/types\/product"}],"wp:featuredmedia":[{"embeddable":true,"href":"https:\/\/omakujustus.ee\/et\/wp-json\/wp\/v2\/media\/24986"}],"wp:attachment":[{"href":"https:\/\/omakujustus.ee\/et\/wp-json\/wp\/v2\/media?parent=28374"}],"wp:term":[{"taxonomy":"product_brand","embeddable":true,"href":"https:\/\/omakujustus.ee\/et\/wp-json\/wp\/v2\/product_brand?post=28374"},{"taxonomy":"product_cat","embeddable":true,"href":"https:\/\/omakujustus.ee\/et\/wp-json\/wp\/v2\/product_cat?post=28374"},{"taxonomy":"product_tag","embeddable":true,"href":"https:\/\/omakujustus.ee\/et\/wp-json\/wp\/v2\/product_tag?post=28374"}],"curies":[{"name":"wp","href":"https:\/\/api.w.org\/{rel}","templated":true}]}}