{"id":27203,"date":"2024-09-02T18:24:10","date_gmt":"2024-09-02T16:24:10","guid":{"rendered":"https:\/\/omakujustus.ee\/?post_type=product&#038;p=27203"},"modified":"2025-08-17T19:55:44","modified_gmt":"2025-08-17T17:55:44","slug":"oma-pildist-joontikandiga-pusa-unisex-pusa-ilma-kapuutsita-sweat-crewneck","status":"publish","type":"product","link":"https:\/\/omakujustus.ee\/et\/product\/oma-pildist-joontikandiga-pusa-unisex-pusa-ilma-kapuutsita-sweat-crewneck\/","title":{"rendered":"Oma pildist joontikandiga pusa, Unisex pusa ilma kapuutsita Sweat Crewneck"},"content":{"rendered":"<p>Oma pildist joontikandiga pusa. Vali v\u00e4lja oma pilt, lae see \u00fcles ja j\u00e4ta \u00fclej\u00e4\u00e4nud meie hoolde.<br \/>\nTikand on \u00fcldjuhul 11-12cm k\u00f5rge\/lai, olenevalt konkreetsest pildist.<\/p>\n<ul>\n<li>Lisatud pilt\/foto v\u00f5ib olla koos taustaga, selle eemaldame ise.<\/li>\n<\/ul>\n<p>Laiema l\u00f5ikega ilma kapuutsita pusa, k\u00e4iste \u00f5mblused on disainitud \u00f5last madalamale. Pusa materjal on sileda pinnaga, mis ei kogu ebemeid ja seest m\u00f5nusa sooja fliisiga.<br \/>\nK\u00e4ised ja dressipluusi alumine osa on \u00e4\u00e4ristatud laia soonikuga. Kaeluse sisemine osa on viimistletud topelt kangaga, et \u00f5mblused v\u00e4lja ei paistaks.<\/p>\n<p><strong>Materjal<\/strong>: 65% puuvill, 35% pol\u00fcester<br \/>\n<strong>Materjali paksus<\/strong>: 300 g\/m\u00b2<\/p>\n<p><img loading=\"lazy\" decoding=\"async\" class=\"alignnone wp-image-15174\" src=\"https:\/\/omakujustus.ee\/wp-content\/uploads\/2024\/01\/size-moodud-300x114.jpg\" alt=\"\" width=\"416\" height=\"158\" srcset=\"https:\/\/omakujustus.ee\/wp-content\/uploads\/2024\/01\/size-moodud-300x114.jpg 300w, https:\/\/omakujustus.ee\/wp-content\/uploads\/2024\/01\/size-moodud-800x305.jpg 800w, https:\/\/omakujustus.ee\/wp-content\/uploads\/2024\/01\/size-moodud-64x24.jpg 64w, https:\/\/omakujustus.ee\/wp-content\/uploads\/2024\/01\/size-moodud-1024x391.jpg 1024w, https:\/\/omakujustus.ee\/wp-content\/uploads\/2024\/01\/size-moodud-768x293.jpg 768w, https:\/\/omakujustus.ee\/wp-content\/uploads\/2024\/01\/size-moodud-1536x586.jpg 1536w, https:\/\/omakujustus.ee\/wp-content\/uploads\/2024\/01\/size-moodud-18x7.jpg 18w, https:\/\/omakujustus.ee\/wp-content\/uploads\/2024\/01\/size-moodud.jpg 2000w\" sizes=\"auto, (max-width: 416px) 100vw, 416px\" \/><\/p>\n<table>\n<tbody>\n<tr>\n<td><b>Suurus<\/b><\/td>\n<td><b>XS<\/b><\/td>\n<td><b>S<\/b><\/td>\n<td><b>M<\/b><\/td>\n<td><b>L<\/b><\/td>\n<td><b>XL<\/b><\/td>\n<td><b>2XL<\/b><\/td>\n<td><b>3XL<\/b><\/td>\n<td><b>4XL<\/b><\/td>\n<\/tr>\n<tr>\n<td><b>A\u00a0 \u00bd rind<\/b><\/td>\n<td><\/td>\n<td><span style=\"font-weight: 400;\">54<\/span><\/td>\n<td><span style=\"font-weight: 400;\">57<\/span><\/td>\n<td><span style=\"font-weight: 400;\">60<\/span><\/td>\n<td><span style=\"font-weight: 400;\">63<\/span><\/td>\n<td><span style=\"font-weight: 400;\">66<\/span><\/td>\n<td><span style=\"font-weight: 400;\">70.5<\/span><\/td>\n<td><span style=\"font-weight: 400;\">75<\/span><\/td>\n<\/tr>\n<tr>\n<td><b>B Pikkus<\/b><\/td>\n<td><\/td>\n<td><span style=\"font-weight: 400;\">73<\/span><\/td>\n<td><span style=\"font-weight: 400;\">75<\/span><\/td>\n<td><span style=\"font-weight: 400;\">77<\/span><\/td>\n<td><span style=\"font-weight: 400;\">79<\/span><\/td>\n<td><span style=\"font-weight: 400;\">81<\/span><\/td>\n<td><span style=\"font-weight: 400;\">82<\/span><\/td>\n<td><span style=\"font-weight: 400;\">83<\/span><\/td>\n<\/tr>\n<\/tbody>\n<\/table>\n<p><em>Loose fit<\/em><\/p>\n","protected":false},"excerpt":{"rendered":"<p>Oma pildist joontikandiga pusa. Vali v\u00e4lja oma pilt, lae see \u00fcles ja j\u00e4ta \u00fclej\u00e4\u00e4nud meie hoolde.<\/p>\n<p><strong>Toote uus lehek\u00fclg rohkemate valikutega:<\/strong> <a title=\"Oma pildist joontikand\" href=\"https:\/\/omakujustus.ee\/et\/product\/oma-pildist-joontikand\/\">Oma pildist joontikand<\/a><\/p>\n","protected":false},"featured_media":36789,"template":"","meta":{"_acf_changed":false,"om_disable_all_campaigns":false,"_monsterinsights_skip_tracking":false,"_monsterinsights_sitenote_active":false,"_monsterinsights_sitenote_note":"","_monsterinsights_sitenote_category":0,"site-sidebar-layout":"default","site-content-layout":"default","ast-site-content-layout":"default","site-content-style":"default","site-sidebar-style":"default","ast-global-header-display":"","ast-banner-title-visibility":"","ast-main-header-display":"","ast-hfb-above-header-display":"","ast-hfb-below-header-display":"","ast-hfb-mobile-header-display":"","site-post-title":"","ast-breadcrumbs-content":"","ast-featured-img":"","footer-sml-layout":"","theme-transparent-header-meta":"default","adv-header-id-meta":"","stick-header-meta":"","header-above-stick-meta":"","header-main-stick-meta":"","header-below-stick-meta":"","astra-migrate-meta-layouts":"set","ast-page-background-enabled":"default","ast-page-background-meta":{"desktop":{"background-color":"","background-image":"","background-repeat":"repeat","background-position":"center center","background-size":"auto","background-attachment":"scroll","background-type":"","background-media":"","overlay-type":"","overlay-color":"","overlay-opacity":"","overlay-gradient":""},"tablet":{"background-color":"","background-image":"","background-repeat":"repeat","background-position":"center center","background-size":"auto","background-attachment":"scroll","background-type":"","background-media":"","overlay-type":"","overlay-color":"","overlay-opacity":"","overlay-gradient":""},"mobile":{"background-color":"","background-image":"","background-repeat":"repeat","background-position":"center center","background-size":"auto","background-attachment":"scroll","background-type":"","background-media":"","overlay-type":"","overlay-color":"","overlay-opacity":"","overlay-gradient":""}},"ast-content-background-meta":{"desktop":{"background-color":"var(--ast-global-color-5)","background-image":"","background-repeat":"repeat","background-position":"center center","background-size":"auto","background-attachment":"scroll","background-type":"","background-media":"","overlay-type":"","overlay-color":"","overlay-opacity":"","overlay-gradient":""},"tablet":{"background-color":"var(--ast-global-color-5)","background-image":"","background-repeat":"repeat","background-position":"center center","background-size":"auto","background-attachment":"scroll","background-type":"","background-media":"","overlay-type":"","overlay-color":"","overlay-opacity":"","overlay-gradient":""},"mobile":{"background-color":"var(--ast-global-color-5)","background-image":"","background-repeat":"repeat","background-position":"center center","background-size":"auto","background-attachment":"scroll","background-type":"","background-media":"","overlay-type":"","overlay-color":"","overlay-opacity":"","overlay-gradient":""}}},"product_brand":[],"product_cat":[714],"product_tag":[],"class_list":{"0":"post-27203","1":"product","2":"type-product","3":"status-publish","4":"has-post-thumbnail","6":"product_cat-isikuparasta-kujundus","7":"pa_kaelus-umar-kaelus","8":"pa_kaised-pikad-kaised","9":"pa_materjal-puuvill","10":"pa_materjali-paksus-300-399-g-m","11":"pa_sugu-unisex","12":"pa_sugu-meeste","13":"pa_suurus-xs","14":"pa_suurus-s","15":"pa_suurus-m","16":"pa_suurus-l","17":"pa_suurus-xl","18":"pa_suurus-2xl","19":"pa_suurus-3xl","20":"pa_suurus-4xl","21":"pa_suurus-5xl","22":"pa_tegumood-loose-fit","23":"pa_toote-tuup-pusa","24":"pa_varv-bark","25":"pa_varv-black","26":"pa_varv-burgundy","27":"pa_varv-grey","28":"pa_varv-light-asphalt","29":"pa_varv-union-beige","30":"desktop-align-left","31":"tablet-align-left","32":"mobile-align-left","34":"first","35":"instock","36":"taxable","37":"shipping-taxable","38":"purchasable","39":"product-type-variable","40":"has-default-attributes","41":"wvs-archive-product-wrapper"},"acf":[],"aioseo_notices":[],"_links":{"self":[{"href":"https:\/\/omakujustus.ee\/et\/wp-json\/wp\/v2\/product\/27203","targetHints":{"allow":["GET"]}}],"collection":[{"href":"https:\/\/omakujustus.ee\/et\/wp-json\/wp\/v2\/product"}],"about":[{"href":"https:\/\/omakujustus.ee\/et\/wp-json\/wp\/v2\/types\/product"}],"wp:featuredmedia":[{"embeddable":true,"href":"https:\/\/omakujustus.ee\/et\/wp-json\/wp\/v2\/media\/36789"}],"wp:attachment":[{"href":"https:\/\/omakujustus.ee\/et\/wp-json\/wp\/v2\/media?parent=27203"}],"wp:term":[{"taxonomy":"product_brand","embeddable":true,"href":"https:\/\/omakujustus.ee\/et\/wp-json\/wp\/v2\/product_brand?post=27203"},{"taxonomy":"product_cat","embeddable":true,"href":"https:\/\/omakujustus.ee\/et\/wp-json\/wp\/v2\/product_cat?post=27203"},{"taxonomy":"product_tag","embeddable":true,"href":"https:\/\/omakujustus.ee\/et\/wp-json\/wp\/v2\/product_tag?post=27203"}],"curies":[{"name":"wp","href":"https:\/\/api.w.org\/{rel}","templated":true}]}}