{"id":27088,"date":"2024-09-02T18:17:15","date_gmt":"2024-09-02T16:17:15","guid":{"rendered":"https:\/\/omakujustus.ee\/?post_type=product&#038;p=27088"},"modified":"2025-08-10T12:08:35","modified_gmt":"2025-08-10T10:08:35","slug":"oma-pildist-joontikandiga-pusa-unisex-kapuutsiga-pusa-heavy-hoody","status":"publish","type":"product","link":"https:\/\/omakujustus.ee\/et\/product\/oma-pildist-joontikandiga-pusa-unisex-kapuutsiga-pusa-heavy-hoody\/","title":{"rendered":"Oma pildist joontikandiga pusa, Unisex kapuutsiga pusa Heavy Hoody"},"content":{"rendered":"<p>Oma pildist tikandiga pusa. Vali v\u00e4lja oma pilt, lae see \u00fcles ja j\u00e4ta \u00fclej\u00e4\u00e4nud meie hoolde.<br \/>\nTikand on \u00fcldjuhul 11-12cm k\u00f5rge\/lai, olenevalt konkreetsest pildist.<\/p>\n<ul>\n<li>Lisatud pilt\/foto v\u00f5ib olla koos taustaga, selle eemaldame ise.<\/li>\n<\/ul>\n<p>Klassikalise l\u00f5ikega kapuutsiga pusa, materjal on sileda pinnaga mis ei kogu ebemeid ja seest m\u00f5nusalt sooja fliisiga. Kapuuts on tugevdatud topeltkanga ning kahe \u00f5mblusega. K\u00e4ised ja dressipluusi alumine osa on \u00e4\u00e4ristatud laia soonikuga. Kaeluse sisemine osa on viimistletud topelt kangaga, et \u00f5mblused v\u00e4lja ei paistaks.<\/p>\n<p><strong>Materjal<\/strong>: 65% puuvill, 35% pol\u00fcester<br \/>\n<strong>Materjali paksus<\/strong>: 300 g\/m\u00b2<\/p>\n<p>&nbsp;<\/p>\n<p><img loading=\"lazy\" decoding=\"async\" class=\"alignnone wp-image-15174\" src=\"https:\/\/omakujustus.ee\/wp-content\/uploads\/2024\/01\/size-moodud-300x114.jpg\" alt=\"\" width=\"411\" height=\"156\" srcset=\"https:\/\/omakujustus.ee\/wp-content\/uploads\/2024\/01\/size-moodud-300x114.jpg 300w, https:\/\/omakujustus.ee\/wp-content\/uploads\/2024\/01\/size-moodud-800x305.jpg 800w, https:\/\/omakujustus.ee\/wp-content\/uploads\/2024\/01\/size-moodud-64x24.jpg 64w, https:\/\/omakujustus.ee\/wp-content\/uploads\/2024\/01\/size-moodud-1024x391.jpg 1024w, https:\/\/omakujustus.ee\/wp-content\/uploads\/2024\/01\/size-moodud-768x293.jpg 768w, https:\/\/omakujustus.ee\/wp-content\/uploads\/2024\/01\/size-moodud-1536x586.jpg 1536w, https:\/\/omakujustus.ee\/wp-content\/uploads\/2024\/01\/size-moodud-18x7.jpg 18w, https:\/\/omakujustus.ee\/wp-content\/uploads\/2024\/01\/size-moodud.jpg 2000w\" sizes=\"auto, (max-width: 411px) 100vw, 411px\" \/><\/p>\n<table>\n<tbody>\n<tr>\n<td><strong>Suurus<\/strong><\/td>\n<td><strong>XS<\/strong><\/td>\n<td><strong>S<\/strong><\/td>\n<td><strong>M<\/strong><\/td>\n<td><strong>L<\/strong><\/td>\n<td><strong>XL<\/strong><\/td>\n<td><strong>2XL<\/strong><\/td>\n<td><strong>3XL<\/strong><\/td>\n<td><strong>4XL<\/strong><\/td>\n<\/tr>\n<tr>\n<td><strong>A\u00a0 \u00bd rind<\/strong><\/td>\n<td><span style=\"font-weight: 400;\">50<\/span><\/td>\n<td><span style=\"font-weight: 400;\">53<\/span><\/td>\n<td><span style=\"font-weight: 400;\">56<\/span><\/td>\n<td><span style=\"font-weight: 400;\">59<\/span><\/td>\n<td><span style=\"font-weight: 400;\">62<\/span><\/td>\n<td><span style=\"font-weight: 400;\">65<\/span><\/td>\n<td><span style=\"font-weight: 400;\">69.5<\/span><\/td>\n<td><span style=\"font-weight: 400;\">74<\/span><\/td>\n<\/tr>\n<tr>\n<td><strong>B Pikkus<\/strong><\/td>\n<td><span style=\"font-weight: 400;\">69<\/span><\/td>\n<td><span style=\"font-weight: 400;\">71<\/span><\/td>\n<td><span style=\"font-weight: 400;\">73<\/span><\/td>\n<td><span style=\"font-weight: 400;\">75<\/span><\/td>\n<td><span style=\"font-weight: 400;\">77<\/span><\/td>\n<td><span style=\"font-weight: 400;\">79<\/span><\/td>\n<td><span style=\"font-weight: 400;\">80<\/span><\/td>\n<td><span style=\"font-weight: 400;\">81<\/span><\/td>\n<\/tr>\n<\/tbody>\n<\/table>\n<p><em style=\"font-size: 16px;\">Regular fit<\/em><\/p>\n","protected":false},"excerpt":{"rendered":"<p>Oma pildist tikandiga pusa. Vali v\u00e4lja oma pilt, lae see \u00fcles ja j\u00e4ta \u00fclej\u00e4\u00e4nud meie hoolde.<\/p>\n<p><strong>Toote uus lehek\u00fclg rohkemate valikutega:<\/strong> <a title=\"Oma pildist joontikand\" href=\"https:\/\/omakujustus.ee\/et\/product\/oma-pildist-joontikand\/\">Oma pildist joontikand<\/a><\/p>\n","protected":false},"featured_media":36787,"template":"","meta":{"_acf_changed":false,"om_disable_all_campaigns":false,"_monsterinsights_skip_tracking":false,"_monsterinsights_sitenote_active":false,"_monsterinsights_sitenote_note":"","_monsterinsights_sitenote_category":0,"site-sidebar-layout":"default","site-content-layout":"default","ast-site-content-layout":"default","site-content-style":"default","site-sidebar-style":"default","ast-global-header-display":"","ast-banner-title-visibility":"","ast-main-header-display":"","ast-hfb-above-header-display":"","ast-hfb-below-header-display":"","ast-hfb-mobile-header-display":"","site-post-title":"","ast-breadcrumbs-content":"","ast-featured-img":"","footer-sml-layout":"","theme-transparent-header-meta":"default","adv-header-id-meta":"","stick-header-meta":"","header-above-stick-meta":"","header-main-stick-meta":"","header-below-stick-meta":"","astra-migrate-meta-layouts":"set","ast-page-background-enabled":"default","ast-page-background-meta":{"desktop":{"background-color":"","background-image":"","background-repeat":"repeat","background-position":"center center","background-size":"auto","background-attachment":"scroll","background-type":"","background-media":"","overlay-type":"","overlay-color":"","overlay-opacity":"","overlay-gradient":""},"tablet":{"background-color":"","background-image":"","background-repeat":"repeat","background-position":"center center","background-size":"auto","background-attachment":"scroll","background-type":"","background-media":"","overlay-type":"","overlay-color":"","overlay-opacity":"","overlay-gradient":""},"mobile":{"background-color":"","background-image":"","background-repeat":"repeat","background-position":"center center","background-size":"auto","background-attachment":"scroll","background-type":"","background-media":"","overlay-type":"","overlay-color":"","overlay-opacity":"","overlay-gradient":""}},"ast-content-background-meta":{"desktop":{"background-color":"var(--ast-global-color-5)","background-image":"","background-repeat":"repeat","background-position":"center center","background-size":"auto","background-attachment":"scroll","background-type":"","background-media":"","overlay-type":"","overlay-color":"","overlay-opacity":"","overlay-gradient":""},"tablet":{"background-color":"var(--ast-global-color-5)","background-image":"","background-repeat":"repeat","background-position":"center center","background-size":"auto","background-attachment":"scroll","background-type":"","background-media":"","overlay-type":"","overlay-color":"","overlay-opacity":"","overlay-gradient":""},"mobile":{"background-color":"var(--ast-global-color-5)","background-image":"","background-repeat":"repeat","background-position":"center center","background-size":"auto","background-attachment":"scroll","background-type":"","background-media":"","overlay-type":"","overlay-color":"","overlay-opacity":"","overlay-gradient":""}}},"product_brand":[],"product_cat":[714],"product_tag":[],"class_list":{"0":"post-27088","1":"product","2":"type-product","3":"status-publish","4":"has-post-thumbnail","6":"product_cat-isikuparasta-kujundus","7":"pa_kaelus-umar-kaelus","8":"pa_kaised-pikad-kaised","9":"pa_kapuuts-kapuutsiga","10":"pa_materjal-kombineeritud-kangas","11":"pa_materjali-paksus-300-399-g-m","12":"pa_sugu-meeste","13":"pa_sugu-unisex","14":"pa_suurus-2xl","15":"pa_suurus-3xl","16":"pa_suurus-4xl","17":"pa_suurus-5xl","18":"pa_suurus-l","19":"pa_suurus-m","20":"pa_suurus-s","21":"pa_suurus-xl","22":"pa_suurus-xs","23":"pa_tegumood-regular-fit","24":"pa_toote-tuup-pusa","25":"pa_varv-black","26":"pa_varv-bottle-green","27":"pa_varv-charcoal","28":"pa_varv-cobalt-blue","29":"pa_varv-heather-grey","30":"pa_varv-hibiskus-pink","31":"pa_varv-navy","32":"pa_varv-neo-mint","33":"pa_varv-ocean-blue","34":"pa_varv-olive","35":"pa_varv-pale-leaf","36":"pa_varv-ruby","37":"pa_varv-sand","38":"pa_varv-taxi-yellow","39":"pa_varv-white","40":"pa_varv-white-sand","41":"desktop-align-left","42":"tablet-align-left","43":"mobile-align-left","45":"first","46":"instock","47":"taxable","48":"shipping-taxable","49":"purchasable","50":"product-type-variable","51":"has-default-attributes","52":"wvs-archive-product-wrapper"},"acf":[],"aioseo_notices":[],"_links":{"self":[{"href":"https:\/\/omakujustus.ee\/et\/wp-json\/wp\/v2\/product\/27088","targetHints":{"allow":["GET"]}}],"collection":[{"href":"https:\/\/omakujustus.ee\/et\/wp-json\/wp\/v2\/product"}],"about":[{"href":"https:\/\/omakujustus.ee\/et\/wp-json\/wp\/v2\/types\/product"}],"wp:featuredmedia":[{"embeddable":true,"href":"https:\/\/omakujustus.ee\/et\/wp-json\/wp\/v2\/media\/36787"}],"wp:attachment":[{"href":"https:\/\/omakujustus.ee\/et\/wp-json\/wp\/v2\/media?parent=27088"}],"wp:term":[{"taxonomy":"product_brand","embeddable":true,"href":"https:\/\/omakujustus.ee\/et\/wp-json\/wp\/v2\/product_brand?post=27088"},{"taxonomy":"product_cat","embeddable":true,"href":"https:\/\/omakujustus.ee\/et\/wp-json\/wp\/v2\/product_cat?post=27088"},{"taxonomy":"product_tag","embeddable":true,"href":"https:\/\/omakujustus.ee\/et\/wp-json\/wp\/v2\/product_tag?post=27088"}],"curies":[{"name":"wp","href":"https:\/\/api.w.org\/{rel}","templated":true}]}}