{"id":26468,"date":"2024-08-29T19:37:20","date_gmt":"2024-08-29T17:37:20","guid":{"rendered":"https:\/\/omakujustus.ee\/product\/unisex-kapuutsiga-pusa-signature-hooded-sweatshirt\/"},"modified":"2025-08-02T21:47:10","modified_gmt":"2025-08-02T19:47:10","slug":"unisex-kapuutsiga-pusa-signature-hooded-sweatshirt","status":"publish","type":"product","link":"https:\/\/omakujustus.ee\/et\/product\/unisex-kapuutsiga-pusa-signature-hooded-sweatshirt\/","title":{"rendered":"Unisex kapuutsiga pusa Signature Hooded Sweatshirt"},"content":{"rendered":"<p>Kapuutsiga pusa Unisex Signature Hooded Sweatshirt on kindla peale minek, kui soovid pusa mis mida soovid kanda kehasse v\u00f5i oversized esemena. Pusa materjal on k\u00e4ega katsudes m\u00f5nusalt pehme ning p\u00fcsib sellisena ka peale korduvat pesu. Seest pehme filiis, mis hoiab sind alati soojas.<br \/>\nKaeluse sisemine osa on viimistletud topelt kangaga, et \u00f5mblused v\u00e4lja ei paistaks.<br \/>\nKapuuts on disainitud kolme paneeliga, toon-toonis paelade otsad on viimistletud metallist otstega.<\/p>\n<p><strong>Materjal<\/strong>: 80% puuvill, 20% pol\u00fcester (\u00fcmbert\u00f6\u00f6deldud)<br \/>\nLight Oxford: 73% puuvill, 20% pol\u00fcester (\u00fcmbert\u00f6\u00f6deldud), 7% viskoos<br \/>\n<strong>Materjali paksus<\/strong>: 300 g\/m\u00b2<\/p>\n<p><img loading=\"lazy\" decoding=\"async\" class=\"alignnone wp-image-15174\" src=\"https:\/\/omakujustus.ee\/wp-content\/uploads\/2024\/01\/size-moodud-300x114.jpg\" alt=\"\" width=\"421\" height=\"160\" srcset=\"https:\/\/omakujustus.ee\/wp-content\/uploads\/2024\/01\/size-moodud-300x114.jpg 300w, https:\/\/omakujustus.ee\/wp-content\/uploads\/2024\/01\/size-moodud-800x305.jpg 800w, https:\/\/omakujustus.ee\/wp-content\/uploads\/2024\/01\/size-moodud-64x24.jpg 64w, https:\/\/omakujustus.ee\/wp-content\/uploads\/2024\/01\/size-moodud-1024x391.jpg 1024w, https:\/\/omakujustus.ee\/wp-content\/uploads\/2024\/01\/size-moodud-768x293.jpg 768w, https:\/\/omakujustus.ee\/wp-content\/uploads\/2024\/01\/size-moodud-1536x586.jpg 1536w, https:\/\/omakujustus.ee\/wp-content\/uploads\/2024\/01\/size-moodud-18x7.jpg 18w, https:\/\/omakujustus.ee\/wp-content\/uploads\/2024\/01\/size-moodud.jpg 2000w\" sizes=\"auto, (max-width: 421px) 100vw, 421px\" \/><\/p>\n<table>\n<tbody>\n<tr>\n<td><b>Suurus<\/b><\/td>\n<td>\n<p style=\"text-align: center;\"><b>XXS<\/b><\/p>\n<\/td>\n<td style=\"text-align: center;\"><b>XS<\/b><\/td>\n<td style=\"text-align: center;\"><b>S<\/b><\/td>\n<td style=\"text-align: center;\"><b>M<\/b><\/td>\n<td style=\"text-align: center;\"><b>L<\/b><\/td>\n<td style=\"text-align: center;\"><b>XL<\/b><\/td>\n<td style=\"text-align: center;\"><b>2XL<\/b><\/td>\n<td style=\"text-align: center;\"><b>3XL<\/b><\/td>\n<td style=\"text-align: center;\"><b>4XL<\/b><\/td>\n<td>\n<p style=\"text-align: center;\"><b>5XL<\/b><\/p>\n<\/td>\n<\/tr>\n<tr>\n<td><b>A\u00a0 \u00bd rind<\/b><\/td>\n<td>\n<p style=\"text-align: center;\"><span style=\"font-weight: 400;\">46<\/span><\/p>\n<\/td>\n<td style=\"text-align: center;\"><span style=\"font-weight: 400;\">49<\/span><\/td>\n<td style=\"text-align: center;\"><span style=\"font-weight: 400;\">52<\/span><\/td>\n<td style=\"text-align: center;\"><span style=\"font-weight: 400;\">55<\/span><\/td>\n<td style=\"text-align: center;\"><span style=\"font-weight: 400;\">58,5<\/span><\/td>\n<td style=\"text-align: center;\"><span style=\"font-weight: 400;\">62<\/span><\/td>\n<td style=\"text-align: center;\"><span style=\"font-weight: 400;\">65,5<\/span><\/td>\n<td style=\"text-align: center;\"><span style=\"font-weight: 400;\">69<\/span><\/td>\n<td style=\"text-align: center;\"><span style=\"font-weight: 400;\">75<\/span><\/td>\n<td>\n<p style=\"text-align: center;\"><span style=\"font-weight: 400;\">80<\/span><\/p>\n<\/td>\n<\/tr>\n<tr>\n<td><b>B Pikkus<\/b><\/td>\n<td>\n<p style=\"text-align: center;\"><span style=\"font-weight: 400;\">60<\/span><\/p>\n<\/td>\n<td style=\"text-align: center;\"><span style=\"font-weight: 400;\">64<\/span><\/td>\n<td style=\"text-align: center;\"><span style=\"font-weight: 400;\">68,5<\/span><\/td>\n<td style=\"text-align: center;\"><span style=\"font-weight: 400;\">71<\/span><\/td>\n<td style=\"text-align: center;\"><span style=\"font-weight: 400;\">73,5<\/span><\/td>\n<td style=\"text-align: center;\"><span style=\"font-weight: 400;\">76<\/span><\/td>\n<td style=\"text-align: center;\"><span style=\"font-weight: 400;\">78,5<\/span><\/td>\n<td style=\"text-align: center;\"><span style=\"font-weight: 400;\">81<\/span><\/td>\n<td style=\"text-align: center;\"><span style=\"font-weight: 400;\">83,5<\/span><\/td>\n<td>\n<p style=\"text-align: center;\"><span style=\"font-weight: 400;\">86<\/span><\/p>\n<\/td>\n<\/tr>\n<tr>\n<td><b>K\u00e4ise pikkus \u00f5last<\/b><\/td>\n<td>\n<p style=\"text-align: center;\"><span style=\"font-weight: 400;\">56<\/span><\/p>\n<\/td>\n<td style=\"text-align: center;\"><span style=\"font-weight: 400;\">57<\/span><\/td>\n<td style=\"text-align: center;\"><span style=\"font-weight: 400;\">63,5<\/span><\/td>\n<td style=\"text-align: center;\"><span style=\"font-weight: 400;\">65<\/span><\/td>\n<td style=\"text-align: center;\"><span style=\"font-weight: 400;\">66,5<\/span><\/td>\n<td style=\"text-align: center;\"><span style=\"font-weight: 400;\">68<\/span><\/td>\n<td style=\"text-align: center;\"><span style=\"font-weight: 400;\">68<\/span><\/td>\n<td style=\"text-align: center;\"><span style=\"font-weight: 400;\">69,5<\/span><\/td>\n<td style=\"text-align: center;\"><span style=\"font-weight: 400;\">71,5<\/span><\/td>\n<td>\n<p style=\"text-align: center;\"><span style=\"font-weight: 400;\">73,5<\/span><\/p>\n<\/td>\n<\/tr>\n<\/tbody>\n<\/table>\n<p><em>Regular fit<\/em><\/p>\n","protected":false},"excerpt":{"rendered":"<p>Klassikalise l\u00f5ikega kapuutsiga unisex pusa. Sama pusa ilma kapuutsita variandi leiad <a href=\"https:\/\/omakujustus.ee\/et\/product\/unisex-kapuutsita-pusa-signature-crewneck-sweatshirt\/\" target=\"_blank\" rel=\"noopener\">siit<\/a>.<\/p>\n","protected":false},"featured_media":26331,"template":"","meta":{"_acf_changed":false,"om_disable_all_campaigns":false,"_monsterinsights_skip_tracking":false,"_monsterinsights_sitenote_active":false,"_monsterinsights_sitenote_note":"","_monsterinsights_sitenote_category":0,"site-sidebar-layout":"default","site-content-layout":"default","ast-site-content-layout":"","site-content-style":"default","site-sidebar-style":"default","ast-global-header-display":"","ast-banner-title-visibility":"","ast-main-header-display":"","ast-hfb-above-header-display":"","ast-hfb-below-header-display":"","ast-hfb-mobile-header-display":"","site-post-title":"","ast-breadcrumbs-content":"","ast-featured-img":"","footer-sml-layout":"","theme-transparent-header-meta":"default","adv-header-id-meta":"","stick-header-meta":"","header-above-stick-meta":"","header-main-stick-meta":"","header-below-stick-meta":"","astra-migrate-meta-layouts":"default","ast-page-background-enabled":"default","ast-page-background-meta":{"desktop":{"background-color":"","background-image":"","background-repeat":"repeat","background-position":"center center","background-size":"auto","background-attachment":"scroll","background-type":"","background-media":"","overlay-type":"","overlay-color":"","overlay-opacity":"","overlay-gradient":""},"tablet":{"background-color":"","background-image":"","background-repeat":"repeat","background-position":"center center","background-size":"auto","background-attachment":"scroll","background-type":"","background-media":"","overlay-type":"","overlay-color":"","overlay-opacity":"","overlay-gradient":""},"mobile":{"background-color":"","background-image":"","background-repeat":"repeat","background-position":"center center","background-size":"auto","background-attachment":"scroll","background-type":"","background-media":"","overlay-type":"","overlay-color":"","overlay-opacity":"","overlay-gradient":""}},"ast-content-background-meta":{"desktop":{"background-color":"var(--ast-global-color-5)","background-image":"","background-repeat":"repeat","background-position":"center center","background-size":"auto","background-attachment":"scroll","background-type":"","background-media":"","overlay-type":"","overlay-color":"","overlay-opacity":"","overlay-gradient":""},"tablet":{"background-color":"var(--ast-global-color-5)","background-image":"","background-repeat":"repeat","background-position":"center center","background-size":"auto","background-attachment":"scroll","background-type":"","background-media":"","overlay-type":"","overlay-color":"","overlay-opacity":"","overlay-gradient":""},"mobile":{"background-color":"var(--ast-global-color-5)","background-image":"","background-repeat":"repeat","background-position":"center center","background-size":"auto","background-attachment":"scroll","background-type":"","background-media":"","overlay-type":"","overlay-color":"","overlay-opacity":"","overlay-gradient":""}}},"product_brand":[],"product_cat":[36,804],"product_tag":[],"class_list":{"0":"post-26468","1":"product","2":"type-product","3":"status-publish","4":"has-post-thumbnail","6":"product_cat-disainita-tooted","7":"product_cat-pusad-dressipluusid","8":"pa_kaelus-umar-kaelus","9":"pa_kaised-pikad-kaised","10":"pa_kapuuts-kapuutsiga","11":"pa_materjal-kombineeritud-kangas","12":"pa_materjali-paksus-250--g-m","13":"pa_sugu-unisex","14":"pa_suurus-2xl","15":"pa_suurus-2xs","16":"pa_suurus-3xl","17":"pa_suurus-4xl","18":"pa_suurus-5xl","19":"pa_suurus-l","20":"pa_suurus-m","21":"pa_suurus-s","22":"pa_suurus-xl","23":"pa_suurus-xs","24":"pa_tegumood-regular-fit","25":"pa_toote-tuup-pusa-dressipluus","26":"pa_varv-charcoal","27":"pa_varv-dark-black","28":"pa_varv-emerald-green","29":"pa_varv-light-oxford","30":"pa_varv-navy","31":"pa_varv-pastel-macchiato","32":"pa_varv-petrol","33":"pa_varv-rose-chalk","34":"pa_varv-snowwhite","35":"pa_varv-steel-blue","36":"desktop-align-left","37":"tablet-align-left","38":"mobile-align-left","40":"first","41":"instock","42":"taxable","43":"shipping-taxable","44":"purchasable","45":"product-type-variable","46":"has-default-attributes","47":"wvs-archive-product-wrapper"},"acf":[],"aioseo_notices":[],"_links":{"self":[{"href":"https:\/\/omakujustus.ee\/et\/wp-json\/wp\/v2\/product\/26468","targetHints":{"allow":["GET"]}}],"collection":[{"href":"https:\/\/omakujustus.ee\/et\/wp-json\/wp\/v2\/product"}],"about":[{"href":"https:\/\/omakujustus.ee\/et\/wp-json\/wp\/v2\/types\/product"}],"wp:featuredmedia":[{"embeddable":true,"href":"https:\/\/omakujustus.ee\/et\/wp-json\/wp\/v2\/media\/26331"}],"wp:attachment":[{"href":"https:\/\/omakujustus.ee\/et\/wp-json\/wp\/v2\/media?parent=26468"}],"wp:term":[{"taxonomy":"product_brand","embeddable":true,"href":"https:\/\/omakujustus.ee\/et\/wp-json\/wp\/v2\/product_brand?post=26468"},{"taxonomy":"product_cat","embeddable":true,"href":"https:\/\/omakujustus.ee\/et\/wp-json\/wp\/v2\/product_cat?post=26468"},{"taxonomy":"product_tag","embeddable":true,"href":"https:\/\/omakujustus.ee\/et\/wp-json\/wp\/v2\/product_tag?post=26468"}],"curies":[{"name":"wp","href":"https:\/\/api.w.org\/{rel}","templated":true}]}}