{"id":26030,"date":"2024-08-11T18:35:55","date_gmt":"2024-08-11T16:35:55","guid":{"rendered":"https:\/\/omakujustus.ee\/product\/flexfit-nu-cap-nokamuts\/"},"modified":"2025-07-09T20:13:34","modified_gmt":"2025-07-09T18:13:34","slug":"flexfit-nu-cap-nokamuts","status":"publish","type":"product","link":"https:\/\/omakujustus.ee\/et\/product\/flexfit-nu-cap-nokamuts\/","title":{"rendered":"FLEXFIT NU\u00ae CAP nokam\u00fcts tagant kinnine"},"content":{"rendered":"<p><strong>Flexfit NU\u00ae Cap<\/strong> nokam\u00fcts on \u00fcmber kujundatud uueks esmaklassiliseks igap\u00e4evaseks peakatteks.<br \/>\nKombineerides originaalset Flexfit\u00ae Techi, t\u00e4iustatud Cool &amp; Dry tehnoloogiat ja ActiveGuard\u00ae\u00a0tehnoloogiat, kehastab Flexfit NU\u00ae rafineeritust ja kaasaegset mugavust koos ikoonilise alusp\u00f5hjaga.<\/p>\n<p><strong>Flexfit\u00ae Tech<\/strong> on revolutsiooniline tehnoloogia kus elastsuse suurendamiseks on veniv higipael disainitud kogu m\u00f5tsi sisemuse ulatuses.<br \/>\n<strong>Cool and dry<\/strong> tehnoloogia tahab hea hingavuse t\u00e4nu millele on selle m\u00fctsi kandmine eriti mugav.<br \/>\n<strong>FlexFit Permacurv\u00ae<\/strong> nokk on loodud tehnoloogiaga, mis s\u00e4ilitab alati \u00f5ige kuju ja k\u00f5veruse.<\/p>\n<ul>\n<li>Kolmekihiline esipaneeli tehnika esik\u00fclje paremaks kaunistamiseks<\/li>\n<li>Teibitud \u00f5mblused eriti minimalistliku ja sileda tulemuse saavutamiseks<\/li>\n<li>K\u00f5va buckram, struktureeritud esiosa<\/li>\n<li>Kinnine tagumine osa, veniv materjal tagab sobivuse<\/li>\n<li>Toon-toonis alusvisiiri, 8-realised \u00f5mblused visiiril<\/li>\n<li>YP nelja ribaga logo, mis on asetatud kandja m\u00fctsi paremale k\u00fcljele<\/li>\n<\/ul>\n<p><strong>Materjal<\/strong>: 77% pol\u00fcester, 20% viskoos, 3% elastaan<\/p>\n","protected":false},"excerpt":{"rendered":"<p>FLEXFIT NU\u00ae CAP nokam\u00fcts<\/p>\n","protected":false},"featured_media":25986,"template":"","meta":{"_acf_changed":false,"om_disable_all_campaigns":false,"_monsterinsights_skip_tracking":false,"_monsterinsights_sitenote_active":false,"_monsterinsights_sitenote_note":"","_monsterinsights_sitenote_category":0,"site-sidebar-layout":"default","site-content-layout":"default","ast-site-content-layout":"","site-content-style":"default","site-sidebar-style":"default","ast-global-header-display":"","ast-banner-title-visibility":"","ast-main-header-display":"","ast-hfb-above-header-display":"","ast-hfb-below-header-display":"","ast-hfb-mobile-header-display":"","site-post-title":"","ast-breadcrumbs-content":"","ast-featured-img":"","footer-sml-layout":"","theme-transparent-header-meta":"default","adv-header-id-meta":"","stick-header-meta":"","header-above-stick-meta":"","header-main-stick-meta":"","header-below-stick-meta":"","astra-migrate-meta-layouts":"default","ast-page-background-enabled":"default","ast-page-background-meta":{"desktop":{"background-color":"","background-image":"","background-repeat":"repeat","background-position":"center center","background-size":"auto","background-attachment":"scroll","background-type":"","background-media":"","overlay-type":"","overlay-color":"","overlay-opacity":"","overlay-gradient":""},"tablet":{"background-color":"","background-image":"","background-repeat":"repeat","background-position":"center center","background-size":"auto","background-attachment":"scroll","background-type":"","background-media":"","overlay-type":"","overlay-color":"","overlay-opacity":"","overlay-gradient":""},"mobile":{"background-color":"","background-image":"","background-repeat":"repeat","background-position":"center center","background-size":"auto","background-attachment":"scroll","background-type":"","background-media":"","overlay-type":"","overlay-color":"","overlay-opacity":"","overlay-gradient":""}},"ast-content-background-meta":{"desktop":{"background-color":"var(--ast-global-color-5)","background-image":"","background-repeat":"repeat","background-position":"center center","background-size":"auto","background-attachment":"scroll","background-type":"","background-media":"","overlay-type":"","overlay-color":"","overlay-opacity":"","overlay-gradient":""},"tablet":{"background-color":"var(--ast-global-color-5)","background-image":"","background-repeat":"repeat","background-position":"center center","background-size":"auto","background-attachment":"scroll","background-type":"","background-media":"","overlay-type":"","overlay-color":"","overlay-opacity":"","overlay-gradient":""},"mobile":{"background-color":"var(--ast-global-color-5)","background-image":"","background-repeat":"repeat","background-position":"center center","background-size":"auto","background-attachment":"scroll","background-type":"","background-media":"","overlay-type":"","overlay-color":"","overlay-opacity":"","overlay-gradient":""}}},"product_brand":[],"product_cat":[36,646],"product_tag":[],"class_list":{"0":"post-26030","1":"product","2":"type-product","3":"status-publish","4":"has-post-thumbnail","6":"product_cat-disainita-tooted","7":"product_cat-mutsid-kindad","8":"pa_noka-tuup-kumer-nokk","9":"pa_paneelide-arv-6-paneeliga","10":"pa_profiili-korgus-keskmine","11":"pa_profiili-tugevus-tugevdatud","12":"pa_suurus-l-xl","13":"pa_suurus-s-m","14":"pa_toote-tuup-nokamuts","15":"pa_varv-black","16":"pa_varv-dark-grey","17":"pa_varv-dark-navy","18":"pa_varv-grey","19":"pa_varv-navy","20":"pa_varv-red","21":"pa_varv-royal","22":"pa_varv-white","23":"desktop-align-left","24":"tablet-align-left","25":"mobile-align-left","27":"first","28":"instock","29":"taxable","30":"shipping-taxable","31":"purchasable","32":"product-type-variable","33":"has-default-attributes","34":"wvs-archive-product-wrapper"},"acf":[],"aioseo_notices":[],"_links":{"self":[{"href":"https:\/\/omakujustus.ee\/et\/wp-json\/wp\/v2\/product\/26030","targetHints":{"allow":["GET"]}}],"collection":[{"href":"https:\/\/omakujustus.ee\/et\/wp-json\/wp\/v2\/product"}],"about":[{"href":"https:\/\/omakujustus.ee\/et\/wp-json\/wp\/v2\/types\/product"}],"wp:featuredmedia":[{"embeddable":true,"href":"https:\/\/omakujustus.ee\/et\/wp-json\/wp\/v2\/media\/25986"}],"wp:attachment":[{"href":"https:\/\/omakujustus.ee\/et\/wp-json\/wp\/v2\/media?parent=26030"}],"wp:term":[{"taxonomy":"product_brand","embeddable":true,"href":"https:\/\/omakujustus.ee\/et\/wp-json\/wp\/v2\/product_brand?post=26030"},{"taxonomy":"product_cat","embeddable":true,"href":"https:\/\/omakujustus.ee\/et\/wp-json\/wp\/v2\/product_cat?post=26030"},{"taxonomy":"product_tag","embeddable":true,"href":"https:\/\/omakujustus.ee\/et\/wp-json\/wp\/v2\/product_tag?post=26030"}],"curies":[{"name":"wp","href":"https:\/\/api.w.org\/{rel}","templated":true}]}}