{"id":25781,"date":"2024-08-10T18:34:41","date_gmt":"2024-08-10T16:34:41","guid":{"rendered":"https:\/\/omakujustus.ee\/product\/flexfit-5-panel-premium-curved-visor-snapback-cap\/"},"modified":"2025-07-09T20:13:34","modified_gmt":"2025-07-09T18:13:34","slug":"flexfit-nokamuts-premium-curved-visor-snapback-cap-reguleeritav","status":"publish","type":"product","link":"https:\/\/omakujustus.ee\/et\/product\/flexfit-nokamuts-premium-curved-visor-snapback-cap-reguleeritav\/","title":{"rendered":"Flexfit\u00ae nokam\u00fcts Premium Curved Visor Snapback Cap reguleeritav"},"content":{"rendered":"<p>Flexfit 5 paneeliga Premium Curved Visor Snapback Cap nokam\u00fcts on tagasihoidliku v\u00e4limusega. \u00dcldlevinud snapback-kuju ja kergelt kaarjas eesmine osa, mis on villasegukangast, pakkudes lihtsat, kuid esmaklassilist v\u00e4limust, mis sobib igaks s\u00fcndmuseks.<\/p>\n<ul>\n<li>K\u00f5va buckram, struktureeritud esiosa<\/li>\n<li>Toon-toonis alusvisiir, 8-realise \u00f5mblusega<\/li>\n<li>Klassikalise kuju kuid esmaklassilise villasegust kangaga nokam\u00fcts<\/li>\n<li>Reguleeritava toon-toonis snapback kinnitusega<\/li>\n<\/ul>\n<p><strong>Materjal<\/strong>: 80% pol\u00fcakr\u00fc\u00fcl, 20% vill<br \/>\n<strong>Materjali paksus<\/strong>: 274 g\/m\u00b2<\/p>\n","protected":false},"excerpt":{"rendered":"<p>Flexfit 5 paneeliga premium nokam\u00fcts Premium Curved Visor Snapback Cap<\/p>\n","protected":false},"featured_media":25566,"template":"","meta":{"_acf_changed":false,"om_disable_all_campaigns":false,"_monsterinsights_skip_tracking":false,"_monsterinsights_sitenote_active":false,"_monsterinsights_sitenote_note":"","_monsterinsights_sitenote_category":0,"site-sidebar-layout":"default","site-content-layout":"default","ast-site-content-layout":"","site-content-style":"default","site-sidebar-style":"default","ast-global-header-display":"","ast-banner-title-visibility":"","ast-main-header-display":"","ast-hfb-above-header-display":"","ast-hfb-below-header-display":"","ast-hfb-mobile-header-display":"","site-post-title":"","ast-breadcrumbs-content":"","ast-featured-img":"","footer-sml-layout":"","theme-transparent-header-meta":"default","adv-header-id-meta":"","stick-header-meta":"","header-above-stick-meta":"","header-main-stick-meta":"","header-below-stick-meta":"","astra-migrate-meta-layouts":"default","ast-page-background-enabled":"default","ast-page-background-meta":{"desktop":{"background-color":"","background-image":"","background-repeat":"repeat","background-position":"center center","background-size":"auto","background-attachment":"scroll","background-type":"","background-media":"","overlay-type":"","overlay-color":"","overlay-opacity":"","overlay-gradient":""},"tablet":{"background-color":"","background-image":"","background-repeat":"repeat","background-position":"center center","background-size":"auto","background-attachment":"scroll","background-type":"","background-media":"","overlay-type":"","overlay-color":"","overlay-opacity":"","overlay-gradient":""},"mobile":{"background-color":"","background-image":"","background-repeat":"repeat","background-position":"center center","background-size":"auto","background-attachment":"scroll","background-type":"","background-media":"","overlay-type":"","overlay-color":"","overlay-opacity":"","overlay-gradient":""}},"ast-content-background-meta":{"desktop":{"background-color":"var(--ast-global-color-5)","background-image":"","background-repeat":"repeat","background-position":"center center","background-size":"auto","background-attachment":"scroll","background-type":"","background-media":"","overlay-type":"","overlay-color":"","overlay-opacity":"","overlay-gradient":""},"tablet":{"background-color":"var(--ast-global-color-5)","background-image":"","background-repeat":"repeat","background-position":"center center","background-size":"auto","background-attachment":"scroll","background-type":"","background-media":"","overlay-type":"","overlay-color":"","overlay-opacity":"","overlay-gradient":""},"mobile":{"background-color":"var(--ast-global-color-5)","background-image":"","background-repeat":"repeat","background-position":"center center","background-size":"auto","background-attachment":"scroll","background-type":"","background-media":"","overlay-type":"","overlay-color":"","overlay-opacity":"","overlay-gradient":""}}},"product_brand":[],"product_cat":[36,646],"product_tag":[],"class_list":{"0":"post-25781","1":"product","2":"type-product","3":"status-publish","4":"has-post-thumbnail","6":"product_cat-disainita-tooted","7":"product_cat-mutsid-kindad","8":"pa_noka-tuup-kumer-nokk","9":"pa_paneelide-arv-5-paneeliga","10":"pa_profiili-korgus-keskmine","11":"pa_profiili-tugevus-tugevdatud","12":"pa_suurus-one-size","13":"pa_toote-tuup-nokamuts","14":"pa_varv-ballad-blue","15":"pa_varv-black","16":"pa_varv-heather-grey","17":"pa_varv-light-purple","18":"pa_varv-maroon","19":"pa_varv-navy","20":"pa_varv-prism-pink","21":"pa_varv-red","22":"pa_varv-stone","23":"pa_varv-white","24":"desktop-align-left","25":"tablet-align-left","26":"mobile-align-left","28":"first","29":"instock","30":"taxable","31":"shipping-taxable","32":"purchasable","33":"product-type-variable","34":"has-default-attributes","35":"wvs-archive-product-wrapper"},"acf":[],"aioseo_notices":[],"_links":{"self":[{"href":"https:\/\/omakujustus.ee\/et\/wp-json\/wp\/v2\/product\/25781","targetHints":{"allow":["GET"]}}],"collection":[{"href":"https:\/\/omakujustus.ee\/et\/wp-json\/wp\/v2\/product"}],"about":[{"href":"https:\/\/omakujustus.ee\/et\/wp-json\/wp\/v2\/types\/product"}],"wp:featuredmedia":[{"embeddable":true,"href":"https:\/\/omakujustus.ee\/et\/wp-json\/wp\/v2\/media\/25566"}],"wp:attachment":[{"href":"https:\/\/omakujustus.ee\/et\/wp-json\/wp\/v2\/media?parent=25781"}],"wp:term":[{"taxonomy":"product_brand","embeddable":true,"href":"https:\/\/omakujustus.ee\/et\/wp-json\/wp\/v2\/product_brand?post=25781"},{"taxonomy":"product_cat","embeddable":true,"href":"https:\/\/omakujustus.ee\/et\/wp-json\/wp\/v2\/product_cat?post=25781"},{"taxonomy":"product_tag","embeddable":true,"href":"https:\/\/omakujustus.ee\/et\/wp-json\/wp\/v2\/product_tag?post=25781"}],"curies":[{"name":"wp","href":"https:\/\/api.w.org\/{rel}","templated":true}]}}