{"id":25768,"date":"2024-08-11T18:34:35","date_gmt":"2024-08-11T16:34:35","guid":{"rendered":"https:\/\/omakujustus.ee\/product\/flexfit-unipanel-melange-cap\/"},"modified":"2025-07-09T20:13:34","modified_gmt":"2025-07-09T18:13:34","slug":"flexfit-nokamuts-unipanel-melange-cap","status":"publish","type":"product","link":"https:\/\/omakujustus.ee\/et\/product\/flexfit-nokamuts-unipanel-melange-cap\/","title":{"rendered":"Flexfit\u00ae nokam\u00fcts Unipanel Melange Cap tagant kinnine"},"content":{"rendered":"<p>Flexfit Unipanel Melange tagant kinnine nokam\u00fcts.<\/p>\n<p>Nokam\u00fcts on maksimaalse mugavuse tagamiseks pehme ja sileda materjaliga. UniPanel esiosa on tugevdatud, kuid ilma \u00f5mblusteta. FlexFit Permacurv\u00ae nokk on loodud tehnoloogiaga, mis s\u00e4ilitab alati \u00f5ige kuju ja k\u00f5veruse. Nokk on viimistletud 8-realise \u00f5mblusega, alumine osa musta kangaga.<\/p>\n<ul>\n<li>UniPanel\u0099 stuktueeritud esipaneel<\/li>\n<li>Suletud tagak\u00fclg. Stretch materjal tagab hea sobivuse<\/li>\n<li>FlexFit Permacurv\u00ae tehnoloogia, mille abil s\u00e4ilib nokal alati \u00f5ige kuju ja k\u00f5verus.<\/li>\n<li>Must alusvisiiri, 8-realised \u00f5mblused visiiril<\/li>\n<li>YP nelja ribaga logo, mis asetatakse kandja m\u00fctsi paremale k\u00fcljele<\/li>\n<\/ul>\n<p><strong>Materjal<\/strong>: 95% pol\u00fcester, 5% elastaan<\/p>\n","protected":false},"excerpt":{"rendered":"<p>Flexfit nokam\u00fcts Unipanel Melange Cap<\/p>\n","protected":false},"featured_media":25504,"template":"","meta":{"_acf_changed":false,"om_disable_all_campaigns":false,"_monsterinsights_skip_tracking":false,"_monsterinsights_sitenote_active":false,"_monsterinsights_sitenote_note":"","_monsterinsights_sitenote_category":0,"site-sidebar-layout":"default","site-content-layout":"default","ast-site-content-layout":"","site-content-style":"default","site-sidebar-style":"default","ast-global-header-display":"","ast-banner-title-visibility":"","ast-main-header-display":"","ast-hfb-above-header-display":"","ast-hfb-below-header-display":"","ast-hfb-mobile-header-display":"","site-post-title":"","ast-breadcrumbs-content":"","ast-featured-img":"","footer-sml-layout":"","theme-transparent-header-meta":"default","adv-header-id-meta":"","stick-header-meta":"","header-above-stick-meta":"","header-main-stick-meta":"","header-below-stick-meta":"","astra-migrate-meta-layouts":"default","ast-page-background-enabled":"default","ast-page-background-meta":{"desktop":{"background-color":"","background-image":"","background-repeat":"repeat","background-position":"center center","background-size":"auto","background-attachment":"scroll","background-type":"","background-media":"","overlay-type":"","overlay-color":"","overlay-opacity":"","overlay-gradient":""},"tablet":{"background-color":"","background-image":"","background-repeat":"repeat","background-position":"center center","background-size":"auto","background-attachment":"scroll","background-type":"","background-media":"","overlay-type":"","overlay-color":"","overlay-opacity":"","overlay-gradient":""},"mobile":{"background-color":"","background-image":"","background-repeat":"repeat","background-position":"center center","background-size":"auto","background-attachment":"scroll","background-type":"","background-media":"","overlay-type":"","overlay-color":"","overlay-opacity":"","overlay-gradient":""}},"ast-content-background-meta":{"desktop":{"background-color":"var(--ast-global-color-5)","background-image":"","background-repeat":"repeat","background-position":"center center","background-size":"auto","background-attachment":"scroll","background-type":"","background-media":"","overlay-type":"","overlay-color":"","overlay-opacity":"","overlay-gradient":""},"tablet":{"background-color":"var(--ast-global-color-5)","background-image":"","background-repeat":"repeat","background-position":"center center","background-size":"auto","background-attachment":"scroll","background-type":"","background-media":"","overlay-type":"","overlay-color":"","overlay-opacity":"","overlay-gradient":""},"mobile":{"background-color":"var(--ast-global-color-5)","background-image":"","background-repeat":"repeat","background-position":"center center","background-size":"auto","background-attachment":"scroll","background-type":"","background-media":"","overlay-type":"","overlay-color":"","overlay-opacity":"","overlay-gradient":""}}},"product_brand":[],"product_cat":[36,646],"product_tag":[],"class_list":{"0":"post-25768","1":"product","2":"type-product","3":"status-publish","4":"has-post-thumbnail","6":"product_cat-disainita-tooted","7":"product_cat-mutsid-kindad","8":"pa_noka-tuup-kumer-nokk","9":"pa_paneelide-arv-5-paneeliga","10":"pa_profiili-korgus-keskmine","11":"pa_profiili-tugevus-tugevdatud","12":"pa_suurus-l-xl","13":"pa_suurus-s-m","14":"pa_toote-tuup-nokamuts","15":"pa_varv-melange-dark-grey","16":"pa_varv-melange-heather-grey","17":"pa_varv-melange-navy","18":"desktop-align-left","19":"tablet-align-left","20":"mobile-align-left","22":"first","23":"instock","24":"taxable","25":"shipping-taxable","26":"purchasable","27":"product-type-variable","28":"has-default-attributes","29":"wvs-archive-product-wrapper"},"acf":[],"aioseo_notices":[],"_links":{"self":[{"href":"https:\/\/omakujustus.ee\/et\/wp-json\/wp\/v2\/product\/25768","targetHints":{"allow":["GET"]}}],"collection":[{"href":"https:\/\/omakujustus.ee\/et\/wp-json\/wp\/v2\/product"}],"about":[{"href":"https:\/\/omakujustus.ee\/et\/wp-json\/wp\/v2\/types\/product"}],"wp:featuredmedia":[{"embeddable":true,"href":"https:\/\/omakujustus.ee\/et\/wp-json\/wp\/v2\/media\/25504"}],"wp:attachment":[{"href":"https:\/\/omakujustus.ee\/et\/wp-json\/wp\/v2\/media?parent=25768"}],"wp:term":[{"taxonomy":"product_brand","embeddable":true,"href":"https:\/\/omakujustus.ee\/et\/wp-json\/wp\/v2\/product_brand?post=25768"},{"taxonomy":"product_cat","embeddable":true,"href":"https:\/\/omakujustus.ee\/et\/wp-json\/wp\/v2\/product_cat?post=25768"},{"taxonomy":"product_tag","embeddable":true,"href":"https:\/\/omakujustus.ee\/et\/wp-json\/wp\/v2\/product_tag?post=25768"}],"curies":[{"name":"wp","href":"https:\/\/api.w.org\/{rel}","templated":true}]}}