{"id":25751,"date":"2024-08-10T18:40:29","date_gmt":"2024-08-10T16:40:29","guid":{"rendered":"https:\/\/omakujustus.ee\/product\/low-profile-6-panel-dad-cap\/"},"modified":"2026-04-30T03:01:54","modified_gmt":"2026-04-30T00:01:54","slug":"madala-profiiliga-nokamuts-low-profile-6-panel-dad-cap","status":"publish","type":"product","link":"https:\/\/omakujustus.ee\/et\/product\/madala-profiiliga-nokamuts-low-profile-6-panel-dad-cap\/","title":{"rendered":"Madala profiiliga nokam\u00fcts Low Profile 6 Panel Dad Cap reguleeritav"},"content":{"rendered":"<p>Low Profile 6 Panel Dad Cap on madala profiiliga, tugevdamata eesmise osaga nokam\u00fcts. Tagaosas on metallist pandlaga reguleerimise aas.<br \/>\n\u00d5mmeldud ventilatsiooniavad pealmises osas.<\/p>\n<p>Pea\u00fcmberm\u00f5\u00f5t: ~58cm<\/p>\n<ul>\n<li>Moodne vintage v\u00e4limus<\/li>\n<li>Madala profiiliga struktueerimata nokam\u00fcts<\/li>\n<li>Reguleeritav kvaliteetse metallpandlaga<\/li>\n<\/ul>\n<p><strong>Materjal<\/strong>: 100% puuvill<\/p>\n<p><em>*Saadaval ka laste suuruses.\u00a0<\/em><\/p>\n","protected":false},"excerpt":{"rendered":"<p>Madala profiiliga nokam\u00fcts Low Profile 6 Panel Dad Cap<\/p>\n","protected":false},"featured_media":25491,"template":"","meta":{"_acf_changed":false,"om_disable_all_campaigns":false,"_monsterinsights_skip_tracking":false,"_monsterinsights_sitenote_active":false,"_monsterinsights_sitenote_note":"","_monsterinsights_sitenote_category":0,"site-sidebar-layout":"default","site-content-layout":"default","ast-site-content-layout":"default","site-content-style":"default","site-sidebar-style":"default","ast-global-header-display":"","ast-banner-title-visibility":"","ast-main-header-display":"","ast-hfb-above-header-display":"","ast-hfb-below-header-display":"","ast-hfb-mobile-header-display":"","site-post-title":"","ast-breadcrumbs-content":"","ast-featured-img":"","footer-sml-layout":"","theme-transparent-header-meta":"default","adv-header-id-meta":"","stick-header-meta":"","header-above-stick-meta":"","header-main-stick-meta":"","header-below-stick-meta":"","astra-migrate-meta-layouts":"set","ast-page-background-enabled":"default","ast-page-background-meta":{"desktop":{"background-color":"","background-image":"","background-repeat":"repeat","background-position":"center center","background-size":"auto","background-attachment":"scroll","background-type":"","background-media":"","overlay-type":"","overlay-color":"","overlay-opacity":"","overlay-gradient":""},"tablet":{"background-color":"","background-image":"","background-repeat":"repeat","background-position":"center center","background-size":"auto","background-attachment":"scroll","background-type":"","background-media":"","overlay-type":"","overlay-color":"","overlay-opacity":"","overlay-gradient":""},"mobile":{"background-color":"","background-image":"","background-repeat":"repeat","background-position":"center center","background-size":"auto","background-attachment":"scroll","background-type":"","background-media":"","overlay-type":"","overlay-color":"","overlay-opacity":"","overlay-gradient":""}},"ast-content-background-meta":{"desktop":{"background-color":"var(--ast-global-color-5)","background-image":"","background-repeat":"repeat","background-position":"center center","background-size":"auto","background-attachment":"scroll","background-type":"","background-media":"","overlay-type":"","overlay-color":"","overlay-opacity":"","overlay-gradient":""},"tablet":{"background-color":"var(--ast-global-color-5)","background-image":"","background-repeat":"repeat","background-position":"center center","background-size":"auto","background-attachment":"scroll","background-type":"","background-media":"","overlay-type":"","overlay-color":"","overlay-opacity":"","overlay-gradient":""},"mobile":{"background-color":"var(--ast-global-color-5)","background-image":"","background-repeat":"repeat","background-position":"center center","background-size":"auto","background-attachment":"scroll","background-type":"","background-media":"","overlay-type":"","overlay-color":"","overlay-opacity":"","overlay-gradient":""}}},"product_brand":[],"product_cat":[36,646],"product_tag":[],"class_list":{"0":"post-25751","1":"product","2":"type-product","3":"status-publish","4":"has-post-thumbnail","6":"product_cat-disainita-tooted","7":"product_cat-mutsid-kindad","8":"pa_noka-tuup-kumer-nokk","9":"pa_paneelide-arv-6-paneeliga","10":"pa_profiili-korgus-madal","11":"pa_profiili-tugevus-tugevdamata","12":"pa_suurus-one-size","13":"pa_toote-tuup-nokamuts","14":"pa_varv-beige","15":"pa_varv-black","16":"pa_varv-bottle-green","17":"pa_varv-classic-red","18":"pa_varv-desert-sand","19":"pa_varv-navy","20":"pa_varv-olive-green","21":"pa_varv-pastel-blue","22":"pa_varv-pastel-lemon","23":"pa_varv-pastel-mint","24":"pa_varv-pastel-pink","25":"pa_varv-true-pink","26":"pa_varv-white","27":"desktop-align-left","28":"tablet-align-left","29":"mobile-align-left","31":"first","32":"instock","33":"taxable","34":"shipping-taxable","35":"purchasable","36":"product-type-variable","37":"has-default-attributes","38":"wvs-archive-product-wrapper"},"acf":[],"aioseo_notices":[],"_links":{"self":[{"href":"https:\/\/omakujustus.ee\/et\/wp-json\/wp\/v2\/product\/25751","targetHints":{"allow":["GET"]}}],"collection":[{"href":"https:\/\/omakujustus.ee\/et\/wp-json\/wp\/v2\/product"}],"about":[{"href":"https:\/\/omakujustus.ee\/et\/wp-json\/wp\/v2\/types\/product"}],"wp:featuredmedia":[{"embeddable":true,"href":"https:\/\/omakujustus.ee\/et\/wp-json\/wp\/v2\/media\/25491"}],"wp:attachment":[{"href":"https:\/\/omakujustus.ee\/et\/wp-json\/wp\/v2\/media?parent=25751"}],"wp:term":[{"taxonomy":"product_brand","embeddable":true,"href":"https:\/\/omakujustus.ee\/et\/wp-json\/wp\/v2\/product_brand?post=25751"},{"taxonomy":"product_cat","embeddable":true,"href":"https:\/\/omakujustus.ee\/et\/wp-json\/wp\/v2\/product_cat?post=25751"},{"taxonomy":"product_tag","embeddable":true,"href":"https:\/\/omakujustus.ee\/et\/wp-json\/wp\/v2\/product_tag?post=25751"}],"curies":[{"name":"wp","href":"https:\/\/api.w.org\/{rel}","templated":true}]}}