{"id":25725,"date":"2024-08-11T18:34:24","date_gmt":"2024-08-11T16:34:24","guid":{"rendered":"https:\/\/omakujustus.ee\/product\/flexfit-veil-camo%c2%99-cap\/"},"modified":"2025-07-30T17:54:00","modified_gmt":"2025-07-30T15:54:00","slug":"flexfit-kamuflaaziga-nokamuts-veil-camo-cap","status":"publish","type":"product","link":"https:\/\/omakujustus.ee\/et\/product\/flexfit-kamuflaaziga-nokamuts-veil-camo-cap\/","title":{"rendered":"Flexfit\u00ae kamuflaa\u017eiga nokam\u00fcts Veil Camo Cap tagant kinnine"},"content":{"rendered":"<p>Flexfit\u00ae Veil Camo Cap<br \/>\nK\u00f5igi aegade enimm\u00fc\u00fcdud Veil Camo\u00ae mustriga pesapallim\u00fcts. 6-paneeliline struktureeritud m\u00fcts musta allvisiiriga. Nokam\u00fctsi visiir on viimitsletud 8-realise \u00f5mblusega.<\/p>\n<ul>\n<li>Ametlikult litsentsitud Veil Camo\u00ae muster<\/li>\n<li>K\u00f5va buckram, struktureeritud esiosa<\/li>\n<li>Suletud tagak\u00fclg, sobivuse tagab stretch materjal<\/li>\n<li>Must alusvisiiri, 8-realised \u00f5mblused visiiril<\/li>\n<li>YP nelja ribaga logo, mis asetseb kandjal m\u00fctsi paremale k\u00fcljele<\/li>\n<\/ul>\n<p><strong>Materjal<\/strong>: 100% pol\u00fcester<br \/>\n<strong>Materjali<\/strong> paksus: 156 g\/m\u00b2<\/p>\n","protected":false},"excerpt":{"rendered":"<p>Flexfit\u00ae kamuflaa\u017eiga nokam\u00fcts millel on Veil Camo originaalmuster<\/p>\n","protected":false},"featured_media":25433,"template":"","meta":{"_acf_changed":false,"om_disable_all_campaigns":false,"_monsterinsights_skip_tracking":false,"_monsterinsights_sitenote_active":false,"_monsterinsights_sitenote_note":"","_monsterinsights_sitenote_category":0,"site-sidebar-layout":"default","site-content-layout":"default","ast-site-content-layout":"","site-content-style":"default","site-sidebar-style":"default","ast-global-header-display":"","ast-banner-title-visibility":"","ast-main-header-display":"","ast-hfb-above-header-display":"","ast-hfb-below-header-display":"","ast-hfb-mobile-header-display":"","site-post-title":"","ast-breadcrumbs-content":"","ast-featured-img":"","footer-sml-layout":"","theme-transparent-header-meta":"default","adv-header-id-meta":"","stick-header-meta":"","header-above-stick-meta":"","header-main-stick-meta":"","header-below-stick-meta":"","astra-migrate-meta-layouts":"default","ast-page-background-enabled":"default","ast-page-background-meta":{"desktop":{"background-color":"","background-image":"","background-repeat":"repeat","background-position":"center center","background-size":"auto","background-attachment":"scroll","background-type":"","background-media":"","overlay-type":"","overlay-color":"","overlay-opacity":"","overlay-gradient":""},"tablet":{"background-color":"","background-image":"","background-repeat":"repeat","background-position":"center center","background-size":"auto","background-attachment":"scroll","background-type":"","background-media":"","overlay-type":"","overlay-color":"","overlay-opacity":"","overlay-gradient":""},"mobile":{"background-color":"","background-image":"","background-repeat":"repeat","background-position":"center center","background-size":"auto","background-attachment":"scroll","background-type":"","background-media":"","overlay-type":"","overlay-color":"","overlay-opacity":"","overlay-gradient":""}},"ast-content-background-meta":{"desktop":{"background-color":"var(--ast-global-color-5)","background-image":"","background-repeat":"repeat","background-position":"center center","background-size":"auto","background-attachment":"scroll","background-type":"","background-media":"","overlay-type":"","overlay-color":"","overlay-opacity":"","overlay-gradient":""},"tablet":{"background-color":"var(--ast-global-color-5)","background-image":"","background-repeat":"repeat","background-position":"center center","background-size":"auto","background-attachment":"scroll","background-type":"","background-media":"","overlay-type":"","overlay-color":"","overlay-opacity":"","overlay-gradient":""},"mobile":{"background-color":"var(--ast-global-color-5)","background-image":"","background-repeat":"repeat","background-position":"center center","background-size":"auto","background-attachment":"scroll","background-type":"","background-media":"","overlay-type":"","overlay-color":"","overlay-opacity":"","overlay-gradient":""}}},"product_brand":[],"product_cat":[36,646],"product_tag":[],"class_list":{"0":"post-25725","1":"product","2":"type-product","3":"status-publish","4":"has-post-thumbnail","6":"product_cat-disainita-tooted","7":"product_cat-mutsid-kindad","8":"pa_noka-tuup-kumer-nokk","9":"pa_paneelide-arv-6-paneeliga","10":"pa_profiili-korgus-keskmine","11":"pa_profiili-tugevus-tugevdatud","12":"pa_suurus-l-xl","13":"pa_suurus-s-m","14":"pa_toote-tuup-nokamuts","15":"pa_varv-poseidon-black","16":"pa_varv-wideland","17":"desktop-align-left","18":"tablet-align-left","19":"mobile-align-left","21":"first","22":"instock","23":"taxable","24":"shipping-taxable","25":"purchasable","26":"product-type-variable","27":"has-default-attributes","28":"wvs-archive-product-wrapper"},"acf":[],"aioseo_notices":[],"_links":{"self":[{"href":"https:\/\/omakujustus.ee\/et\/wp-json\/wp\/v2\/product\/25725","targetHints":{"allow":["GET"]}}],"collection":[{"href":"https:\/\/omakujustus.ee\/et\/wp-json\/wp\/v2\/product"}],"about":[{"href":"https:\/\/omakujustus.ee\/et\/wp-json\/wp\/v2\/types\/product"}],"wp:featuredmedia":[{"embeddable":true,"href":"https:\/\/omakujustus.ee\/et\/wp-json\/wp\/v2\/media\/25433"}],"wp:attachment":[{"href":"https:\/\/omakujustus.ee\/et\/wp-json\/wp\/v2\/media?parent=25725"}],"wp:term":[{"taxonomy":"product_brand","embeddable":true,"href":"https:\/\/omakujustus.ee\/et\/wp-json\/wp\/v2\/product_brand?post=25725"},{"taxonomy":"product_cat","embeddable":true,"href":"https:\/\/omakujustus.ee\/et\/wp-json\/wp\/v2\/product_cat?post=25725"},{"taxonomy":"product_tag","embeddable":true,"href":"https:\/\/omakujustus.ee\/et\/wp-json\/wp\/v2\/product_tag?post=25725"}],"curies":[{"name":"wp","href":"https:\/\/api.w.org\/{rel}","templated":true}]}}