{"id":25714,"date":"2024-08-11T19:34:24","date_gmt":"2024-08-11T17:34:24","guid":{"rendered":"https:\/\/omakujustus.ee\/product\/flexfit-flat-visor\/"},"modified":"2025-08-20T10:39:30","modified_gmt":"2025-08-20T08:39:30","slug":"flexfit-flat-visor-sirge-nokaga-nokamuts","status":"publish","type":"product","link":"https:\/\/omakujustus.ee\/et\/product\/flexfit-flat-visor-sirge-nokaga-nokamuts\/","title":{"rendered":"Flexfit\u00ae Flat Visor sirge nokaga nokam\u00fcts tagant kinnine"},"content":{"rendered":"<p>Flexfit Flat Visor tagant kinnine nokam\u00fcts. Originaalne Flexfit\u00ae villase kammitud kangaga ja lameda visiiriga nokam\u00fcts. See tegumood esindab h\u00e4sti t\u00e4navastiili ja on klientide t\u00f5eline lemmik.<\/p>\n<p>Flexfit Flat Visor nokam\u00fcts on tugevalt struktureeritud ja k\u00f5rge profiiliga.<\/p>\n<p>Suurus:<\/p>\n<p>S\/M: 54-58 cm \u00fcmberm\u00f5\u00f5dule<br \/>\nL\/XL: 57-61 cm \u00fcmberm\u00f5\u00f5dule<\/p>\n<p><strong>Materjal<\/strong>: 63% pol\u00fcester, 34% puuvill, 3% elastaan<\/p>\n","protected":false},"excerpt":{"rendered":"<p>Flexfit Flat Visor sirge nokaga nokam\u00fcts<\/p>\n","protected":false},"featured_media":25431,"template":"","meta":{"_acf_changed":false,"om_disable_all_campaigns":false,"_monsterinsights_skip_tracking":false,"_monsterinsights_sitenote_active":false,"_monsterinsights_sitenote_note":"","_monsterinsights_sitenote_category":0,"site-sidebar-layout":"default","site-content-layout":"default","ast-site-content-layout":"default","site-content-style":"default","site-sidebar-style":"default","ast-global-header-display":"","ast-banner-title-visibility":"","ast-main-header-display":"","ast-hfb-above-header-display":"","ast-hfb-below-header-display":"","ast-hfb-mobile-header-display":"","site-post-title":"","ast-breadcrumbs-content":"","ast-featured-img":"","footer-sml-layout":"","theme-transparent-header-meta":"default","adv-header-id-meta":"","stick-header-meta":"","header-above-stick-meta":"","header-main-stick-meta":"","header-below-stick-meta":"","astra-migrate-meta-layouts":"set","ast-page-background-enabled":"default","ast-page-background-meta":{"desktop":{"background-color":"","background-image":"","background-repeat":"repeat","background-position":"center center","background-size":"auto","background-attachment":"scroll","background-type":"","background-media":"","overlay-type":"","overlay-color":"","overlay-opacity":"","overlay-gradient":""},"tablet":{"background-color":"","background-image":"","background-repeat":"repeat","background-position":"center center","background-size":"auto","background-attachment":"scroll","background-type":"","background-media":"","overlay-type":"","overlay-color":"","overlay-opacity":"","overlay-gradient":""},"mobile":{"background-color":"","background-image":"","background-repeat":"repeat","background-position":"center center","background-size":"auto","background-attachment":"scroll","background-type":"","background-media":"","overlay-type":"","overlay-color":"","overlay-opacity":"","overlay-gradient":""}},"ast-content-background-meta":{"desktop":{"background-color":"var(--ast-global-color-5)","background-image":"","background-repeat":"repeat","background-position":"center center","background-size":"auto","background-attachment":"scroll","background-type":"","background-media":"","overlay-type":"","overlay-color":"","overlay-opacity":"","overlay-gradient":""},"tablet":{"background-color":"var(--ast-global-color-5)","background-image":"","background-repeat":"repeat","background-position":"center center","background-size":"auto","background-attachment":"scroll","background-type":"","background-media":"","overlay-type":"","overlay-color":"","overlay-opacity":"","overlay-gradient":""},"mobile":{"background-color":"var(--ast-global-color-5)","background-image":"","background-repeat":"repeat","background-position":"center center","background-size":"auto","background-attachment":"scroll","background-type":"","background-media":"","overlay-type":"","overlay-color":"","overlay-opacity":"","overlay-gradient":""}}},"product_brand":[],"product_cat":[36,646],"product_tag":[],"class_list":{"0":"post-25714","1":"product","2":"type-product","3":"status-publish","4":"has-post-thumbnail","6":"product_cat-disainita-tooted","7":"product_cat-mutsid-kindad","8":"pa_noka-tuup-sirge-nokk","9":"pa_paneelide-arv-6-paneeliga","10":"pa_profiili-korgus-korge","11":"pa_profiili-tugevus-tugevdatud","12":"pa_suurus-l-xl","13":"pa_suurus-s-m","14":"pa_toote-tuup-nokamuts","15":"pa_varv-black","16":"pa_varv-dark-grey","17":"pa_varv-heather","18":"pa_varv-maroon","19":"pa_varv-navy","20":"desktop-align-left","21":"tablet-align-left","22":"mobile-align-left","24":"first","25":"instock","26":"taxable","27":"shipping-taxable","28":"purchasable","29":"product-type-variable","30":"has-default-attributes","31":"wvs-archive-product-wrapper"},"acf":[],"aioseo_notices":[],"_links":{"self":[{"href":"https:\/\/omakujustus.ee\/et\/wp-json\/wp\/v2\/product\/25714","targetHints":{"allow":["GET"]}}],"collection":[{"href":"https:\/\/omakujustus.ee\/et\/wp-json\/wp\/v2\/product"}],"about":[{"href":"https:\/\/omakujustus.ee\/et\/wp-json\/wp\/v2\/types\/product"}],"wp:featuredmedia":[{"embeddable":true,"href":"https:\/\/omakujustus.ee\/et\/wp-json\/wp\/v2\/media\/25431"}],"wp:attachment":[{"href":"https:\/\/omakujustus.ee\/et\/wp-json\/wp\/v2\/media?parent=25714"}],"wp:term":[{"taxonomy":"product_brand","embeddable":true,"href":"https:\/\/omakujustus.ee\/et\/wp-json\/wp\/v2\/product_brand?post=25714"},{"taxonomy":"product_cat","embeddable":true,"href":"https:\/\/omakujustus.ee\/et\/wp-json\/wp\/v2\/product_cat?post=25714"},{"taxonomy":"product_tag","embeddable":true,"href":"https:\/\/omakujustus.ee\/et\/wp-json\/wp\/v2\/product_tag?post=25714"}],"curies":[{"name":"wp","href":"https:\/\/api.w.org\/{rel}","templated":true}]}}