{"id":2571,"date":"2022-02-28T13:23:16","date_gmt":"2022-02-28T11:23:16","guid":{"rendered":"https:\/\/omakujustus.ee\/?post_type=product&#038;p=2571"},"modified":"2025-07-09T20:28:28","modified_gmt":"2025-07-09T18:28:28","slug":"ukraina-linnad-t-sark-meestele","status":"publish","type":"product","link":"https:\/\/omakujustus.ee\/et\/product\/ukraina-linnad-t-sark-meestele\/","title":{"rendered":"UKRAINA LINNAD t-s\u00e4rk meestele \ud83d\udc99\ud83d\udc9b"},"content":{"rendered":"<p>Disain: Ukraina piir 25cm, s\u00fcdametega on m\u00e4rgitud riigi 10 suuremat linna.<br \/>\nNB! S\u00fcdamed on v\u00f5imalik asendada t\u00e4ppidega &#8211; tellimust tehes lisa m\u00e4rge kommentaaridesse.<\/p>\n<p>\u00dcmara kaelusega, klassikalise l\u00f5ikega puuvillane T-s\u00e4rk. <span style=\"font-size: 16px; font-style: normal; font-weight: 400;\">Kaelus on tugevdatud ning sisaldab elastaani.<\/span><br \/>\nMeeste mudel on regular fit ehk klassikalise otse l\u00f5ikega.<\/p>\n<p>Materjal: 100% puuvill<br \/>\nMaterjali paksus: 150 gr\/m\u00b2<\/p>\n<p><img loading=\"lazy\" decoding=\"async\" class=\"alignnone wp-image-15174\" src=\"https:\/\/omakujustus.ee\/wp-content\/uploads\/2024\/01\/size-moodud-300x114.jpg\" sizes=\"auto, (max-width: 400px) 100vw, 400px\" srcset=\"https:\/\/omakujustus.ee\/wp-content\/uploads\/2024\/01\/size-moodud-300x114.jpg 300w, https:\/\/omakujustus.ee\/wp-content\/uploads\/2024\/01\/size-moodud-1024x391.jpg 1024w, https:\/\/omakujustus.ee\/wp-content\/uploads\/2024\/01\/size-moodud-768x293.jpg 768w, https:\/\/omakujustus.ee\/wp-content\/uploads\/2024\/01\/size-moodud-1536x586.jpg 1536w, https:\/\/omakujustus.ee\/wp-content\/uploads\/2024\/01\/size-moodud-18x7.jpg 18w, https:\/\/omakujustus.ee\/wp-content\/uploads\/2024\/01\/size-moodud-600x229.jpg 600w, https:\/\/omakujustus.ee\/wp-content\/uploads\/2024\/01\/size-moodud-64x24.jpg 64w, https:\/\/omakujustus.ee\/wp-content\/uploads\/2024\/01\/size-moodud.jpg 2000w\" alt=\"\" width=\"400\" height=\"152\" \/><\/p>\n<div class=\"wrapper-taille margin-bottom15\">\n<div class=\"scrolling-table\">\n<div class=\"wrapper-taille margin-bottom15\">\n<div>\n<table>\n<tbody>\n<tr>\n<td><b>Suurus<\/b><\/td>\n<td><b>S<\/b><\/td>\n<td><b>M<\/b><\/td>\n<td><b>L<\/b><\/td>\n<td><b>XL<\/b><\/td>\n<td><b>2XL<\/b><\/td>\n<\/tr>\n<tr>\n<td><b>A rind<\/b><\/td>\n<td><b>50<\/b><\/td>\n<td><b>53<\/b><\/td>\n<td><b>56<\/b><\/td>\n<td><b>59<\/b><\/td>\n<td><b>62<\/b><\/td>\n<\/tr>\n<tr>\n<td><b>B pikkus<\/b><\/td>\n<td><b>70<\/b><\/td>\n<td><b>72<\/b><\/td>\n<td><b>74<\/b><\/td>\n<td><b>76<\/b><\/td>\n<td><b>78<\/b><\/td>\n<\/tr>\n<\/tbody>\n<\/table>\n<\/div>\n<\/div>\n<\/div>\n<\/div>\n<p>&nbsp;<\/p>\n","protected":false},"excerpt":{"rendered":"<p><span style=\"color: #000000;\">Disain: T-s\u00e4rgil on Ukraina linnad ja piirjoon 23cm. S\u00fcdametega on m\u00e4rgitud 10 suuremat Ukraina linna. Naiste s\u00e4rgi leiad<span style=\"color: #0000ff;\"><a style=\"color: #0000ff;\" href=\"https:\/\/omakujustus.ee\/product\/ukraina-linnad-t-sark-naistele\/\"> siit<\/a><\/span>.<br \/>\nNB! S\u00fcdamed on v\u00f5imalik asendada t\u00e4ppidega &#8211; tellimust tehes lisa m\u00e4rge kommentaaridesse.<br \/>\n<\/span><\/p>\n<p><span style=\"color: #0000ff;\"><strong>IGALT OSTETUD S\u00c4RGILT edastame 5\u20ac Ukraina elanike toetuseks l\u00e4bi Eesti Punane Rist MT\u00dc, EE742200001180001436.<\/strong> \ud83d\udc99\ud83d\udc9b<\/span><\/p>\n","protected":false},"featured_media":3815,"template":"","meta":{"_acf_changed":false,"om_disable_all_campaigns":false,"_monsterinsights_skip_tracking":false,"_monsterinsights_sitenote_active":false,"_monsterinsights_sitenote_note":"","_monsterinsights_sitenote_category":0,"site-sidebar-layout":"default","site-content-layout":"default","ast-site-content-layout":"","site-content-style":"default","site-sidebar-style":"default","ast-global-header-display":"","ast-banner-title-visibility":"","ast-main-header-display":"","ast-hfb-above-header-display":"","ast-hfb-below-header-display":"","ast-hfb-mobile-header-display":"","site-post-title":"","ast-breadcrumbs-content":"","ast-featured-img":"","footer-sml-layout":"","theme-transparent-header-meta":"default","adv-header-id-meta":"","stick-header-meta":"","header-above-stick-meta":"","header-main-stick-meta":"","header-below-stick-meta":"","astra-migrate-meta-layouts":"default","ast-page-background-enabled":"default","ast-page-background-meta":{"desktop":{"background-color":"","background-image":"","background-repeat":"repeat","background-position":"center center","background-size":"auto","background-attachment":"scroll","background-type":"","background-media":"","overlay-type":"","overlay-color":"","overlay-opacity":"","overlay-gradient":""},"tablet":{"background-color":"","background-image":"","background-repeat":"repeat","background-position":"center center","background-size":"auto","background-attachment":"scroll","background-type":"","background-media":"","overlay-type":"","overlay-color":"","overlay-opacity":"","overlay-gradient":""},"mobile":{"background-color":"","background-image":"","background-repeat":"repeat","background-position":"center center","background-size":"auto","background-attachment":"scroll","background-type":"","background-media":"","overlay-type":"","overlay-color":"","overlay-opacity":"","overlay-gradient":""}},"ast-content-background-meta":{"desktop":{"background-color":"var(--ast-global-color-5)","background-image":"","background-repeat":"repeat","background-position":"center center","background-size":"auto","background-attachment":"scroll","background-type":"","background-media":"","overlay-type":"","overlay-color":"","overlay-opacity":"","overlay-gradient":""},"tablet":{"background-color":"var(--ast-global-color-5)","background-image":"","background-repeat":"repeat","background-position":"center center","background-size":"auto","background-attachment":"scroll","background-type":"","background-media":"","overlay-type":"","overlay-color":"","overlay-opacity":"","overlay-gradient":""},"mobile":{"background-color":"var(--ast-global-color-5)","background-image":"","background-repeat":"repeat","background-position":"center center","background-size":"auto","background-attachment":"scroll","background-type":"","background-media":"","overlay-type":"","overlay-color":"","overlay-opacity":"","overlay-gradient":""}}},"product_brand":[],"product_cat":[43,31],"product_tag":[],"class_list":{"0":"post-2571","1":"product","2":"type-product","3":"status-publish","4":"has-post-thumbnail","6":"product_cat-disainiga-tooted","7":"product_cat-meestele","8":"pa_sugu-meeste","9":"pa_suurus-l","10":"pa_suurus-m","11":"pa_suurus-s","12":"pa_suurus-xl","13":"pa_suurus-xxl","14":"pa_tehnoloogia-presstrukk","15":"pa_trukk-klassikaline-matt","16":"pa_varv-must","17":"pa_varv-valge","18":"desktop-align-left","19":"tablet-align-left","20":"mobile-align-left","22":"first","23":"instock","24":"taxable","25":"shipping-taxable","26":"purchasable","27":"product-type-simple"},"acf":[],"aioseo_notices":[],"_links":{"self":[{"href":"https:\/\/omakujustus.ee\/et\/wp-json\/wp\/v2\/product\/2571","targetHints":{"allow":["GET"]}}],"collection":[{"href":"https:\/\/omakujustus.ee\/et\/wp-json\/wp\/v2\/product"}],"about":[{"href":"https:\/\/omakujustus.ee\/et\/wp-json\/wp\/v2\/types\/product"}],"wp:featuredmedia":[{"embeddable":true,"href":"https:\/\/omakujustus.ee\/et\/wp-json\/wp\/v2\/media\/3815"}],"wp:attachment":[{"href":"https:\/\/omakujustus.ee\/et\/wp-json\/wp\/v2\/media?parent=2571"}],"wp:term":[{"taxonomy":"product_brand","embeddable":true,"href":"https:\/\/omakujustus.ee\/et\/wp-json\/wp\/v2\/product_brand?post=2571"},{"taxonomy":"product_cat","embeddable":true,"href":"https:\/\/omakujustus.ee\/et\/wp-json\/wp\/v2\/product_cat?post=2571"},{"taxonomy":"product_tag","embeddable":true,"href":"https:\/\/omakujustus.ee\/et\/wp-json\/wp\/v2\/product_tag?post=2571"}],"curies":[{"name":"wp","href":"https:\/\/api.w.org\/{rel}","templated":true}]}}