{"id":25198,"date":"2024-08-11T19:35:40","date_gmt":"2024-08-11T17:35:40","guid":{"rendered":"https:\/\/omakujustus.ee\/product\/flexfit-wooly-combed-cap\/"},"modified":"2025-08-20T00:36:21","modified_gmt":"2025-08-19T22:36:21","slug":"flexfit-nokamuts-wooly-combed-cap","status":"publish","type":"product","link":"https:\/\/omakujustus.ee\/et\/product\/flexfit-nokamuts-wooly-combed-cap\/","title":{"rendered":"Flexfit\u00ae nokam\u00fcts Wooly Combed Cap tagant kinnine"},"content":{"rendered":"<p>Klassikalise tegumoega Flexfit nokam\u00fcts mille esimene osa on keskmise k\u00f5rgusega ja viimistletud 6 paneeliga.<\/p>\n<p>FlexFit Permacurv\u00ae on loodud tehnoloogiaga, mis s\u00e4ilitab alati \u00f5ige kuju ja k\u00f5veruse.\u00a0Nokam\u00fctsi nokk on viimistletud 8 realise \u00f5mblusega.<\/p>\n<p><strong>Materjal<\/strong>: 63% pol\u00fcester, 34% puuvill, 3% elastaan<\/p>\n","protected":false},"excerpt":{"rendered":"<p>FlexFit nokam\u00fcts kumera Permacurv\u00ae nokaga<\/p>\n","protected":false},"featured_media":25415,"template":"","meta":{"_acf_changed":false,"om_disable_all_campaigns":false,"_monsterinsights_skip_tracking":false,"_monsterinsights_sitenote_active":false,"_monsterinsights_sitenote_note":"","_monsterinsights_sitenote_category":0,"site-sidebar-layout":"default","site-content-layout":"default","ast-site-content-layout":"","site-content-style":"default","site-sidebar-style":"default","ast-global-header-display":"","ast-banner-title-visibility":"","ast-main-header-display":"","ast-hfb-above-header-display":"","ast-hfb-below-header-display":"","ast-hfb-mobile-header-display":"","site-post-title":"","ast-breadcrumbs-content":"","ast-featured-img":"","footer-sml-layout":"","theme-transparent-header-meta":"default","adv-header-id-meta":"","stick-header-meta":"","header-above-stick-meta":"","header-main-stick-meta":"","header-below-stick-meta":"","astra-migrate-meta-layouts":"default","ast-page-background-enabled":"default","ast-page-background-meta":{"desktop":{"background-color":"","background-image":"","background-repeat":"repeat","background-position":"center center","background-size":"auto","background-attachment":"scroll","background-type":"","background-media":"","overlay-type":"","overlay-color":"","overlay-opacity":"","overlay-gradient":""},"tablet":{"background-color":"","background-image":"","background-repeat":"repeat","background-position":"center center","background-size":"auto","background-attachment":"scroll","background-type":"","background-media":"","overlay-type":"","overlay-color":"","overlay-opacity":"","overlay-gradient":""},"mobile":{"background-color":"","background-image":"","background-repeat":"repeat","background-position":"center center","background-size":"auto","background-attachment":"scroll","background-type":"","background-media":"","overlay-type":"","overlay-color":"","overlay-opacity":"","overlay-gradient":""}},"ast-content-background-meta":{"desktop":{"background-color":"var(--ast-global-color-5)","background-image":"","background-repeat":"repeat","background-position":"center center","background-size":"auto","background-attachment":"scroll","background-type":"","background-media":"","overlay-type":"","overlay-color":"","overlay-opacity":"","overlay-gradient":""},"tablet":{"background-color":"var(--ast-global-color-5)","background-image":"","background-repeat":"repeat","background-position":"center center","background-size":"auto","background-attachment":"scroll","background-type":"","background-media":"","overlay-type":"","overlay-color":"","overlay-opacity":"","overlay-gradient":""},"mobile":{"background-color":"var(--ast-global-color-5)","background-image":"","background-repeat":"repeat","background-position":"center center","background-size":"auto","background-attachment":"scroll","background-type":"","background-media":"","overlay-type":"","overlay-color":"","overlay-opacity":"","overlay-gradient":""}}},"product_brand":[],"product_cat":[36,646],"product_tag":[],"class_list":{"0":"post-25198","1":"product","2":"type-product","3":"status-publish","4":"has-post-thumbnail","6":"product_cat-disainita-tooted","7":"product_cat-mutsid-kindad","8":"pa_noka-tuup-kumer-nokk","9":"pa_paneelide-arv-6-paneeliga","10":"pa_profiili-korgus-keskmine","11":"pa_profiili-tugevus-tugevdatud","12":"pa_suurus-2xl-59-64cm","13":"pa_suurus-l-xl-57-61cm","14":"pa_suurus-s-m-54-58cm","15":"pa_suurus-xs-s-53-57cm","16":"pa_toote-tuup-nokamuts","17":"pa_varv-black","18":"pa_varv-black-black","19":"pa_varv-brown","20":"pa_varv-carolina-blue","21":"pa_varv-charcoal","22":"pa_varv-china-blue","23":"pa_varv-coyote-brown","24":"pa_varv-curry","25":"pa_varv-dark-grey","26":"pa_varv-dark-grey-dark-grey","27":"pa_varv-dark-leaf-green","28":"pa_varv-dark-navy","29":"pa_varv-dark-navy-dark-navy","30":"pa_varv-dark-pink","31":"pa_varv-fresh-green","32":"pa_varv-gold","33":"pa_varv-grey","34":"pa_varv-hawaiian-ocean","35":"pa_varv-khaki","36":"pa_varv-maroon","37":"pa_varv-navy","38":"pa_varv-olive","39":"pa_varv-orange","40":"pa_varv-pepper-green","41":"pa_varv-pink","42":"pa_varv-purple","43":"pa_varv-red","44":"pa_varv-rose-brown","45":"pa_varv-royal","46":"pa_varv-silver","47":"pa_varv-slate-blue","48":"pa_varv-spicy-orange","49":"pa_varv-spruce","50":"pa_varv-stone","51":"pa_varv-white","52":"desktop-align-left","53":"tablet-align-left","54":"mobile-align-left","56":"first","57":"instock","58":"taxable","59":"shipping-taxable","60":"purchasable","61":"product-type-variable","62":"has-default-attributes","63":"wvs-archive-product-wrapper"},"acf":[],"aioseo_notices":[],"_links":{"self":[{"href":"https:\/\/omakujustus.ee\/et\/wp-json\/wp\/v2\/product\/25198","targetHints":{"allow":["GET"]}}],"collection":[{"href":"https:\/\/omakujustus.ee\/et\/wp-json\/wp\/v2\/product"}],"about":[{"href":"https:\/\/omakujustus.ee\/et\/wp-json\/wp\/v2\/types\/product"}],"wp:featuredmedia":[{"embeddable":true,"href":"https:\/\/omakujustus.ee\/et\/wp-json\/wp\/v2\/media\/25415"}],"wp:attachment":[{"href":"https:\/\/omakujustus.ee\/et\/wp-json\/wp\/v2\/media?parent=25198"}],"wp:term":[{"taxonomy":"product_brand","embeddable":true,"href":"https:\/\/omakujustus.ee\/et\/wp-json\/wp\/v2\/product_brand?post=25198"},{"taxonomy":"product_cat","embeddable":true,"href":"https:\/\/omakujustus.ee\/et\/wp-json\/wp\/v2\/product_cat?post=25198"},{"taxonomy":"product_tag","embeddable":true,"href":"https:\/\/omakujustus.ee\/et\/wp-json\/wp\/v2\/product_tag?post=25198"}],"curies":[{"name":"wp","href":"https:\/\/api.w.org\/{rel}","templated":true}]}}