{"id":24414,"date":"2024-07-21T20:50:46","date_gmt":"2024-07-21T18:50:46","guid":{"rendered":"https:\/\/omakujustus.ee\/product\/naiste-polo-ladies-luxury-stretch-polo-elastaaniga\/"},"modified":"2025-08-10T05:33:56","modified_gmt":"2025-08-10T03:33:56","slug":"naiste-polo-ladies-luxury-stretch-polo","status":"publish","type":"product","link":"https:\/\/omakujustus.ee\/et\/product\/naiste-polo-ladies-luxury-stretch-polo\/","title":{"rendered":"Naiste polo Ladies Luxury Stretch Polo elastaaniga"},"content":{"rendered":"<p>Luxury Stretch naiste polo on kenalt kehasse t\u00f6\u00f6deldud, kangas on orgaanilisest puuvillast ja 5% ulatuses elastaaniga, tagamaks pikaajalise venivuse. Polo kaeluse ava on viimistletud 5 n\u00f6\u00f6biga, mis on kanga v\u00e4rvusega toon-toonis.<br \/>\nPolo kangas on eelnevalt kuumt\u00f6\u00f6deldud, v\u00e4ltimaks materjali kokkut\u00f5mbumist ning t\u00e4nu ens\u00fc\u00fcmpesule on materjali pind meeldivadlt sile.<\/p>\n<p><strong>Materjal<\/strong>: 95% puuvill (Organic), ring-spun, 5% elastaan<br \/>\n<strong>Materjali paksus<\/strong>: 215 g\/m\u00b2<\/p>\n<p><em>Tailored fit<\/em><\/p>\n<p><img loading=\"lazy\" decoding=\"async\" class=\"alignnone wp-image-15174\" src=\"https:\/\/omakujustus.ee\/wp-content\/uploads\/2024\/01\/size-moodud-300x114.jpg\" alt=\"\" width=\"416\" height=\"158\" srcset=\"https:\/\/omakujustus.ee\/wp-content\/uploads\/2024\/01\/size-moodud-300x114.jpg 300w, https:\/\/omakujustus.ee\/wp-content\/uploads\/2024\/01\/size-moodud-800x305.jpg 800w, https:\/\/omakujustus.ee\/wp-content\/uploads\/2024\/01\/size-moodud-64x24.jpg 64w, https:\/\/omakujustus.ee\/wp-content\/uploads\/2024\/01\/size-moodud-1024x391.jpg 1024w, https:\/\/omakujustus.ee\/wp-content\/uploads\/2024\/01\/size-moodud-768x293.jpg 768w, https:\/\/omakujustus.ee\/wp-content\/uploads\/2024\/01\/size-moodud-1536x586.jpg 1536w, https:\/\/omakujustus.ee\/wp-content\/uploads\/2024\/01\/size-moodud-18x7.jpg 18w, https:\/\/omakujustus.ee\/wp-content\/uploads\/2024\/01\/size-moodud.jpg 2000w\" sizes=\"auto, (max-width: 416px) 100vw, 416px\" \/><\/p>\n<table>\n<tbody>\n<tr>\n<td><b>Suurus<\/b><\/td>\n<td><b>S<\/b><\/td>\n<td><b>M<\/b><\/td>\n<td><b>L<\/b><\/td>\n<td><b>XL<\/b><\/td>\n<td><b>2XL<\/b><\/td>\n<td><b>3XL<\/b><\/td>\n<\/tr>\n<tr>\n<td><b>A\u00a0 \u00bd rind<\/b><\/td>\n<td><span style=\"font-weight: 400;\">43<\/span><\/td>\n<td><span style=\"font-weight: 400;\">46<\/span><\/td>\n<td><span style=\"font-weight: 400;\">49<\/span><\/td>\n<td><span style=\"font-weight: 400;\">52<\/span><\/td>\n<td><span style=\"font-weight: 400;\">54<\/span><\/td>\n<td><span style=\"font-weight: 400;\">56<\/span><\/td>\n<\/tr>\n<tr>\n<td><b>B pikkus<\/b><\/td>\n<td><span style=\"font-weight: 400;\">62<\/span><\/td>\n<td><span style=\"font-weight: 400;\">64<\/span><\/td>\n<td><span style=\"font-weight: 400;\">66<\/span><\/td>\n<td><span style=\"font-weight: 400;\">68<\/span><\/td>\n<td><span style=\"font-weight: 400;\">70<\/span><\/td>\n<td><span style=\"font-weight: 400;\">72<\/span><\/td>\n<\/tr>\n<\/tbody>\n<\/table>\n","protected":false},"excerpt":{"rendered":"<p>Naiste polo Ladies Luxury Stretch Polo elastaaniga.<\/p>\n","protected":false},"featured_media":24226,"template":"","meta":{"_acf_changed":false,"om_disable_all_campaigns":false,"_monsterinsights_skip_tracking":false,"_monsterinsights_sitenote_active":false,"_monsterinsights_sitenote_note":"","_monsterinsights_sitenote_category":0,"site-sidebar-layout":"default","site-content-layout":"default","ast-site-content-layout":"default","site-content-style":"default","site-sidebar-style":"default","ast-global-header-display":"","ast-banner-title-visibility":"","ast-main-header-display":"","ast-hfb-above-header-display":"","ast-hfb-below-header-display":"","ast-hfb-mobile-header-display":"","site-post-title":"","ast-breadcrumbs-content":"","ast-featured-img":"","footer-sml-layout":"","theme-transparent-header-meta":"default","adv-header-id-meta":"","stick-header-meta":"","header-above-stick-meta":"","header-main-stick-meta":"","header-below-stick-meta":"","astra-migrate-meta-layouts":"set","ast-page-background-enabled":"default","ast-page-background-meta":{"desktop":{"background-color":"","background-image":"","background-repeat":"repeat","background-position":"center center","background-size":"auto","background-attachment":"scroll","background-type":"","background-media":"","overlay-type":"","overlay-color":"","overlay-opacity":"","overlay-gradient":""},"tablet":{"background-color":"","background-image":"","background-repeat":"repeat","background-position":"center center","background-size":"auto","background-attachment":"scroll","background-type":"","background-media":"","overlay-type":"","overlay-color":"","overlay-opacity":"","overlay-gradient":""},"mobile":{"background-color":"","background-image":"","background-repeat":"repeat","background-position":"center center","background-size":"auto","background-attachment":"scroll","background-type":"","background-media":"","overlay-type":"","overlay-color":"","overlay-opacity":"","overlay-gradient":""}},"ast-content-background-meta":{"desktop":{"background-color":"var(--ast-global-color-5)","background-image":"","background-repeat":"repeat","background-position":"center center","background-size":"auto","background-attachment":"scroll","background-type":"","background-media":"","overlay-type":"","overlay-color":"","overlay-opacity":"","overlay-gradient":""},"tablet":{"background-color":"var(--ast-global-color-5)","background-image":"","background-repeat":"repeat","background-position":"center center","background-size":"auto","background-attachment":"scroll","background-type":"","background-media":"","overlay-type":"","overlay-color":"","overlay-opacity":"","overlay-gradient":""},"mobile":{"background-color":"var(--ast-global-color-5)","background-image":"","background-repeat":"repeat","background-position":"center center","background-size":"auto","background-attachment":"scroll","background-type":"","background-media":"","overlay-type":"","overlay-color":"","overlay-opacity":"","overlay-gradient":""}}},"product_brand":[],"product_cat":[36,805],"product_tag":[],"class_list":{"0":"post-24414","1":"product","2":"type-product","3":"status-publish","4":"has-post-thumbnail","6":"product_cat-disainita-tooted","7":"product_cat-polod","8":"pa_kaelus-krae-ja-noopidega","9":"pa_kaised-luhikesed-kaised","10":"pa_materjal-puuvill","11":"pa_materjali-paksus-200-249-g-m","12":"pa_sugu-naiste","13":"pa_suurus-s","14":"pa_suurus-m","15":"pa_suurus-l","16":"pa_suurus-xl","17":"pa_suurus-2xl","18":"pa_suurus-3xl","19":"pa_tegumood-tailored-fit","20":"pa_toote-tuup-polo","21":"pa_varv-black","22":"pa_varv-chocolate","23":"pa_varv-clay","24":"pa_varv-dark-grey","25":"pa_varv-dark-olive","26":"pa_varv-deep-green","27":"pa_varv-deep-red","28":"pa_varv-denim","29":"pa_varv-forest-green","30":"pa_varv-grape","31":"pa_varv-ice-blue","32":"pa_varv-indigo","33":"pa_varv-kit","34":"pa_varv-leaf-green","35":"pa_varv-light-blue","36":"pa_varv-navy","37":"pa_varv-red","38":"pa_varv-stone","39":"pa_varv-white","40":"pa_varv-wine","41":"desktop-align-left","42":"tablet-align-left","43":"mobile-align-left","45":"first","46":"instock","47":"taxable","48":"shipping-taxable","49":"purchasable","50":"product-type-variable","51":"has-default-attributes","52":"wvs-archive-product-wrapper"},"acf":[],"aioseo_notices":[],"_links":{"self":[{"href":"https:\/\/omakujustus.ee\/et\/wp-json\/wp\/v2\/product\/24414","targetHints":{"allow":["GET"]}}],"collection":[{"href":"https:\/\/omakujustus.ee\/et\/wp-json\/wp\/v2\/product"}],"about":[{"href":"https:\/\/omakujustus.ee\/et\/wp-json\/wp\/v2\/types\/product"}],"wp:featuredmedia":[{"embeddable":true,"href":"https:\/\/omakujustus.ee\/et\/wp-json\/wp\/v2\/media\/24226"}],"wp:attachment":[{"href":"https:\/\/omakujustus.ee\/et\/wp-json\/wp\/v2\/media?parent=24414"}],"wp:term":[{"taxonomy":"product_brand","embeddable":true,"href":"https:\/\/omakujustus.ee\/et\/wp-json\/wp\/v2\/product_brand?post=24414"},{"taxonomy":"product_cat","embeddable":true,"href":"https:\/\/omakujustus.ee\/et\/wp-json\/wp\/v2\/product_cat?post=24414"},{"taxonomy":"product_tag","embeddable":true,"href":"https:\/\/omakujustus.ee\/et\/wp-json\/wp\/v2\/product_tag?post=24414"}],"curies":[{"name":"wp","href":"https:\/\/api.w.org\/{rel}","templated":true}]}}