{"id":23244,"date":"2024-05-04T19:54:52","date_gmt":"2024-05-04T17:54:52","guid":{"rendered":"https:\/\/omakujustus.ee\/?post_type=product&#038;p=23244"},"modified":"2026-02-13T16:49:10","modified_gmt":"2026-02-13T14:49:10","slug":"disaini-ise-kapuutsiga-pusa-king-hooded","status":"publish","type":"product","link":"https:\/\/omakujustus.ee\/et\/product\/disaini-ise-kapuutsiga-pusa-king-hooded\/","title":{"rendered":"DISAINI ISE pusa Kapuutsiga pusa King Hooded"},"content":{"rendered":"<p><strong>Royal line<\/strong>\u00a0\u2013 elegantne, luksuslik ja mugav, kui otsid erakordset pehmust ning kaasaegset stiili.<\/p>\n<p>Klassikalise, kergelt taljes l\u00f5ikega, kapuutsi ja eesmise taskuga pusa, mille kvaliteedis sa kahtlema ei pea. Pusa materjal on \u00fcheaegselt pehme ja vastupidav ning seesmine fliis hoiab sind soojas iga ilmaga. K\u00e4ised ja dressipluusi alumine osa on \u00e4\u00e4ristatud laia soonikuga. Kaeluse sisemine osa on viimistletud topeltkangaga, et \u00f5mblused v\u00e4lja ei paistaks.<br \/>\nKapuutsil on topeltkangas ja laiad paelad on kaunistatud metallist otstega, andes pusa v\u00e4limusele viimase lihvi.<\/p>\n<p><strong>Materjal:<\/strong>\u00a080% Better Cotton* puuvill (eelkahandatud, r\u00f5ngaskedratud ja kammitud), 20% taaskasutatud pol\u00fcester (RCS-sertifikaadiga)<br \/>\n<em>Heather Grey: 75% puuvill, 21% pol\u00fcester, 4% viskoos<\/em><br \/>\n<em>Heather Mid Grey: 60% puuvill; 40% pol\u00fcester<\/em><\/p>\n<p><strong>Materjali paksus:<\/strong>\u00a0280 g\/m\u00b2<\/p>\n<p><em>Regular fit<\/em><\/p>\n<p><img loading=\"lazy\" decoding=\"async\" class=\"alignnone wp-image-15174\" src=\"https:\/\/omakujustus.ee\/wp-content\/uploads\/2024\/01\/size-moodud-300x114.jpg\" sizes=\"auto, (max-width: 400px) 100vw, 400px\" srcset=\"https:\/\/omakujustus.ee\/wp-content\/uploads\/2024\/01\/size-moodud-300x114.jpg 300w, https:\/\/omakujustus.ee\/wp-content\/uploads\/2024\/01\/size-moodud-1024x391.jpg 1024w, https:\/\/omakujustus.ee\/wp-content\/uploads\/2024\/01\/size-moodud-768x293.jpg 768w, https:\/\/omakujustus.ee\/wp-content\/uploads\/2024\/01\/size-moodud-1536x586.jpg 1536w, https:\/\/omakujustus.ee\/wp-content\/uploads\/2024\/01\/size-moodud-18x7.jpg 18w, https:\/\/omakujustus.ee\/wp-content\/uploads\/2024\/01\/size-moodud-600x229.jpg 600w, https:\/\/omakujustus.ee\/wp-content\/uploads\/2024\/01\/size-moodud-64x24.jpg 64w, https:\/\/omakujustus.ee\/wp-content\/uploads\/2024\/01\/size-moodud.jpg 2000w\" alt=\"\" width=\"400\" height=\"152\" \/><\/p>\n<table>\n<tbody>\n<tr>\n<td><b>Suurus<\/b><\/td>\n<td><b>XS<\/b><\/td>\n<td><b>S<\/b><\/td>\n<td><b>M<\/b><\/td>\n<td><b>L<\/b><\/td>\n<td><b>XL<\/b><\/td>\n<td><b>2XL<\/b><\/td>\n<td><b>3XL<\/b><\/td>\n<td><b>4XL<\/b><\/td>\n<\/tr>\n<tr>\n<td><b>A\u00a0 \u00bd rind<\/b><\/td>\n<td>49<\/td>\n<td>52<\/td>\n<td>55.5<\/td>\n<td>59<\/td>\n<td>62.5<\/td>\n<td>66<\/td>\n<td>70<\/td>\n<td>74<\/td>\n<\/tr>\n<tr>\n<td><b>B Pikkus<\/b><\/td>\n<td>68<\/td>\n<td>70<\/td>\n<td>72<\/td>\n<td>74<\/td>\n<td>76<\/td>\n<td>78<\/td>\n<td>79<\/td>\n<td>80<\/td>\n<\/tr>\n<\/tbody>\n<\/table>\n<p>Better Cottoni toetab vastutustundlikku puuvilla tootmist.<\/p>\n","protected":false},"excerpt":{"rendered":"<p>DISAINI ISE kvaliteetne klassikalise l\u00f5ikega, kapuutsi ja eesmise taskuga pusa.<br \/>\nTr\u00fcki hind \u00fchel poolel 12\u20ac<\/p>\n<ol>\n<li>vali suurus ja v\u00e4rv<\/li>\n<li>vajuta \u201cDISAINI ISE\u201d nuppu<\/li>\n<li>lisa tekst ja\/v\u00f5i pilt<\/li>\n<li>telli\u00a0<img decoding=\"async\" class=\"emoji\" role=\"img\" draggable=\"false\" src=\"https:\/\/s.w.org\/images\/core\/emoji\/15.0.3\/svg\/1f642.svg\" alt=\"\ud83d\ude42\" \/><\/li>\n<\/ol>\n<p>Sama kollektsiooni naiste pusa leiad\u00a0<a href=\"https:\/\/omakujustus.ee\/et\/product\/disaini-ise-naiste-kapuutsiga-pusa-queen-hooded\/\" target=\"_blank\" rel=\"noopener\">siit<\/a>.<br \/>\nSama kollektsiooni ilma kapuutsita pusa leiad\u00a0<a href=\"https:\/\/omakujustus.ee\/et\/product\/disaini-ise-pusa-ilma-kapuutsita-king-crewneck\/\" target=\"_blank\" rel=\"noopener\">siit<\/a>.<\/p>\n","protected":false},"featured_media":18707,"template":"","meta":{"_acf_changed":false,"om_disable_all_campaigns":false,"_monsterinsights_skip_tracking":false,"_monsterinsights_sitenote_active":false,"_monsterinsights_sitenote_note":"","_monsterinsights_sitenote_category":0,"site-sidebar-layout":"default","site-content-layout":"default","ast-site-content-layout":"default","site-content-style":"default","site-sidebar-style":"default","ast-global-header-display":"","ast-banner-title-visibility":"","ast-main-header-display":"","ast-hfb-above-header-display":"","ast-hfb-below-header-display":"","ast-hfb-mobile-header-display":"","site-post-title":"","ast-breadcrumbs-content":"","ast-featured-img":"","footer-sml-layout":"","theme-transparent-header-meta":"default","adv-header-id-meta":"","stick-header-meta":"","header-above-stick-meta":"","header-main-stick-meta":"","header-below-stick-meta":"","astra-migrate-meta-layouts":"set","ast-page-background-enabled":"default","ast-page-background-meta":{"desktop":{"background-color":"","background-image":"","background-repeat":"repeat","background-position":"center center","background-size":"auto","background-attachment":"scroll","background-type":"","background-media":"","overlay-type":"","overlay-color":"","overlay-opacity":"","overlay-gradient":""},"tablet":{"background-color":"","background-image":"","background-repeat":"repeat","background-position":"center center","background-size":"auto","background-attachment":"scroll","background-type":"","background-media":"","overlay-type":"","overlay-color":"","overlay-opacity":"","overlay-gradient":""},"mobile":{"background-color":"","background-image":"","background-repeat":"repeat","background-position":"center center","background-size":"auto","background-attachment":"scroll","background-type":"","background-media":"","overlay-type":"","overlay-color":"","overlay-opacity":"","overlay-gradient":""}},"ast-content-background-meta":{"desktop":{"background-color":"var(--ast-global-color-5)","background-image":"","background-repeat":"repeat","background-position":"center center","background-size":"auto","background-attachment":"scroll","background-type":"","background-media":"","overlay-type":"","overlay-color":"","overlay-opacity":"","overlay-gradient":""},"tablet":{"background-color":"var(--ast-global-color-5)","background-image":"","background-repeat":"repeat","background-position":"center center","background-size":"auto","background-attachment":"scroll","background-type":"","background-media":"","overlay-type":"","overlay-color":"","overlay-opacity":"","overlay-gradient":""},"mobile":{"background-color":"var(--ast-global-color-5)","background-image":"","background-repeat":"repeat","background-position":"center center","background-size":"auto","background-attachment":"scroll","background-type":"","background-media":"","overlay-type":"","overlay-color":"","overlay-opacity":"","overlay-gradient":""}}},"product_brand":[],"product_cat":[713,1036],"product_tag":[],"class_list":{"0":"post-23244","1":"product","2":"type-product","3":"status-publish","4":"has-post-thumbnail","6":"product_cat-disaini-ise","7":"product_cat-disaini-ise-pusad","8":"pa_kaelus-umar-kaelus","9":"pa_kaised-pikad-kaised","10":"pa_kapuuts-kapuutsiga","11":"pa_materjal-kombineeritud-kangas","12":"pa_materjali-paksus-250--g-m","13":"pa_sugu-meeste","14":"pa_sugu-unisex","15":"pa_suurus-2xl","16":"pa_suurus-3xl","17":"pa_suurus-4xl","18":"pa_suurus-l","19":"pa_suurus-m","20":"pa_suurus-s","21":"pa_suurus-xl","22":"pa_suurus-xs","23":"pa_tegumood-regular-fit","24":"pa_toote-tuup-pusa-dressipluus","25":"pa_varv-aqua-green","26":"pa_varv-asphalt","27":"pa_varv-black","28":"pa_varv-bottle-green","29":"pa_varv-dark-cherry","30":"pa_varv-grey-fog","31":"pa_varv-heather-grey","32":"pa_varv-heather-mid-grey","33":"pa_varv-khaki","34":"pa_varv-magenta-pink","35":"pa_varv-navy-blue","36":"pa_varv-nordic-blue","37":"pa_varv-pure-orange","38":"pa_varv-pure-sky","39":"pa_varv-radiant-purple","40":"pa_varv-red","41":"pa_varv-royal","42":"pa_varv-soft-rose","43":"pa_varv-white","44":"pa_varv-yellow-fizz","45":"desktop-align-left","46":"tablet-align-left","47":"mobile-align-left","49":"first","50":"instock","51":"taxable","52":"shipping-taxable","53":"purchasable","54":"product-type-variable","55":"has-default-attributes","56":"wvs-archive-product-wrapper"},"acf":[],"aioseo_notices":[],"_links":{"self":[{"href":"https:\/\/omakujustus.ee\/et\/wp-json\/wp\/v2\/product\/23244","targetHints":{"allow":["GET"]}}],"collection":[{"href":"https:\/\/omakujustus.ee\/et\/wp-json\/wp\/v2\/product"}],"about":[{"href":"https:\/\/omakujustus.ee\/et\/wp-json\/wp\/v2\/types\/product"}],"wp:featuredmedia":[{"embeddable":true,"href":"https:\/\/omakujustus.ee\/et\/wp-json\/wp\/v2\/media\/18707"}],"wp:attachment":[{"href":"https:\/\/omakujustus.ee\/et\/wp-json\/wp\/v2\/media?parent=23244"}],"wp:term":[{"taxonomy":"product_brand","embeddable":true,"href":"https:\/\/omakujustus.ee\/et\/wp-json\/wp\/v2\/product_brand?post=23244"},{"taxonomy":"product_cat","embeddable":true,"href":"https:\/\/omakujustus.ee\/et\/wp-json\/wp\/v2\/product_cat?post=23244"},{"taxonomy":"product_tag","embeddable":true,"href":"https:\/\/omakujustus.ee\/et\/wp-json\/wp\/v2\/product_tag?post=23244"}],"curies":[{"name":"wp","href":"https:\/\/api.w.org\/{rel}","templated":true}]}}