{"id":22964,"date":"2024-03-24T18:11:14","date_gmt":"2024-03-24T16:11:14","guid":{"rendered":"https:\/\/omakujustus.ee\/product\/naiste-kapuutsiga-pusa-queen-hooded-2\/"},"modified":"2026-03-19T11:16:37","modified_gmt":"2026-03-19T09:16:37","slug":"naiste-kapuutsiga-pusa-queen-hooded","status":"publish","type":"product","link":"https:\/\/omakujustus.ee\/et\/product\/naiste-kapuutsiga-pusa-queen-hooded\/","title":{"rendered":"Naiste kapuutsiga pusa QUEEN Hooded"},"content":{"rendered":"<p><strong>Royal line<\/strong>\u00a0\u2013 elegantne, luksuslik ja mugav, kui otsid erakordset pehmust ning kaasaegset stiili.<\/p>\n<p>Klassikalise, kergelt taljes l\u00f5ikega, kapuutsi ja eesmise taskuga pusa, mille kvaliteedis sa kahtlema ei pea. Pusa materjal on \u00fcheaegselt pehme ja vastupidav ning seesmine fliis hoiab sind soojas iga ilmaga. K\u00e4ised ja dressipluusi alumine osa on \u00e4\u00e4ristatud laia soonikuga. Kaeluse sisemine osa on viimistletud topeltkangaga, et \u00f5mblused v\u00e4lja ei paistaks.<br \/>\nKapuutsil on topeltkangas ja laiad paelad on kaunistatud metallist otstega, andes pusa v\u00e4limusele viimase lihvi.<\/p>\n<p><strong>Materjal<\/strong>: 80% Better Cotton* puuvill (eelkahandatud, r\u00f5ngaskedratud ja kammitud), 20% taaskasutatud pol\u00fcester (RCS-sertifikaadiga)<br \/>\n<em>Heather Grey: 75% puuvill, 21% pol\u00fcester, 4% viskoos<\/em><br \/>\n<em>Heather Mid Grey: 60% puuvill; 40% pol\u00fcester<\/em><\/p>\n<p><strong>Materjali paksus:<\/strong>\u00a0280 g\/m\u00b2<\/p>\n<p><em>Regular fit<\/em><\/p>\n<p><img loading=\"lazy\" decoding=\"async\" class=\"alignnone wp-image-15174\" src=\"https:\/\/omakujustus.ee\/wp-content\/uploads\/2024\/01\/size-moodud-300x114.jpg\" sizes=\"auto, (max-width: 400px) 100vw, 400px\" srcset=\"https:\/\/omakujustus.ee\/wp-content\/uploads\/2024\/01\/size-moodud-300x114.jpg 300w, https:\/\/omakujustus.ee\/wp-content\/uploads\/2024\/01\/size-moodud-1024x391.jpg 1024w, https:\/\/omakujustus.ee\/wp-content\/uploads\/2024\/01\/size-moodud-768x293.jpg 768w, https:\/\/omakujustus.ee\/wp-content\/uploads\/2024\/01\/size-moodud-1536x586.jpg 1536w, https:\/\/omakujustus.ee\/wp-content\/uploads\/2024\/01\/size-moodud-18x7.jpg 18w, https:\/\/omakujustus.ee\/wp-content\/uploads\/2024\/01\/size-moodud-600x229.jpg 600w, https:\/\/omakujustus.ee\/wp-content\/uploads\/2024\/01\/size-moodud-64x24.jpg 64w, https:\/\/omakujustus.ee\/wp-content\/uploads\/2024\/01\/size-moodud.jpg 2000w\" alt=\"\" width=\"400\" height=\"152\" \/><\/p>\n<table>\n<tbody>\n<tr>\n<td><b>Suurus<\/b><\/td>\n<td><b>XS<\/b><\/td>\n<td><b>S<\/b><\/td>\n<td><b>M<\/b><\/td>\n<td><b>L<\/b><\/td>\n<td><b>XL<\/b><\/td>\n<td><b>2XL<\/b><\/td>\n<td><b>3XL<\/b><\/td>\n<\/tr>\n<tr>\n<td><b>A\u00a0 \u00bd rind<\/b><\/td>\n<td>45.5<\/td>\n<td>48<\/td>\n<td>51<\/td>\n<td>54<\/td>\n<td>57<\/td>\n<td>60.5<\/td>\n<td>64<\/td>\n<\/tr>\n<tr>\n<td><b>B Pikkus<\/b><\/td>\n<td>62<\/td>\n<td>64<\/td>\n<td>66<\/td>\n<td>68<\/td>\n<td>69<\/td>\n<td>70<\/td>\n<td>71<\/td>\n<\/tr>\n<\/tbody>\n<\/table>\n<p>*Better Cottoni toetab vastutustundlikku puuvilla tootmist.<\/p>\n","protected":false},"excerpt":{"rendered":"<p>Klassikalise l\u00f5ikega, kapuutsi ja eesmise taskuga pusa.<\/p>\n<p>Sama kollektsiooni\u00a0ilma kapuutsita pusa leiad\u00a0<a href=\"https:\/\/omakujustus.ee\/et\/product\/ilma-kapuutsita-naiste-pusa-queen-crewneck\/\" target=\"_blank\" rel=\"noopener\">siit<\/a>,\u00a0eesmise luku ja kapuustiga pusa leiad\u00a0<a href=\"https:\/\/omakujustus.ee\/et\/product\/naiste-kapuutsi-ja-lukuga-pusa-queen-zipped-hood\/\" target=\"_blank\" rel=\"noopener\">siit<\/a>.<\/p>\n","protected":false},"featured_media":18431,"template":"","meta":{"_acf_changed":false,"om_disable_all_campaigns":false,"_monsterinsights_skip_tracking":false,"_monsterinsights_sitenote_active":false,"_monsterinsights_sitenote_note":"","_monsterinsights_sitenote_category":0,"site-sidebar-layout":"default","site-content-layout":"default","ast-site-content-layout":"","site-content-style":"default","site-sidebar-style":"default","ast-global-header-display":"","ast-banner-title-visibility":"","ast-main-header-display":"","ast-hfb-above-header-display":"","ast-hfb-below-header-display":"","ast-hfb-mobile-header-display":"","site-post-title":"","ast-breadcrumbs-content":"","ast-featured-img":"","footer-sml-layout":"","theme-transparent-header-meta":"default","adv-header-id-meta":"","stick-header-meta":"","header-above-stick-meta":"","header-main-stick-meta":"","header-below-stick-meta":"","astra-migrate-meta-layouts":"default","ast-page-background-enabled":"default","ast-page-background-meta":{"desktop":{"background-color":"","background-image":"","background-repeat":"repeat","background-position":"center center","background-size":"auto","background-attachment":"scroll","background-type":"","background-media":"","overlay-type":"","overlay-color":"","overlay-opacity":"","overlay-gradient":""},"tablet":{"background-color":"","background-image":"","background-repeat":"repeat","background-position":"center center","background-size":"auto","background-attachment":"scroll","background-type":"","background-media":"","overlay-type":"","overlay-color":"","overlay-opacity":"","overlay-gradient":""},"mobile":{"background-color":"","background-image":"","background-repeat":"repeat","background-position":"center center","background-size":"auto","background-attachment":"scroll","background-type":"","background-media":"","overlay-type":"","overlay-color":"","overlay-opacity":"","overlay-gradient":""}},"ast-content-background-meta":{"desktop":{"background-color":"var(--ast-global-color-5)","background-image":"","background-repeat":"repeat","background-position":"center center","background-size":"auto","background-attachment":"scroll","background-type":"","background-media":"","overlay-type":"","overlay-color":"","overlay-opacity":"","overlay-gradient":""},"tablet":{"background-color":"var(--ast-global-color-5)","background-image":"","background-repeat":"repeat","background-position":"center center","background-size":"auto","background-attachment":"scroll","background-type":"","background-media":"","overlay-type":"","overlay-color":"","overlay-opacity":"","overlay-gradient":""},"mobile":{"background-color":"var(--ast-global-color-5)","background-image":"","background-repeat":"repeat","background-position":"center center","background-size":"auto","background-attachment":"scroll","background-type":"","background-media":"","overlay-type":"","overlay-color":"","overlay-opacity":"","overlay-gradient":""}}},"product_brand":[],"product_cat":[36,804],"product_tag":[],"class_list":{"0":"post-22964","1":"product","2":"type-product","3":"status-publish","4":"has-post-thumbnail","6":"product_cat-disainita-tooted","7":"product_cat-pusad-dressipluusid","8":"pa_kaelus-umar-kaelus","9":"pa_kaised-pikad-kaised","10":"pa_kapuuts-kapuutsiga","11":"pa_materjal-kombineeritud-kangas","12":"pa_materjali-paksus-250--g-m","13":"pa_sugu-naiste","14":"pa_suurus-2xl","15":"pa_suurus-3xl","16":"pa_suurus-l","17":"pa_suurus-m","18":"pa_suurus-s","19":"pa_suurus-xl","20":"pa_suurus-xs","21":"pa_tegumood-regular-fit","22":"pa_toote-tuup-pusa-dressipluus","23":"pa_varv-aqua-green","24":"pa_varv-asphalt","25":"pa_varv-black","26":"pa_varv-bottle-green","27":"pa_varv-dark-cherry","28":"pa_varv-grey-fog","29":"pa_varv-heather-grey","30":"pa_varv-heather-mid-grey","31":"pa_varv-khaki","32":"pa_varv-magenta-pink","33":"pa_varv-navy-blue","34":"pa_varv-nordic-blue","35":"pa_varv-pure-orange","36":"pa_varv-pure-sky","37":"pa_varv-radiant-purple","38":"pa_varv-red","39":"pa_varv-royal","40":"pa_varv-soft-rose","41":"pa_varv-white","42":"pa_varv-yellow-fizz","43":"desktop-align-left","44":"tablet-align-left","45":"mobile-align-left","47":"first","48":"instock","49":"taxable","50":"shipping-taxable","51":"purchasable","52":"product-type-variable","53":"has-default-attributes","54":"wvs-archive-product-wrapper"},"acf":[],"aioseo_notices":[],"_links":{"self":[{"href":"https:\/\/omakujustus.ee\/et\/wp-json\/wp\/v2\/product\/22964","targetHints":{"allow":["GET"]}}],"collection":[{"href":"https:\/\/omakujustus.ee\/et\/wp-json\/wp\/v2\/product"}],"about":[{"href":"https:\/\/omakujustus.ee\/et\/wp-json\/wp\/v2\/types\/product"}],"wp:featuredmedia":[{"embeddable":true,"href":"https:\/\/omakujustus.ee\/et\/wp-json\/wp\/v2\/media\/18431"}],"wp:attachment":[{"href":"https:\/\/omakujustus.ee\/et\/wp-json\/wp\/v2\/media?parent=22964"}],"wp:term":[{"taxonomy":"product_brand","embeddable":true,"href":"https:\/\/omakujustus.ee\/et\/wp-json\/wp\/v2\/product_brand?post=22964"},{"taxonomy":"product_cat","embeddable":true,"href":"https:\/\/omakujustus.ee\/et\/wp-json\/wp\/v2\/product_cat?post=22964"},{"taxonomy":"product_tag","embeddable":true,"href":"https:\/\/omakujustus.ee\/et\/wp-json\/wp\/v2\/product_tag?post=22964"}],"curies":[{"name":"wp","href":"https:\/\/api.w.org\/{rel}","templated":true}]}}