{"id":2280,"date":"2022-02-26T03:20:42","date_gmt":"2022-02-26T01:20:42","guid":{"rendered":"https:\/\/omakujustus.ee\/?post_type=product&#038;p=2280"},"modified":"2025-07-09T20:28:29","modified_gmt":"2025-07-09T18:28:29","slug":"1y-laste-body-draakon","status":"publish","type":"product","link":"https:\/\/omakujustus.ee\/et\/product\/1y-laste-body-draakon\/","title":{"rendered":"Laste body \u00fcheaastane draakon s\u00fcnnip\u00e4evaks"},"content":{"rendered":"<p>\u00dcmara kaelusega, klassikalise l\u00f5ikega laste body.<\/p>\n<p>Materjal: 100% puuvill<br \/>\nMaterjali paksus: 180 gr\/m2<\/p>\n<div class=\"wrapper-taille margin-bottom15\">\n<p><img loading=\"lazy\" decoding=\"async\" class=\"alignleft\" src=\"https:\/\/s7g3.scene7.com\/is\/image\/soloinvest\/mob_picto_haut_corps?scl=1&amp;fmt=png-alpha\" width=\"87\" height=\"87\" \/><\/p>\n<div class=\"scrolling-table\">\n<div class=\"wrapper-taille margin-bottom15\">\n<div class=\"scrolling-table\"><\/div>\n<\/div>\n<\/div>\n<table class=\"table-primary product-sizes-table\">\n<thead>\n<tr>\n<th>Sizes<\/th>\n<th>3\/6 kuud<\/th>\n<th>6\/12 kuud<\/th>\n<th>12\/18 kuud<\/th>\n<th>18\/23 kuud<\/th>\n<\/tr>\n<\/thead>\n<tbody>\n<tr>\n<td class=\"tabOptionSizeInfo\">Lapse pikkus<\/td>\n<td class=\"tabOptionSizeInfo\">60\/67 cm<\/td>\n<td class=\"tabOptionSizeInfo\">68\/74 cm<\/td>\n<td class=\"tabOptionSizeInfo\">75\/81 cm<\/td>\n<td class=\"tabOptionSizeInfo\">82\/86 cm<\/td>\n<\/tr>\n<tr>\n<td class=\"tabOptionSizeInfo\">A\/B<\/td>\n<td class=\"tabOptionSizeInfo\">36\/21<\/td>\n<td class=\"tabOptionSizeInfo\">38\/22<\/td>\n<td class=\"tabOptionSizeInfo\">40\/23<\/td>\n<td class=\"tabOptionSizeInfo\">42\/24<\/td>\n<\/tr>\n<\/tbody>\n<\/table>\n<\/div>\n","protected":false},"excerpt":{"rendered":"<p>Draakoniga body sobib ideaalselt esimese s\u00fcnnip\u00e4eva puhul sinu v\u00e4ikesele p\u00f5rgulisele.. lapsele, ma tahtsin \u00f6elda.<\/p>\n","protected":false},"featured_media":3590,"template":"","meta":{"_acf_changed":false,"om_disable_all_campaigns":false,"_monsterinsights_skip_tracking":false,"_monsterinsights_sitenote_active":false,"_monsterinsights_sitenote_note":"","_monsterinsights_sitenote_category":0,"site-sidebar-layout":"default","site-content-layout":"default","ast-site-content-layout":"","site-content-style":"default","site-sidebar-style":"default","ast-global-header-display":"","ast-banner-title-visibility":"","ast-main-header-display":"","ast-hfb-above-header-display":"","ast-hfb-below-header-display":"","ast-hfb-mobile-header-display":"","site-post-title":"","ast-breadcrumbs-content":"","ast-featured-img":"","footer-sml-layout":"","theme-transparent-header-meta":"default","adv-header-id-meta":"","stick-header-meta":"","header-above-stick-meta":"","header-main-stick-meta":"","header-below-stick-meta":"","astra-migrate-meta-layouts":"default","ast-page-background-enabled":"default","ast-page-background-meta":{"desktop":{"background-color":"","background-image":"","background-repeat":"repeat","background-position":"center center","background-size":"auto","background-attachment":"scroll","background-type":"","background-media":"","overlay-type":"","overlay-color":"","overlay-opacity":"","overlay-gradient":""},"tablet":{"background-color":"","background-image":"","background-repeat":"repeat","background-position":"center center","background-size":"auto","background-attachment":"scroll","background-type":"","background-media":"","overlay-type":"","overlay-color":"","overlay-opacity":"","overlay-gradient":""},"mobile":{"background-color":"","background-image":"","background-repeat":"repeat","background-position":"center center","background-size":"auto","background-attachment":"scroll","background-type":"","background-media":"","overlay-type":"","overlay-color":"","overlay-opacity":"","overlay-gradient":""}},"ast-content-background-meta":{"desktop":{"background-color":"var(--ast-global-color-5)","background-image":"","background-repeat":"repeat","background-position":"center center","background-size":"auto","background-attachment":"scroll","background-type":"","background-media":"","overlay-type":"","overlay-color":"","overlay-opacity":"","overlay-gradient":""},"tablet":{"background-color":"var(--ast-global-color-5)","background-image":"","background-repeat":"repeat","background-position":"center center","background-size":"auto","background-attachment":"scroll","background-type":"","background-media":"","overlay-type":"","overlay-color":"","overlay-opacity":"","overlay-gradient":""},"mobile":{"background-color":"var(--ast-global-color-5)","background-image":"","background-repeat":"repeat","background-position":"center center","background-size":"auto","background-attachment":"scroll","background-type":"","background-media":"","overlay-type":"","overlay-color":"","overlay-opacity":"","overlay-gradient":""}}},"product_brand":[],"product_cat":[43,33],"product_tag":[],"class_list":{"0":"post-2280","1":"product","2":"type-product","3":"status-publish","4":"has-post-thumbnail","6":"product_cat-disainiga-tooted","7":"product_cat-lastele","8":"pa_sugu-laste","9":"pa_suurus-body-60-67","10":"pa_suurus-body-68-74","11":"pa_suurus-body-75-81","12":"pa_suurus-body-82-86","13":"pa_varv-rohekas-sinine","14":"pa_varv-valge","15":"desktop-align-left","16":"tablet-align-left","17":"mobile-align-left","19":"first","20":"instock","21":"taxable","22":"shipping-taxable","23":"purchasable","24":"product-type-variable","25":"wvs-archive-product-wrapper"},"acf":[],"aioseo_notices":[],"_links":{"self":[{"href":"https:\/\/omakujustus.ee\/et\/wp-json\/wp\/v2\/product\/2280","targetHints":{"allow":["GET"]}}],"collection":[{"href":"https:\/\/omakujustus.ee\/et\/wp-json\/wp\/v2\/product"}],"about":[{"href":"https:\/\/omakujustus.ee\/et\/wp-json\/wp\/v2\/types\/product"}],"wp:featuredmedia":[{"embeddable":true,"href":"https:\/\/omakujustus.ee\/et\/wp-json\/wp\/v2\/media\/3590"}],"wp:attachment":[{"href":"https:\/\/omakujustus.ee\/et\/wp-json\/wp\/v2\/media?parent=2280"}],"wp:term":[{"taxonomy":"product_brand","embeddable":true,"href":"https:\/\/omakujustus.ee\/et\/wp-json\/wp\/v2\/product_brand?post=2280"},{"taxonomy":"product_cat","embeddable":true,"href":"https:\/\/omakujustus.ee\/et\/wp-json\/wp\/v2\/product_cat?post=2280"},{"taxonomy":"product_tag","embeddable":true,"href":"https:\/\/omakujustus.ee\/et\/wp-json\/wp\/v2\/product_tag?post=2280"}],"curies":[{"name":"wp","href":"https:\/\/api.w.org\/{rel}","templated":true}]}}